{"id":4,"date":"2007-12-06T09:31:57","date_gmt":"2007-12-06T08:31:57","guid":{"rendered":"http:\/\/blog.zeit.de\/bittner-blog\/?page_id=4"},"modified":"2007-12-06T09:31:57","modified_gmt":"2007-12-06T08:31:57","slug":"der-autor","status":"publish","type":"page","link":"https:\/\/blog.zeit.de\/bittner-blog\/der-autor","title":{"rendered":"Jochen Bittner"},"content":{"rendered":"<p><a href='https:\/\/blog.zeit.de\/bittner-blog\/files\/2008\/01\/jochenbittnerklein.jpg' title='jochenbittnerklein.jpg'><img src='https:\/\/blog.zeit.de\/bittner-blog\/files\/2008\/01\/jochenbittnerklein.jpg' alt='jochenbittnerklein.jpg' \/><\/a><br \/>\nJochen Bittner ist der Europa- und Nato-Korrespondent der <em>ZEIT<\/em> in Br\u00fcssel.<\/p>\n<p>Bevor er zur Politikredaktion der <em>ZEIT<\/em> stie\u00df, studierte er Jura und Philosophie an der Universit\u00e4t Kiel.<br \/>\nBis 2001 arbeitete er als wissenschaftlicher Mitarbeiter am dortigen Lehrstuhl f\u00fcr Staatsrecht und Rechtsphilosophie und promovierte mit einer Arbeit \u00fcber den Begriff des Rechtssystems. Nebenbei freie Mitarbeit f\u00fcr die Kieler Nachrichten, die FAZ und die Welt.<\/p>\n<p>W\u00e4hrend eines Aufenthalts in Belfast verfasste er das Buch <em>Ein unperfekter Frieden \u2013 Die IRA auf dem Weg vom Mythos zur Mafia <\/em>(mit Christian Ludwig Knoll, <a href=\"http:\/\/www.amazon.de\/gp\/product\/3830103158\/028-7892148-6587711?v=glance&amp;n=299956\">2. Auflage 2001<\/a>).<\/p>\n<p>Bis Oktober 2007 k\u00fcmmerte er sich in der Hamburger <em>ZEIT<\/em>-Redaktion vor allem um die Themengebiete Terrorismus, Geheimdienste und Sicherheitspolitik.<\/p>\n<p>Im Sommer 2006 erschien sein Buch <a href=\"http:\/\/www.amazon.de\/Beruf-Terrorist-Tagebuch-neuen-Weltunordnung\/dp\/3000194908\/sr=8-1\/qid=1161122720\/ref=sr_1_1\/302-7023209-8279202?ie=UTF8&amp;s=books\">Beruf Terrorist<\/a>.<\/p>\n<p>Jetzt, von Br\u00fcssel aus, will er einen alten Kontinent neu entdecken. Ein Europa, das gerade deswegen so unterhaltsam erscheint, weil es seine Rolle in der Welt erst noch finden muss.<\/p>\n","protected":false},"excerpt":{"rendered":"<p>Jochen Bittner ist der Europa- und Nato-Korrespondent der ZEIT in Br\u00fcssel. Bevor er zur Politikredaktion der ZEIT stie\u00df, studierte er Jura und Philosophie an der Universit\u00e4t Kiel. Bis 2001 arbeitete er als wissenschaftlicher Mitarbeiter am dortigen Lehrstuhl f\u00fcr Staatsrecht und Rechtsphilosophie und promovierte mit einer Arbeit \u00fcber den Begriff des Rechtssystems. Nebenbei freie Mitarbeit f\u00fcr [&hellip;]<\/p>\n","protected":false},"author":66,"featured_media":0,"parent":0,"menu_order":0,"comment_status":"open","ping_status":"closed","template":"","meta":{"footnotes":""},"class_list":["post-4","page","type-page","status-publish","hentry"],"_links":{"self":[{"href":"https:\/\/blog.zeit.de\/bittner-blog\/wp-json\/wp\/v2\/pages\/4","targetHints":{"allow":["GET"]}}],"collection":[{"href":"https:\/\/blog.zeit.de\/bittner-blog\/wp-json\/wp\/v2\/pages"}],"about":[{"href":"https:\/\/blog.zeit.de\/bittner-blog\/wp-json\/wp\/v2\/types\/page"}],"author":[{"embeddable":true,"href":"https:\/\/blog.zeit.de\/bittner-blog\/wp-json\/wp\/v2\/users\/66"}],"replies":[{"embeddable":true,"href":"https:\/\/blog.zeit.de\/bittner-blog\/wp-json\/wp\/v2\/comments?post=4"}],"version-history":[{"count":0,"href":"https:\/\/blog.zeit.de\/bittner-blog\/wp-json\/wp\/v2\/pages\/4\/revisions"}],"wp:attachment":[{"href":"https:\/\/blog.zeit.de\/bittner-blog\/wp-json\/wp\/v2\/media?parent=4"}],"curies":[{"name":"wp","href":"https:\/\/api.w.org\/{rel}","templated":true}]}}