{"id":4,"date":"2012-06-08T11:02:10","date_gmt":"2012-06-08T09:02:10","guid":{"rendered":"http:\/\/blog.zeit.de\/china\/?page_id=4"},"modified":"2012-12-22T07:35:25","modified_gmt":"2012-12-22T06:35:25","slug":"der-china-blog-auf-zeit-online","status":"publish","type":"page","link":"https:\/\/blog.zeit.de\/china\/der-china-blog-auf-zeit-online\/","title":{"rendered":"Das China-Blog auf ZEIT ONLINE"},"content":{"rendered":"<p align=\"LEFT\">Ob in Europa, Afrika oder in den USA und egal ob Konsument, Arbeitnehmer oder Unternehmer \u2013 es gibt kaum eine Entwicklung in China, die nicht auch Auswirkungen auf den Rest der Welt hat. Fahren die Chinesen mehr Autos, steigen weltweit die Benzinpreise. Entdecken sie den guten Geschmack von Emmentaler, wird weltweit der K\u00e4se knapp. Und erstreiken sich chinesische Textilarbeiter h\u00f6here L\u00f6hne, werden ziemlich schnell auch T-Shirts in Deutschland teurer.<\/p>\n<p align=\"LEFT\"><a href=\"https:\/\/blog.zeit.de\/china\/files\/2012\/06\/Felix-Lee-180x2402.jpg\"><img loading=\"lazy\" decoding=\"async\" class=\"alignleft size-full wp-image-48\" title=\"Felix Lee\" src=\"https:\/\/blog.zeit.de\/china\/files\/2012\/06\/Felix-Lee-180x2402.jpg\" alt=\"\" width=\"180\" height=\"240\" \/><\/a><\/p>\n<p align=\"LEFT\">Der wirtschaftliche Aufstieg des bev\u00f6lkerungsreichsten Landes stellt die Welt vor enorme Herausforderungen. Und deswegen lohnt sich ein genauer Blick auf die \u00f6konomischen Entwicklungen in China. In diesem Blog erkl\u00e4rt Felix Lee, wie in China \u00fcber Wirtschaftspolitik diskutiert wird und wie sich das Land wandelt. Vor allem widmet er sich aber der am schnellsten wachsenden Branche der Volksrepublik: der Netzwirtschaft.<\/p>\n<p>Mit mehr als einer halben Milliarde Nutzern verf\u00fcgt China bereits \u00fcber die gr\u00f6\u00dfte Netzgemeinde der Welt. Eine weitere Viertelmilliarde soll in den n\u00e4chsten Jahren hinzu kommen. Trotz oder vielleicht eben wegen Zensur und Internetblockaden hat sich in China eine lebhafte und kreative Netz\u00f6konomie entwickelt, die weltweit ihresgleichen sucht.<\/p>\n<p>Felix Lee kennt China seit seiner fr\u00fchen Kindheit. Geboren in Deutschland hat er mit drei Jahren das erste Mal seine Verwandten in der Volksrepublik besucht. Damals war das Land noch arm, die Menschen hatten kaum genug zu essen und viele standen noch unter dem Eindruck der kulturrevolution\u00e4ren Wirren, die f\u00fcr viel Leid gesorgt haben.<\/p>\n<p>Seitdem hat er China fast jedes Jahr besucht, zwischendurch auch immer wieder f\u00fcr einige Jahre dort gelebt. Mittlerweile ist er China-Korrespondent der taz und schreibt aus Peking regelm\u00e4\u00dfig f\u00fcr ZEIT ONLINE und eine Reihe anderer deutschsprachiger Medien.<\/p>\n","protected":false},"excerpt":{"rendered":"<p>Ob in Europa, Afrika oder in den USA und egal ob Konsument, Arbeitnehmer oder Unternehmer \u2013 es gibt kaum eine Entwicklung in China, die nicht auch Auswirkungen auf den Rest der Welt hat. Fahren die Chinesen mehr Autos, steigen weltweit die Benzinpreise. Entdecken sie den guten Geschmack von Emmentaler, wird weltweit der K\u00e4se knapp. Und [&hellip;]<\/p>\n","protected":false},"author":2,"featured_media":0,"parent":0,"menu_order":0,"comment_status":"open","ping_status":"open","template":"","meta":{"footnotes":""},"class_list":["post-4","page","type-page","status-publish","hentry"],"yoast_head":"<!-- This site is optimized with the Yoast SEO plugin v21.0 - https:\/\/yoast.com\/wordpress\/plugins\/seo\/ -->\n<title>Das China-Blog auf ZEIT ONLINE - China-Blog<\/title>\n<meta name=\"robots\" content=\"index, follow, max-snippet:-1, max-image-preview:large, max-video-preview:-1\" \/>\n<link rel=\"canonical\" href=\"https:\/\/blog.zeit.de\/china\/der-china-blog-auf-zeit-online\/\" \/>\n<meta property=\"og:locale\" content=\"de_DE\" \/>\n<meta property=\"og:type\" content=\"article\" \/>\n<meta property=\"og:title\" content=\"Das China-Blog auf ZEIT ONLINE - China-Blog\" \/>\n<meta property=\"og:description\" content=\"Ob in Europa, Afrika oder in den USA und egal ob Konsument, Arbeitnehmer oder Unternehmer \u2013 es gibt kaum eine Entwicklung in China, die nicht auch Auswirkungen auf den Rest der Welt hat. Fahren die Chinesen mehr Autos, steigen weltweit die Benzinpreise. Entdecken sie den guten Geschmack von Emmentaler, wird weltweit der K\u00e4se knapp. Und [&hellip;]\" \/>\n<meta property=\"og:url\" content=\"https:\/\/blog.zeit.de\/china\/der-china-blog-auf-zeit-online\/\" \/>\n<meta property=\"og:site_name\" content=\"China-Blog\" \/>\n<meta property=\"article:modified_time\" content=\"2012-12-22T06:35:25+00:00\" \/>\n<meta property=\"og:image\" content=\"https:\/\/blog.zeit.de\/china\/files\/2012\/06\/Felix-Lee-180x2402.jpg\" \/>\n<meta name=\"twitter:card\" content=\"summary_large_image\" \/>\n<meta name=\"twitter:site\" content=\"@zeitonline\" \/>\n<meta name=\"twitter:label1\" content=\"Gesch\u00e4tzte Lesezeit\" \/>\n\t<meta name=\"twitter:data1\" content=\"1\u00a0Minute\" \/>\n<script type=\"application\/ld+json\" class=\"yoast-schema-graph\">{\"@context\":\"https:\/\/schema.org\",\"@graph\":[{\"@type\":\"WebPage\",\"@id\":\"https:\/\/blog.zeit.de\/china\/der-china-blog-auf-zeit-online\/\",\"url\":\"https:\/\/blog.zeit.de\/china\/der-china-blog-auf-zeit-online\/\",\"name\":\"Das China-Blog auf ZEIT ONLINE - China-Blog\",\"isPartOf\":{\"@id\":\"https:\/\/blog.zeit.de\/china\/#website\"},\"datePublished\":\"2012-06-08T09:02:10+00:00\",\"dateModified\":\"2012-12-22T06:35:25+00:00\",\"breadcrumb\":{\"@id\":\"https:\/\/blog.zeit.de\/china\/der-china-blog-auf-zeit-online\/#breadcrumb\"},\"inLanguage\":\"de\",\"potentialAction\":[{\"@type\":\"ReadAction\",\"target\":[\"https:\/\/blog.zeit.de\/china\/der-china-blog-auf-zeit-online\/\"]}]},{\"@type\":\"BreadcrumbList\",\"@id\":\"https:\/\/blog.zeit.de\/china\/der-china-blog-auf-zeit-online\/#breadcrumb\",\"itemListElement\":[{\"@type\":\"ListItem\",\"position\":1,\"name\":\"Startseite\",\"item\":\"https:\/\/blog.zeit.de\/china\/\"},{\"@type\":\"ListItem\",\"position\":2,\"name\":\"Das China-Blog auf ZEIT ONLINE\"}]},{\"@type\":\"WebSite\",\"@id\":\"https:\/\/blog.zeit.de\/china\/#website\",\"url\":\"https:\/\/blog.zeit.de\/china\/\",\"name\":\"China-Blog\",\"description\":\"Felix Lee \u00fcber Roten Kapitalismus und chinesische Online-Ph\u00e4nomene\",\"potentialAction\":[{\"@type\":\"SearchAction\",\"target\":{\"@type\":\"EntryPoint\",\"urlTemplate\":\"https:\/\/blog.zeit.de\/china\/?s={search_term_string}\"},\"query-input\":\"required name=search_term_string\"}],\"inLanguage\":\"de\"}]}<\/script>\n<!-- \/ Yoast SEO plugin. -->","yoast_head_json":{"title":"Das China-Blog auf ZEIT ONLINE - China-Blog","robots":{"index":"index","follow":"follow","max-snippet":"max-snippet:-1","max-image-preview":"max-image-preview:large","max-video-preview":"max-video-preview:-1"},"canonical":"https:\/\/blog.zeit.de\/china\/der-china-blog-auf-zeit-online\/","og_locale":"de_DE","og_type":"article","og_title":"Das China-Blog auf ZEIT ONLINE - China-Blog","og_description":"Ob in Europa, Afrika oder in den USA und egal ob Konsument, Arbeitnehmer oder Unternehmer \u2013 es gibt kaum eine Entwicklung in China, die nicht auch Auswirkungen auf den Rest der Welt hat. Fahren die Chinesen mehr Autos, steigen weltweit die Benzinpreise. Entdecken sie den guten Geschmack von Emmentaler, wird weltweit der K\u00e4se knapp. Und [&hellip;]","og_url":"https:\/\/blog.zeit.de\/china\/der-china-blog-auf-zeit-online\/","og_site_name":"China-Blog","article_modified_time":"2012-12-22T06:35:25+00:00","og_image":[{"url":"https:\/\/blog.zeit.de\/china\/files\/2012\/06\/Felix-Lee-180x2402.jpg"}],"twitter_card":"summary_large_image","twitter_site":"@zeitonline","twitter_misc":{"Gesch\u00e4tzte Lesezeit":"1\u00a0Minute"},"schema":{"@context":"https:\/\/schema.org","@graph":[{"@type":"WebPage","@id":"https:\/\/blog.zeit.de\/china\/der-china-blog-auf-zeit-online\/","url":"https:\/\/blog.zeit.de\/china\/der-china-blog-auf-zeit-online\/","name":"Das China-Blog auf ZEIT ONLINE - China-Blog","isPartOf":{"@id":"https:\/\/blog.zeit.de\/china\/#website"},"datePublished":"2012-06-08T09:02:10+00:00","dateModified":"2012-12-22T06:35:25+00:00","breadcrumb":{"@id":"https:\/\/blog.zeit.de\/china\/der-china-blog-auf-zeit-online\/#breadcrumb"},"inLanguage":"de","potentialAction":[{"@type":"ReadAction","target":["https:\/\/blog.zeit.de\/china\/der-china-blog-auf-zeit-online\/"]}]},{"@type":"BreadcrumbList","@id":"https:\/\/blog.zeit.de\/china\/der-china-blog-auf-zeit-online\/#breadcrumb","itemListElement":[{"@type":"ListItem","position":1,"name":"Startseite","item":"https:\/\/blog.zeit.de\/china\/"},{"@type":"ListItem","position":2,"name":"Das China-Blog auf ZEIT ONLINE"}]},{"@type":"WebSite","@id":"https:\/\/blog.zeit.de\/china\/#website","url":"https:\/\/blog.zeit.de\/china\/","name":"China-Blog","description":"Felix Lee \u00fcber Roten Kapitalismus und chinesische Online-Ph\u00e4nomene","potentialAction":[{"@type":"SearchAction","target":{"@type":"EntryPoint","urlTemplate":"https:\/\/blog.zeit.de\/china\/?s={search_term_string}"},"query-input":"required name=search_term_string"}],"inLanguage":"de"}]}},"jetpack_sharing_enabled":true,"_links":{"self":[{"href":"https:\/\/blog.zeit.de\/china\/wp-json\/wp\/v2\/pages\/4","targetHints":{"allow":["GET"]}}],"collection":[{"href":"https:\/\/blog.zeit.de\/china\/wp-json\/wp\/v2\/pages"}],"about":[{"href":"https:\/\/blog.zeit.de\/china\/wp-json\/wp\/v2\/types\/page"}],"author":[{"embeddable":true,"href":"https:\/\/blog.zeit.de\/china\/wp-json\/wp\/v2\/users\/2"}],"replies":[{"embeddable":true,"href":"https:\/\/blog.zeit.de\/china\/wp-json\/wp\/v2\/comments?post=4"}],"version-history":[{"count":10,"href":"https:\/\/blog.zeit.de\/china\/wp-json\/wp\/v2\/pages\/4\/revisions"}],"predecessor-version":[{"id":31,"href":"https:\/\/blog.zeit.de\/china\/wp-json\/wp\/v2\/pages\/4\/revisions\/31"}],"wp:attachment":[{"href":"https:\/\/blog.zeit.de\/china\/wp-json\/wp\/v2\/media?parent=4"}],"curies":[{"name":"wp","href":"https:\/\/api.w.org\/{rel}","templated":true}]}}