{"id":111,"date":"2014-03-28T17:33:15","date_gmt":"2014-03-28T16:33:15","guid":{"rendered":"http:\/\/blog.zeit.de\/hamburg\/?page_id=111"},"modified":"2015-07-16T14:51:26","modified_gmt":"2015-07-16T12:51:26","slug":"alle-zeit-online-hamburg-blogger","status":"publish","type":"page","link":"https:\/\/blog.zeit.de\/hamburg\/alle-zeit-online-hamburg-blogger\/","title":{"rendered":"Die ZEIT ONLINE Hamburg Blogger"},"content":{"rendered":"<p>Mit dabei sind Autoren der hyperlokalen Nachrichtenseite Hamburg Mittendrin, des Onlinemagazins Elbmelancholie, Redakteure von Wilhelmsburg Online und der Eimsb\u00fcttler Nachrichten.\u00a0Bekannte Hamburger Blogger wie Erik Hauth oder Rudolf Kl\u00f6ckner schreiben f\u00fcr Speersort 1. Die Hamburger Stand-up-K\u00fcnstler Moritz Neumeier und Jasper Diedrichsen sind dabei, genauso wie J\u00f6rg Heikhaus und Matthias Strzoda, die \u00fcber Kunst, Galerien und Musik berichten. Katharina Henne und Lore Otto zeigen uns, welche Pflanzen man in Hamburg essen kann, das Team von Mit Vergn\u00fcgen beschreibt erstaunliche Orte. Auch die Hamburg-Redaktion von ZEIT und ZEIT ONLINE schreibt f\u00fcr Speersort 1.<\/p>\n","protected":false},"excerpt":{"rendered":"<p>Mit dabei sind Autoren der hyperlokalen Nachrichtenseite Hamburg Mittendrin, des Onlinemagazins Elbmelancholie, Redakteure von Wilhelmsburg Online und der Eimsb\u00fcttler Nachrichten.\u00a0Bekannte Hamburger Blogger wie Erik Hauth oder Rudolf Kl\u00f6ckner schreiben f\u00fcr Speersort 1. Die Hamburger Stand-up-K\u00fcnstler Moritz Neumeier und Jasper Diedrichsen sind dabei, genauso wie J\u00f6rg Heikhaus und Matthias Strzoda, die \u00fcber Kunst, Galerien und Musik [&hellip;]<\/p>\n","protected":false},"author":455,"featured_media":0,"parent":0,"menu_order":0,"comment_status":"open","ping_status":"open","template":"page-templates\/authors.php","meta":{"footnotes":""},"class_list":["post-111","page","type-page","status-publish","hentry"],"yoast_head":"<!-- This site is optimized with the Yoast SEO plugin v21.0 - https:\/\/yoast.com\/wordpress\/plugins\/seo\/ -->\n<title>Die ZEIT ONLINE Hamburg Blogger - Speersort 1<\/title>\n<meta name=\"robots\" content=\"noindex, follow\" \/>\n<meta property=\"og:locale\" content=\"de_DE\" \/>\n<meta property=\"og:type\" content=\"article\" \/>\n<meta property=\"og:title\" content=\"Die ZEIT ONLINE Hamburg Blogger - Speersort 1\" \/>\n<meta property=\"og:description\" content=\"Mit dabei sind Autoren der hyperlokalen Nachrichtenseite Hamburg Mittendrin, des Onlinemagazins Elbmelancholie, Redakteure von Wilhelmsburg Online und der Eimsb\u00fcttler Nachrichten.\u00a0Bekannte Hamburger Blogger wie Erik Hauth oder Rudolf Kl\u00f6ckner schreiben f\u00fcr Speersort 1. Die Hamburger Stand-up-K\u00fcnstler Moritz Neumeier und Jasper Diedrichsen sind dabei, genauso wie J\u00f6rg Heikhaus und Matthias Strzoda, die \u00fcber Kunst, Galerien und Musik [&hellip;]\" \/>\n<meta property=\"og:url\" content=\"https:\/\/blog.zeit.de\/hamburg\/alle-zeit-online-hamburg-blogger\/\" \/>\n<meta property=\"og:site_name\" content=\"Speersort 1\" \/>\n<meta property=\"article:modified_time\" content=\"2015-07-16T12:51:26+00:00\" \/>\n<meta name=\"twitter:card\" content=\"summary_large_image\" \/>\n<script type=\"application\/ld+json\" class=\"yoast-schema-graph\">{\"@context\":\"https:\/\/schema.org\",\"@graph\":[{\"@type\":\"WebPage\",\"@id\":\"https:\/\/blog.zeit.de\/hamburg\/alle-zeit-online-hamburg-blogger\/\",\"url\":\"https:\/\/blog.zeit.de\/hamburg\/alle-zeit-online-hamburg-blogger\/\",\"name\":\"Die ZEIT ONLINE Hamburg Blogger - Speersort 1\",\"isPartOf\":{\"@id\":\"https:\/\/blog.zeit.de\/hamburg\/#website\"},\"datePublished\":\"2014-03-28T16:33:15+00:00\",\"dateModified\":\"2015-07-16T12:51:26+00:00\",\"breadcrumb\":{\"@id\":\"https:\/\/blog.zeit.de\/hamburg\/alle-zeit-online-hamburg-blogger\/#breadcrumb\"},\"inLanguage\":\"de\",\"potentialAction\":[{\"@type\":\"ReadAction\",\"target\":[\"https:\/\/blog.zeit.de\/hamburg\/alle-zeit-online-hamburg-blogger\/\"]}]},{\"@type\":\"BreadcrumbList\",\"@id\":\"https:\/\/blog.zeit.de\/hamburg\/alle-zeit-online-hamburg-blogger\/#breadcrumb\",\"itemListElement\":[{\"@type\":\"ListItem\",\"position\":1,\"name\":\"Startseite\",\"item\":\"https:\/\/blog.zeit.de\/hamburg\/\"},{\"@type\":\"ListItem\",\"position\":2,\"name\":\"Die ZEIT ONLINE Hamburg Blogger\"}]},{\"@type\":\"WebSite\",\"@id\":\"https:\/\/blog.zeit.de\/hamburg\/#website\",\"url\":\"https:\/\/blog.zeit.de\/hamburg\/\",\"name\":\"Speersort 1\",\"description\":\"Das Hamburg-Blog\",\"potentialAction\":[{\"@type\":\"SearchAction\",\"target\":{\"@type\":\"EntryPoint\",\"urlTemplate\":\"https:\/\/blog.zeit.de\/hamburg\/?s={search_term_string}\"},\"query-input\":\"required name=search_term_string\"}],\"inLanguage\":\"de\"}]}<\/script>\n<!-- \/ Yoast SEO plugin. -->","yoast_head_json":{"title":"Die ZEIT ONLINE Hamburg Blogger - Speersort 1","robots":{"index":"noindex","follow":"follow"},"og_locale":"de_DE","og_type":"article","og_title":"Die ZEIT ONLINE Hamburg Blogger - Speersort 1","og_description":"Mit dabei sind Autoren der hyperlokalen Nachrichtenseite Hamburg Mittendrin, des Onlinemagazins Elbmelancholie, Redakteure von Wilhelmsburg Online und der Eimsb\u00fcttler Nachrichten.\u00a0Bekannte Hamburger Blogger wie Erik Hauth oder Rudolf Kl\u00f6ckner schreiben f\u00fcr Speersort 1. Die Hamburger Stand-up-K\u00fcnstler Moritz Neumeier und Jasper Diedrichsen sind dabei, genauso wie J\u00f6rg Heikhaus und Matthias Strzoda, die \u00fcber Kunst, Galerien und Musik [&hellip;]","og_url":"https:\/\/blog.zeit.de\/hamburg\/alle-zeit-online-hamburg-blogger\/","og_site_name":"Speersort 1","article_modified_time":"2015-07-16T12:51:26+00:00","twitter_card":"summary_large_image","schema":{"@context":"https:\/\/schema.org","@graph":[{"@type":"WebPage","@id":"https:\/\/blog.zeit.de\/hamburg\/alle-zeit-online-hamburg-blogger\/","url":"https:\/\/blog.zeit.de\/hamburg\/alle-zeit-online-hamburg-blogger\/","name":"Die ZEIT ONLINE Hamburg Blogger - Speersort 1","isPartOf":{"@id":"https:\/\/blog.zeit.de\/hamburg\/#website"},"datePublished":"2014-03-28T16:33:15+00:00","dateModified":"2015-07-16T12:51:26+00:00","breadcrumb":{"@id":"https:\/\/blog.zeit.de\/hamburg\/alle-zeit-online-hamburg-blogger\/#breadcrumb"},"inLanguage":"de","potentialAction":[{"@type":"ReadAction","target":["https:\/\/blog.zeit.de\/hamburg\/alle-zeit-online-hamburg-blogger\/"]}]},{"@type":"BreadcrumbList","@id":"https:\/\/blog.zeit.de\/hamburg\/alle-zeit-online-hamburg-blogger\/#breadcrumb","itemListElement":[{"@type":"ListItem","position":1,"name":"Startseite","item":"https:\/\/blog.zeit.de\/hamburg\/"},{"@type":"ListItem","position":2,"name":"Die ZEIT ONLINE Hamburg Blogger"}]},{"@type":"WebSite","@id":"https:\/\/blog.zeit.de\/hamburg\/#website","url":"https:\/\/blog.zeit.de\/hamburg\/","name":"Speersort 1","description":"Das Hamburg-Blog","potentialAction":[{"@type":"SearchAction","target":{"@type":"EntryPoint","urlTemplate":"https:\/\/blog.zeit.de\/hamburg\/?s={search_term_string}"},"query-input":"required name=search_term_string"}],"inLanguage":"de"}]}},"jetpack_sharing_enabled":true,"_links":{"self":[{"href":"https:\/\/blog.zeit.de\/hamburg\/wp-json\/wp\/v2\/pages\/111","targetHints":{"allow":["GET"]}}],"collection":[{"href":"https:\/\/blog.zeit.de\/hamburg\/wp-json\/wp\/v2\/pages"}],"about":[{"href":"https:\/\/blog.zeit.de\/hamburg\/wp-json\/wp\/v2\/types\/page"}],"author":[{"embeddable":true,"href":"https:\/\/blog.zeit.de\/hamburg\/wp-json\/wp\/v2\/users\/455"}],"replies":[{"embeddable":true,"href":"https:\/\/blog.zeit.de\/hamburg\/wp-json\/wp\/v2\/comments?post=111"}],"version-history":[{"count":12,"href":"https:\/\/blog.zeit.de\/hamburg\/wp-json\/wp\/v2\/pages\/111\/revisions"}],"predecessor-version":[{"id":4407,"href":"https:\/\/blog.zeit.de\/hamburg\/wp-json\/wp\/v2\/pages\/111\/revisions\/4407"}],"wp:attachment":[{"href":"https:\/\/blog.zeit.de\/hamburg\/wp-json\/wp\/v2\/media?parent=111"}],"curies":[{"name":"wp","href":"https:\/\/api.w.org\/{rel}","templated":true}]}}