{"id":2,"date":"2008-11-14T13:06:17","date_gmt":"2008-11-14T12:06:17","guid":{"rendered":"http:\/\/blog.zeit.de\/helmut-schmidt-gratulationen\/?page_id=2"},"modified":"2015-08-18T15:25:29","modified_gmt":"2015-08-18T13:25:29","slug":"about","status":"publish","type":"page","link":"https:\/\/blog.zeit.de\/helmut-schmidt-gratulationen\/","title":{"rendered":"Gl\u00fcckw\u00fcnsche f\u00fcr Helmut Schmidt"},"content":{"rendered":"<p>Am 23. Dezember feierte der ZEIT-Herausgeber und ehemalige Bundeskanzler seinen 90. Geburtstag. Schreiben Sie ihm hier Ihre Gl\u00fcckw\u00fcnsche.<\/p>\n<p><a href=\"http:\/\/www.zeit.de\/autoren\/S\/Helmut_Schmidt\/index.xml\">Alle Beitr\u00e4ge in der ZEIT von Helmut Schmidt finden Sie in unserem Autorenregister<\/a>.<\/p>\n<p><a href=\"http:\/\/www.zeit.de\/themen\/deutschland\/helmut-schmidt\/index\">Ein Themenspezial auf ZEIT ONLINE zu Helmut Schmidt finden Sie hier.<\/a><\/p>\n","protected":false},"excerpt":{"rendered":"<p>Am 23. Dezember feierte der ZEIT-Herausgeber und ehemalige Bundeskanzler seinen 90. Geburtstag. Schreiben Sie ihm hier Ihre Gl\u00fcckw\u00fcnsche. Alle Beitr\u00e4ge in der ZEIT von Helmut Schmidt finden Sie in unserem Autorenregister. Ein Themenspezial auf ZEIT ONLINE zu Helmut Schmidt finden Sie hier.<\/p>\n","protected":false},"author":65,"featured_media":0,"parent":0,"menu_order":0,"comment_status":"open","ping_status":"closed","template":"","meta":{"footnotes":""},"class_list":["post-2","page","type-page","status-publish","hentry"],"yoast_head":"<!-- This site is optimized with the Yoast SEO plugin v21.0 - https:\/\/yoast.com\/wordpress\/plugins\/seo\/ -->\n<title>Gl\u00fcckw\u00fcnsche f\u00fcr Helmut Schmidt - Helmut Schmidt Gratulationen<\/title>\n<meta name=\"description\" content=\"Am 23.12.2008 feierte der ZEIT-Herausgeber und ehemalige Bundeskanzler seinen 90. Geburtstag. Schreiben Sie ihm hier Ihre Gl\u00fcckw\u00fcnsche.\" \/>\n<meta name=\"robots\" content=\"index, follow, max-snippet:-1, max-image-preview:large, max-video-preview:-1\" \/>\n<link rel=\"canonical\" href=\"https:\/\/blog.zeit.de\/helmut-schmidt-gratulationen\/\" \/>\n<meta property=\"og:locale\" content=\"de_DE\" \/>\n<meta property=\"og:type\" content=\"article\" \/>\n<meta property=\"og:title\" content=\"Gl\u00fcckw\u00fcnsche f\u00fcr Helmut Schmidt - Helmut Schmidt Gratulationen\" \/>\n<meta property=\"og:description\" content=\"Am 23.12.2008 feierte der ZEIT-Herausgeber und ehemalige Bundeskanzler seinen 90. Geburtstag. Schreiben Sie ihm hier Ihre Gl\u00fcckw\u00fcnsche.\" \/>\n<meta property=\"og:url\" content=\"https:\/\/blog.zeit.de\/helmut-schmidt-gratulationen\/\" \/>\n<meta property=\"og:site_name\" content=\"Helmut Schmidt Gratulationen\" \/>\n<meta property=\"article:modified_time\" content=\"2015-08-18T13:25:29+00:00\" \/>\n<meta name=\"twitter:card\" content=\"summary_large_image\" \/>\n<script type=\"application\/ld+json\" class=\"yoast-schema-graph\">{\"@context\":\"https:\/\/schema.org\",\"@graph\":[{\"@type\":\"WebPage\",\"@id\":\"https:\/\/blog.zeit.de\/helmut-schmidt-gratulationen\/\",\"url\":\"https:\/\/blog.zeit.de\/helmut-schmidt-gratulationen\/\",\"name\":\"Gl\u00fcckw\u00fcnsche f\u00fcr Helmut Schmidt - Helmut Schmidt Gratulationen\",\"isPartOf\":{\"@id\":\"https:\/\/blog.zeit.de\/helmut-schmidt-gratulationen\/#website\"},\"datePublished\":\"2008-11-14T12:06:17+00:00\",\"dateModified\":\"2015-08-18T13:25:29+00:00\",\"description\":\"Am 23.12.2008 feierte der ZEIT-Herausgeber und ehemalige Bundeskanzler seinen 90. Geburtstag. Schreiben Sie ihm hier Ihre Gl\u00fcckw\u00fcnsche.\",\"breadcrumb\":{\"@id\":\"https:\/\/blog.zeit.de\/helmut-schmidt-gratulationen\/#breadcrumb\"},\"inLanguage\":\"de\",\"potentialAction\":[{\"@type\":\"ReadAction\",\"target\":[\"https:\/\/blog.zeit.de\/helmut-schmidt-gratulationen\/\"]}]},{\"@type\":\"BreadcrumbList\",\"@id\":\"https:\/\/blog.zeit.de\/helmut-schmidt-gratulationen\/#breadcrumb\",\"itemListElement\":[{\"@type\":\"ListItem\",\"position\":1,\"name\":\"Startseite\",\"item\":\"https:\/\/blog.zeit.de\/helmut-schmidt-gratulationen\/\"},{\"@type\":\"ListItem\",\"position\":2,\"name\":\"Gl\u00fcckw\u00fcnsche f\u00fcr Helmut Schmidt\"}]},{\"@type\":\"WebSite\",\"@id\":\"https:\/\/blog.zeit.de\/helmut-schmidt-gratulationen\/#website\",\"url\":\"https:\/\/blog.zeit.de\/helmut-schmidt-gratulationen\/\",\"name\":\"Helmut Schmidt Gratulationen\",\"description\":\"Gl\u00fcckw\u00fcnsche an den Alt-Kanzler\",\"potentialAction\":[{\"@type\":\"SearchAction\",\"target\":{\"@type\":\"EntryPoint\",\"urlTemplate\":\"https:\/\/blog.zeit.de\/helmut-schmidt-gratulationen\/?s={search_term_string}\"},\"query-input\":\"required name=search_term_string\"}],\"inLanguage\":\"de\"}]}<\/script>\n<!-- \/ Yoast SEO plugin. -->","yoast_head_json":{"title":"Gl\u00fcckw\u00fcnsche f\u00fcr Helmut Schmidt - Helmut Schmidt Gratulationen","description":"Am 23.12.2008 feierte der ZEIT-Herausgeber und ehemalige Bundeskanzler seinen 90. Geburtstag. Schreiben Sie ihm hier Ihre Gl\u00fcckw\u00fcnsche.","robots":{"index":"index","follow":"follow","max-snippet":"max-snippet:-1","max-image-preview":"max-image-preview:large","max-video-preview":"max-video-preview:-1"},"canonical":"https:\/\/blog.zeit.de\/helmut-schmidt-gratulationen\/","og_locale":"de_DE","og_type":"article","og_title":"Gl\u00fcckw\u00fcnsche f\u00fcr Helmut Schmidt - Helmut Schmidt Gratulationen","og_description":"Am 23.12.2008 feierte der ZEIT-Herausgeber und ehemalige Bundeskanzler seinen 90. Geburtstag. Schreiben Sie ihm hier Ihre Gl\u00fcckw\u00fcnsche.","og_url":"https:\/\/blog.zeit.de\/helmut-schmidt-gratulationen\/","og_site_name":"Helmut Schmidt Gratulationen","article_modified_time":"2015-08-18T13:25:29+00:00","twitter_card":"summary_large_image","schema":{"@context":"https:\/\/schema.org","@graph":[{"@type":"WebPage","@id":"https:\/\/blog.zeit.de\/helmut-schmidt-gratulationen\/","url":"https:\/\/blog.zeit.de\/helmut-schmidt-gratulationen\/","name":"Gl\u00fcckw\u00fcnsche f\u00fcr Helmut Schmidt - Helmut Schmidt Gratulationen","isPartOf":{"@id":"https:\/\/blog.zeit.de\/helmut-schmidt-gratulationen\/#website"},"datePublished":"2008-11-14T12:06:17+00:00","dateModified":"2015-08-18T13:25:29+00:00","description":"Am 23.12.2008 feierte der ZEIT-Herausgeber und ehemalige Bundeskanzler seinen 90. Geburtstag. Schreiben Sie ihm hier Ihre Gl\u00fcckw\u00fcnsche.","breadcrumb":{"@id":"https:\/\/blog.zeit.de\/helmut-schmidt-gratulationen\/#breadcrumb"},"inLanguage":"de","potentialAction":[{"@type":"ReadAction","target":["https:\/\/blog.zeit.de\/helmut-schmidt-gratulationen\/"]}]},{"@type":"BreadcrumbList","@id":"https:\/\/blog.zeit.de\/helmut-schmidt-gratulationen\/#breadcrumb","itemListElement":[{"@type":"ListItem","position":1,"name":"Startseite","item":"https:\/\/blog.zeit.de\/helmut-schmidt-gratulationen\/"},{"@type":"ListItem","position":2,"name":"Gl\u00fcckw\u00fcnsche f\u00fcr Helmut Schmidt"}]},{"@type":"WebSite","@id":"https:\/\/blog.zeit.de\/helmut-schmidt-gratulationen\/#website","url":"https:\/\/blog.zeit.de\/helmut-schmidt-gratulationen\/","name":"Helmut Schmidt Gratulationen","description":"Gl\u00fcckw\u00fcnsche an den Alt-Kanzler","potentialAction":[{"@type":"SearchAction","target":{"@type":"EntryPoint","urlTemplate":"https:\/\/blog.zeit.de\/helmut-schmidt-gratulationen\/?s={search_term_string}"},"query-input":"required name=search_term_string"}],"inLanguage":"de"}]}},"_links":{"self":[{"href":"https:\/\/blog.zeit.de\/helmut-schmidt-gratulationen\/wp-json\/wp\/v2\/pages\/2","targetHints":{"allow":["GET"]}}],"collection":[{"href":"https:\/\/blog.zeit.de\/helmut-schmidt-gratulationen\/wp-json\/wp\/v2\/pages"}],"about":[{"href":"https:\/\/blog.zeit.de\/helmut-schmidt-gratulationen\/wp-json\/wp\/v2\/types\/page"}],"author":[{"embeddable":true,"href":"https:\/\/blog.zeit.de\/helmut-schmidt-gratulationen\/wp-json\/wp\/v2\/users\/65"}],"replies":[{"embeddable":true,"href":"https:\/\/blog.zeit.de\/helmut-schmidt-gratulationen\/wp-json\/wp\/v2\/comments?post=2"}],"version-history":[{"count":1,"href":"https:\/\/blog.zeit.de\/helmut-schmidt-gratulationen\/wp-json\/wp\/v2\/pages\/2\/revisions"}],"predecessor-version":[{"id":32,"href":"https:\/\/blog.zeit.de\/helmut-schmidt-gratulationen\/wp-json\/wp\/v2\/pages\/2\/revisions\/32"}],"wp:attachment":[{"href":"https:\/\/blog.zeit.de\/helmut-schmidt-gratulationen\/wp-json\/wp\/v2\/media?parent=2"}],"curies":[{"name":"wp","href":"https:\/\/api.w.org\/{rel}","templated":true}]}}