{"id":12,"date":"2005-11-09T18:21:15","date_gmt":"2005-11-09T17:21:15","guid":{"rendered":"http:\/\/blog.zeit.de\/herdentrieb\/?page_id=12"},"modified":"2019-07-22T15:45:40","modified_gmt":"2019-07-22T13:45:40","slug":"die-autoren","status":"publish","type":"page","link":"https:\/\/blog.zeit.de\/herdentrieb\/die-autoren","title":{"rendered":"Die Autoren"},"content":{"rendered":"<p>&nbsp;<br \/>\n<strong>Wer mit dem geistigen R\u00fcstzeug der Tauschwirtschaft die Geldwirtschaft analysiert, kommt zu den falschen Schl\u00fcssen.<\/strong><\/p>\n<p>Das glauben die Hirten des Blogs: Uwe Richter, der das Blog im Nov. 2005 zusammen mit Robert von Heusinger aus der Taufe hob, Dieter Wermuth (dabei seit Aug. 2006), Fabian Lindner (dabei seit Aug. 2007), und Mark Schieritz (dabei seit Feb. 2010). Und weil die wirtschaftspolitische Debatte in Deutschland von Tauschwirtschaftlern, auch Neoklassiker genannt, dominiert wird, schreiben sie das Blog. Mit HERDENTRIEB wollen sie sich in die aktuelle makro\u00f6konomische Debatte einmischen, auf Interessantes hinweisen, wollen Hilfe leisten, Trends am Kapitalmarkt zu erkennen und vor m\u00f6glichen Trugschl\u00fcssen warnen. Vor allem aber wollen die Hirten mit den Besuchern und Diskutanten des Blogs den Kapitalismus ergr\u00fcnden.<\/p>\n<p>Warum der Name Herdentrieb? Im Kapitalismus, vor allem nat\u00fcrlich am Kapitalmarkt, gibt es keine objektiv beobachtbaren Indikatoren, die den Menschen Orientierung geben. Deshalb kommt es immer wieder zu Herdenverhalten. Das ist ein Kennzeichen des Systems. Die Hirten kennen nicht die richtige Richtung. Die gibt es n\u00e4mlich nicht. Die Herde rennt immer wieder in eine Richtung und verursacht damit Instabilit\u00e4ten. Deshalb werden wir die \u201cHerde\u201d beobachten \u2013 und Strukturen diskutieren, die die Krisenanf\u00e4lligkeit des Systems verringern k\u00f6nnten.<\/p>\n<p>&nbsp;<\/p>\n<p><figure id=\"attachment_2986\" aria-describedby=\"caption-attachment-2986\" style=\"width: 180px\" class=\"wp-caption alignleft\"><a href=\"https:\/\/blog.zeit.de\/herdentrieb\/files\/2005\/11\/Dieter-Wermuth-180x240.jpg\"><img loading=\"lazy\" decoding=\"async\" src=\"https:\/\/blog.zeit.de\/herdentrieb\/files\/2005\/11\/Dieter-Wermuth-180x240.jpg\" alt=\"\" title=\"Dieter-Wermuth-180x240\" width=\"180\" height=\"240\" class=\"size-full wp-image-2986\" \/><\/a><figcaption id=\"caption-attachment-2986\" class=\"wp-caption-text\">\u00a9 Privat<\/figcaption><\/figure><\/p>\n<p><strong>Dieter Wermuth<\/strong>, geboren 1940, hat \u00fcber Jahrzehnte die deutsche und internationale Wirtschaftspolitik analysiert und sich immer wieder, mit wechselndem Erfolg, an Prognosen gewagt. Nach kaufm\u00e4nnischer Lehre, Diplom an der Uni M\u00fcnchen und Ph.D. in Amerika war er zun\u00e4chst mehr als sechs Jahre in Diensten des Sachverst\u00e4ndigenrats, dann verschiedener Banken, angefangen bei der Citibank in Frankfurt und New York, \u00fcber die franz\u00f6sische Caisse des d\u00e9p\u00f4ts &#8211; deren Frankfurter Investmentbank er leitete -, die WestLB bis hin zur japanischen Gro\u00dfbank UFJ. Dort war er bis 2005 Europa-Chefvolkswirt, mit Sitz in London. Zwischendurch beteiligte er sich zwei Jahre lang am Aufbau der Marktaufsicht an der Frankfurter Wertpapierb\u00f6rse. Heute ist er Partner einer Asset Management-Firma mit B\u00fcros in Mainz und Berlin; sie ber\u00e4t einen Private Equity-Fonds, den Green Gateway Fund, der in westeurop\u00e4ische Wachstumsfirmen aus dem Bereich Ressourceneffizienz investiert. Er schreibt nicht nur in diesem Blog, sondern verfasst dar\u00fcber hinaus regelm\u00e4\u00dfig Kolumnen f\u00fcr <em>DIE WELT<\/em> und den Sparkassenverlag. <\/p>\n<p>Seine pr\u00e4genden Erfahrungen machte er 1973 bis 1979 beim Sachverst\u00e4ndigenrat, als es um Themen wie flexible versus feste Wechselkurse ging, als die theoretische Grundlage f\u00fcr die Geldmengenpolitik der Bundesbank gelegt wurde und als das Umdenken vom keynesianischen Ansatz zum angebotsseitigen Interpretieren der Wirtschaftsabl\u00e4ufe begann. Das Denken in ideologischen Kategorien ist ihm aber bis heute fremd geblieben. Sein Interesse war und ist, die beste Erkl\u00e4rung f\u00fcr die gegenw\u00e4rtigen Ph\u00e4nomene zu finden, immer dicht an der Empirie: Was w\u00fcrde das f\u00fcr die Zukunft bedeuten, vor allem f\u00fcr die Finanzm\u00e4rkte?<\/p>\n<p>Im Sommer-Interview 2019 sprach Dieter Wermuth mit valueDach \u00fcber den Herdentrieb, seine Einsch\u00e4tzung der Kapitalm\u00e4rkte, die Nullzinspolitk der EZB, der Auswirkungen der US Wirtschaftspolitik und die Aussichten f\u00fcr den Euro. <a title=\"Sommerinterview mit Dieter Wermuth\" href=\"https:\/\/www.youtube.com\/watch?v=YLv7ulq09Fo\" target=\"_blank\" rel=\"noopener noreferrer\">Link zum Interview<\/a>.<\/p>\n<p>&nbsp;<\/p>\n<p><figure id=\"attachment_2985\" aria-describedby=\"caption-attachment-2985\" style=\"width: 180px\" class=\"wp-caption alignleft\"><a href=\"https:\/\/blog.zeit.de\/herdentrieb\/files\/2005\/11\/Mark-Schieritz-180x240.jpg\"><img loading=\"lazy\" decoding=\"async\" src=\"https:\/\/blog.zeit.de\/herdentrieb\/files\/2005\/11\/Mark-Schieritz-180x240.jpg\" alt=\"\" title=\"Mark-Schieritz-180x240\" width=\"180\" height=\"240\" class=\"size-full wp-image-2985\" \/><\/a><figcaption id=\"caption-attachment-2985\" class=\"wp-caption-text\">\u00a9 Nicole Sturz<\/figcaption><\/figure><\/p>\n<p><strong>Mark Schieritz<\/strong>, geboren 1974, hat zun\u00e4chst an der Universit\u00e4t Freiburg den deutschen \u00f6konomischen Mainstream &#8211; aber auch Literaturwissenschaften, Philosophie und Politik &#8211; in sich aufgesogen. An der London School of Economics lernte er, dass Anreize nicht alles sind und ein Gleichgewicht ziemlich viel mit Godot gemeinsam hat &#8211; man muss recht lange darauf warten. Bei der <em>Financial Times Deutschland<\/em> schrieb er zuerst in Berlin \u00fcber Wirtschaftspolitik, dann in Frankfurt \u00fcber die internationalen Finanzm\u00e4rkte und Geldpolitik. Seit Januar 2008 ist er Finanzmarktkorrespondent der ZEIT in Frankfurt. Es erstaunt und \u00e4rgert ihn immer wieder, wie mit Hilfe einer verqueren \u00f6konomischen Logik und bar jeder Kenntnis der Datenlage harte Interessenpolitik gemacht wird. Er hat bislang jedenfalls noch keine Studie gefunden, die \u00fcberzeugend zeigt, dass hohe Steuerquoten und regulierte Arbeitsm\u00e4rkte schlecht f\u00fcr das Wachstum w\u00e4ren.<\/p>\n<p>&nbsp;<\/p>\n<p><figure id=\"attachment_7897\" aria-describedby=\"caption-attachment-7897\" style=\"width: 181px\" class=\"wp-caption alignleft\"><a href=\"https:\/\/blog.zeit.de\/herdentrieb\/files\/2005\/11\/Fabian_Lindner_180x240.jpg\"><img loading=\"lazy\" decoding=\"async\" src=\"https:\/\/blog.zeit.de\/herdentrieb\/files\/2005\/11\/Fabian_Lindner_180x240.jpg\" alt=\"\" title=\"Fabian_Lindner_180x240\" width=\"181\" height=\"241\" class=\"size-full wp-image-7897\" \/><\/a><figcaption id=\"caption-attachment-7897\" class=\"wp-caption-text\">\u00a9 Privat<\/figcaption><\/figure><\/p>\n<p><strong>Fabian Lindner<\/strong>, geboren 1980, studierte in Berlin zun\u00e4chst Politikwissenschaft. Die Begriffe Globalisierung, Finanzm\u00e4rkte und Kapitalismus lagen noch verschwommen, aber verf\u00fchrerisch gl\u00e4nzend vor ihm. Er entschloss sich, ihnen auf den Grund zu gehen und begann zus\u00e4tzlich Volkswirtschaft zu studieren. Nicht alles, was er dort lernte, konnte er gleich zur Kl\u00e4rung der gro\u00dfen Begriffe gebrauchen. Er blieb dran und setzte sein Studium in Paris fort. Wirtschaft in Frankreich zu studieren lohnte sich. An Sciences Po Paris lernte er, dass Volkswirtschaft mehr als das Verschieben von Kurven ist und man den Neoklassikern die Interpretation der Wirtschaft nicht allein \u00fcberlassen sollte. Seit Juli 2010 arbeitet der mittlerweile promovierte Volkswirt am Institut f\u00fcr Makro\u00f6konomie und Konjunkturforschung (IMK) in der Hans-B\u00f6ckler-Stiftung.<\/p>\n<p>&nbsp;<\/p>\n<p><figure id=\"attachment_2984\" aria-describedby=\"caption-attachment-2984\" style=\"width: 180px\" class=\"wp-caption alignleft\"><a href=\"https:\/\/blog.zeit.de\/herdentrieb\/files\/2005\/11\/Uwe-Richter-180x240.jpg\"><img loading=\"lazy\" decoding=\"async\" src=\"https:\/\/blog.zeit.de\/herdentrieb\/files\/2005\/11\/Uwe-Richter-180x240.jpg\" alt=\"\" title=\"Uwe-Richter-180x240\" width=\"180\" height=\"240\" class=\"size-full wp-image-2984\" \/><\/a><figcaption id=\"caption-attachment-2984\" class=\"wp-caption-text\">\u00a9 Privat<\/figcaption><\/figure><\/p>\n<p><strong>Uwe Richter<\/strong>, geboren 1963, hat Volkswirtschaft an der Universit\u00e4t des Saarlandes studiert. Danach wissenschaftlicher Assistent, Dozent und Lehrbeauftragter an der Universit\u00e4t Witten\/Herdecke mit den Schwerpunkten \u00d6konometrie, Makro, Au\u00dfenwirtschaft. Er besch\u00e4ftigt sich schwerpunktm\u00e4\u00dfig mit der Theorie der Geldwirtschaft und dem internationalen W\u00e4hrungssystem. Sein \u00f6konomisches Denken basiert auf der Keynes&#8217;schen Vorstellung einer fundamental unsicheren Zukunft und einer Wirtschaft, deren Entwicklung von daher wesentlich durch das Geld- und Finanzsystem bestimmt wird. Fatal ist seiner Meinung nach die Vernachl\u00e4ssigung makro\u00f6konomischer Aspekt in der herrschenden wirtschaftspolitischen Debatte in Deutschland.<\/p>\n<p><strong>Nicht mehr aktive Hirten:<\/strong><\/p>\n<p><strong>Robert von Heusinger<\/strong>, geboren 1967, Initiator und Mitbegr\u00fcnder des HERDENTRIEB, hat sich aus <a href=\"https:\/\/de.wikipedia.org\/wiki\/Robert_von_Heusinger\" target=\"_blank\" rel=\"noopener noreferrer\">beruflichen Gr\u00fcnden<\/a> seit Aug. 2014 als <a href=\"https:\/\/blog.zeit.de\/herdentrieb\/author\/robert-von-heusinger\" target=\"_blank\" rel=\"noopener noreferrer\">Autor des Blogs<\/a> zur\u00fcckgezogen.<\/p>\n<p><strong>Lucas Zeise<\/strong>, geboren 1944, Finanzjournalist, war von Jan. 2008 bis Dez. 2013 als <a href=\"https:\/\/blog.zeit.de\/herdentrieb\/author\/lucas-zeise\" target=\"_blank\" rel=\"noopener noreferrer\">Autor im Blog<\/a> aktiv.<\/p>\n","protected":false},"excerpt":{"rendered":"<p>&nbsp; Wer mit dem geistigen R\u00fcstzeug der Tauschwirtschaft die Geldwirtschaft analysiert, kommt zu den falschen Schl\u00fcssen. Das glauben die Hirten des Blogs: Uwe Richter, der das Blog im Nov. 2005 zusammen mit Robert von Heusinger aus der Taufe hob, Dieter Wermuth (dabei seit Aug. 2006), Fabian Lindner (dabei seit Aug. 2007), und Mark Schieritz (dabei [&hellip;]<\/p>\n","protected":false},"author":60,"featured_media":0,"parent":0,"menu_order":0,"comment_status":"closed","ping_status":"closed","template":"","meta":{"footnotes":""},"class_list":["post-12","page","type-page","status-publish","hentry"],"yoast_head":"<!-- This site is optimized with the Yoast SEO plugin v21.0 - https:\/\/yoast.com\/wordpress\/plugins\/seo\/ -->\n<title>Die Autoren - Herdentrieb<\/title>\n<meta name=\"robots\" content=\"index, follow, max-snippet:-1, max-image-preview:large, max-video-preview:-1\" \/>\n<link rel=\"canonical\" href=\"https:\/\/blog.zeit.de\/herdentrieb\/die-autoren\" \/>\n<meta property=\"og:locale\" content=\"de_DE\" \/>\n<meta property=\"og:type\" content=\"article\" \/>\n<meta property=\"og:title\" content=\"Die Autoren - Herdentrieb\" \/>\n<meta property=\"og:description\" content=\"&nbsp; Wer mit dem geistigen R\u00fcstzeug der Tauschwirtschaft die Geldwirtschaft analysiert, kommt zu den falschen Schl\u00fcssen. Das glauben die Hirten des Blogs: Uwe Richter, der das Blog im Nov. 2005 zusammen mit Robert von Heusinger aus der Taufe hob, Dieter Wermuth (dabei seit Aug. 2006), Fabian Lindner (dabei seit Aug. 2007), und Mark Schieritz (dabei [&hellip;]\" \/>\n<meta property=\"og:url\" content=\"https:\/\/blog.zeit.de\/herdentrieb\/die-autoren\" \/>\n<meta property=\"og:site_name\" content=\"Herdentrieb\" \/>\n<meta property=\"article:modified_time\" content=\"2019-07-22T13:45:40+00:00\" \/>\n<meta property=\"og:image\" content=\"https:\/\/blog.zeit.de\/herdentrieb\/files\/2005\/11\/Dieter-Wermuth-180x240.jpg\" \/>\n<meta name=\"twitter:card\" content=\"summary_large_image\" \/>\n<meta name=\"twitter:site\" content=\"@zeitonline\" \/>\n<meta name=\"twitter:label1\" content=\"Gesch\u00e4tzte Lesezeit\" \/>\n\t<meta name=\"twitter:data1\" content=\"5\u00a0Minuten\" \/>\n<script type=\"application\/ld+json\" class=\"yoast-schema-graph\">{\"@context\":\"https:\/\/schema.org\",\"@graph\":[{\"@type\":\"WebPage\",\"@id\":\"https:\/\/blog.zeit.de\/herdentrieb\/die-autoren\",\"url\":\"https:\/\/blog.zeit.de\/herdentrieb\/die-autoren\",\"name\":\"Die Autoren - Herdentrieb\",\"isPartOf\":{\"@id\":\"https:\/\/blog.zeit.de\/herdentrieb\/#website\"},\"datePublished\":\"2005-11-09T17:21:15+00:00\",\"dateModified\":\"2019-07-22T13:45:40+00:00\",\"breadcrumb\":{\"@id\":\"https:\/\/blog.zeit.de\/herdentrieb\/die-autoren#breadcrumb\"},\"inLanguage\":\"de\",\"potentialAction\":[{\"@type\":\"ReadAction\",\"target\":[\"https:\/\/blog.zeit.de\/herdentrieb\/die-autoren\"]}]},{\"@type\":\"BreadcrumbList\",\"@id\":\"https:\/\/blog.zeit.de\/herdentrieb\/die-autoren#breadcrumb\",\"itemListElement\":[{\"@type\":\"ListItem\",\"position\":1,\"name\":\"Startseite\",\"item\":\"https:\/\/blog.zeit.de\/herdentrieb\"},{\"@type\":\"ListItem\",\"position\":2,\"name\":\"Die Autoren\"}]},{\"@type\":\"WebSite\",\"@id\":\"https:\/\/blog.zeit.de\/herdentrieb\/#website\",\"url\":\"https:\/\/blog.zeit.de\/herdentrieb\/\",\"name\":\"Herdentrieb\",\"description\":\"So funktioniert Kapitalismus. Ein Blog\",\"potentialAction\":[{\"@type\":\"SearchAction\",\"target\":{\"@type\":\"EntryPoint\",\"urlTemplate\":\"https:\/\/blog.zeit.de\/herdentrieb\/?s={search_term_string}\"},\"query-input\":\"required name=search_term_string\"}],\"inLanguage\":\"de\"}]}<\/script>\n<!-- \/ Yoast SEO plugin. -->","yoast_head_json":{"title":"Die Autoren - Herdentrieb","robots":{"index":"index","follow":"follow","max-snippet":"max-snippet:-1","max-image-preview":"max-image-preview:large","max-video-preview":"max-video-preview:-1"},"canonical":"https:\/\/blog.zeit.de\/herdentrieb\/die-autoren","og_locale":"de_DE","og_type":"article","og_title":"Die Autoren - Herdentrieb","og_description":"&nbsp; Wer mit dem geistigen R\u00fcstzeug der Tauschwirtschaft die Geldwirtschaft analysiert, kommt zu den falschen Schl\u00fcssen. Das glauben die Hirten des Blogs: Uwe Richter, der das Blog im Nov. 2005 zusammen mit Robert von Heusinger aus der Taufe hob, Dieter Wermuth (dabei seit Aug. 2006), Fabian Lindner (dabei seit Aug. 2007), und Mark Schieritz (dabei [&hellip;]","og_url":"https:\/\/blog.zeit.de\/herdentrieb\/die-autoren","og_site_name":"Herdentrieb","article_modified_time":"2019-07-22T13:45:40+00:00","og_image":[{"url":"https:\/\/blog.zeit.de\/herdentrieb\/files\/2005\/11\/Dieter-Wermuth-180x240.jpg"}],"twitter_card":"summary_large_image","twitter_site":"@zeitonline","twitter_misc":{"Gesch\u00e4tzte Lesezeit":"5\u00a0Minuten"},"schema":{"@context":"https:\/\/schema.org","@graph":[{"@type":"WebPage","@id":"https:\/\/blog.zeit.de\/herdentrieb\/die-autoren","url":"https:\/\/blog.zeit.de\/herdentrieb\/die-autoren","name":"Die Autoren - Herdentrieb","isPartOf":{"@id":"https:\/\/blog.zeit.de\/herdentrieb\/#website"},"datePublished":"2005-11-09T17:21:15+00:00","dateModified":"2019-07-22T13:45:40+00:00","breadcrumb":{"@id":"https:\/\/blog.zeit.de\/herdentrieb\/die-autoren#breadcrumb"},"inLanguage":"de","potentialAction":[{"@type":"ReadAction","target":["https:\/\/blog.zeit.de\/herdentrieb\/die-autoren"]}]},{"@type":"BreadcrumbList","@id":"https:\/\/blog.zeit.de\/herdentrieb\/die-autoren#breadcrumb","itemListElement":[{"@type":"ListItem","position":1,"name":"Startseite","item":"https:\/\/blog.zeit.de\/herdentrieb"},{"@type":"ListItem","position":2,"name":"Die Autoren"}]},{"@type":"WebSite","@id":"https:\/\/blog.zeit.de\/herdentrieb\/#website","url":"https:\/\/blog.zeit.de\/herdentrieb\/","name":"Herdentrieb","description":"So funktioniert Kapitalismus. Ein Blog","potentialAction":[{"@type":"SearchAction","target":{"@type":"EntryPoint","urlTemplate":"https:\/\/blog.zeit.de\/herdentrieb\/?s={search_term_string}"},"query-input":"required name=search_term_string"}],"inLanguage":"de"}]}},"jetpack_sharing_enabled":true,"_links":{"self":[{"href":"https:\/\/blog.zeit.de\/herdentrieb\/wp-json\/wp\/v2\/pages\/12","targetHints":{"allow":["GET"]}}],"collection":[{"href":"https:\/\/blog.zeit.de\/herdentrieb\/wp-json\/wp\/v2\/pages"}],"about":[{"href":"https:\/\/blog.zeit.de\/herdentrieb\/wp-json\/wp\/v2\/types\/page"}],"author":[{"embeddable":true,"href":"https:\/\/blog.zeit.de\/herdentrieb\/wp-json\/wp\/v2\/users\/60"}],"replies":[{"embeddable":true,"href":"https:\/\/blog.zeit.de\/herdentrieb\/wp-json\/wp\/v2\/comments?post=12"}],"version-history":[{"count":6,"href":"https:\/\/blog.zeit.de\/herdentrieb\/wp-json\/wp\/v2\/pages\/12\/revisions"}],"predecessor-version":[{"id":11406,"href":"https:\/\/blog.zeit.de\/herdentrieb\/wp-json\/wp\/v2\/pages\/12\/revisions\/11406"}],"wp:attachment":[{"href":"https:\/\/blog.zeit.de\/herdentrieb\/wp-json\/wp\/v2\/media?parent=12"}],"curies":[{"name":"wp","href":"https:\/\/api.w.org\/{rel}","templated":true}]}}