{"id":9267,"date":"2011-05-02T15:43:32","date_gmt":"2011-05-02T13:43:32","guid":{"rendered":"http:\/\/blog.zeit.de\/kinderzeit"},"modified":"2012-03-08T10:08:08","modified_gmt":"2012-03-08T09:08:08","slug":"die-autorin","status":"publish","type":"page","link":"https:\/\/blog.zeit.de\/kinderzeit\/die-autorin","title":{"rendered":"Die Autorin"},"content":{"rendered":"<p>&nbsp;<br \/>\n<figure id=\"attachment_9274\" aria-describedby=\"caption-attachment-9274\" style=\"width: 180px\" class=\"wp-caption alignleft\"><a href=\"https:\/\/blog.zeit.de\/kinderzeit\/die-autorin\/sandra-anna-theda-180x240\" rel=\"attachment wp-att-9274\"><img loading=\"lazy\" decoding=\"async\" src=\"https:\/\/blog.zeit.de\/kinderzeit\/files\/2011\/05\/sandra-anna-theda-180x240.jpg\" alt=\"\" title=\"sandra-anna-theda-180x240\" width=\"180\" height=\"240\" class=\"size-full wp-image-9274\" \/><\/a><figcaption id=\"caption-attachment-9274\" class=\"wp-caption-text\">\u00a9 Privat<\/figcaption><\/figure><\/p>\n<p>&#8222;Mama hat mir drei Geschwister geschenkt. Mama schreibt Artikel f\u00fcr Kinder. Sie l\u00e4sst mich \u00f6fter mal auf die KinderZEIT Internetseite gucken. Sie macht manchmal Sachen einfach so: Neue Schuhe f\u00fcr mich kaufen oder mit uns in den Zoo gehen als \u00dcberraschung. Sie ist einfach meine liebe Mama die ich lieb habe.&#8220;<\/p>\n<p><em>Anna-Berendina (8) \u00fcber ihre Mutter und ZEIT-Autorin <strong>Sandra-Valeska Bruhns<\/strong><\/em><br \/>\n<br \/>&nbsp;<\/p>\n","protected":false},"excerpt":{"rendered":"<p>&nbsp; &#8222;Mama hat mir drei Geschwister geschenkt. Mama schreibt Artikel f\u00fcr Kinder. Sie l\u00e4sst mich \u00f6fter mal auf die KinderZEIT Internetseite gucken. Sie macht manchmal Sachen einfach so: Neue Schuhe f\u00fcr mich kaufen oder mit uns in den Zoo gehen als \u00dcberraschung. Sie ist einfach meine liebe Mama die ich lieb habe.&#8220; Anna-Berendina (8) \u00fcber [&hellip;]<\/p>\n","protected":false},"author":217,"featured_media":0,"parent":0,"menu_order":0,"comment_status":"open","ping_status":"closed","template":"","meta":{"footnotes":""},"class_list":["post-9267","page","type-page","status-publish","hentry"],"yoast_head":"<!-- This site is optimized with the Yoast SEO plugin v21.0 - https:\/\/yoast.com\/wordpress\/plugins\/seo\/ -->\n<title>Die Autorin - KinderZEIT-Blog<\/title>\n<meta name=\"robots\" content=\"index, follow, max-snippet:-1, max-image-preview:large, max-video-preview:-1\" \/>\n<link rel=\"canonical\" href=\"https:\/\/blog.zeit.de\/kinderzeit\/die-autorin\" \/>\n<meta property=\"og:locale\" content=\"de_DE\" \/>\n<meta property=\"og:type\" content=\"article\" \/>\n<meta property=\"og:title\" content=\"Die Autorin - KinderZEIT-Blog\" \/>\n<meta property=\"og:description\" content=\"&nbsp; &#8222;Mama hat mir drei Geschwister geschenkt. Mama schreibt Artikel f\u00fcr Kinder. Sie l\u00e4sst mich \u00f6fter mal auf die KinderZEIT Internetseite gucken. Sie macht manchmal Sachen einfach so: Neue Schuhe f\u00fcr mich kaufen oder mit uns in den Zoo gehen als \u00dcberraschung. Sie ist einfach meine liebe Mama die ich lieb habe.&#8220; Anna-Berendina (8) \u00fcber [&hellip;]\" \/>\n<meta property=\"og:url\" content=\"https:\/\/blog.zeit.de\/kinderzeit\/die-autorin\" \/>\n<meta property=\"og:site_name\" content=\"KinderZEIT-Blog\" \/>\n<meta property=\"article:modified_time\" content=\"2012-03-08T09:08:08+00:00\" \/>\n<meta property=\"og:image\" content=\"https:\/\/blog.zeit.de\/kinderzeit\/files\/2011\/05\/sandra-anna-theda-180x240.jpg\" \/>\n<meta name=\"twitter:card\" content=\"summary_large_image\" \/>\n<script type=\"application\/ld+json\" class=\"yoast-schema-graph\">{\"@context\":\"https:\/\/schema.org\",\"@graph\":[{\"@type\":\"WebPage\",\"@id\":\"https:\/\/blog.zeit.de\/kinderzeit\/die-autorin\",\"url\":\"https:\/\/blog.zeit.de\/kinderzeit\/die-autorin\",\"name\":\"Die Autorin - KinderZEIT-Blog\",\"isPartOf\":{\"@id\":\"https:\/\/blog.zeit.de\/kinderzeit\/#website\"},\"datePublished\":\"2011-05-02T13:43:32+00:00\",\"dateModified\":\"2012-03-08T09:08:08+00:00\",\"breadcrumb\":{\"@id\":\"https:\/\/blog.zeit.de\/kinderzeit\/die-autorin#breadcrumb\"},\"inLanguage\":\"de\",\"potentialAction\":[{\"@type\":\"ReadAction\",\"target\":[\"https:\/\/blog.zeit.de\/kinderzeit\/die-autorin\"]}]},{\"@type\":\"BreadcrumbList\",\"@id\":\"https:\/\/blog.zeit.de\/kinderzeit\/die-autorin#breadcrumb\",\"itemListElement\":[{\"@type\":\"ListItem\",\"position\":1,\"name\":\"Startseite\",\"item\":\"https:\/\/blog.zeit.de\/kinderzeit\"},{\"@type\":\"ListItem\",\"position\":2,\"name\":\"Die Autorin\"}]},{\"@type\":\"WebSite\",\"@id\":\"https:\/\/blog.zeit.de\/kinderzeit\/#website\",\"url\":\"https:\/\/blog.zeit.de\/kinderzeit\/\",\"name\":\"KinderZEIT-Blog\",\"description\":\"Politik, Kultur und R\u00e4tsel f\u00fcr junge Leser\",\"potentialAction\":[{\"@type\":\"SearchAction\",\"target\":{\"@type\":\"EntryPoint\",\"urlTemplate\":\"https:\/\/blog.zeit.de\/kinderzeit\/?s={search_term_string}\"},\"query-input\":\"required name=search_term_string\"}],\"inLanguage\":\"de\"}]}<\/script>\n<!-- \/ Yoast SEO plugin. -->","yoast_head_json":{"title":"Die Autorin - KinderZEIT-Blog","robots":{"index":"index","follow":"follow","max-snippet":"max-snippet:-1","max-image-preview":"max-image-preview:large","max-video-preview":"max-video-preview:-1"},"canonical":"https:\/\/blog.zeit.de\/kinderzeit\/die-autorin","og_locale":"de_DE","og_type":"article","og_title":"Die Autorin - KinderZEIT-Blog","og_description":"&nbsp; &#8222;Mama hat mir drei Geschwister geschenkt. Mama schreibt Artikel f\u00fcr Kinder. Sie l\u00e4sst mich \u00f6fter mal auf die KinderZEIT Internetseite gucken. Sie macht manchmal Sachen einfach so: Neue Schuhe f\u00fcr mich kaufen oder mit uns in den Zoo gehen als \u00dcberraschung. Sie ist einfach meine liebe Mama die ich lieb habe.&#8220; Anna-Berendina (8) \u00fcber [&hellip;]","og_url":"https:\/\/blog.zeit.de\/kinderzeit\/die-autorin","og_site_name":"KinderZEIT-Blog","article_modified_time":"2012-03-08T09:08:08+00:00","og_image":[{"url":"https:\/\/blog.zeit.de\/kinderzeit\/files\/2011\/05\/sandra-anna-theda-180x240.jpg"}],"twitter_card":"summary_large_image","schema":{"@context":"https:\/\/schema.org","@graph":[{"@type":"WebPage","@id":"https:\/\/blog.zeit.de\/kinderzeit\/die-autorin","url":"https:\/\/blog.zeit.de\/kinderzeit\/die-autorin","name":"Die Autorin - KinderZEIT-Blog","isPartOf":{"@id":"https:\/\/blog.zeit.de\/kinderzeit\/#website"},"datePublished":"2011-05-02T13:43:32+00:00","dateModified":"2012-03-08T09:08:08+00:00","breadcrumb":{"@id":"https:\/\/blog.zeit.de\/kinderzeit\/die-autorin#breadcrumb"},"inLanguage":"de","potentialAction":[{"@type":"ReadAction","target":["https:\/\/blog.zeit.de\/kinderzeit\/die-autorin"]}]},{"@type":"BreadcrumbList","@id":"https:\/\/blog.zeit.de\/kinderzeit\/die-autorin#breadcrumb","itemListElement":[{"@type":"ListItem","position":1,"name":"Startseite","item":"https:\/\/blog.zeit.de\/kinderzeit"},{"@type":"ListItem","position":2,"name":"Die Autorin"}]},{"@type":"WebSite","@id":"https:\/\/blog.zeit.de\/kinderzeit\/#website","url":"https:\/\/blog.zeit.de\/kinderzeit\/","name":"KinderZEIT-Blog","description":"Politik, Kultur und R\u00e4tsel f\u00fcr junge Leser","potentialAction":[{"@type":"SearchAction","target":{"@type":"EntryPoint","urlTemplate":"https:\/\/blog.zeit.de\/kinderzeit\/?s={search_term_string}"},"query-input":"required name=search_term_string"}],"inLanguage":"de"}]}},"jetpack_sharing_enabled":true,"_links":{"self":[{"href":"https:\/\/blog.zeit.de\/kinderzeit\/wp-json\/wp\/v2\/pages\/9267","targetHints":{"allow":["GET"]}}],"collection":[{"href":"https:\/\/blog.zeit.de\/kinderzeit\/wp-json\/wp\/v2\/pages"}],"about":[{"href":"https:\/\/blog.zeit.de\/kinderzeit\/wp-json\/wp\/v2\/types\/page"}],"author":[{"embeddable":true,"href":"https:\/\/blog.zeit.de\/kinderzeit\/wp-json\/wp\/v2\/users\/217"}],"replies":[{"embeddable":true,"href":"https:\/\/blog.zeit.de\/kinderzeit\/wp-json\/wp\/v2\/comments?post=9267"}],"version-history":[{"count":27,"href":"https:\/\/blog.zeit.de\/kinderzeit\/wp-json\/wp\/v2\/pages\/9267\/revisions"}],"predecessor-version":[{"id":11790,"href":"https:\/\/blog.zeit.de\/kinderzeit\/wp-json\/wp\/v2\/pages\/9267\/revisions\/11790"}],"wp:attachment":[{"href":"https:\/\/blog.zeit.de\/kinderzeit\/wp-json\/wp\/v2\/media?parent=9267"}],"curies":[{"name":"wp","href":"https:\/\/api.w.org\/{rel}","templated":true}]}}