{"id":45,"date":"2009-07-06T17:48:51","date_gmt":"2009-07-06T17:48:51","guid":{"rendered":"http:\/\/ladurnerulrich.wordpress.com\/?page_id=45"},"modified":"2011-04-26T15:09:24","modified_gmt":"2011-04-26T13:09:24","slug":"bucher","status":"publish","type":"page","link":"https:\/\/blog.zeit.de\/ladurnerulrich\/bucher\/","title":{"rendered":"Die B\u00fccher"},"content":{"rendered":"<p>&nbsp;<br \/>\n<strong>Solferino. Kleine Geschichte eines gro\u00dfen Schauplatzes<\/strong><\/p>\n<p><a href=\"https:\/\/blog.zeit.de\/ladurnerulrich\/files\/2009\/07\/51es-q3gunl-_sl500_aa240_.jpg\"><img loading=\"lazy\" decoding=\"async\" src=\"https:\/\/blog.zeit.de\/ladurnerulrich\/files\/2009\/07\/51es-q3gunl-_sl500_aa240_-150x150.jpg\" alt=\"\" title=\"Solferino\" width=\"150\" height=\"150\" class=\"alignleft size-thumbnail wp-image-60\" srcset=\"https:\/\/blog.zeit.de\/ladurnerulrich\/files\/2009\/07\/51es-q3gunl-_sl500_aa240_-150x150.jpg 150w, https:\/\/blog.zeit.de\/ladurnerulrich\/files\/2009\/07\/51es-q3gunl-_sl500_aa240_.jpg 240w\" sizes=\"auto, (max-width: 150px) 100vw, 150px\" \/><\/a> Die Geburtsstunde des Roten Kreuzes, der Beginn vom Niedergang der Habsburger, eindringlich und spannend erz\u00e4hlt. <\/p>\n<p>Unterwegs an historischem Schauplatz: Die Schlacht von Solferino am 24. Juni 1859 endete mit einer Niederlage der \u00d6sterreicher unter Kaiser Franz Joseph. Die franz\u00f6sischen Truppen Napoleons III., Verb\u00fcndeter des K\u00f6nigreiches Piemont-Sardinien, machten den Weg frei f\u00fcr die nationale Einigung Italiens. Joseph Roth setzte im \u201eRadetzkymarsch\u201c Solferino ein literarisches Denkmal und Henry Dunants Augenzeugenbericht von der grausamen Schlacht und dem Elend der Verwundeten f\u00fchrte zur Gr\u00fcndung des Internationalen Roten Kreuzes und zur Genfer Konvention. <\/p>\n<p>Als er die Tagebuchaufzeichnungen seines Urgro\u00dfvaters findet, eines S\u00fcdtiroler Schusters, den das Los in die Schlacht schickte, macht sich Ulrich Ladurner auf den Weg in eine unbekannte Vergangenheit. In seiner politisch-historischen Reisereportage f\u00fchrt er uns an den Schauplatz in der Lombardei, s\u00fcdlich des Gardasees. Aus seinen Beobachtungen vor Ort, aus Gespr\u00e4chen und Recherchen rekonstruiert er die Geschichte, wie sie gewesen sein k\u00f6nnte. Eine pers\u00f6nliche Spurensuche zwischen gestern und heute. <\/p>\n<p><em>Residenz Verlag, 2009. 144 Seiten, 17,90 Euro. ISBN: 9783701731510 <\/em><\/p>\n<p>&#8212;&#8212;&#8212;&#8212;&#8212;&#8212;&#8212;&#8212;&#8212;&#8212;&#8211;<\/p>\n<p><strong>Bitte informieren Sie Allah! Terrornetzwerk Pakistan<\/strong><\/p>\n<p><a href=\"https:\/\/blog.zeit.de\/ladurnerulrich\/files\/2009\/07\/51symkegpfl-_bo2204203200_pisitb-sticker-arrow-clicktopright35-76_aa240_sh20_ou03_.jpg\"><img loading=\"lazy\" decoding=\"async\" src=\"https:\/\/blog.zeit.de\/ladurnerulrich\/files\/2009\/07\/51symkegpfl-_bo2204203200_pisitb-sticker-arrow-clicktopright35-76_aa240_sh20_ou03_-150x150.jpg\" alt=\"\" title=\"Bitte informieren Sie Allah!\" width=\"150\" height=\"150\" class=\"alignleft size-thumbnail wp-image-49\" srcset=\"https:\/\/blog.zeit.de\/ladurnerulrich\/files\/2009\/07\/51symkegpfl-_bo2204203200_pisitb-sticker-arrow-clicktopright35-76_aa240_sh20_ou03_-150x150.jpg 150w, https:\/\/blog.zeit.de\/ladurnerulrich\/files\/2009\/07\/51symkegpfl-_bo2204203200_pisitb-sticker-arrow-clicktopright35-76_aa240_sh20_ou03_.jpg 240w\" sizes=\"auto, (max-width: 150px) 100vw, 150px\" \/><\/a><\/p>\n<p>\u201eUlrich Ladurner hat im Auftrag der ZEIT Pakistan in den vergangenen Jahren immer wieder bereist. Er hat sich kundig gemacht in der Millionenstadt Lahore ebenso wie in den Stammesgebieten an der Grenze zu Afghanistan, er hat sich unter das Volk und die Soldaten gemischt, er hat mit radikalen Predigern geredet und mit aufgekl\u00e4rten s\u00e4kularen Politikern. Er schreibt klar und kenntnisreich. Er leistet damit einen wichtigen Beitrag zum Verst\u00e4ndnis einer Region, die von gro\u00dfer Bedeutung f\u00fcr die Zukunft der Welt ist.\u201d &#8211; aus dem Vorwort von Helmut Schmidt  <\/p>\n<p><em>Herbig, 2008. 238 Seiten, 19,90 Euro. ISBN: 3776625511<\/em><\/p>\n<p><em>\u201e\u2026 ein ebenso facettenreiches wie tiefgr\u00fcndiges Werk. Ladurner berichtet von seinen Erfahrungen ohne erhobenen Zeigefinger und ohne Anma\u00dfung, eine abschlie\u00dfende L\u00f6sung f\u00fcr die verfahrene Lage des zerr\u00fctteten, aber dennoch z\u00e4hen Staats zu haben.\u201d  <\/em><br \/>\n<strong>Handelsblatt  <\/strong><\/p>\n<p><em>\u201eDer \u00dcbergang von der Anschauung der Reportage zur begreifenden Analyse wirkt harmonisch, der Mis von pers\u00f6nlichem Erleben und Reflexion gekonnt.\u201d<\/em><br \/>\n<strong>Neue Z\u00fcrcher Zeitung  <\/strong><\/p>\n<p><em>\u201e\u2026 ein sehr pers\u00f6nlicher Blick auf ein sehr kompliziertes Land.\u201d<\/em><br \/>\n<strong>Frankfurter Allgemeine Zeitung  <\/strong><\/p>\n<p><em>\u201eDer Leser merkt schnell, dass Ladurner die Region regelm\u00e4\u00dfig bereist und dabei nicht nur beobachtet, sondern auch eintaucht. (\u2026) Ein ausgewogenes, sehr pr\u00e4gnantes Buch.\u201d<\/em><br \/>\n<strong>S\u00fcddeutsche Zeitung  <\/strong><\/p>\n<p><em>\u201eEin Buch, das man gelesen haben sollte.\u201d<\/em><br \/>\n<strong>Profil<\/strong><\/p>\n<p><em>\u201cWer diese Region aus eigenem Erleben kennt, wird den Mut Ladurners bewundern\u201d <\/em><br \/>\n<strong>Das Parlament<\/strong><\/p>\n<p>&#8212;&#8212;&#8212;&#8212;&#8212;&#8212;&#8212;&#8212;-<\/p>\n<p><strong>Die iranische Bombe. Hintergr\u00fcnde einer globalen Gefahr<\/strong><\/p>\n<p><a href=\"https:\/\/blog.zeit.de\/ladurnerulrich\/files\/2009\/07\/34fce07cfd658b6031502fd5049cd9d71.jpg\"><img loading=\"lazy\" decoding=\"async\" src=\"https:\/\/blog.zeit.de\/ladurnerulrich\/files\/2009\/07\/34fce07cfd658b6031502fd5049cd9d71-135x150.jpg\" alt=\"\" title=\"DIe iranische Bombe\" width=\"135\" height=\"150\" class=\"alignleft size-thumbnail wp-image-56\" \/><\/a> Ein Report \u00fcber die Mullahs in Teheran und den einsamen Riesen Iran, \u00fcber die Neokonservativen in Washington, \u00fcber Br\u00fcsseler und Berliner Weltpolitiker und die Verantwortlichen der Atom\u00fcberwachungsbeh\u00f6rde in Wien \u2013 und \u00fcber die Rolle, die all diese Akteure bei der Entstehung eines sich zuspitzenden Weltkonflikts spielen. Das Buch endet mit drei Szenarien und drei Empfehlungen.<\/p>\n<p><em>Hoffmann und Campe, 2006. 174 Seiten, 14,95 Euro. ISBN: 3455095526<\/em><\/p>\n<p><em>&#8222;Ein gut geschriebenes Nachschlagewerk, egal welche Position man im Streit um die iranische Bombe einnehmen m\u00f6chte.\u201d<\/em><br \/>\n<strong>Deutschlandradio<\/strong><\/p>\n<p><em>\u201cAusgewogenheit ist die St\u00e4rke dieses Buches\u201d<\/em><br \/>\n<strong>S\u00fcddeutsche Zeitung <\/strong><\/p>\n<p><em>\u201cDer deutsche Leser darf sich gl\u00fccklich sch\u00e4tzen, eine solch fundierte Abhandlung vorzufinden\u201d<\/em><br \/>\n<strong>Literarische Welt<\/strong><\/p>\n<p>&#8212;&#8212;&#8212;&#8212;&#8212;&#8212;&#8212;&#8212;&#8212;&#8212;&#8212;<\/p>\n<p><strong>Die Asadis: Liebe, Tod und Politik in Teheran<\/strong><\/p>\n<p><a href=\"https:\/\/blog.zeit.de\/ladurnerulrich\/files\/2009\/07\/51fo1osaiil-_sl500_aa240_.jpg\"><img loading=\"lazy\" decoding=\"async\" src=\"https:\/\/blog.zeit.de\/ladurnerulrich\/files\/2009\/07\/51fo1osaiil-_sl500_aa240_-150x150.jpg\" alt=\"\" title=\"Asadis\" width=\"150\" height=\"150\" class=\"alignleft size-thumbnail wp-image-104\" srcset=\"https:\/\/blog.zeit.de\/ladurnerulrich\/files\/2009\/07\/51fo1osaiil-_sl500_aa240_-150x150.jpg 150w, https:\/\/blog.zeit.de\/ladurnerulrich\/files\/2009\/07\/51fo1osaiil-_sl500_aa240_.jpg 240w\" sizes=\"auto, (max-width: 150px) 100vw, 150px\" \/><\/a> Eine Stra\u00dfe, ein paar B\u00e4ume und H\u00e4user im Rechteck: das ist der Asadi Platz im S\u00fcden Teherans. Dort leben der Ladenbesitzer Amir, Abbas, der Trinker, der einen M\u00e4rtyrer zum Sohn hat, Dawud, der Spion mit seiner sch\u00f6nen Tochter Robabe und viele mehr. Mit ihren Geschichten &#8211; wie die Asadis feiern, leben und tr\u00e4umen &#8211; lernen wir den Iran kennen: Mit jeder einzelnen Lebensgeschichte erfahren wir mehr \u00fcber die Herrschaft des Schahs, die Revolution und das Leben im heutigen Teheran. Eine politisch-literarische &#8222;Lindenstra\u00dfe&#8220; aus dem Iran.<\/p>\n<p>Es steht schlecht um unser Verst\u00e4ndnis des Iran. Und doch ist es dringend, genau das zu verbessern. Dazu mahnen die Gr\u00f6\u00dfe des Iran, seine Ressourcen, seine geostrategische Lage, seine Geschichte und ja auch, die M\u00f6glichkeit, dass er zur Atommacht werden kann. Am Iran f\u00fchrt kein Weg vorbei. Ulrich Ladurner, zeichnet das Leben der Bewohner des Asadi Platzes nach. Nichts ist an ihnen spektakul\u00e4r und gleichzeitig ist alles an ihnen aufregend, neu, informativ. Gest\u00fctzt auf lange Gespr\u00e4che, die er im Iran f\u00fchrte, rekonstruiert Ladurner den iranischen Alltag. Ein Projekt, das zuerst bei ZEIT ONLINE als Episodenroman erschien. <\/p>\n<p><em>Fischer, 2007. 256 Seiten, 9,95 Euro. ISBN: 978359617380-8<\/em><\/p>\n<p><em>&#8222;In manchen Taschenb\u00fcchern wird Literatur unter Wert verkauft. \u203aDie Asadis\u2039 ist so ein Fall, denn der Journalist Ladurner hat gro\u00dfe kleine Literatur geschrieben, die ins belletristische Hauptprogramm geh\u00f6rt h\u00e4tte [&#8230;] Hoffentlich entdecken die Leser Ladurner in gro\u00dfer Zahl. Sie erwartet ein Leseerlebnis.&#8220;<\/em><br \/>\n<strong>Florian Felix Weyh, Deutschlandfunk, B\u00fcchermarkt<\/strong><\/p>\n<p><em>&#8222;Ladurner braucht einige Kapitel, um sich warm zu schreiben [&#8230;] es tut dem Buch gut, dass in den sp\u00e4teren Kapiteln der politische Hintergrund mehr Raum gewinnt. 250 Seiten sp\u00e4ter aber trennt sich der Leser nur schwer von den Asadis. Der Ladenbesitzer Amir und der Fabrikant Baba Zede sind die letzten, die den Platz verlassen. Wohin, wissen beide noch nicht. \u203aUnd dann? Dann trinken wir zusammen Tee und schauen zu, wie das Leben weitergeht.\u2039 An einem anderen Ort, denn ihre Geschichte auf dem Asadis-Platz ist zu Ende erz\u00e4hlt. Leider.&#8220;<\/em><br \/>\n<strong>Kieler Nachrichten<\/strong><\/p>\n<p>&#8212;&#8212;&#8212;&#8212;&#8212;&#8212;&#8212;&#8212;&#8212;&#8212;-<\/p>\n<p><strong>Tausendundein Krieg. Begegnungen am Persischen Golf<\/strong><\/p>\n<p><a href=\"https:\/\/blog.zeit.de\/ladurnerulrich\/files\/2009\/07\/cover_480_l.jpg\"><img loading=\"lazy\" decoding=\"async\" src=\"https:\/\/blog.zeit.de\/ladurnerulrich\/files\/2009\/07\/cover_480_l-150x150.jpg\" alt=\"\" title=\"Tausend und ein Krieg\" width=\"150\" height=\"150\" class=\"alignleft size-thumbnail wp-image-105\" \/><\/a> Dieses Buch verzichtet bewu\u00dft auf gro\u00dfartige politische Analysen. Und es kommt auch ganz ohne die schrillen T\u00f6ne traditioneller Kriegsberichterstattung aus. Doch gerade weil es so leise ist, geht es unter die Haut, sch\u00e4rft es das Geh\u00f6r f\u00fcr die Stimmen der Menschen am Golf. Ulrich Ladurner, Korrespondent und Kriegsberichterstatter der ZEIT, hat sie auf seinen ausgedehnten Reisen durch den Irak und Iran nicht blo\u00df aufgezeichnet: Mit Beharrlichkeit zwingt er seine Gespr\u00e4chspartner zu einer &#8222;Reise&#8220; durch ihr eigenes Leben. Spricht auf dem &#8222;Friedhof der M\u00e4rtyrer&#8220; in Teheran mit dem Vater eines 16-j\u00e4hrigen Jungen, der als Kriegsfreiwilliger den Opfertod auf sich nahm. Mit einem Ex-Soldaten \u00fcber die &#8222;Sch\u00f6nheit&#8220; des Krieges und des Sterbens f\u00fcr Allah. Mit Saheb, dem irakischen Fl\u00fcchtling, der ihm die Geschichte seiner Vertreibung, die Umst\u00e4nde seiner Deportation erz\u00e4hlt &#8230; Einzelschicksale, gewiss. Und doch stehen sie f\u00fcr die ganz moderne Geschichte dieses von jeher ruhelosen Raumes. Nach der Lekt\u00fcre von Ulrich Ladurners einf\u00fchlsamem Buch wissen wir, was es bedeutet, unter Diktatur, Krieg, Terror und in der Angst vor kultureller Entfremdung zu leben. Wissen mehr um die so gegens\u00e4tzliche Denkweise und Mentalit\u00e4t von Ost und West und stellen uns bang die Frage, ob diese Kluft jemals zu \u00fcberbr\u00fccken sein wird. <\/p>\n<p><em>Np Buchverlag, 2004. 245 Seiten, 19,90 Euro. ISBN: 978-3853263501<\/em><\/p>\n","protected":false},"excerpt":{"rendered":"<p>&nbsp; Solferino. Kleine Geschichte eines gro\u00dfen Schauplatzes Die Geburtsstunde des Roten Kreuzes, der Beginn vom Niedergang der Habsburger, eindringlich und spannend erz\u00e4hlt. Unterwegs an historischem Schauplatz: Die Schlacht von Solferino am 24. Juni 1859 endete mit einer Niederlage der \u00d6sterreicher unter Kaiser Franz Joseph. Die franz\u00f6sischen Truppen Napoleons III., Verb\u00fcndeter des K\u00f6nigreiches Piemont-Sardinien, machten den [&hellip;]<\/p>\n","protected":false},"author":87,"featured_media":0,"parent":0,"menu_order":5,"comment_status":"closed","ping_status":"closed","template":"","meta":{"footnotes":""},"class_list":["post-45","page","type-page","status-publish","hentry"],"yoast_head":"<!-- This site is optimized with the Yoast SEO plugin v21.0 - https:\/\/yoast.com\/wordpress\/plugins\/seo\/ -->\n<title>Die B\u00fccher - Unterwegs in Europa<\/title>\n<meta name=\"robots\" content=\"index, follow, max-snippet:-1, max-image-preview:large, max-video-preview:-1\" \/>\n<link rel=\"canonical\" href=\"https:\/\/blog.zeit.de\/ladurnerulrich\/bucher\/\" \/>\n<meta property=\"og:locale\" content=\"de_DE\" \/>\n<meta property=\"og:type\" content=\"article\" \/>\n<meta property=\"og:title\" content=\"Die B\u00fccher - Unterwegs in Europa\" \/>\n<meta property=\"og:description\" content=\"&nbsp; Solferino. Kleine Geschichte eines gro\u00dfen Schauplatzes Die Geburtsstunde des Roten Kreuzes, der Beginn vom Niedergang der Habsburger, eindringlich und spannend erz\u00e4hlt. Unterwegs an historischem Schauplatz: Die Schlacht von Solferino am 24. Juni 1859 endete mit einer Niederlage der \u00d6sterreicher unter Kaiser Franz Joseph. Die franz\u00f6sischen Truppen Napoleons III., Verb\u00fcndeter des K\u00f6nigreiches Piemont-Sardinien, machten den [&hellip;]\" \/>\n<meta property=\"og:url\" content=\"https:\/\/blog.zeit.de\/ladurnerulrich\/bucher\/\" \/>\n<meta property=\"og:site_name\" content=\"Unterwegs in Europa\" \/>\n<meta property=\"article:modified_time\" content=\"2011-04-26T13:09:24+00:00\" \/>\n<meta property=\"og:image\" content=\"https:\/\/blog.zeit.de\/ladurnerulrich\/files\/2009\/07\/51es-q3gunl-_sl500_aa240_-150x150.jpg\" \/>\n<meta name=\"twitter:label1\" content=\"Gesch\u00e4tzte Lesezeit\" \/>\n\t<meta name=\"twitter:data1\" content=\"6\u00a0Minuten\" \/>\n<script type=\"application\/ld+json\" class=\"yoast-schema-graph\">{\"@context\":\"https:\/\/schema.org\",\"@graph\":[{\"@type\":\"WebPage\",\"@id\":\"https:\/\/blog.zeit.de\/ladurnerulrich\/bucher\/\",\"url\":\"https:\/\/blog.zeit.de\/ladurnerulrich\/bucher\/\",\"name\":\"Die B\u00fccher - Unterwegs in Europa\",\"isPartOf\":{\"@id\":\"https:\/\/blog.zeit.de\/ladurnerulrich\/#website\"},\"datePublished\":\"2009-07-06T17:48:51+00:00\",\"dateModified\":\"2011-04-26T13:09:24+00:00\",\"breadcrumb\":{\"@id\":\"https:\/\/blog.zeit.de\/ladurnerulrich\/bucher\/#breadcrumb\"},\"inLanguage\":\"de\",\"potentialAction\":[{\"@type\":\"ReadAction\",\"target\":[\"https:\/\/blog.zeit.de\/ladurnerulrich\/bucher\/\"]}]},{\"@type\":\"BreadcrumbList\",\"@id\":\"https:\/\/blog.zeit.de\/ladurnerulrich\/bucher\/#breadcrumb\",\"itemListElement\":[{\"@type\":\"ListItem\",\"position\":1,\"name\":\"Startseite\",\"item\":\"https:\/\/blog.zeit.de\/ladurnerulrich\/\"},{\"@type\":\"ListItem\",\"position\":2,\"name\":\"Die B\u00fccher\"}]},{\"@type\":\"WebSite\",\"@id\":\"https:\/\/blog.zeit.de\/ladurnerulrich\/#website\",\"url\":\"https:\/\/blog.zeit.de\/ladurnerulrich\/\",\"name\":\"Unterwegs in Europa\",\"description\":\"Ladurners Blog f\u00fcr Einblicke in un\u00fcbersichtliche Landschaften\",\"potentialAction\":[{\"@type\":\"SearchAction\",\"target\":{\"@type\":\"EntryPoint\",\"urlTemplate\":\"https:\/\/blog.zeit.de\/ladurnerulrich\/?s={search_term_string}\"},\"query-input\":\"required name=search_term_string\"}],\"inLanguage\":\"de\"}]}<\/script>\n<!-- \/ Yoast SEO plugin. -->","yoast_head_json":{"title":"Die B\u00fccher - Unterwegs in Europa","robots":{"index":"index","follow":"follow","max-snippet":"max-snippet:-1","max-image-preview":"max-image-preview:large","max-video-preview":"max-video-preview:-1"},"canonical":"https:\/\/blog.zeit.de\/ladurnerulrich\/bucher\/","og_locale":"de_DE","og_type":"article","og_title":"Die B\u00fccher - Unterwegs in Europa","og_description":"&nbsp; Solferino. Kleine Geschichte eines gro\u00dfen Schauplatzes Die Geburtsstunde des Roten Kreuzes, der Beginn vom Niedergang der Habsburger, eindringlich und spannend erz\u00e4hlt. Unterwegs an historischem Schauplatz: Die Schlacht von Solferino am 24. Juni 1859 endete mit einer Niederlage der \u00d6sterreicher unter Kaiser Franz Joseph. Die franz\u00f6sischen Truppen Napoleons III., Verb\u00fcndeter des K\u00f6nigreiches Piemont-Sardinien, machten den [&hellip;]","og_url":"https:\/\/blog.zeit.de\/ladurnerulrich\/bucher\/","og_site_name":"Unterwegs in Europa","article_modified_time":"2011-04-26T13:09:24+00:00","og_image":[{"url":"https:\/\/blog.zeit.de\/ladurnerulrich\/files\/2009\/07\/51es-q3gunl-_sl500_aa240_-150x150.jpg"}],"twitter_misc":{"Gesch\u00e4tzte Lesezeit":"6\u00a0Minuten"},"schema":{"@context":"https:\/\/schema.org","@graph":[{"@type":"WebPage","@id":"https:\/\/blog.zeit.de\/ladurnerulrich\/bucher\/","url":"https:\/\/blog.zeit.de\/ladurnerulrich\/bucher\/","name":"Die B\u00fccher - Unterwegs in Europa","isPartOf":{"@id":"https:\/\/blog.zeit.de\/ladurnerulrich\/#website"},"datePublished":"2009-07-06T17:48:51+00:00","dateModified":"2011-04-26T13:09:24+00:00","breadcrumb":{"@id":"https:\/\/blog.zeit.de\/ladurnerulrich\/bucher\/#breadcrumb"},"inLanguage":"de","potentialAction":[{"@type":"ReadAction","target":["https:\/\/blog.zeit.de\/ladurnerulrich\/bucher\/"]}]},{"@type":"BreadcrumbList","@id":"https:\/\/blog.zeit.de\/ladurnerulrich\/bucher\/#breadcrumb","itemListElement":[{"@type":"ListItem","position":1,"name":"Startseite","item":"https:\/\/blog.zeit.de\/ladurnerulrich\/"},{"@type":"ListItem","position":2,"name":"Die B\u00fccher"}]},{"@type":"WebSite","@id":"https:\/\/blog.zeit.de\/ladurnerulrich\/#website","url":"https:\/\/blog.zeit.de\/ladurnerulrich\/","name":"Unterwegs in Europa","description":"Ladurners Blog f\u00fcr Einblicke in un\u00fcbersichtliche Landschaften","potentialAction":[{"@type":"SearchAction","target":{"@type":"EntryPoint","urlTemplate":"https:\/\/blog.zeit.de\/ladurnerulrich\/?s={search_term_string}"},"query-input":"required name=search_term_string"}],"inLanguage":"de"}]}},"jetpack_sharing_enabled":true,"_links":{"self":[{"href":"https:\/\/blog.zeit.de\/ladurnerulrich\/wp-json\/wp\/v2\/pages\/45","targetHints":{"allow":["GET"]}}],"collection":[{"href":"https:\/\/blog.zeit.de\/ladurnerulrich\/wp-json\/wp\/v2\/pages"}],"about":[{"href":"https:\/\/blog.zeit.de\/ladurnerulrich\/wp-json\/wp\/v2\/types\/page"}],"author":[{"embeddable":true,"href":"https:\/\/blog.zeit.de\/ladurnerulrich\/wp-json\/wp\/v2\/users\/87"}],"replies":[{"embeddable":true,"href":"https:\/\/blog.zeit.de\/ladurnerulrich\/wp-json\/wp\/v2\/comments?post=45"}],"version-history":[{"count":2,"href":"https:\/\/blog.zeit.de\/ladurnerulrich\/wp-json\/wp\/v2\/pages\/45\/revisions"}],"predecessor-version":[{"id":914,"href":"https:\/\/blog.zeit.de\/ladurnerulrich\/wp-json\/wp\/v2\/pages\/45\/revisions\/914"}],"wp:attachment":[{"href":"https:\/\/blog.zeit.de\/ladurnerulrich\/wp-json\/wp\/v2\/media?parent=45"}],"curies":[{"name":"wp","href":"https:\/\/api.w.org\/{rel}","templated":true}]}}