{"id":17,"date":"2011-01-10T23:21:35","date_gmt":"2011-01-10T22:21:35","guid":{"rendered":"http:\/\/blog.zeit.de\/leaks-blog\/"},"modified":"2011-02-17T18:29:37","modified_gmt":"2011-02-17T17:29:37","slug":"uber-dieses-blog","status":"publish","type":"page","link":"https:\/\/blog.zeit.de\/leaks-blog\/uber-dieses-blog\/","title":{"rendered":"Ein Whistleblowing-Radar"},"content":{"rendered":"<p style=\"text-align: left;\">\n<p style=\"text-align: left;\">Die Afghanistan-Protokolle, die Irak-Logs, die US-Botschaftsdepeschen \u2013 Hunderttausende Dokumente und vermutlich fast ebenso viele Geschichten \u00fcber die schmutzige Wahrheit des Krieges, die allt\u00e4gliche Spionage, die Macht der Korruption und die der Lobbyisten. Wikileaks ist l\u00e4ngst zu einem der wichtigsten Transmissionsriemen im Maschinenraum der Welt\u00f6ffentlichkeit geworden. Dieses Blog wird als digitaler Radar aktuelle Stories ebenso abbilden wie neue Entwicklungen in der Welt des Whistleblowings. Welche Geschichten haben die Medien weltweit in den Protokollen und Depeschen entdeckt? Wie werden sie erz\u00e4hlt? Gibt es neue Leaking-Plattformen? Welche Geheimdokumente werden folgen? Und wie reagieren Politik, Wirtschaft und \u00d6ffentlichkeit?<\/p>\n","protected":false},"excerpt":{"rendered":"<p>Die Afghanistan-Protokolle, die Irak-Logs, die US-Botschaftsdepeschen \u2013 Hunderttausende Dokumente und vermutlich fast ebenso viele Geschichten \u00fcber die schmutzige Wahrheit des Krieges, die allt\u00e4gliche Spionage, die Macht der Korruption und die der Lobbyisten. Wikileaks ist l\u00e4ngst zu einem der wichtigsten Transmissionsriemen im Maschinenraum der Welt\u00f6ffentlichkeit geworden. Dieses Blog wird als digitaler Radar aktuelle Stories ebenso abbilden [&hellip;]<\/p>\n","protected":false},"author":316,"featured_media":0,"parent":0,"menu_order":0,"comment_status":"open","ping_status":"open","template":"","meta":{"footnotes":""},"class_list":["post-17","page","type-page","status-publish","hentry"],"yoast_head":"<!-- This site is optimized with the Yoast SEO plugin v21.0 - https:\/\/yoast.com\/wordpress\/plugins\/seo\/ -->\n<title>Ein Whistleblowing-Radar - Leaks-Blog<\/title>\n<meta name=\"robots\" content=\"index, follow, max-snippet:-1, max-image-preview:large, max-video-preview:-1\" \/>\n<link rel=\"canonical\" href=\"https:\/\/blog.zeit.de\/leaks-blog\/uber-dieses-blog\/\" \/>\n<meta property=\"og:locale\" content=\"de_DE\" \/>\n<meta property=\"og:type\" content=\"article\" \/>\n<meta property=\"og:title\" content=\"Ein Whistleblowing-Radar - Leaks-Blog\" \/>\n<meta property=\"og:description\" content=\"Die Afghanistan-Protokolle, die Irak-Logs, die US-Botschaftsdepeschen \u2013 Hunderttausende Dokumente und vermutlich fast ebenso viele Geschichten \u00fcber die schmutzige Wahrheit des Krieges, die allt\u00e4gliche Spionage, die Macht der Korruption und die der Lobbyisten. Wikileaks ist l\u00e4ngst zu einem der wichtigsten Transmissionsriemen im Maschinenraum der Welt\u00f6ffentlichkeit geworden. Dieses Blog wird als digitaler Radar aktuelle Stories ebenso abbilden [&hellip;]\" \/>\n<meta property=\"og:url\" content=\"https:\/\/blog.zeit.de\/leaks-blog\/uber-dieses-blog\/\" \/>\n<meta property=\"og:site_name\" content=\"Leaks-Blog\" \/>\n<meta property=\"article:modified_time\" content=\"2011-02-17T17:29:37+00:00\" \/>\n<meta name=\"twitter:card\" content=\"summary_large_image\" \/>\n<script type=\"application\/ld+json\" class=\"yoast-schema-graph\">{\"@context\":\"https:\/\/schema.org\",\"@graph\":[{\"@type\":\"WebPage\",\"@id\":\"https:\/\/blog.zeit.de\/leaks-blog\/uber-dieses-blog\/\",\"url\":\"https:\/\/blog.zeit.de\/leaks-blog\/uber-dieses-blog\/\",\"name\":\"Ein Whistleblowing-Radar - Leaks-Blog\",\"isPartOf\":{\"@id\":\"https:\/\/blog.zeit.de\/leaks-blog\/#website\"},\"datePublished\":\"2011-01-10T22:21:35+00:00\",\"dateModified\":\"2011-02-17T17:29:37+00:00\",\"breadcrumb\":{\"@id\":\"https:\/\/blog.zeit.de\/leaks-blog\/uber-dieses-blog\/#breadcrumb\"},\"inLanguage\":\"de\",\"potentialAction\":[{\"@type\":\"ReadAction\",\"target\":[\"https:\/\/blog.zeit.de\/leaks-blog\/uber-dieses-blog\/\"]}]},{\"@type\":\"BreadcrumbList\",\"@id\":\"https:\/\/blog.zeit.de\/leaks-blog\/uber-dieses-blog\/#breadcrumb\",\"itemListElement\":[{\"@type\":\"ListItem\",\"position\":1,\"name\":\"Startseite\",\"item\":\"https:\/\/blog.zeit.de\/leaks-blog\/\"},{\"@type\":\"ListItem\",\"position\":2,\"name\":\"Ein Whistleblowing-Radar\"}]},{\"@type\":\"WebSite\",\"@id\":\"https:\/\/blog.zeit.de\/leaks-blog\/#website\",\"url\":\"https:\/\/blog.zeit.de\/leaks-blog\/\",\"name\":\"Leaks-Blog\",\"description\":\"Wikileaks, OpenLeaks und die Folgen\",\"potentialAction\":[{\"@type\":\"SearchAction\",\"target\":{\"@type\":\"EntryPoint\",\"urlTemplate\":\"https:\/\/blog.zeit.de\/leaks-blog\/?s={search_term_string}\"},\"query-input\":\"required name=search_term_string\"}],\"inLanguage\":\"de\"}]}<\/script>\n<!-- \/ Yoast SEO plugin. -->","yoast_head_json":{"title":"Ein Whistleblowing-Radar - Leaks-Blog","robots":{"index":"index","follow":"follow","max-snippet":"max-snippet:-1","max-image-preview":"max-image-preview:large","max-video-preview":"max-video-preview:-1"},"canonical":"https:\/\/blog.zeit.de\/leaks-blog\/uber-dieses-blog\/","og_locale":"de_DE","og_type":"article","og_title":"Ein Whistleblowing-Radar - Leaks-Blog","og_description":"Die Afghanistan-Protokolle, die Irak-Logs, die US-Botschaftsdepeschen \u2013 Hunderttausende Dokumente und vermutlich fast ebenso viele Geschichten \u00fcber die schmutzige Wahrheit des Krieges, die allt\u00e4gliche Spionage, die Macht der Korruption und die der Lobbyisten. Wikileaks ist l\u00e4ngst zu einem der wichtigsten Transmissionsriemen im Maschinenraum der Welt\u00f6ffentlichkeit geworden. Dieses Blog wird als digitaler Radar aktuelle Stories ebenso abbilden [&hellip;]","og_url":"https:\/\/blog.zeit.de\/leaks-blog\/uber-dieses-blog\/","og_site_name":"Leaks-Blog","article_modified_time":"2011-02-17T17:29:37+00:00","twitter_card":"summary_large_image","schema":{"@context":"https:\/\/schema.org","@graph":[{"@type":"WebPage","@id":"https:\/\/blog.zeit.de\/leaks-blog\/uber-dieses-blog\/","url":"https:\/\/blog.zeit.de\/leaks-blog\/uber-dieses-blog\/","name":"Ein Whistleblowing-Radar - Leaks-Blog","isPartOf":{"@id":"https:\/\/blog.zeit.de\/leaks-blog\/#website"},"datePublished":"2011-01-10T22:21:35+00:00","dateModified":"2011-02-17T17:29:37+00:00","breadcrumb":{"@id":"https:\/\/blog.zeit.de\/leaks-blog\/uber-dieses-blog\/#breadcrumb"},"inLanguage":"de","potentialAction":[{"@type":"ReadAction","target":["https:\/\/blog.zeit.de\/leaks-blog\/uber-dieses-blog\/"]}]},{"@type":"BreadcrumbList","@id":"https:\/\/blog.zeit.de\/leaks-blog\/uber-dieses-blog\/#breadcrumb","itemListElement":[{"@type":"ListItem","position":1,"name":"Startseite","item":"https:\/\/blog.zeit.de\/leaks-blog\/"},{"@type":"ListItem","position":2,"name":"Ein Whistleblowing-Radar"}]},{"@type":"WebSite","@id":"https:\/\/blog.zeit.de\/leaks-blog\/#website","url":"https:\/\/blog.zeit.de\/leaks-blog\/","name":"Leaks-Blog","description":"Wikileaks, OpenLeaks und die Folgen","potentialAction":[{"@type":"SearchAction","target":{"@type":"EntryPoint","urlTemplate":"https:\/\/blog.zeit.de\/leaks-blog\/?s={search_term_string}"},"query-input":"required name=search_term_string"}],"inLanguage":"de"}]}},"_links":{"self":[{"href":"https:\/\/blog.zeit.de\/leaks-blog\/wp-json\/wp\/v2\/pages\/17","targetHints":{"allow":["GET"]}}],"collection":[{"href":"https:\/\/blog.zeit.de\/leaks-blog\/wp-json\/wp\/v2\/pages"}],"about":[{"href":"https:\/\/blog.zeit.de\/leaks-blog\/wp-json\/wp\/v2\/types\/page"}],"author":[{"embeddable":true,"href":"https:\/\/blog.zeit.de\/leaks-blog\/wp-json\/wp\/v2\/users\/316"}],"replies":[{"embeddable":true,"href":"https:\/\/blog.zeit.de\/leaks-blog\/wp-json\/wp\/v2\/comments?post=17"}],"version-history":[{"count":11,"href":"https:\/\/blog.zeit.de\/leaks-blog\/wp-json\/wp\/v2\/pages\/17\/revisions"}],"predecessor-version":[{"id":19,"href":"https:\/\/blog.zeit.de\/leaks-blog\/wp-json\/wp\/v2\/pages\/17\/revisions\/19"}],"wp:attachment":[{"href":"https:\/\/blog.zeit.de\/leaks-blog\/wp-json\/wp\/v2\/media?parent=17"}],"curies":[{"name":"wp","href":"https:\/\/api.w.org\/{rel}","templated":true}]}}