{"id":5,"date":"2014-02-13T17:50:41","date_gmt":"2014-02-13T16:50:41","guid":{"rendered":"http:\/\/blog.zeit.de\/mathe\/?page_id=5"},"modified":"2014-05-26T11:39:09","modified_gmt":"2014-05-26T09:39:09","slug":"christian-hesse-blog","status":"publish","type":"page","link":"https:\/\/blog.zeit.de\/mathe\/christian-hesse-blog\/","title":{"rendered":"\u00dcber dieses Blog"},"content":{"rendered":"<p>Wie wahrscheinlich ist es, dass ich in einer Bar auf Formentera ausgerechnet meinen Nachbarn treffe? Wie verhalte ich mich optimal in Warteschlangen? Und warum haben in einer Gruppe von 23 Personen ziemlich oft zwei am selben Tag Geburtstag? Solche Fragen begegnen uns im Alltag st\u00e4ndig. Um Antworten darauf zu finden, bem\u00fchen wir die Mathematik.<\/p>\n<p>Schrecklich, nervig, anstrengend? Unser Blog-Autor sieht das ganz anders. Christian Hesse liebt Zahlen, Formeln und Gedankenspiele und denkt seit Jahren begeistert \u00fcber die letzten ungel\u00f6sten R\u00e4tsel der Mathematik nach.<\/p>\n<p>Ab jetzt schreibt der Mathematik-Professor aus Stuttgart f\u00fcr ZEIT ONLINE regelm\u00e4\u00dfig \u00fcber das wundervolle Abenteuer Mathematik, ihre n\u00fctzlichen, obskuren und am\u00fcsanten Seiten, und dar\u00fcber, wie sich aktuelle Nachrichten aus Politik, Wissenschaft und Gesellschaft mit Hilfe der Mathematik erkl\u00e4ren lassen. <em>Math up your life<\/em>.<\/p>\n<p><strong>\u00dcber den Autor<\/strong><\/p>\n<p>Christian Hesse hat an der Harvard-Universit\u00e4t in Cambridge, USA, promoviert und an der Universit\u00e4t von Kalifornien in Berkeley gelehrt. Seit 1991 ist er Professor f\u00fcr Mathematik und Statistik an der Universit\u00e4t Stuttgart. Er hat den Deutschen Bundestag beraten, ist Sachverst\u00e4ndiger f\u00fcr das Bundesverfassungsgericht und schreibt B\u00fccher, etwa dar\u00fcber <em>Warum Mathematik gl\u00fccklich macht<\/em>. Aber er mag nicht nur Zahlen, sondern auch Lesen, Schreiben und Schach. Christian Hesse ist verheiratet und hat zwei Kinder.<\/p>\n","protected":false},"excerpt":{"rendered":"<p>Wie wahrscheinlich ist es, dass ich in einer Bar auf Formentera ausgerechnet meinen Nachbarn treffe? Wie verhalte ich mich optimal in Warteschlangen? Und warum haben in einer Gruppe von 23 Personen ziemlich oft zwei am selben Tag Geburtstag? Solche Fragen begegnen uns im Alltag st\u00e4ndig. Um Antworten darauf zu finden, bem\u00fchen wir die Mathematik. Schrecklich, [&hellip;]<\/p>\n","protected":false},"author":2,"featured_media":0,"parent":0,"menu_order":0,"comment_status":"open","ping_status":"open","template":"","meta":{"footnotes":""},"class_list":["post-5","page","type-page","status-publish","hentry"],"yoast_head":"<!-- This site is optimized with the Yoast SEO plugin v21.0 - https:\/\/yoast.com\/wordpress\/plugins\/seo\/ -->\n<title>Christian Hesse - Der Autor<\/title>\n<meta name=\"description\" content=\"Professor Christian Hesse schreibt f\u00fcr ZEIT ONLINE. Mit &quot;Math up your Life!&quot; zeigt Hesse die unterhaltsamen Seiten der Mathematik und deckt diese im Alltag auf.\" \/>\n<meta name=\"robots\" content=\"index, follow, max-snippet:-1, max-image-preview:large, max-video-preview:-1\" \/>\n<link rel=\"canonical\" href=\"https:\/\/blog.zeit.de\/mathe\/christian-hesse-blog\/\" \/>\n<meta property=\"og:locale\" content=\"de_DE\" \/>\n<meta property=\"og:type\" content=\"article\" \/>\n<meta property=\"og:title\" content=\"Christian Hesse - Der Autor\" \/>\n<meta property=\"og:description\" content=\"Professor Christian Hesse schreibt f\u00fcr ZEIT ONLINE. Mit &quot;Math up your Life!&quot; zeigt Hesse die unterhaltsamen Seiten der Mathematik und deckt diese im Alltag auf.\" \/>\n<meta property=\"og:url\" content=\"https:\/\/blog.zeit.de\/mathe\/christian-hesse-blog\/\" \/>\n<meta property=\"og:site_name\" content=\"Math up your life!\" \/>\n<meta property=\"article:modified_time\" content=\"2014-05-26T09:39:09+00:00\" \/>\n<meta name=\"twitter:card\" content=\"summary_large_image\" \/>\n<meta name=\"twitter:site\" content=\"@zeitwissen\" \/>\n<meta name=\"twitter:label1\" content=\"Gesch\u00e4tzte Lesezeit\" \/>\n\t<meta name=\"twitter:data1\" content=\"1\u00a0Minute\" \/>\n<script type=\"application\/ld+json\" class=\"yoast-schema-graph\">{\"@context\":\"https:\/\/schema.org\",\"@graph\":[{\"@type\":\"WebPage\",\"@id\":\"https:\/\/blog.zeit.de\/mathe\/christian-hesse-blog\/\",\"url\":\"https:\/\/blog.zeit.de\/mathe\/christian-hesse-blog\/\",\"name\":\"Christian Hesse - Der Autor\",\"isPartOf\":{\"@id\":\"https:\/\/blog.zeit.de\/mathe\/#website\"},\"datePublished\":\"2014-02-13T16:50:41+00:00\",\"dateModified\":\"2014-05-26T09:39:09+00:00\",\"description\":\"Professor Christian Hesse schreibt f\u00fcr ZEIT ONLINE. Mit \\\"Math up your Life!\\\" zeigt Hesse die unterhaltsamen Seiten der Mathematik und deckt diese im Alltag auf.\",\"breadcrumb\":{\"@id\":\"https:\/\/blog.zeit.de\/mathe\/christian-hesse-blog\/#breadcrumb\"},\"inLanguage\":\"de\",\"potentialAction\":[{\"@type\":\"ReadAction\",\"target\":[\"https:\/\/blog.zeit.de\/mathe\/christian-hesse-blog\/\"]}]},{\"@type\":\"BreadcrumbList\",\"@id\":\"https:\/\/blog.zeit.de\/mathe\/christian-hesse-blog\/#breadcrumb\",\"itemListElement\":[{\"@type\":\"ListItem\",\"position\":1,\"name\":\"Startseite\",\"item\":\"https:\/\/blog.zeit.de\/mathe\/\"},{\"@type\":\"ListItem\",\"position\":2,\"name\":\"\u00dcber dieses Blog\"}]},{\"@type\":\"WebSite\",\"@id\":\"https:\/\/blog.zeit.de\/mathe\/#website\",\"url\":\"https:\/\/blog.zeit.de\/mathe\/\",\"name\":\"Math up your life!\",\"description\":\"Mathematik macht Spa\u00df \u2013 und sie ist jeden Tag \u00fcberall.\",\"potentialAction\":[{\"@type\":\"SearchAction\",\"target\":{\"@type\":\"EntryPoint\",\"urlTemplate\":\"https:\/\/blog.zeit.de\/mathe\/?s={search_term_string}\"},\"query-input\":\"required name=search_term_string\"}],\"inLanguage\":\"de\"}]}<\/script>\n<!-- \/ Yoast SEO plugin. -->","yoast_head_json":{"title":"Christian Hesse - Der Autor","description":"Professor Christian Hesse schreibt f\u00fcr ZEIT ONLINE. Mit \"Math up your Life!\" zeigt Hesse die unterhaltsamen Seiten der Mathematik und deckt diese im Alltag auf.","robots":{"index":"index","follow":"follow","max-snippet":"max-snippet:-1","max-image-preview":"max-image-preview:large","max-video-preview":"max-video-preview:-1"},"canonical":"https:\/\/blog.zeit.de\/mathe\/christian-hesse-blog\/","og_locale":"de_DE","og_type":"article","og_title":"Christian Hesse - Der Autor","og_description":"Professor Christian Hesse schreibt f\u00fcr ZEIT ONLINE. Mit \"Math up your Life!\" zeigt Hesse die unterhaltsamen Seiten der Mathematik und deckt diese im Alltag auf.","og_url":"https:\/\/blog.zeit.de\/mathe\/christian-hesse-blog\/","og_site_name":"Math up your life!","article_modified_time":"2014-05-26T09:39:09+00:00","twitter_card":"summary_large_image","twitter_site":"@zeitwissen","twitter_misc":{"Gesch\u00e4tzte Lesezeit":"1\u00a0Minute"},"schema":{"@context":"https:\/\/schema.org","@graph":[{"@type":"WebPage","@id":"https:\/\/blog.zeit.de\/mathe\/christian-hesse-blog\/","url":"https:\/\/blog.zeit.de\/mathe\/christian-hesse-blog\/","name":"Christian Hesse - Der Autor","isPartOf":{"@id":"https:\/\/blog.zeit.de\/mathe\/#website"},"datePublished":"2014-02-13T16:50:41+00:00","dateModified":"2014-05-26T09:39:09+00:00","description":"Professor Christian Hesse schreibt f\u00fcr ZEIT ONLINE. Mit \"Math up your Life!\" zeigt Hesse die unterhaltsamen Seiten der Mathematik und deckt diese im Alltag auf.","breadcrumb":{"@id":"https:\/\/blog.zeit.de\/mathe\/christian-hesse-blog\/#breadcrumb"},"inLanguage":"de","potentialAction":[{"@type":"ReadAction","target":["https:\/\/blog.zeit.de\/mathe\/christian-hesse-blog\/"]}]},{"@type":"BreadcrumbList","@id":"https:\/\/blog.zeit.de\/mathe\/christian-hesse-blog\/#breadcrumb","itemListElement":[{"@type":"ListItem","position":1,"name":"Startseite","item":"https:\/\/blog.zeit.de\/mathe\/"},{"@type":"ListItem","position":2,"name":"\u00dcber dieses Blog"}]},{"@type":"WebSite","@id":"https:\/\/blog.zeit.de\/mathe\/#website","url":"https:\/\/blog.zeit.de\/mathe\/","name":"Math up your life!","description":"Mathematik macht Spa\u00df \u2013 und sie ist jeden Tag \u00fcberall.","potentialAction":[{"@type":"SearchAction","target":{"@type":"EntryPoint","urlTemplate":"https:\/\/blog.zeit.de\/mathe\/?s={search_term_string}"},"query-input":"required name=search_term_string"}],"inLanguage":"de"}]}},"jetpack_sharing_enabled":true,"_links":{"self":[{"href":"https:\/\/blog.zeit.de\/mathe\/wp-json\/wp\/v2\/pages\/5","targetHints":{"allow":["GET"]}}],"collection":[{"href":"https:\/\/blog.zeit.de\/mathe\/wp-json\/wp\/v2\/pages"}],"about":[{"href":"https:\/\/blog.zeit.de\/mathe\/wp-json\/wp\/v2\/types\/page"}],"author":[{"embeddable":true,"href":"https:\/\/blog.zeit.de\/mathe\/wp-json\/wp\/v2\/users\/2"}],"replies":[{"embeddable":true,"href":"https:\/\/blog.zeit.de\/mathe\/wp-json\/wp\/v2\/comments?post=5"}],"version-history":[{"count":12,"href":"https:\/\/blog.zeit.de\/mathe\/wp-json\/wp\/v2\/pages\/5\/revisions"}],"predecessor-version":[{"id":515,"href":"https:\/\/blog.zeit.de\/mathe\/wp-json\/wp\/v2\/pages\/5\/revisions\/515"}],"wp:attachment":[{"href":"https:\/\/blog.zeit.de\/mathe\/wp-json\/wp\/v2\/media?parent=5"}],"curies":[{"name":"wp","href":"https:\/\/api.w.org\/{rel}","templated":true}]}}