{"id":5416,"date":"2011-05-12T16:01:45","date_gmt":"2011-05-12T14:01:45","guid":{"rendered":"http:\/\/blog.zeit.de\/nachgesalzen"},"modified":"2011-06-24T11:15:45","modified_gmt":"2011-06-24T09:15:45","slug":"die-autoren","status":"publish","type":"page","link":"https:\/\/blog.zeit.de\/nachgesalzen\/die-autoren","title":{"rendered":"Die Autoren"},"content":{"rendered":"<p>&nbsp;<br \/>\n<figure id=\"attachment_5644\" aria-describedby=\"caption-attachment-5644\" style=\"width: 180px\" class=\"wp-caption alignleft\"><a href=\"https:\/\/blog.zeit.de\/nachgesalzen\/die-autoren\/mittermeier-240x180-2\" rel=\"attachment wp-att-5644\"><img loading=\"lazy\" decoding=\"async\" src=\"https:\/\/blog.zeit.de\/nachgesalzen\/files\/2011\/05\/Mittermeier-240x180.jpg\" alt=\"\" title=\"Mittermeier-240x180\" width=\"180\" height=\"240\" class=\"size-full wp-image-5644\" \/><\/a><figcaption id=\"caption-attachment-5644\" class=\"wp-caption-text\">\u00a9 Privat<\/figcaption><\/figure><\/p>\n<p><strong>Christian Mittermeier<\/strong> ist famili\u00e4r vorbelastet: Nahezu alle Verwandten haben mit Lebensmitteln zu tun. Sie sind B\u00e4cker, Metzger, Wirte, Bauern, Brauer, K\u00f6che. Auch Mittermeier lie\u00df sich zum Metzger und Koch ausbilden. Schon mit 23 Jahren machte er sich selbstst\u00e4ndig. Mittlerweile betreibt er einen kulinarischen Gemischtwarenladen aus <a href=\"http:\/\/www.villamittermeier.de\/index.htm\" target=\"_blank\">Restaurant, Enoteca, Hotel, Kochschule und Cateringbetrieb<\/a>. Nebenbei <a href=\"http:\/\/www.zeit.de\/2009\/47\/Wein-Tauber\" target=\"_blank\">baut er Wein <\/a>an und z\u00fcchtet Bienen.<\/p>\n<p>Christian Mittermeier ist Mitglied der <a href=\"http:\/\/www.jeunes-restaurateurs.de\/06\/ISY\/\" target=\"_blank\">Jeunes Restaurateurs d&#8217;Europe <\/a>und engagiert sich f\u00fcr <a href=\"https:\/\/www.slowfood.de\/\" target=\"_blank\">Slowfood<\/a>.<br \/>\n<br \/>&nbsp;<br \/>\n<figure id=\"attachment_5313\" aria-describedby=\"caption-attachment-5313\" style=\"width: 180px\" class=\"wp-caption alignleft\"><a href=\"https:\/\/blog.zeit.de\/nachgesalzen\/?attachment_id=5313\" rel=\"attachment wp-att-5313\"><img loading=\"lazy\" decoding=\"async\" src=\"https:\/\/blog.zeit.de\/nachgesalzen\/files\/2009\/10\/J\u00fcrgen-Koch-240x180.jpg\" alt=\"\" title=\"J\u00fcrgen-Koch-240x180\" width=\"180\" height=\"240\" class=\"size-full wp-image-5313\" \/><\/a><figcaption id=\"caption-attachment-5313\" class=\"wp-caption-text\">\u00a9 Siemens<\/figcaption><\/figure><\/p>\n<p>Nach seiner Kochlehre ging der 1963 geborene <strong><a href=\"https:\/\/blog.zeit.de\/nachgesalzen\/2008\/04\/18\/nur-die-harten-kommen-in-kochs-krautergarten_530\"target=\"_blank\">J\u00fcrgen Koch<\/a><\/strong> in die USA, nach Mexiko, Hong Kong, in die Schweiz, nach Frankreich und Italien \u2013 und f\u00fchrt nun mit seiner Frau Sabine seit \u00fcber 10 Jahren das eigene <a href=\"http:\/\/www.hotel-laurentius.de\/\">Hotel Laurentius <\/a>im wundersch\u00f6nen Tauberfranken.  <\/p>\n<p>Das Restaurant im Gew\u00f6lbe ist mit einem Michelin-Stern ausgezeichnet, dort bereitet er Hohenloher Rind, Fr\u00e4nkischen Waller, Steigerw\u00e4lder Flusskrebse und Schw\u00e4bisch-H\u00e4llisches Spanferkel.  <\/p>\n<p>Sabine Koch, gelernte K\u00fcchenmeisterin und gepr\u00fcfte Sommeliere, empfiehlt ihren G\u00e4sten dazu beste fr\u00e4nkische und internationale Weine.  <\/p>\n<p>Zum Hotel geh\u00f6rt das Hohenloher M\u00e4rktle, dort kann man sich eindecken mit &#8222;Obst, Gem\u00fcse, Schwein &#038; Wein&#8220;.<br \/>\n<br \/>&nbsp;<br \/>\n<a href=\"https:\/\/blog.zeit.de\/nachgesalzen\/?attachment_id=5321\" rel=\"attachment wp-att-5321\"><img loading=\"lazy\" decoding=\"async\" src=\"https:\/\/blog.zeit.de\/nachgesalzen\/files\/2007\/02\/Karl-Josef-Fuchs-240x180.jpg\" alt=\"\" title=\"Karl-Josef-Fuchs-240x180\" width=\"180\" height=\"240\" class=\"alignleft size-full wp-image-5321\" \/><\/a> Kommend aus dem s\u00fcdbadischen M\u00fcnstertal, f\u00fchrt <strong>Karl-Josef Fuchs<\/strong> dort in f\u00fcnfter Generation mit seiner Frau Sabine im Familienbetrieb das <a href=\"http:\/\/www.spielweg.com\/\" target=\"_blank\">Romantikhotel &#8222;Spielweg&#8220;<\/a> in sch\u00f6nster Lage direkt an Schauinsland und Belchen. Auf seiner Karte finden sich regionale Produkte wie M\u00fcnstert\u00e4ler Forellen, Hinterw\u00e4lder K\u00e4lber, Wild aus eigener Jagd und Obst und Gem\u00fcse aus dem Markgr\u00e4flerland. Etwas Besonderes sind die drei Spielweger K\u00e4sesorten, die er in seiner 1995 eingerichteten K\u00e4serei selbst herstellt. Er ist au\u00dferdem Gr\u00fcndungsmitglied der &#8222;<a href=\"http:\/\/www.jeunes-restaurateurs.de\/06\/ISY\/\" target=\"_blank\">Jeunes Restaurateurs d&#8217;Europe Deutschland<\/a>&#8222;, einer Vereinigung von inzwischen 50 jungen deutschen Spitzenk\u00f6chinnen und -k\u00f6chen.<\/p>\n","protected":false},"excerpt":{"rendered":"<p>&nbsp; Christian Mittermeier ist famili\u00e4r vorbelastet: Nahezu alle Verwandten haben mit Lebensmitteln zu tun. Sie sind B\u00e4cker, Metzger, Wirte, Bauern, Brauer, K\u00f6che. Auch Mittermeier lie\u00df sich zum Metzger und Koch ausbilden. Schon mit 23 Jahren machte er sich selbstst\u00e4ndig. Mittlerweile betreibt er einen kulinarischen Gemischtwarenladen aus Restaurant, Enoteca, Hotel, Kochschule und Cateringbetrieb. Nebenbei baut er [&hellip;]<\/p>\n","protected":false},"author":200,"featured_media":0,"parent":0,"menu_order":0,"comment_status":"open","ping_status":"closed","template":"","meta":{"footnotes":""},"class_list":["post-5416","page","type-page","status-publish","hentry"],"yoast_head":"<!-- This site is optimized with the Yoast SEO plugin v21.0 - https:\/\/yoast.com\/wordpress\/plugins\/seo\/ -->\n<title>Die Autoren - Nachgesalzen<\/title>\n<meta name=\"robots\" content=\"index, follow, max-snippet:-1, max-image-preview:large, max-video-preview:-1\" \/>\n<link rel=\"canonical\" href=\"https:\/\/blog.zeit.de\/nachgesalzen\/die-autoren\" \/>\n<meta property=\"og:locale\" content=\"de_DE\" \/>\n<meta property=\"og:type\" content=\"article\" \/>\n<meta property=\"og:title\" content=\"Die Autoren - Nachgesalzen\" \/>\n<meta property=\"og:description\" content=\"&nbsp; Christian Mittermeier ist famili\u00e4r vorbelastet: Nahezu alle Verwandten haben mit Lebensmitteln zu tun. Sie sind B\u00e4cker, Metzger, Wirte, Bauern, Brauer, K\u00f6che. Auch Mittermeier lie\u00df sich zum Metzger und Koch ausbilden. Schon mit 23 Jahren machte er sich selbstst\u00e4ndig. Mittlerweile betreibt er einen kulinarischen Gemischtwarenladen aus Restaurant, Enoteca, Hotel, Kochschule und Cateringbetrieb. Nebenbei baut er [&hellip;]\" \/>\n<meta property=\"og:url\" content=\"https:\/\/blog.zeit.de\/nachgesalzen\/die-autoren\" \/>\n<meta property=\"og:site_name\" content=\"Nachgesalzen\" \/>\n<meta property=\"article:modified_time\" content=\"2011-06-24T09:15:45+00:00\" \/>\n<meta property=\"og:image\" content=\"https:\/\/blog.zeit.de\/nachgesalzen\/files\/2011\/05\/Mittermeier-240x180.jpg\" \/>\n<meta name=\"twitter:card\" content=\"summary_large_image\" \/>\n<meta name=\"twitter:label1\" content=\"Gesch\u00e4tzte Lesezeit\" \/>\n\t<meta name=\"twitter:data1\" content=\"2\u00a0Minuten\" \/>\n<script type=\"application\/ld+json\" class=\"yoast-schema-graph\">{\"@context\":\"https:\/\/schema.org\",\"@graph\":[{\"@type\":\"WebPage\",\"@id\":\"https:\/\/blog.zeit.de\/nachgesalzen\/die-autoren\",\"url\":\"https:\/\/blog.zeit.de\/nachgesalzen\/die-autoren\",\"name\":\"Die Autoren - Nachgesalzen\",\"isPartOf\":{\"@id\":\"https:\/\/blog.zeit.de\/nachgesalzen\/#website\"},\"datePublished\":\"2011-05-12T14:01:45+00:00\",\"dateModified\":\"2011-06-24T09:15:45+00:00\",\"breadcrumb\":{\"@id\":\"https:\/\/blog.zeit.de\/nachgesalzen\/die-autoren#breadcrumb\"},\"inLanguage\":\"de\",\"potentialAction\":[{\"@type\":\"ReadAction\",\"target\":[\"https:\/\/blog.zeit.de\/nachgesalzen\/die-autoren\"]}]},{\"@type\":\"BreadcrumbList\",\"@id\":\"https:\/\/blog.zeit.de\/nachgesalzen\/die-autoren#breadcrumb\",\"itemListElement\":[{\"@type\":\"ListItem\",\"position\":1,\"name\":\"Startseite\",\"item\":\"https:\/\/blog.zeit.de\/nachgesalzen\"},{\"@type\":\"ListItem\",\"position\":2,\"name\":\"Die Autoren\"}]},{\"@type\":\"WebSite\",\"@id\":\"https:\/\/blog.zeit.de\/nachgesalzen\/#website\",\"url\":\"https:\/\/blog.zeit.de\/nachgesalzen\/\",\"name\":\"Nachgesalzen\",\"description\":\"Das Blog der K\u00f6che, Gastronomen und Gourmets\",\"potentialAction\":[{\"@type\":\"SearchAction\",\"target\":{\"@type\":\"EntryPoint\",\"urlTemplate\":\"https:\/\/blog.zeit.de\/nachgesalzen\/?s={search_term_string}\"},\"query-input\":\"required name=search_term_string\"}],\"inLanguage\":\"de\"}]}<\/script>\n<!-- \/ Yoast SEO plugin. -->","yoast_head_json":{"title":"Die Autoren - Nachgesalzen","robots":{"index":"index","follow":"follow","max-snippet":"max-snippet:-1","max-image-preview":"max-image-preview:large","max-video-preview":"max-video-preview:-1"},"canonical":"https:\/\/blog.zeit.de\/nachgesalzen\/die-autoren","og_locale":"de_DE","og_type":"article","og_title":"Die Autoren - Nachgesalzen","og_description":"&nbsp; Christian Mittermeier ist famili\u00e4r vorbelastet: Nahezu alle Verwandten haben mit Lebensmitteln zu tun. Sie sind B\u00e4cker, Metzger, Wirte, Bauern, Brauer, K\u00f6che. Auch Mittermeier lie\u00df sich zum Metzger und Koch ausbilden. Schon mit 23 Jahren machte er sich selbstst\u00e4ndig. Mittlerweile betreibt er einen kulinarischen Gemischtwarenladen aus Restaurant, Enoteca, Hotel, Kochschule und Cateringbetrieb. Nebenbei baut er [&hellip;]","og_url":"https:\/\/blog.zeit.de\/nachgesalzen\/die-autoren","og_site_name":"Nachgesalzen","article_modified_time":"2011-06-24T09:15:45+00:00","og_image":[{"url":"https:\/\/blog.zeit.de\/nachgesalzen\/files\/2011\/05\/Mittermeier-240x180.jpg"}],"twitter_card":"summary_large_image","twitter_misc":{"Gesch\u00e4tzte Lesezeit":"2\u00a0Minuten"},"schema":{"@context":"https:\/\/schema.org","@graph":[{"@type":"WebPage","@id":"https:\/\/blog.zeit.de\/nachgesalzen\/die-autoren","url":"https:\/\/blog.zeit.de\/nachgesalzen\/die-autoren","name":"Die Autoren - Nachgesalzen","isPartOf":{"@id":"https:\/\/blog.zeit.de\/nachgesalzen\/#website"},"datePublished":"2011-05-12T14:01:45+00:00","dateModified":"2011-06-24T09:15:45+00:00","breadcrumb":{"@id":"https:\/\/blog.zeit.de\/nachgesalzen\/die-autoren#breadcrumb"},"inLanguage":"de","potentialAction":[{"@type":"ReadAction","target":["https:\/\/blog.zeit.de\/nachgesalzen\/die-autoren"]}]},{"@type":"BreadcrumbList","@id":"https:\/\/blog.zeit.de\/nachgesalzen\/die-autoren#breadcrumb","itemListElement":[{"@type":"ListItem","position":1,"name":"Startseite","item":"https:\/\/blog.zeit.de\/nachgesalzen"},{"@type":"ListItem","position":2,"name":"Die Autoren"}]},{"@type":"WebSite","@id":"https:\/\/blog.zeit.de\/nachgesalzen\/#website","url":"https:\/\/blog.zeit.de\/nachgesalzen\/","name":"Nachgesalzen","description":"Das Blog der K\u00f6che, Gastronomen und Gourmets","potentialAction":[{"@type":"SearchAction","target":{"@type":"EntryPoint","urlTemplate":"https:\/\/blog.zeit.de\/nachgesalzen\/?s={search_term_string}"},"query-input":"required name=search_term_string"}],"inLanguage":"de"}]}},"jetpack_sharing_enabled":true,"_links":{"self":[{"href":"https:\/\/blog.zeit.de\/nachgesalzen\/wp-json\/wp\/v2\/pages\/5416","targetHints":{"allow":["GET"]}}],"collection":[{"href":"https:\/\/blog.zeit.de\/nachgesalzen\/wp-json\/wp\/v2\/pages"}],"about":[{"href":"https:\/\/blog.zeit.de\/nachgesalzen\/wp-json\/wp\/v2\/types\/page"}],"author":[{"embeddable":true,"href":"https:\/\/blog.zeit.de\/nachgesalzen\/wp-json\/wp\/v2\/users\/200"}],"replies":[{"embeddable":true,"href":"https:\/\/blog.zeit.de\/nachgesalzen\/wp-json\/wp\/v2\/comments?post=5416"}],"version-history":[{"count":17,"href":"https:\/\/blog.zeit.de\/nachgesalzen\/wp-json\/wp\/v2\/pages\/5416\/revisions"}],"predecessor-version":[{"id":5646,"href":"https:\/\/blog.zeit.de\/nachgesalzen\/wp-json\/wp\/v2\/pages\/5416\/revisions\/5646"}],"wp:attachment":[{"href":"https:\/\/blog.zeit.de\/nachgesalzen\/wp-json\/wp\/v2\/media?parent=5416"}],"curies":[{"name":"wp","href":"https:\/\/api.w.org\/{rel}","templated":true}]}}