{"id":2,"date":"2011-08-25T09:40:43","date_gmt":"2011-08-25T07:40:43","guid":{"rendered":"http:\/\/blog.zeit.de\/netzfilmblog\/?page_id=2"},"modified":"2014-12-19T17:54:35","modified_gmt":"2014-12-19T16:54:35","slug":"info","status":"publish","type":"page","link":"https:\/\/blog.zeit.de\/netzfilmblog\/info\/","title":{"rendered":"Das Netzfilmblog auf ZEIT ONLINE"},"content":{"rendered":"<p>&nbsp;<br \/>\n&#8222;Das Fernsehen ist tot, lange lebe das Fernsehen&#8220;, <a href=\"http:\/\/www.wired.com\/entertainment\/hollywood\/news\/2007\/04\/tvhistory_0406\">titelte<\/a> das amerikanische Magazin <em>Wired<\/em> einst. Schuld f\u00fcr den vermeintlichen Sturz bei gleichzeitiger Auferstehung war einmal mehr, na klar, das Internet. Einige Jahre sp\u00e4ter l\u00e4sst sich best\u00e4tigen: Das klassische Fernsehen ist nicht tot &#8211; es hat aber an Konkurrenz gewonnen.<\/p>\n<p>Fakt ist, dass das Netz mit seinen technischen Entwicklungen und neuen Verbeitungsm\u00f6glichkeiten die Art und Weise, wie wir Filme schauen &#8211; und Filme machen &#8211; ver\u00e4ndert. Nicht nur sind immer mehr klassische TV-Inhalte inzwischen online verf\u00fcgbar, im Netz ist auch eine neue Filmkultur entstanden: Regisseure, Produzenten, K\u00fcnstler oder Privatpersonen nutzen zunehmend die M\u00f6glichkeiten im Netz, um ihre Projekte zu begleiten, neue Formate auszuprobieren und ein breiteres Publikum zu erreichen. Ideen werden per Crowdfunding finanziert, Inhalte \u00fcber Blogs und soziale Netzwerke weitergetragen und  YouTube- und Vimeo-Kan\u00e4le ersetzen immer h\u00e4ufiger den Kinosaal. <\/p>\n<p>Im <strong><a href=\"https:\/\/blog.zeit.de\/netzfilmblog\">Netzfilmblog<\/a><\/strong> von ZEIT ONLINE haben wir zwischen Oktober 2011 und Dezember 2014 interessante Projekte rund um das Thema &#8222;Bewegtbilder im Netz&#8220; vorgestellt. Zum einen ging es dabei um Inhalte wie interaktive Dokumentationen, Feature-Filme oder Webserien, die gezielt f\u00fcr oder mithilfe des Internets produziert wurden. Zum anderen haben wir das Netz nach informativen, unterhaltsamen und spannenden Projekten durchforstet, die es weder im Kino noch im Fernsehen zu sehen gibt. Professionelle Kurzfilme wurden dabei ebenso vorgestellt wie Clips aus den Bereichen Kunst, Design, Musik oder virale Videos, die durch ihre gute Idee, Humor oder die technische Umsetzung auffallen.<\/p>\n<p>Der verantwortliche Redakteur des Blogs war <strong><a href=\"http:\/\/community.zeit.de\/user\/eike-k%C3%BChl\">Eike K\u00fchl<\/a><\/strong>, in Zusammenarbeit mit der Kulturredaktion von ZEIT ONLINE.<\/p>\n","protected":false},"excerpt":{"rendered":"<p>&nbsp; &#8222;Das Fernsehen ist tot, lange lebe das Fernsehen&#8220;, titelte das amerikanische Magazin Wired einst. Schuld f\u00fcr den vermeintlichen Sturz bei gleichzeitiger Auferstehung war einmal mehr, na klar, das Internet. Einige Jahre sp\u00e4ter l\u00e4sst sich best\u00e4tigen: Das klassische Fernsehen ist nicht tot &#8211; es hat aber an Konkurrenz gewonnen. Fakt ist, dass das Netz mit [&hellip;]<\/p>\n","protected":false},"author":2,"featured_media":0,"parent":0,"menu_order":0,"comment_status":"closed","ping_status":"closed","template":"","meta":{"footnotes":""},"class_list":["post-2","page","type-page","status-publish","hentry"],"yoast_head":"<!-- This site is optimized with the Yoast SEO plugin v21.0 - https:\/\/yoast.com\/wordpress\/plugins\/seo\/ -->\n<title>Das Netzfilmblog auf ZEIT ONLINE - Netzfilmblog<\/title>\n<meta name=\"robots\" content=\"index, follow, max-snippet:-1, max-image-preview:large, max-video-preview:-1\" \/>\n<link rel=\"canonical\" href=\"https:\/\/blog.zeit.de\/netzfilmblog\/info\/\" \/>\n<meta property=\"og:locale\" content=\"de_DE\" \/>\n<meta property=\"og:type\" content=\"article\" \/>\n<meta property=\"og:title\" content=\"Das Netzfilmblog auf ZEIT ONLINE - Netzfilmblog\" \/>\n<meta property=\"og:description\" content=\"&nbsp; &#8222;Das Fernsehen ist tot, lange lebe das Fernsehen&#8220;, titelte das amerikanische Magazin Wired einst. Schuld f\u00fcr den vermeintlichen Sturz bei gleichzeitiger Auferstehung war einmal mehr, na klar, das Internet. Einige Jahre sp\u00e4ter l\u00e4sst sich best\u00e4tigen: Das klassische Fernsehen ist nicht tot &#8211; es hat aber an Konkurrenz gewonnen. Fakt ist, dass das Netz mit [&hellip;]\" \/>\n<meta property=\"og:url\" content=\"https:\/\/blog.zeit.de\/netzfilmblog\/info\/\" \/>\n<meta property=\"og:site_name\" content=\"Netzfilmblog\" \/>\n<meta property=\"article:modified_time\" content=\"2014-12-19T16:54:35+00:00\" \/>\n<meta name=\"twitter:label1\" content=\"Gesch\u00e4tzte Lesezeit\" \/>\n\t<meta name=\"twitter:data1\" content=\"1\u00a0Minute\" \/>\n<script type=\"application\/ld+json\" class=\"yoast-schema-graph\">{\"@context\":\"https:\/\/schema.org\",\"@graph\":[{\"@type\":\"WebPage\",\"@id\":\"https:\/\/blog.zeit.de\/netzfilmblog\/info\/\",\"url\":\"https:\/\/blog.zeit.de\/netzfilmblog\/info\/\",\"name\":\"Das Netzfilmblog auf ZEIT ONLINE - Netzfilmblog\",\"isPartOf\":{\"@id\":\"https:\/\/blog.zeit.de\/netzfilmblog\/#website\"},\"datePublished\":\"2011-08-25T07:40:43+00:00\",\"dateModified\":\"2014-12-19T16:54:35+00:00\",\"breadcrumb\":{\"@id\":\"https:\/\/blog.zeit.de\/netzfilmblog\/info\/#breadcrumb\"},\"inLanguage\":\"de\",\"potentialAction\":[{\"@type\":\"ReadAction\",\"target\":[\"https:\/\/blog.zeit.de\/netzfilmblog\/info\/\"]}]},{\"@type\":\"BreadcrumbList\",\"@id\":\"https:\/\/blog.zeit.de\/netzfilmblog\/info\/#breadcrumb\",\"itemListElement\":[{\"@type\":\"ListItem\",\"position\":1,\"name\":\"Startseite\",\"item\":\"https:\/\/blog.zeit.de\/netzfilmblog\/\"},{\"@type\":\"ListItem\",\"position\":2,\"name\":\"Das Netzfilmblog auf ZEIT ONLINE\"}]},{\"@type\":\"WebSite\",\"@id\":\"https:\/\/blog.zeit.de\/netzfilmblog\/#website\",\"url\":\"https:\/\/blog.zeit.de\/netzfilmblog\/\",\"name\":\"Netzfilmblog\",\"description\":\"Es geht auch ohne Fernsehen\",\"potentialAction\":[{\"@type\":\"SearchAction\",\"target\":{\"@type\":\"EntryPoint\",\"urlTemplate\":\"https:\/\/blog.zeit.de\/netzfilmblog\/?s={search_term_string}\"},\"query-input\":\"required name=search_term_string\"}],\"inLanguage\":\"de\"}]}<\/script>\n<!-- \/ Yoast SEO plugin. -->","yoast_head_json":{"title":"Das Netzfilmblog auf ZEIT ONLINE - Netzfilmblog","robots":{"index":"index","follow":"follow","max-snippet":"max-snippet:-1","max-image-preview":"max-image-preview:large","max-video-preview":"max-video-preview:-1"},"canonical":"https:\/\/blog.zeit.de\/netzfilmblog\/info\/","og_locale":"de_DE","og_type":"article","og_title":"Das Netzfilmblog auf ZEIT ONLINE - Netzfilmblog","og_description":"&nbsp; &#8222;Das Fernsehen ist tot, lange lebe das Fernsehen&#8220;, titelte das amerikanische Magazin Wired einst. Schuld f\u00fcr den vermeintlichen Sturz bei gleichzeitiger Auferstehung war einmal mehr, na klar, das Internet. Einige Jahre sp\u00e4ter l\u00e4sst sich best\u00e4tigen: Das klassische Fernsehen ist nicht tot &#8211; es hat aber an Konkurrenz gewonnen. Fakt ist, dass das Netz mit [&hellip;]","og_url":"https:\/\/blog.zeit.de\/netzfilmblog\/info\/","og_site_name":"Netzfilmblog","article_modified_time":"2014-12-19T16:54:35+00:00","twitter_misc":{"Gesch\u00e4tzte Lesezeit":"1\u00a0Minute"},"schema":{"@context":"https:\/\/schema.org","@graph":[{"@type":"WebPage","@id":"https:\/\/blog.zeit.de\/netzfilmblog\/info\/","url":"https:\/\/blog.zeit.de\/netzfilmblog\/info\/","name":"Das Netzfilmblog auf ZEIT ONLINE - Netzfilmblog","isPartOf":{"@id":"https:\/\/blog.zeit.de\/netzfilmblog\/#website"},"datePublished":"2011-08-25T07:40:43+00:00","dateModified":"2014-12-19T16:54:35+00:00","breadcrumb":{"@id":"https:\/\/blog.zeit.de\/netzfilmblog\/info\/#breadcrumb"},"inLanguage":"de","potentialAction":[{"@type":"ReadAction","target":["https:\/\/blog.zeit.de\/netzfilmblog\/info\/"]}]},{"@type":"BreadcrumbList","@id":"https:\/\/blog.zeit.de\/netzfilmblog\/info\/#breadcrumb","itemListElement":[{"@type":"ListItem","position":1,"name":"Startseite","item":"https:\/\/blog.zeit.de\/netzfilmblog\/"},{"@type":"ListItem","position":2,"name":"Das Netzfilmblog auf ZEIT ONLINE"}]},{"@type":"WebSite","@id":"https:\/\/blog.zeit.de\/netzfilmblog\/#website","url":"https:\/\/blog.zeit.de\/netzfilmblog\/","name":"Netzfilmblog","description":"Es geht auch ohne Fernsehen","potentialAction":[{"@type":"SearchAction","target":{"@type":"EntryPoint","urlTemplate":"https:\/\/blog.zeit.de\/netzfilmblog\/?s={search_term_string}"},"query-input":"required name=search_term_string"}],"inLanguage":"de"}]}},"jetpack_sharing_enabled":true,"_links":{"self":[{"href":"https:\/\/blog.zeit.de\/netzfilmblog\/wp-json\/wp\/v2\/pages\/2","targetHints":{"allow":["GET"]}}],"collection":[{"href":"https:\/\/blog.zeit.de\/netzfilmblog\/wp-json\/wp\/v2\/pages"}],"about":[{"href":"https:\/\/blog.zeit.de\/netzfilmblog\/wp-json\/wp\/v2\/types\/page"}],"author":[{"embeddable":true,"href":"https:\/\/blog.zeit.de\/netzfilmblog\/wp-json\/wp\/v2\/users\/2"}],"replies":[{"embeddable":true,"href":"https:\/\/blog.zeit.de\/netzfilmblog\/wp-json\/wp\/v2\/comments?post=2"}],"version-history":[{"count":114,"href":"https:\/\/blog.zeit.de\/netzfilmblog\/wp-json\/wp\/v2\/pages\/2\/revisions"}],"predecessor-version":[{"id":14086,"href":"https:\/\/blog.zeit.de\/netzfilmblog\/wp-json\/wp\/v2\/pages\/2\/revisions\/14086"}],"wp:attachment":[{"href":"https:\/\/blog.zeit.de\/netzfilmblog\/wp-json\/wp\/v2\/media?parent=2"}],"curies":[{"name":"wp","href":"https:\/\/api.w.org\/{rel}","templated":true}]}}