{"id":2400,"date":"2011-03-17T18:52:43","date_gmt":"2011-03-17T17:52:43","guid":{"rendered":"http:\/\/blog.zeit.de\/newsblog\/"},"modified":"2011-03-21T13:06:46","modified_gmt":"2011-03-21T12:06:46","slug":"status-der-reaktoren-im-akw-fukushima-1","status":"publish","type":"page","link":"https:\/\/blog.zeit.de\/newsblog\/status-der-reaktoren-im-akw-fukushima-1\/","title":{"rendered":"Status der Reaktoren im AKW Fukushima-1"},"content":{"rendered":"<p>&nbsp;<br \/>In allen sechs Reaktoren des japanischen Atomkraftwerks Fukushima I gibt es Probleme. Es wird vermutet, dass in den Bl\u00f6cken 1 bis 3 eine partielle Kernschmelze stattfindet. In den anderen besteht zumindest die Gefahr des Austritts von Radioaktivit\u00e4t. Hier fassen wir die aktuelle Lage zusammen.<\/p>\n<p><a href=\"https:\/\/blog.zeit.de\/newsblog\/files\/2011\/03\/Fukushima-1-540-22.jpg\"><img loading=\"lazy\" decoding=\"async\" src=\"https:\/\/blog.zeit.de\/newsblog\/files\/2011\/03\/Fukushima-1-540-22.jpg\" alt=\"\" title=\"Fukushima-1-540-2\" width=\"540\" height=\"272\" class=\"aligncenter size-full wp-image-2558\" \/><\/a><\/p>\n<p><strong>Block 1<\/strong><br \/>\nAbschaltung nach Beben<br \/>\nKern mit Brennst\u00e4ben teilweise besch\u00e4digt<br \/>\nK\u00fchlung des Reaktorkerns versagt<br \/>\nWasserstand im Reaktor: Brennst\u00e4be liegen frei<br \/>\nSicherheitsbeh\u00e4lter intakt<br \/>\nGeb\u00e4ude stark besch\u00e4digt<br \/>\nAbklingbecken: keine Informationen<br \/>\nINES-Bewertung*: Ernster Unfall (Stufe 5)<\/p>\n<p>Ma\u00dfnahmen: Wassereinspeisung in Kern; Techniker haben provisorische Stromleitungen verlegt<\/p>\n<p><strong>Block 2<\/strong><br \/>\nAbschaltung nach Beben<br \/>\nKern mit Brennst\u00e4ben teilweise besch\u00e4digt<br \/>\nK\u00fchlung des Reaktorkerns versagt<br \/>\nWasserstand im Reaktor: Brennst\u00e4be liegen frei<br \/>\nSicherheitsbeh\u00e4lter vermutlich besch\u00e4digt<br \/>\nGeb\u00e4ude leicht besch\u00e4digt<br \/>\nAbklingbecken: keine Informationen<br \/>\nINES-Bewertung: Ernster Unfall (Stufe 5)<\/p>\n<p>Ma\u00dfnahmen: Wassereinspeisung in Kern; Techniker haben provisorische Stromleitungen verlegt<\/p>\n<p><strong>Block 3<\/strong><br \/>\nAbschaltung nach Beben<br \/>\nKern mit Brennst\u00e4ben teilweise besch\u00e4digt<br \/>\nK\u00fchlung des Reaktorkerns versagt<br \/>\nWasserstand im Reaktor: Brennst\u00e4be liegen frei<br \/>\nSicherheitsbeh\u00e4lter vermutlich intakt<br \/>\nGeb\u00e4ude stark besch\u00e4digt<br \/>\nAbklingbecken: niedriger Wasserstand<br \/>\nINES-Bewertung: Ernster Unfall (Stufe 5)<\/p>\n<p>Ma\u00dfnahmen: Feuerwehr und Soldaten nutzen Spezialfahrzeuge, um die Reaktoren mit K\u00fchlwasser zu versorgen; vermutlich mit positivem Effekt; Techniker haben provisorische Stromleitungen verlegt<\/p>\n<p><strong>Block 4<\/strong><br \/>\nAbgeschaltet vor Beben<br \/>\nKeine Brennst\u00e4be im Kern<br \/>\nK\u00fchlung des Reaktorkerns nicht n\u00f6tig<br \/>\nWasserstand im Reaktor: voll<br \/>\nSicherheitsbeh\u00e4lter intakt<br \/>\nGeb\u00e4ude stark besch\u00e4digt nach Wasserstoffexplosion<br \/>\nAbklingbecken: niedriger Wasserstand, Brennelemente besch\u00e4digt<br \/>\nINES-Bewertung: Ernster St\u00f6rfall (Stufe 3)<\/p>\n<p>Ma\u00dfnahmen: Feuerwehr und Soldaten nutzen Spezialfahrzeuge, um den Reaktor mit K\u00fchlwasser zu versorgen; Techniker haben provisorische Stromleitungen verlegt<\/p>\n<p><strong>Block 5<\/strong><br \/>\nAbgeschaltet vor Beben<br \/>\nKern unbesch\u00e4digt<br \/>\nK\u00fchlung des Reaktorkerns nicht n\u00f6tig<br \/>\nWasserstand im Reaktorkern: voll<br \/>\nSicherheitsbeh\u00e4lter intakt<br \/>\nGeb\u00e4ude intakt<br \/>\nAbklingbecken: K\u00fchlung f\u00fcr das Abklingbecken wieder hergestellt<br \/>\nINES-Bewertung: keine Angaben<\/p>\n<p>Ma\u00dfnahmen: L\u00fcftungsloch im Dach soll gegen eine Wasserstoffexplosion vorbeugen, Strom \u00fcber Dieselaggregatoren<\/p>\n<p><strong>Block 6<\/strong><br \/>\nAbgeschaltet vor Beben<br \/>\nKern unbesch\u00e4digt<br \/>\nK\u00fchlung des Reaktorkerns nicht n\u00f6tig<br \/>\nWasserstand im Kern: voll<br \/>\nSicherheitsbeh\u00e4lter intakt<br \/>\nGeb\u00e4ude intakt<br \/>\nAbklingbecken: K\u00fchlung f\u00fcr das Abklingbecken wieder hergestellt<br \/>\nINES-Bewertung: keine Angaben<\/p>\n<p>Ma\u00dfnahmen: L\u00fcftungsloch im Dach soll gegen eine Wasserstoffexplosion vorbeugen, Strom \u00fcber Dieselaggregatoren<\/p>\n<p>*<strong>INES:<\/strong> International Nuclear Event Scale, eine Bewertungsskala der Internationalen Atomenergiebeh\u00f6rde (IAEA)<\/p>\n<p><strong>Evakuierungsradius um Fukushima-1:<\/strong> 20 Kilometer; in einem Radius zwischen 20 und 30 Kilometern sollen die Menschen ihre H\u00e4user nicht verlassen<\/p>\n<p><strong>Radioaktivit\u00e4t an der Anlagengrenze:<\/strong> 0,64 Millisievert pro Stunde (17.03.2011, 11 Uhr Ortszeit)<\/p>\n<p><strong>Stand:<\/strong> 21.03.2011, 11:00 Uhr<br \/>\n<strong>Quellen:<\/strong> <a href=\"http:\/\/www.grs.de\/informationen-zur-lage-den-japanischen-kernkraftwerken-fukushima-onagawa-und-tokai\">Gesellschaft f\u00fcr Anlagen und Reaktorsicherheit (GRS)<\/a>, <a href=\"http:\/\/www.jaif.or.jp\/english\/\">Japan Atomic Industrial Forum (JAIF)<\/a>, <a href=\"http:\/\/www.bmu.de\/allgemein\/aktuell\/160.php\">Bundesumweltministerium (BMU), <\/a><br \/>\n<strong>Zusammenfassung: <\/strong>Sami Skalli<\/p>\n","protected":false},"excerpt":{"rendered":"<p>&nbsp;In allen sechs Reaktoren des japanischen Atomkraftwerks Fukushima I gibt es Probleme. Es wird vermutet, dass in den Bl\u00f6cken 1 bis 3 eine partielle Kernschmelze stattfindet. In den anderen besteht zumindest die Gefahr des Austritts von Radioaktivit\u00e4t. Hier fassen wir die aktuelle Lage zusammen. Block 1 Abschaltung nach Beben Kern mit Brennst\u00e4ben teilweise besch\u00e4digt K\u00fchlung [&hellip;]<\/p>\n","protected":false},"author":314,"featured_media":0,"parent":0,"menu_order":0,"comment_status":"closed","ping_status":"open","template":"","meta":{"footnotes":""},"class_list":["post-2400","page","type-page","status-publish","hentry"],"yoast_head":"<!-- This site is optimized with the Yoast SEO plugin v21.0 - https:\/\/yoast.com\/wordpress\/plugins\/seo\/ -->\n<title>Status der Reaktoren im AKW Fukushima-1 - News-Blog<\/title>\n<meta name=\"robots\" content=\"index, follow, max-snippet:-1, max-image-preview:large, max-video-preview:-1\" \/>\n<link rel=\"canonical\" href=\"https:\/\/blog.zeit.de\/newsblog\/status-der-reaktoren-im-akw-fukushima-1\/\" \/>\n<meta property=\"og:locale\" content=\"de_DE\" \/>\n<meta property=\"og:type\" content=\"article\" \/>\n<meta property=\"og:title\" content=\"Status der Reaktoren im AKW Fukushima-1 - News-Blog\" \/>\n<meta property=\"og:description\" content=\"&nbsp;In allen sechs Reaktoren des japanischen Atomkraftwerks Fukushima I gibt es Probleme. Es wird vermutet, dass in den Bl\u00f6cken 1 bis 3 eine partielle Kernschmelze stattfindet. In den anderen besteht zumindest die Gefahr des Austritts von Radioaktivit\u00e4t. Hier fassen wir die aktuelle Lage zusammen. Block 1 Abschaltung nach Beben Kern mit Brennst\u00e4ben teilweise besch\u00e4digt K\u00fchlung [&hellip;]\" \/>\n<meta property=\"og:url\" content=\"https:\/\/blog.zeit.de\/newsblog\/status-der-reaktoren-im-akw-fukushima-1\/\" \/>\n<meta property=\"og:site_name\" content=\"News-Blog\" \/>\n<meta property=\"article:modified_time\" content=\"2011-03-21T12:06:46+00:00\" \/>\n<meta property=\"og:image\" content=\"https:\/\/blog.zeit.de\/newsblog\/files\/2011\/03\/Fukushima-1-540-22.jpg\" \/>\n<meta name=\"twitter:card\" content=\"summary_large_image\" \/>\n<meta name=\"twitter:label1\" content=\"Gesch\u00e4tzte Lesezeit\" \/>\n\t<meta name=\"twitter:data1\" content=\"2\u00a0Minuten\" \/>\n<script type=\"application\/ld+json\" class=\"yoast-schema-graph\">{\"@context\":\"https:\/\/schema.org\",\"@graph\":[{\"@type\":\"WebPage\",\"@id\":\"https:\/\/blog.zeit.de\/newsblog\/status-der-reaktoren-im-akw-fukushima-1\/\",\"url\":\"https:\/\/blog.zeit.de\/newsblog\/status-der-reaktoren-im-akw-fukushima-1\/\",\"name\":\"Status der Reaktoren im AKW Fukushima-1 - News-Blog\",\"isPartOf\":{\"@id\":\"https:\/\/blog.zeit.de\/newsblog\/#website\"},\"datePublished\":\"2011-03-17T17:52:43+00:00\",\"dateModified\":\"2011-03-21T12:06:46+00:00\",\"breadcrumb\":{\"@id\":\"https:\/\/blog.zeit.de\/newsblog\/status-der-reaktoren-im-akw-fukushima-1\/#breadcrumb\"},\"inLanguage\":\"de\",\"potentialAction\":[{\"@type\":\"ReadAction\",\"target\":[\"https:\/\/blog.zeit.de\/newsblog\/status-der-reaktoren-im-akw-fukushima-1\/\"]}]},{\"@type\":\"BreadcrumbList\",\"@id\":\"https:\/\/blog.zeit.de\/newsblog\/status-der-reaktoren-im-akw-fukushima-1\/#breadcrumb\",\"itemListElement\":[{\"@type\":\"ListItem\",\"position\":1,\"name\":\"Startseite\",\"item\":\"https:\/\/blog.zeit.de\/newsblog\/\"},{\"@type\":\"ListItem\",\"position\":2,\"name\":\"Status der Reaktoren im AKW Fukushima-1\"}]},{\"@type\":\"WebSite\",\"@id\":\"https:\/\/blog.zeit.de\/newsblog\/#website\",\"url\":\"https:\/\/blog.zeit.de\/newsblog\/\",\"name\":\"News-Blog\",\"description\":\"Aktuelle Ereignisse im Live-Blog\",\"potentialAction\":[{\"@type\":\"SearchAction\",\"target\":{\"@type\":\"EntryPoint\",\"urlTemplate\":\"https:\/\/blog.zeit.de\/newsblog\/?s={search_term_string}\"},\"query-input\":\"required name=search_term_string\"}],\"inLanguage\":\"de\"}]}<\/script>\n<!-- \/ Yoast SEO plugin. -->","yoast_head_json":{"title":"Status der Reaktoren im AKW Fukushima-1 - News-Blog","robots":{"index":"index","follow":"follow","max-snippet":"max-snippet:-1","max-image-preview":"max-image-preview:large","max-video-preview":"max-video-preview:-1"},"canonical":"https:\/\/blog.zeit.de\/newsblog\/status-der-reaktoren-im-akw-fukushima-1\/","og_locale":"de_DE","og_type":"article","og_title":"Status der Reaktoren im AKW Fukushima-1 - News-Blog","og_description":"&nbsp;In allen sechs Reaktoren des japanischen Atomkraftwerks Fukushima I gibt es Probleme. Es wird vermutet, dass in den Bl\u00f6cken 1 bis 3 eine partielle Kernschmelze stattfindet. In den anderen besteht zumindest die Gefahr des Austritts von Radioaktivit\u00e4t. Hier fassen wir die aktuelle Lage zusammen. Block 1 Abschaltung nach Beben Kern mit Brennst\u00e4ben teilweise besch\u00e4digt K\u00fchlung [&hellip;]","og_url":"https:\/\/blog.zeit.de\/newsblog\/status-der-reaktoren-im-akw-fukushima-1\/","og_site_name":"News-Blog","article_modified_time":"2011-03-21T12:06:46+00:00","og_image":[{"url":"https:\/\/blog.zeit.de\/newsblog\/files\/2011\/03\/Fukushima-1-540-22.jpg"}],"twitter_card":"summary_large_image","twitter_misc":{"Gesch\u00e4tzte Lesezeit":"2\u00a0Minuten"},"schema":{"@context":"https:\/\/schema.org","@graph":[{"@type":"WebPage","@id":"https:\/\/blog.zeit.de\/newsblog\/status-der-reaktoren-im-akw-fukushima-1\/","url":"https:\/\/blog.zeit.de\/newsblog\/status-der-reaktoren-im-akw-fukushima-1\/","name":"Status der Reaktoren im AKW Fukushima-1 - News-Blog","isPartOf":{"@id":"https:\/\/blog.zeit.de\/newsblog\/#website"},"datePublished":"2011-03-17T17:52:43+00:00","dateModified":"2011-03-21T12:06:46+00:00","breadcrumb":{"@id":"https:\/\/blog.zeit.de\/newsblog\/status-der-reaktoren-im-akw-fukushima-1\/#breadcrumb"},"inLanguage":"de","potentialAction":[{"@type":"ReadAction","target":["https:\/\/blog.zeit.de\/newsblog\/status-der-reaktoren-im-akw-fukushima-1\/"]}]},{"@type":"BreadcrumbList","@id":"https:\/\/blog.zeit.de\/newsblog\/status-der-reaktoren-im-akw-fukushima-1\/#breadcrumb","itemListElement":[{"@type":"ListItem","position":1,"name":"Startseite","item":"https:\/\/blog.zeit.de\/newsblog\/"},{"@type":"ListItem","position":2,"name":"Status der Reaktoren im AKW Fukushima-1"}]},{"@type":"WebSite","@id":"https:\/\/blog.zeit.de\/newsblog\/#website","url":"https:\/\/blog.zeit.de\/newsblog\/","name":"News-Blog","description":"Aktuelle Ereignisse im Live-Blog","potentialAction":[{"@type":"SearchAction","target":{"@type":"EntryPoint","urlTemplate":"https:\/\/blog.zeit.de\/newsblog\/?s={search_term_string}"},"query-input":"required name=search_term_string"}],"inLanguage":"de"}]}},"jetpack_sharing_enabled":true,"_links":{"self":[{"href":"https:\/\/blog.zeit.de\/newsblog\/wp-json\/wp\/v2\/pages\/2400","targetHints":{"allow":["GET"]}}],"collection":[{"href":"https:\/\/blog.zeit.de\/newsblog\/wp-json\/wp\/v2\/pages"}],"about":[{"href":"https:\/\/blog.zeit.de\/newsblog\/wp-json\/wp\/v2\/types\/page"}],"author":[{"embeddable":true,"href":"https:\/\/blog.zeit.de\/newsblog\/wp-json\/wp\/v2\/users\/314"}],"replies":[{"embeddable":true,"href":"https:\/\/blog.zeit.de\/newsblog\/wp-json\/wp\/v2\/comments?post=2400"}],"version-history":[{"count":59,"href":"https:\/\/blog.zeit.de\/newsblog\/wp-json\/wp\/v2\/pages\/2400\/revisions"}],"predecessor-version":[{"id":2793,"href":"https:\/\/blog.zeit.de\/newsblog\/wp-json\/wp\/v2\/pages\/2400\/revisions\/2793"}],"wp:attachment":[{"href":"https:\/\/blog.zeit.de\/newsblog\/wp-json\/wp\/v2\/media?parent=2400"}],"curies":[{"name":"wp","href":"https:\/\/api.w.org\/{rel}","templated":true}]}}