{"id":11,"date":"2013-05-03T14:09:32","date_gmt":"2013-05-03T12:09:32","guid":{"rendered":"http:\/\/blog.zeit.de\/nsu-prozess-blog\/?page_id=11"},"modified":"2017-07-25T16:15:10","modified_gmt":"2017-07-25T14:15:10","slug":"weitere-prozessbeteiligte","status":"publish","type":"page","link":"https:\/\/blog.zeit.de\/nsu-prozess-blog\/weitere-prozessbeteiligte\/","title":{"rendered":"Weitere Prozessbeteiligte"},"content":{"rendered":"<p>&nbsp;<\/p>\n<p>Den Fall verhandelt der Staatsschutzsenat des <a href=\"http:\/\/www.justiz.bayern.de\/gericht\/olg\/m\/\">M\u00fcnchner Oberlandesgerichts<\/a>. Vorsitzender Richter ist Manfred G\u00f6tzl. Die Bundesanwaltschaft benannte 22 Sachverst\u00e4ndige, darunter Psychiater und Rechtsmediziner.<\/p>\n<p>Allein Zsch\u00e4pe hat f\u00fcnf Anw\u00e4lte: Anja Sturm, Wolfgang Stahl und Wolfgang Heer sind ihre Pflichtverteidiger, mit denen sie sich aber im Verlauf des Prozesses \u00fcberworfen hat. Zsch\u00e4pe verl\u00e4sst sich inzwischen vor allem auf die von ihr engagierten Anw\u00e4lte Mathias Grasel und Hermann Borchert.<\/p>\n<p>Fast 90 Nebenkl\u00e4ger sind bei dem Prozess vertreten, darunter viele Angeh\u00f6rige der Mordopfer. \u00dcber 60 Anw\u00e4lte vertreten diese Nebenkl\u00e4ger.<\/p>\n<p>Das NSU-Verfahren dauert bereits mehr als vier Jahre.<\/p>\n<p>Im <a href=\"http:\/\/www.zeit.de\/gesellschaft\/zeitgeschehen\/2013-05\/nsu-prozess-gerichtssaal\">Saal A 101<\/a> finden rund 250 Menschen Platz. F\u00fcr Besucher sind 51 Pl\u00e4tze reserviert, <a href=\"http:\/\/www.zeit.de\/politik\/deutschland\/2013-04\/nsu-prozess-losverfahren\">f\u00fcr Journalisten 50<\/a>.<\/p>\n","protected":false},"excerpt":{"rendered":"<p>&nbsp; Den Fall verhandelt der Staatsschutzsenat des M\u00fcnchner Oberlandesgerichts. Vorsitzender Richter ist Manfred G\u00f6tzl. Die Bundesanwaltschaft benannte 22 Sachverst\u00e4ndige, darunter Psychiater und Rechtsmediziner. Allein Zsch\u00e4pe hat f\u00fcnf Anw\u00e4lte: Anja Sturm, Wolfgang Stahl und Wolfgang Heer sind ihre Pflichtverteidiger, mit denen sie sich aber im Verlauf des Prozesses \u00fcberworfen hat. Zsch\u00e4pe verl\u00e4sst sich inzwischen vor allem [&hellip;]<\/p>\n","protected":false},"author":2,"featured_media":0,"parent":0,"menu_order":0,"comment_status":"open","ping_status":"open","template":"","meta":{"footnotes":""},"class_list":["post-11","page","type-page","status-publish","hentry"],"yoast_head":"<!-- This site is optimized with the Yoast SEO plugin v21.0 - https:\/\/yoast.com\/wordpress\/plugins\/seo\/ -->\n<title>Weitere Prozessbeteiligte - Das NSU-Prozess-Blog<\/title>\n<meta name=\"robots\" content=\"index, follow, max-snippet:-1, max-image-preview:large, max-video-preview:-1\" \/>\n<link rel=\"canonical\" href=\"https:\/\/blog.zeit.de\/nsu-prozess-blog\/weitere-prozessbeteiligte\/\" \/>\n<meta property=\"og:locale\" content=\"de_DE\" \/>\n<meta property=\"og:type\" content=\"article\" \/>\n<meta property=\"og:title\" content=\"Weitere Prozessbeteiligte - Das NSU-Prozess-Blog\" \/>\n<meta property=\"og:description\" content=\"&nbsp; Den Fall verhandelt der Staatsschutzsenat des M\u00fcnchner Oberlandesgerichts. Vorsitzender Richter ist Manfred G\u00f6tzl. Die Bundesanwaltschaft benannte 22 Sachverst\u00e4ndige, darunter Psychiater und Rechtsmediziner. Allein Zsch\u00e4pe hat f\u00fcnf Anw\u00e4lte: Anja Sturm, Wolfgang Stahl und Wolfgang Heer sind ihre Pflichtverteidiger, mit denen sie sich aber im Verlauf des Prozesses \u00fcberworfen hat. Zsch\u00e4pe verl\u00e4sst sich inzwischen vor allem [&hellip;]\" \/>\n<meta property=\"og:url\" content=\"https:\/\/blog.zeit.de\/nsu-prozess-blog\/weitere-prozessbeteiligte\/\" \/>\n<meta property=\"og:site_name\" content=\"Das NSU-Prozess-Blog\" \/>\n<meta property=\"article:modified_time\" content=\"2017-07-25T14:15:10+00:00\" \/>\n<meta name=\"twitter:label1\" content=\"Gesch\u00e4tzte Lesezeit\" \/>\n\t<meta name=\"twitter:data1\" content=\"1\u00a0Minute\" \/>\n<script type=\"application\/ld+json\" class=\"yoast-schema-graph\">{\"@context\":\"https:\/\/schema.org\",\"@graph\":[{\"@type\":\"WebPage\",\"@id\":\"https:\/\/blog.zeit.de\/nsu-prozess-blog\/weitere-prozessbeteiligte\/\",\"url\":\"https:\/\/blog.zeit.de\/nsu-prozess-blog\/weitere-prozessbeteiligte\/\",\"name\":\"Weitere Prozessbeteiligte - Das NSU-Prozess-Blog\",\"isPartOf\":{\"@id\":\"https:\/\/blog.zeit.de\/nsu-prozess-blog\/#website\"},\"datePublished\":\"2013-05-03T12:09:32+00:00\",\"dateModified\":\"2017-07-25T14:15:10+00:00\",\"breadcrumb\":{\"@id\":\"https:\/\/blog.zeit.de\/nsu-prozess-blog\/weitere-prozessbeteiligte\/#breadcrumb\"},\"inLanguage\":\"de\",\"potentialAction\":[{\"@type\":\"ReadAction\",\"target\":[\"https:\/\/blog.zeit.de\/nsu-prozess-blog\/weitere-prozessbeteiligte\/\"]}]},{\"@type\":\"BreadcrumbList\",\"@id\":\"https:\/\/blog.zeit.de\/nsu-prozess-blog\/weitere-prozessbeteiligte\/#breadcrumb\",\"itemListElement\":[{\"@type\":\"ListItem\",\"position\":1,\"name\":\"Startseite\",\"item\":\"https:\/\/blog.zeit.de\/nsu-prozess-blog\/\"},{\"@type\":\"ListItem\",\"position\":2,\"name\":\"Weitere Prozessbeteiligte\"}]},{\"@type\":\"WebSite\",\"@id\":\"https:\/\/blog.zeit.de\/nsu-prozess-blog\/#website\",\"url\":\"https:\/\/blog.zeit.de\/nsu-prozess-blog\/\",\"name\":\"Das NSU-Prozess-Blog\",\"description\":\"Alle Berichte zum Terrorverfahren in M\u00fcnchen\",\"potentialAction\":[{\"@type\":\"SearchAction\",\"target\":{\"@type\":\"EntryPoint\",\"urlTemplate\":\"https:\/\/blog.zeit.de\/nsu-prozess-blog\/?s={search_term_string}\"},\"query-input\":\"required name=search_term_string\"}],\"inLanguage\":\"de\"}]}<\/script>\n<!-- \/ Yoast SEO plugin. -->","yoast_head_json":{"title":"Weitere Prozessbeteiligte - Das NSU-Prozess-Blog","robots":{"index":"index","follow":"follow","max-snippet":"max-snippet:-1","max-image-preview":"max-image-preview:large","max-video-preview":"max-video-preview:-1"},"canonical":"https:\/\/blog.zeit.de\/nsu-prozess-blog\/weitere-prozessbeteiligte\/","og_locale":"de_DE","og_type":"article","og_title":"Weitere Prozessbeteiligte - Das NSU-Prozess-Blog","og_description":"&nbsp; Den Fall verhandelt der Staatsschutzsenat des M\u00fcnchner Oberlandesgerichts. Vorsitzender Richter ist Manfred G\u00f6tzl. Die Bundesanwaltschaft benannte 22 Sachverst\u00e4ndige, darunter Psychiater und Rechtsmediziner. Allein Zsch\u00e4pe hat f\u00fcnf Anw\u00e4lte: Anja Sturm, Wolfgang Stahl und Wolfgang Heer sind ihre Pflichtverteidiger, mit denen sie sich aber im Verlauf des Prozesses \u00fcberworfen hat. Zsch\u00e4pe verl\u00e4sst sich inzwischen vor allem [&hellip;]","og_url":"https:\/\/blog.zeit.de\/nsu-prozess-blog\/weitere-prozessbeteiligte\/","og_site_name":"Das NSU-Prozess-Blog","article_modified_time":"2017-07-25T14:15:10+00:00","twitter_misc":{"Gesch\u00e4tzte Lesezeit":"1\u00a0Minute"},"schema":{"@context":"https:\/\/schema.org","@graph":[{"@type":"WebPage","@id":"https:\/\/blog.zeit.de\/nsu-prozess-blog\/weitere-prozessbeteiligte\/","url":"https:\/\/blog.zeit.de\/nsu-prozess-blog\/weitere-prozessbeteiligte\/","name":"Weitere Prozessbeteiligte - Das NSU-Prozess-Blog","isPartOf":{"@id":"https:\/\/blog.zeit.de\/nsu-prozess-blog\/#website"},"datePublished":"2013-05-03T12:09:32+00:00","dateModified":"2017-07-25T14:15:10+00:00","breadcrumb":{"@id":"https:\/\/blog.zeit.de\/nsu-prozess-blog\/weitere-prozessbeteiligte\/#breadcrumb"},"inLanguage":"de","potentialAction":[{"@type":"ReadAction","target":["https:\/\/blog.zeit.de\/nsu-prozess-blog\/weitere-prozessbeteiligte\/"]}]},{"@type":"BreadcrumbList","@id":"https:\/\/blog.zeit.de\/nsu-prozess-blog\/weitere-prozessbeteiligte\/#breadcrumb","itemListElement":[{"@type":"ListItem","position":1,"name":"Startseite","item":"https:\/\/blog.zeit.de\/nsu-prozess-blog\/"},{"@type":"ListItem","position":2,"name":"Weitere Prozessbeteiligte"}]},{"@type":"WebSite","@id":"https:\/\/blog.zeit.de\/nsu-prozess-blog\/#website","url":"https:\/\/blog.zeit.de\/nsu-prozess-blog\/","name":"Das NSU-Prozess-Blog","description":"Alle Berichte zum Terrorverfahren in M\u00fcnchen","potentialAction":[{"@type":"SearchAction","target":{"@type":"EntryPoint","urlTemplate":"https:\/\/blog.zeit.de\/nsu-prozess-blog\/?s={search_term_string}"},"query-input":"required name=search_term_string"}],"inLanguage":"de"}]}},"jetpack_sharing_enabled":true,"_links":{"self":[{"href":"https:\/\/blog.zeit.de\/nsu-prozess-blog\/wp-json\/wp\/v2\/pages\/11","targetHints":{"allow":["GET"]}}],"collection":[{"href":"https:\/\/blog.zeit.de\/nsu-prozess-blog\/wp-json\/wp\/v2\/pages"}],"about":[{"href":"https:\/\/blog.zeit.de\/nsu-prozess-blog\/wp-json\/wp\/v2\/types\/page"}],"author":[{"embeddable":true,"href":"https:\/\/blog.zeit.de\/nsu-prozess-blog\/wp-json\/wp\/v2\/users\/2"}],"replies":[{"embeddable":true,"href":"https:\/\/blog.zeit.de\/nsu-prozess-blog\/wp-json\/wp\/v2\/comments?post=11"}],"version-history":[{"count":12,"href":"https:\/\/blog.zeit.de\/nsu-prozess-blog\/wp-json\/wp\/v2\/pages\/11\/revisions"}],"predecessor-version":[{"id":13443,"href":"https:\/\/blog.zeit.de\/nsu-prozess-blog\/wp-json\/wp\/v2\/pages\/11\/revisions\/13443"}],"wp:attachment":[{"href":"https:\/\/blog.zeit.de\/nsu-prozess-blog\/wp-json\/wp\/v2\/media?parent=11"}],"curies":[{"name":"wp","href":"https:\/\/api.w.org\/{rel}","templated":true}]}}