{"id":5,"date":"2013-05-03T14:08:46","date_gmt":"2013-05-03T12:08:46","guid":{"rendered":"http:\/\/blog.zeit.de\/nsu-prozess-blog\/?page_id=5"},"modified":"2019-08-19T11:24:01","modified_gmt":"2019-08-19T09:24:01","slug":"uber-dieses-blog","status":"publish","type":"page","link":"https:\/\/blog.zeit.de\/nsu-prozess-blog\/uber-dieses-blog\/","title":{"rendered":"\u00dcber dieses Blog"},"content":{"rendered":"<p>Wir werden den NSU-Prozess am Oberlandesgericht M\u00fcnchen in diesem Blog t\u00e4glich begleiten \u2013 bis zu seinem Ende, das Jahre entfernt liegen mag.<\/p>\n<p><strong>Sie finden hier an jedem Wochentag eine Sammlung der wichtigsten deutsch-, t\u00fcrkisch- und englischsprachigen Medienberichte zum NSU-Prozess, soweit diese online verf\u00fcgbar sind; dazu Verweise auf Blogs, Videos und ausgew\u00e4hlte Tweets, kurze Interviews mit Prozessbeobachtern, Anw\u00e4lten und Angeh\u00f6rigen der Opfer, Kommentare und Gastbeitr\u00e4ge.<\/strong><\/p>\n<p>Jeden Prozesstag vermerken wir au\u00dferdem mit einem knappen Eintrag, der die Formalia zusammenfasst: Wer war geladen, was wurde verhandelt?<\/p>\n<p>Statt eines Livetickers starten wir also ein Projekt mit langem Atem. Wir wollen auch dann noch hinschauen, wenn sich manche, die\u00a0<a href=\"http:\/\/www.zeit.de\/politik\/deutschland\/2013-04\/nsu-prozess-auswahl-medien\">wie auch wir<\/a>\u00a0lautstark einen Platz im Gerichtssaal einforderten, vielleicht schon wieder abgewandt haben.<\/p>\n<p>Auch DIE ZEIT und ZEIT ONLINE sind dank der Kooperation mit anderen Journalisten im Gerichtssaal vertreten und werden immer wieder \u00fcber den Prozess berichten. Dieses Blog wird unsere Berichterstattung um viele weitere Stimmen erg\u00e4nzen.<\/p>\n","protected":false},"excerpt":{"rendered":"<p>Wir werden den NSU-Prozess am Oberlandesgericht M\u00fcnchen in diesem Blog t\u00e4glich begleiten \u2013 bis zu seinem Ende, das Jahre entfernt liegen mag. Sie finden hier an jedem Wochentag eine Sammlung der wichtigsten deutsch-, t\u00fcrkisch- und englischsprachigen Medienberichte zum NSU-Prozess, soweit diese online verf\u00fcgbar sind; dazu Verweise auf Blogs, Videos und ausgew\u00e4hlte Tweets, kurze Interviews mit [&hellip;]<\/p>\n","protected":false},"author":2,"featured_media":0,"parent":0,"menu_order":0,"comment_status":"closed","ping_status":"closed","template":"","meta":{"footnotes":""},"class_list":["post-5","page","type-page","status-publish","hentry"],"yoast_head":"<!-- This site is optimized with the Yoast SEO plugin v21.0 - https:\/\/yoast.com\/wordpress\/plugins\/seo\/ -->\n<title>\u00dcber dieses Blog - Das NSU-Prozess-Blog<\/title>\n<meta name=\"robots\" content=\"index, follow, max-snippet:-1, max-image-preview:large, max-video-preview:-1\" \/>\n<link rel=\"canonical\" href=\"https:\/\/blog.zeit.de\/nsu-prozess-blog\/uber-dieses-blog\/\" \/>\n<meta property=\"og:locale\" content=\"de_DE\" \/>\n<meta property=\"og:type\" content=\"article\" \/>\n<meta property=\"og:title\" content=\"\u00dcber dieses Blog - Das NSU-Prozess-Blog\" \/>\n<meta property=\"og:description\" content=\"Wir werden den NSU-Prozess am Oberlandesgericht M\u00fcnchen in diesem Blog t\u00e4glich begleiten \u2013 bis zu seinem Ende, das Jahre entfernt liegen mag. Sie finden hier an jedem Wochentag eine Sammlung der wichtigsten deutsch-, t\u00fcrkisch- und englischsprachigen Medienberichte zum NSU-Prozess, soweit diese online verf\u00fcgbar sind; dazu Verweise auf Blogs, Videos und ausgew\u00e4hlte Tweets, kurze Interviews mit [&hellip;]\" \/>\n<meta property=\"og:url\" content=\"https:\/\/blog.zeit.de\/nsu-prozess-blog\/uber-dieses-blog\/\" \/>\n<meta property=\"og:site_name\" content=\"Das NSU-Prozess-Blog\" \/>\n<meta property=\"article:modified_time\" content=\"2019-08-19T09:24:01+00:00\" \/>\n<meta name=\"twitter:label1\" content=\"Gesch\u00e4tzte Lesezeit\" \/>\n\t<meta name=\"twitter:data1\" content=\"1\u00a0Minute\" \/>\n<script type=\"application\/ld+json\" class=\"yoast-schema-graph\">{\"@context\":\"https:\/\/schema.org\",\"@graph\":[{\"@type\":\"WebPage\",\"@id\":\"https:\/\/blog.zeit.de\/nsu-prozess-blog\/uber-dieses-blog\/\",\"url\":\"https:\/\/blog.zeit.de\/nsu-prozess-blog\/uber-dieses-blog\/\",\"name\":\"\u00dcber dieses Blog - Das NSU-Prozess-Blog\",\"isPartOf\":{\"@id\":\"https:\/\/blog.zeit.de\/nsu-prozess-blog\/#website\"},\"datePublished\":\"2013-05-03T12:08:46+00:00\",\"dateModified\":\"2019-08-19T09:24:01+00:00\",\"breadcrumb\":{\"@id\":\"https:\/\/blog.zeit.de\/nsu-prozess-blog\/uber-dieses-blog\/#breadcrumb\"},\"inLanguage\":\"de\",\"potentialAction\":[{\"@type\":\"ReadAction\",\"target\":[\"https:\/\/blog.zeit.de\/nsu-prozess-blog\/uber-dieses-blog\/\"]}]},{\"@type\":\"BreadcrumbList\",\"@id\":\"https:\/\/blog.zeit.de\/nsu-prozess-blog\/uber-dieses-blog\/#breadcrumb\",\"itemListElement\":[{\"@type\":\"ListItem\",\"position\":1,\"name\":\"Startseite\",\"item\":\"https:\/\/blog.zeit.de\/nsu-prozess-blog\/\"},{\"@type\":\"ListItem\",\"position\":2,\"name\":\"\u00dcber dieses Blog\"}]},{\"@type\":\"WebSite\",\"@id\":\"https:\/\/blog.zeit.de\/nsu-prozess-blog\/#website\",\"url\":\"https:\/\/blog.zeit.de\/nsu-prozess-blog\/\",\"name\":\"Das NSU-Prozess-Blog\",\"description\":\"Alle Berichte zum Terrorverfahren in M\u00fcnchen\",\"potentialAction\":[{\"@type\":\"SearchAction\",\"target\":{\"@type\":\"EntryPoint\",\"urlTemplate\":\"https:\/\/blog.zeit.de\/nsu-prozess-blog\/?s={search_term_string}\"},\"query-input\":\"required name=search_term_string\"}],\"inLanguage\":\"de\"}]}<\/script>\n<!-- \/ Yoast SEO plugin. -->","yoast_head_json":{"title":"\u00dcber dieses Blog - Das NSU-Prozess-Blog","robots":{"index":"index","follow":"follow","max-snippet":"max-snippet:-1","max-image-preview":"max-image-preview:large","max-video-preview":"max-video-preview:-1"},"canonical":"https:\/\/blog.zeit.de\/nsu-prozess-blog\/uber-dieses-blog\/","og_locale":"de_DE","og_type":"article","og_title":"\u00dcber dieses Blog - Das NSU-Prozess-Blog","og_description":"Wir werden den NSU-Prozess am Oberlandesgericht M\u00fcnchen in diesem Blog t\u00e4glich begleiten \u2013 bis zu seinem Ende, das Jahre entfernt liegen mag. Sie finden hier an jedem Wochentag eine Sammlung der wichtigsten deutsch-, t\u00fcrkisch- und englischsprachigen Medienberichte zum NSU-Prozess, soweit diese online verf\u00fcgbar sind; dazu Verweise auf Blogs, Videos und ausgew\u00e4hlte Tweets, kurze Interviews mit [&hellip;]","og_url":"https:\/\/blog.zeit.de\/nsu-prozess-blog\/uber-dieses-blog\/","og_site_name":"Das NSU-Prozess-Blog","article_modified_time":"2019-08-19T09:24:01+00:00","twitter_misc":{"Gesch\u00e4tzte Lesezeit":"1\u00a0Minute"},"schema":{"@context":"https:\/\/schema.org","@graph":[{"@type":"WebPage","@id":"https:\/\/blog.zeit.de\/nsu-prozess-blog\/uber-dieses-blog\/","url":"https:\/\/blog.zeit.de\/nsu-prozess-blog\/uber-dieses-blog\/","name":"\u00dcber dieses Blog - Das NSU-Prozess-Blog","isPartOf":{"@id":"https:\/\/blog.zeit.de\/nsu-prozess-blog\/#website"},"datePublished":"2013-05-03T12:08:46+00:00","dateModified":"2019-08-19T09:24:01+00:00","breadcrumb":{"@id":"https:\/\/blog.zeit.de\/nsu-prozess-blog\/uber-dieses-blog\/#breadcrumb"},"inLanguage":"de","potentialAction":[{"@type":"ReadAction","target":["https:\/\/blog.zeit.de\/nsu-prozess-blog\/uber-dieses-blog\/"]}]},{"@type":"BreadcrumbList","@id":"https:\/\/blog.zeit.de\/nsu-prozess-blog\/uber-dieses-blog\/#breadcrumb","itemListElement":[{"@type":"ListItem","position":1,"name":"Startseite","item":"https:\/\/blog.zeit.de\/nsu-prozess-blog\/"},{"@type":"ListItem","position":2,"name":"\u00dcber dieses Blog"}]},{"@type":"WebSite","@id":"https:\/\/blog.zeit.de\/nsu-prozess-blog\/#website","url":"https:\/\/blog.zeit.de\/nsu-prozess-blog\/","name":"Das NSU-Prozess-Blog","description":"Alle Berichte zum Terrorverfahren in M\u00fcnchen","potentialAction":[{"@type":"SearchAction","target":{"@type":"EntryPoint","urlTemplate":"https:\/\/blog.zeit.de\/nsu-prozess-blog\/?s={search_term_string}"},"query-input":"required name=search_term_string"}],"inLanguage":"de"}]}},"jetpack_sharing_enabled":true,"_links":{"self":[{"href":"https:\/\/blog.zeit.de\/nsu-prozess-blog\/wp-json\/wp\/v2\/pages\/5","targetHints":{"allow":["GET"]}}],"collection":[{"href":"https:\/\/blog.zeit.de\/nsu-prozess-blog\/wp-json\/wp\/v2\/pages"}],"about":[{"href":"https:\/\/blog.zeit.de\/nsu-prozess-blog\/wp-json\/wp\/v2\/types\/page"}],"author":[{"embeddable":true,"href":"https:\/\/blog.zeit.de\/nsu-prozess-blog\/wp-json\/wp\/v2\/users\/2"}],"replies":[{"embeddable":true,"href":"https:\/\/blog.zeit.de\/nsu-prozess-blog\/wp-json\/wp\/v2\/comments?post=5"}],"version-history":[{"count":4,"href":"https:\/\/blog.zeit.de\/nsu-prozess-blog\/wp-json\/wp\/v2\/pages\/5\/revisions"}],"predecessor-version":[{"id":15228,"href":"https:\/\/blog.zeit.de\/nsu-prozess-blog\/wp-json\/wp\/v2\/pages\/5\/revisions\/15228"}],"wp:attachment":[{"href":"https:\/\/blog.zeit.de\/nsu-prozess-blog\/wp-json\/wp\/v2\/media?parent=5"}],"curies":[{"name":"wp","href":"https:\/\/api.w.org\/{rel}","templated":true}]}}