{"id":7,"date":"2013-05-03T14:08:55","date_gmt":"2013-05-03T12:08:55","guid":{"rendered":"http:\/\/blog.zeit.de\/nsu-prozess-blog\/?page_id=7"},"modified":"2017-07-25T17:24:59","modified_gmt":"2017-07-25T15:24:59","slug":"uber-die-autoren","status":"publish","type":"page","link":"https:\/\/blog.zeit.de\/nsu-prozess-blog\/uber-die-autoren\/","title":{"rendered":"\u00dcber den Autor"},"content":{"rendered":"<p>&nbsp;<\/p>\n<p><strong>Tom Sundermann<br \/>\n<\/strong><\/p>\n<p>Tom Sundermann ist freier Mitarbeiter f\u00fcr ZEIT ONLINE. Seit 2013 verfolgt er den NSU-Prozess in M\u00fcnchen und verbringt mehr Zeit im Sitzungssaal als am Schreibtisch. Der studierte Wirtschaftsjournalist berichtet von den Prozesstagen und sichtet im NSU-Blog die Stimmen der Weltpresse.<\/p>\n","protected":false},"excerpt":{"rendered":"<p>&nbsp; Tom Sundermann Tom Sundermann ist freier Mitarbeiter f\u00fcr ZEIT ONLINE. Seit 2013 verfolgt er den NSU-Prozess in M\u00fcnchen und verbringt mehr Zeit im Sitzungssaal als am Schreibtisch. Der studierte Wirtschaftsjournalist berichtet von den Prozesstagen und sichtet im NSU-Blog die Stimmen der Weltpresse.<\/p>\n","protected":false},"author":2,"featured_media":0,"parent":0,"menu_order":0,"comment_status":"open","ping_status":"open","template":"","meta":{"footnotes":""},"class_list":["post-7","page","type-page","status-publish","hentry"],"yoast_head":"<!-- This site is optimized with the Yoast SEO plugin v21.0 - https:\/\/yoast.com\/wordpress\/plugins\/seo\/ -->\n<title>\u00dcber den Autor - Das NSU-Prozess-Blog<\/title>\n<meta name=\"robots\" content=\"index, follow, max-snippet:-1, max-image-preview:large, max-video-preview:-1\" \/>\n<link rel=\"canonical\" href=\"https:\/\/blog.zeit.de\/nsu-prozess-blog\/uber-die-autoren\/\" \/>\n<meta property=\"og:locale\" content=\"de_DE\" \/>\n<meta property=\"og:type\" content=\"article\" \/>\n<meta property=\"og:title\" content=\"\u00dcber den Autor - Das NSU-Prozess-Blog\" \/>\n<meta property=\"og:description\" content=\"&nbsp; Tom Sundermann Tom Sundermann ist freier Mitarbeiter f\u00fcr ZEIT ONLINE. Seit 2013 verfolgt er den NSU-Prozess in M\u00fcnchen und verbringt mehr Zeit im Sitzungssaal als am Schreibtisch. Der studierte Wirtschaftsjournalist berichtet von den Prozesstagen und sichtet im NSU-Blog die Stimmen der Weltpresse.\" \/>\n<meta property=\"og:url\" content=\"https:\/\/blog.zeit.de\/nsu-prozess-blog\/uber-die-autoren\/\" \/>\n<meta property=\"og:site_name\" content=\"Das NSU-Prozess-Blog\" \/>\n<meta property=\"article:modified_time\" content=\"2017-07-25T15:24:59+00:00\" \/>\n<script type=\"application\/ld+json\" class=\"yoast-schema-graph\">{\"@context\":\"https:\/\/schema.org\",\"@graph\":[{\"@type\":\"WebPage\",\"@id\":\"https:\/\/blog.zeit.de\/nsu-prozess-blog\/uber-die-autoren\/\",\"url\":\"https:\/\/blog.zeit.de\/nsu-prozess-blog\/uber-die-autoren\/\",\"name\":\"\u00dcber den Autor - Das NSU-Prozess-Blog\",\"isPartOf\":{\"@id\":\"https:\/\/blog.zeit.de\/nsu-prozess-blog\/#website\"},\"datePublished\":\"2013-05-03T12:08:55+00:00\",\"dateModified\":\"2017-07-25T15:24:59+00:00\",\"breadcrumb\":{\"@id\":\"https:\/\/blog.zeit.de\/nsu-prozess-blog\/uber-die-autoren\/#breadcrumb\"},\"inLanguage\":\"de\",\"potentialAction\":[{\"@type\":\"ReadAction\",\"target\":[\"https:\/\/blog.zeit.de\/nsu-prozess-blog\/uber-die-autoren\/\"]}]},{\"@type\":\"BreadcrumbList\",\"@id\":\"https:\/\/blog.zeit.de\/nsu-prozess-blog\/uber-die-autoren\/#breadcrumb\",\"itemListElement\":[{\"@type\":\"ListItem\",\"position\":1,\"name\":\"Startseite\",\"item\":\"https:\/\/blog.zeit.de\/nsu-prozess-blog\/\"},{\"@type\":\"ListItem\",\"position\":2,\"name\":\"\u00dcber den Autor\"}]},{\"@type\":\"WebSite\",\"@id\":\"https:\/\/blog.zeit.de\/nsu-prozess-blog\/#website\",\"url\":\"https:\/\/blog.zeit.de\/nsu-prozess-blog\/\",\"name\":\"Das NSU-Prozess-Blog\",\"description\":\"Alle Berichte zum Terrorverfahren in M\u00fcnchen\",\"potentialAction\":[{\"@type\":\"SearchAction\",\"target\":{\"@type\":\"EntryPoint\",\"urlTemplate\":\"https:\/\/blog.zeit.de\/nsu-prozess-blog\/?s={search_term_string}\"},\"query-input\":\"required name=search_term_string\"}],\"inLanguage\":\"de\"}]}<\/script>\n<!-- \/ Yoast SEO plugin. -->","yoast_head_json":{"title":"\u00dcber den Autor - Das NSU-Prozess-Blog","robots":{"index":"index","follow":"follow","max-snippet":"max-snippet:-1","max-image-preview":"max-image-preview:large","max-video-preview":"max-video-preview:-1"},"canonical":"https:\/\/blog.zeit.de\/nsu-prozess-blog\/uber-die-autoren\/","og_locale":"de_DE","og_type":"article","og_title":"\u00dcber den Autor - Das NSU-Prozess-Blog","og_description":"&nbsp; Tom Sundermann Tom Sundermann ist freier Mitarbeiter f\u00fcr ZEIT ONLINE. Seit 2013 verfolgt er den NSU-Prozess in M\u00fcnchen und verbringt mehr Zeit im Sitzungssaal als am Schreibtisch. Der studierte Wirtschaftsjournalist berichtet von den Prozesstagen und sichtet im NSU-Blog die Stimmen der Weltpresse.","og_url":"https:\/\/blog.zeit.de\/nsu-prozess-blog\/uber-die-autoren\/","og_site_name":"Das NSU-Prozess-Blog","article_modified_time":"2017-07-25T15:24:59+00:00","schema":{"@context":"https:\/\/schema.org","@graph":[{"@type":"WebPage","@id":"https:\/\/blog.zeit.de\/nsu-prozess-blog\/uber-die-autoren\/","url":"https:\/\/blog.zeit.de\/nsu-prozess-blog\/uber-die-autoren\/","name":"\u00dcber den Autor - Das NSU-Prozess-Blog","isPartOf":{"@id":"https:\/\/blog.zeit.de\/nsu-prozess-blog\/#website"},"datePublished":"2013-05-03T12:08:55+00:00","dateModified":"2017-07-25T15:24:59+00:00","breadcrumb":{"@id":"https:\/\/blog.zeit.de\/nsu-prozess-blog\/uber-die-autoren\/#breadcrumb"},"inLanguage":"de","potentialAction":[{"@type":"ReadAction","target":["https:\/\/blog.zeit.de\/nsu-prozess-blog\/uber-die-autoren\/"]}]},{"@type":"BreadcrumbList","@id":"https:\/\/blog.zeit.de\/nsu-prozess-blog\/uber-die-autoren\/#breadcrumb","itemListElement":[{"@type":"ListItem","position":1,"name":"Startseite","item":"https:\/\/blog.zeit.de\/nsu-prozess-blog\/"},{"@type":"ListItem","position":2,"name":"\u00dcber den Autor"}]},{"@type":"WebSite","@id":"https:\/\/blog.zeit.de\/nsu-prozess-blog\/#website","url":"https:\/\/blog.zeit.de\/nsu-prozess-blog\/","name":"Das NSU-Prozess-Blog","description":"Alle Berichte zum Terrorverfahren in M\u00fcnchen","potentialAction":[{"@type":"SearchAction","target":{"@type":"EntryPoint","urlTemplate":"https:\/\/blog.zeit.de\/nsu-prozess-blog\/?s={search_term_string}"},"query-input":"required name=search_term_string"}],"inLanguage":"de"}]}},"jetpack_sharing_enabled":true,"_links":{"self":[{"href":"https:\/\/blog.zeit.de\/nsu-prozess-blog\/wp-json\/wp\/v2\/pages\/7","targetHints":{"allow":["GET"]}}],"collection":[{"href":"https:\/\/blog.zeit.de\/nsu-prozess-blog\/wp-json\/wp\/v2\/pages"}],"about":[{"href":"https:\/\/blog.zeit.de\/nsu-prozess-blog\/wp-json\/wp\/v2\/types\/page"}],"author":[{"embeddable":true,"href":"https:\/\/blog.zeit.de\/nsu-prozess-blog\/wp-json\/wp\/v2\/users\/2"}],"replies":[{"embeddable":true,"href":"https:\/\/blog.zeit.de\/nsu-prozess-blog\/wp-json\/wp\/v2\/comments?post=7"}],"version-history":[{"count":9,"href":"https:\/\/blog.zeit.de\/nsu-prozess-blog\/wp-json\/wp\/v2\/pages\/7\/revisions"}],"predecessor-version":[{"id":13473,"href":"https:\/\/blog.zeit.de\/nsu-prozess-blog\/wp-json\/wp\/v2\/pages\/7\/revisions\/13473"}],"wp:attachment":[{"href":"https:\/\/blog.zeit.de\/nsu-prozess-blog\/wp-json\/wp\/v2\/media?parent=7"}],"curies":[{"name":"wp","href":"https:\/\/api.w.org\/{rel}","templated":true}]}}