{"id":7831,"date":"2014-10-31T16:12:51","date_gmt":"2014-10-31T15:12:51","guid":{"rendered":"http:\/\/blog.zeit.de\/nsu-prozess-blog\/?page_id=7831"},"modified":"2017-07-25T16:12:22","modified_gmt":"2017-07-25T14:12:22","slug":"die-helfer","status":"publish","type":"page","link":"https:\/\/blog.zeit.de\/nsu-prozess-blog\/die-helfer\/","title":{"rendered":"Die Helfer"},"content":{"rendered":"<p>Der NSU-Prozess ist auch der Versuch, Licht in das vermutete Unterst\u00fctzerumfeld des NSU zu bringen. Die mutma\u00dflichen Mitglieder der Terrorzelle, Beate Zsch\u00e4pe, Uwe Mundlos und Uwe B\u00f6hnhardt, verlie\u00dfen sich vor, bei und nach ihrer Flucht 1998 auf Helfer. Das Leben, das sie bis zur Aufdeckung 2011 im Untergrund f\u00fchrten, w\u00e4re ohne hilfsbereite Kameraden nicht denkbar gewesen.<\/p>\n<p>Manche bereuten sp\u00e4ter ihren Beistand \u2013 die meisten jedoch schweigen oder berufen sich auf Erinnerungsl\u00fccken. F\u00fcr einige von ihnen k\u00f6nnten ihre Handlungen juristische Folgen haben: Der Generalbundesanwalt pr\u00fcft in mehreren F\u00e4llen eine Anklage. Eine \u00dcbersicht der wichtigsten Zeugen:<\/p>\n<h3>Zeugen, gegen die ermittelt wird<\/h3>\n<p>&nbsp;<\/p>\n<p><strong>Matthias D.<\/strong><br \/>\nDer Fernfahrer aus Zwickau soll mehrmals Wohnungen unter seinem Namen f\u00fcr den NSU gemietet haben \u2013 darunter auch die letzte Bleibe in der Fr\u00fchlingsstra\u00dfe 26 in Zwickau. Im Erzgebirge, seiner Heimat, war er Anf\u00fchrer einer Organisation von Rechtsradikalen. Im Juli 2014 <a href=\"https:\/\/blog.zeit.de\/nsu-prozess-blog\/2014\/07\/09\/naives-opfer-oder-williger-helfer-fuer-terror-trio\/\">verweigerte er vor Gericht die Aussage<\/a>.<\/p>\n<p><strong>Max-Florian B.<\/strong><br \/>\n&#8222;Max&#8220; \u2013 unter diesem Tarnnamen lebte Uwe Mundlos bis zuletzt im Untergrund. Bei der Identit\u00e4t handelte es sich um den Namen von Max-Florian B., dessen Geburtsurkunde im niedergebrannten Haus in der Fr\u00fchlingsstra\u00dfe gefunden wurde, ebenso wie ein Reisepass auf seinen Namen. Zudem soll B. das Trio nach dessen Untertauchen 1998 in seiner Chemnitzer Wohnung schlafen lassen haben. Gegen ihn wird ermittelt, er <a href=\"https:\/\/blog.zeit.de\/nsu-prozess-blog\/2014\/02\/20\/ein-schweigender-zeuge-und-ein-vergesslicher-ermittler\/\">verweigerte im April 2014 die Aussage<\/a>.<\/p>\n<p><strong>Mandy S.<\/strong><br \/>\nDie Friseurin aus dem Erzgebirge soll das NSU-Trio Anfang 1998 in der Wohnung ihres damaligen Lebensgef\u00e4hrten Max-Florian B. einquartiert haben. Auch soll sie Beate Zsch\u00e4pe einmal ihre Krankenkassenkarte geliehen haben. Beate Zsch\u00e4pe bediente sich bis zuletzt der Identit\u00e4t von S. Gegen die Zeugin l\u00e4uft ein Ermittlungsverfahren, dennoch \u00e4u\u00dferte sie sich als einzige Beschuldigte <a href=\"https:\/\/blog.zeit.de\/nsu-prozess-blog\/2014\/02\/27\/mandy-s-die-treue-helferin\/\">im Februar 2014 vor Gericht<\/a>.<\/p>\n<p><strong>Susann E.<\/strong><br \/>\nDie Frau des Angeklagten Andr\u00e9 E. soll das NSU-Trio gemeinsam mit ihrem Mann w\u00f6chentlich in Zwickau besucht haben, mit Beate Zsch\u00e4pe wollte sie ein Konzert der Komikerin Cindy aus Marzahn besuchen. Zsch\u00e4pe nutzte immer wieder E.s Identit\u00e4t inklusive Personalausweis, auch besa\u00df sie eine Bahncard auf E.s Namen. Der Generalbundesanwalt nahm Ermittlungen gegen E. auf, <a href=\"https:\/\/blog.zeit.de\/nsu-prozess-blog\/2014\/01\/21\/der-schatten-des-nsu\/\">im Zeugenstand verweigerte sie die Aussage<\/a>.<\/p>\n<p><strong>Jan W.<\/strong><br \/>\nIn rechtsextremen Kreisen machte sich W. als Anf\u00fchrer der s\u00e4chsischen Division von <a href=\"http:\/\/de.wikipedia.org\/wiki\/Blood_and_Honour\">Blood &amp; Honour<\/a> einen Namen, einer militanten Neonazi-Organisation. Er soll gebeten worden sein, auf Kosten des Netzwerks Waffen f\u00fcr das Trio zu beschaffen \u2013 ob das geschah und ob sie zum Einsatz kamen, soll ein Ermittlungsverfahren kl\u00e4ren, das gegen W. l\u00e4uft. Im Oktober 2014 machte er als Zeuge <a href=\"https:\/\/blog.zeit.de\/nsu-prozess-blog\/2014\/10\/15\/der-zeuge-mit-dem-bums\/\">von seinem Auskunftsverweigerungsrecht Gebrauch<\/a>.<\/p>\n<p><strong>Thomas S.<\/strong><br \/>\nDer vorbestrafte Thomas S. aus Dresden soll dem Trio 1996 oder 1997 ein bis zwei Kilo TNT-Sprengstoff \u00fcbergeben haben, aus dem die drei unter anderem Rohrbomben bastelten. Nach der Flucht der drei half er ihnen mehrmals bei der Suche nach Unterk\u00fcnften. Zeitweise soll er eine Romanze mit Beate Zsch\u00e4pe gepflegt haben. Gegen ihn wird ermittelt \u2013 deshalb nutzte er sein Recht, <a href=\"https:\/\/blog.zeit.de\/nsu-prozess-blog\/2014\/04\/03\/medienlog-thomas-s-sprengstoff\/\">vor Gericht die Aussage zu verweigern<\/a>.<\/p>\n<p><strong>Pierre J.<\/strong><br \/>\nJ. betrieb zwei Computerl\u00e4den in Zwickau und Chemnitz. Er soll dem NSU 2002 und 2003 mehrere Waffen beschafft haben, darunter eine Pumpgun. In Vernehmungen bei der Polizei stritt er den Vorwurf ab, ein Verfahren gegen ihn ist noch anh\u00e4ngig. Als Zeuge ist er bislang nicht nach M\u00fcnchen geladen.<\/p>\n<p><strong>Hermann S.<\/strong><br \/>\nS. leitete im Jahr 2002 die Zwickauer Computerladen-Filiale, die Pierre J. geh\u00f6rte. Als solcher k\u00f6nnte er Uwe Mundlos eine Waffe \u00fcbergeben haben, sie sollen sich gut gekannt haben. Telefonnummern von S. stellten Ermittler im Brandschutt der Fr\u00fchlingsstra\u00dfe sicher. S. bestritt den Verdacht. Die Bundesanwaltschaft leitete daraufhin ein Verfahren gegen S. ein. Als Zeuge musste er bislang nicht aussagen.<\/p>\n<p>&nbsp;<\/p>\n<h3>Zeugen, gegen die derzeit nicht ermittelt wird<\/h3>\n<p><strong>Tino Brandt<\/strong><br \/>\n<a href=\"https:\/\/blog.zeit.de\/nsu-prozess-blog\/tag\/tino-brandt\/\">Brandt<\/a> war eine der schillerndsten Figuren in der rechtsextremen Szene Th\u00fcringens \u2013 wodurch der Verfassungsschutz auf ihn aufmerksam wurde: Von 1994 bis zu seiner Enttarnung 2001 lieferte er als V-Mann Informationen. In der von ihm gegr\u00fcndeten Organisation Th\u00fcringer Heimatschutz sammelten sich Rechtsradikale aus dem ganzen Bundesland \u2013 das sp\u00e4tere NSU-Trio eingeschlossen. Nach deren Flucht sammelte Brandt Spenden, einmal leitete er sogar eine Zahlung des Geheimdienstes an sie weiter. Bei einer seiner Vernehmungen im Sommer nannte er Beate Zsch\u00e4pe <a href=\"https:\/\/blog.zeit.de\/nsu-prozess-blog\/2014\/07\/15\/v-mann-ueber-zschaepe-keine-dumme-hausfrau\/\">&#8222;keine dumme Hausfrau&#8220;<\/a> \u2013 wirkliche Erkenntnisse lieferte er jedoch nicht. Derzeit sitzt Brandt wegen Kindesmissbrauchs in Haft.<\/p>\n<p><strong>Andr\u00e9 K.<\/strong><br \/>\nOhne K. lief wenig in der rechtsextremen Szene von Jena: Der bekennende Rechtsextreme geh\u00f6rte damals zu den Anf\u00fchrern der radikalen Gruppe Nationaler Widerstand Jena, in der sich auch das NSU-Trio sowie der Mitangeklagte Ralf Wohlleben bewegten. Nach dem Untertauchen 1998 soll er Kontakt zu den dreien gehalten und Pl\u00e4ne f\u00fcr eine Flucht nach S\u00fcdafrika geschmiedet haben. Zudem soll er versucht haben, im Auftrag von Tino Brandt gef\u00e4lschte P\u00e4sse f\u00fcr sie zu besorgen. <a href=\"http:\/\/www.zeit.de\/gesellschaft\/zeitgeschehen\/2013-11\/zeuge-andre-k-nsu-prozess\">Im Prozess berief er sich immer wieder auf Erinnerungsl\u00fccken.<\/a> Ein Ermittlungsverfahren gegen ihn wurde mittlerweile eingestellt.<\/p>\n<p><strong>Enrico T.<\/strong><br \/>\nT. soll am Schmuggel der NSU-Mordpistole <a href=\"https:\/\/blog.zeit.de\/nsu-prozess-blog\/tag\/ceska\/\">Ceska 83<\/a> beteiligt gewesen sein: Laut Bundesanwaltschaft vermittelte er den Kontakt zwischen einem Schweizer und einem Mann aus Jena \u2013 so kam die Waffe \u00fcber die Grenze. T. gilt als Waffennarr. F\u00fcr ihn spitzte sich die Lage zu, als er sich in einem Verh\u00f6r in Widerspr\u00fcche verstrickte. Gegen ihn wird derzeit nicht ermittelt. <a href=\"https:\/\/blog.zeit.de\/nsu-prozess-blog\/2014\/04\/28\/der-mann-zwischen-den-laendern\/\">Vor Gericht<\/a> machte er zum \u00c4rger der Prozessbeteiligten immer wieder Ged\u00e4chtnisl\u00fccken geltend.<\/p>\n<p><strong>Thomas R.<\/strong><br \/>\nDer Zeuge fiel im Prozess durch sein vierschr\u00f6tiges Aussehen auf \u2013 und durch seine <a href=\"https:\/\/blog.zeit.de\/nsu-prozess-blog\/2014\/04\/02\/in-der-psyche-von-tino-brandt-das-medienlog-vom-mittwoch-2-april-2014\/\">angeblichen Erinnerungsl\u00fccken<\/a>. So konnte er sich nicht erinnern, das NSU-Trio 1998 kurzzeitig in seiner Wohnung aufgenommen zu haben \u2013 was nach Erkenntnissen der Bundesanwaltschaft der Fall war. R. bewegte sich zudem in der Organisation Blood &amp; Honour und soll eine Zeitschrift herausgegeben haben, f\u00fcr die Uwe Mundlos Beitr\u00e4ge schrieb.<\/p>\n<p><strong>J\u00fcrgen H.<\/strong><br \/>\nZeuge H. soll 1998 und 1999 den Kontakt zum gefl\u00fcchteten Trio gehalten haben, indem er Anrufe \u00fcber Telefonzellen f\u00fchrte. Er fungierte als Bote zwischen den dreien und Ralf Wohlleben. In dessen Auftrag soll er auch Geld an die Untergetauchten weitergegeben haben sowie ein Paket, in dem sich m\u00f6glicherweise eine Waffe befand. Zudem half er beim Verkauf mehrerer Exemplare des rassistischen <a href=\"https:\/\/blog.zeit.de\/nsu-prozess-blog\/2014\/02\/18\/monopoly-mit-auschwitz-feld-2\/\"><em>Pogromly<\/em>-Spiels<\/a>, mit dessen Herstellung Zsch\u00e4pe, Mundlos und B\u00f6hnhardt Geld verdienten. Im Mai 2014 <a href=\"https:\/\/blog.zeit.de\/nsu-prozess-blog\/2014\/05\/20\/stammelnder-mittelsmann-mit-vielen-erinnerungsluecken-das-medienlog-vom-dienstag-20-mai-2014\/\">antwortete er vor Gericht betont einsilbig<\/a>.<\/p>\n","protected":false},"excerpt":{"rendered":"<p>Der NSU-Prozess ist auch der Versuch, Licht in das vermutete Unterst\u00fctzerumfeld des NSU zu bringen. Die mutma\u00dflichen Mitglieder der Terrorzelle, Beate Zsch\u00e4pe, Uwe Mundlos und Uwe B\u00f6hnhardt, verlie\u00dfen sich vor, bei und nach ihrer Flucht 1998 auf Helfer. Das Leben, das sie bis zur Aufdeckung 2011 im Untergrund f\u00fchrten, w\u00e4re ohne hilfsbereite Kameraden nicht denkbar [&hellip;]<\/p>\n","protected":false},"author":435,"featured_media":0,"parent":0,"menu_order":0,"comment_status":"open","ping_status":"open","template":"","meta":{"footnotes":""},"class_list":["post-7831","page","type-page","status-publish","hentry"],"yoast_head":"<!-- This site is optimized with the Yoast SEO plugin v21.0 - https:\/\/yoast.com\/wordpress\/plugins\/seo\/ -->\n<title>Die Helfer - Das NSU-Prozess-Blog<\/title>\n<meta name=\"robots\" content=\"index, follow, max-snippet:-1, max-image-preview:large, max-video-preview:-1\" \/>\n<link rel=\"canonical\" href=\"https:\/\/blog.zeit.de\/nsu-prozess-blog\/die-helfer\/\" \/>\n<meta property=\"og:locale\" content=\"de_DE\" \/>\n<meta property=\"og:type\" content=\"article\" \/>\n<meta property=\"og:title\" content=\"Die Helfer - Das NSU-Prozess-Blog\" \/>\n<meta property=\"og:description\" content=\"Der NSU-Prozess ist auch der Versuch, Licht in das vermutete Unterst\u00fctzerumfeld des NSU zu bringen. Die mutma\u00dflichen Mitglieder der Terrorzelle, Beate Zsch\u00e4pe, Uwe Mundlos und Uwe B\u00f6hnhardt, verlie\u00dfen sich vor, bei und nach ihrer Flucht 1998 auf Helfer. Das Leben, das sie bis zur Aufdeckung 2011 im Untergrund f\u00fchrten, w\u00e4re ohne hilfsbereite Kameraden nicht denkbar [&hellip;]\" \/>\n<meta property=\"og:url\" content=\"https:\/\/blog.zeit.de\/nsu-prozess-blog\/die-helfer\/\" \/>\n<meta property=\"og:site_name\" content=\"Das NSU-Prozess-Blog\" \/>\n<meta property=\"article:modified_time\" content=\"2017-07-25T14:12:22+00:00\" \/>\n<meta name=\"twitter:label1\" content=\"Gesch\u00e4tzte Lesezeit\" \/>\n\t<meta name=\"twitter:data1\" content=\"5\u00a0Minuten\" \/>\n<script type=\"application\/ld+json\" class=\"yoast-schema-graph\">{\"@context\":\"https:\/\/schema.org\",\"@graph\":[{\"@type\":\"WebPage\",\"@id\":\"https:\/\/blog.zeit.de\/nsu-prozess-blog\/die-helfer\/\",\"url\":\"https:\/\/blog.zeit.de\/nsu-prozess-blog\/die-helfer\/\",\"name\":\"Die Helfer - Das NSU-Prozess-Blog\",\"isPartOf\":{\"@id\":\"https:\/\/blog.zeit.de\/nsu-prozess-blog\/#website\"},\"datePublished\":\"2014-10-31T15:12:51+00:00\",\"dateModified\":\"2017-07-25T14:12:22+00:00\",\"breadcrumb\":{\"@id\":\"https:\/\/blog.zeit.de\/nsu-prozess-blog\/die-helfer\/#breadcrumb\"},\"inLanguage\":\"de\",\"potentialAction\":[{\"@type\":\"ReadAction\",\"target\":[\"https:\/\/blog.zeit.de\/nsu-prozess-blog\/die-helfer\/\"]}]},{\"@type\":\"BreadcrumbList\",\"@id\":\"https:\/\/blog.zeit.de\/nsu-prozess-blog\/die-helfer\/#breadcrumb\",\"itemListElement\":[{\"@type\":\"ListItem\",\"position\":1,\"name\":\"Startseite\",\"item\":\"https:\/\/blog.zeit.de\/nsu-prozess-blog\/\"},{\"@type\":\"ListItem\",\"position\":2,\"name\":\"Die Helfer\"}]},{\"@type\":\"WebSite\",\"@id\":\"https:\/\/blog.zeit.de\/nsu-prozess-blog\/#website\",\"url\":\"https:\/\/blog.zeit.de\/nsu-prozess-blog\/\",\"name\":\"Das NSU-Prozess-Blog\",\"description\":\"Alle Berichte zum Terrorverfahren in M\u00fcnchen\",\"potentialAction\":[{\"@type\":\"SearchAction\",\"target\":{\"@type\":\"EntryPoint\",\"urlTemplate\":\"https:\/\/blog.zeit.de\/nsu-prozess-blog\/?s={search_term_string}\"},\"query-input\":\"required name=search_term_string\"}],\"inLanguage\":\"de\"}]}<\/script>\n<!-- \/ Yoast SEO plugin. -->","yoast_head_json":{"title":"Die Helfer - Das NSU-Prozess-Blog","robots":{"index":"index","follow":"follow","max-snippet":"max-snippet:-1","max-image-preview":"max-image-preview:large","max-video-preview":"max-video-preview:-1"},"canonical":"https:\/\/blog.zeit.de\/nsu-prozess-blog\/die-helfer\/","og_locale":"de_DE","og_type":"article","og_title":"Die Helfer - Das NSU-Prozess-Blog","og_description":"Der NSU-Prozess ist auch der Versuch, Licht in das vermutete Unterst\u00fctzerumfeld des NSU zu bringen. Die mutma\u00dflichen Mitglieder der Terrorzelle, Beate Zsch\u00e4pe, Uwe Mundlos und Uwe B\u00f6hnhardt, verlie\u00dfen sich vor, bei und nach ihrer Flucht 1998 auf Helfer. Das Leben, das sie bis zur Aufdeckung 2011 im Untergrund f\u00fchrten, w\u00e4re ohne hilfsbereite Kameraden nicht denkbar [&hellip;]","og_url":"https:\/\/blog.zeit.de\/nsu-prozess-blog\/die-helfer\/","og_site_name":"Das NSU-Prozess-Blog","article_modified_time":"2017-07-25T14:12:22+00:00","twitter_misc":{"Gesch\u00e4tzte Lesezeit":"5\u00a0Minuten"},"schema":{"@context":"https:\/\/schema.org","@graph":[{"@type":"WebPage","@id":"https:\/\/blog.zeit.de\/nsu-prozess-blog\/die-helfer\/","url":"https:\/\/blog.zeit.de\/nsu-prozess-blog\/die-helfer\/","name":"Die Helfer - Das NSU-Prozess-Blog","isPartOf":{"@id":"https:\/\/blog.zeit.de\/nsu-prozess-blog\/#website"},"datePublished":"2014-10-31T15:12:51+00:00","dateModified":"2017-07-25T14:12:22+00:00","breadcrumb":{"@id":"https:\/\/blog.zeit.de\/nsu-prozess-blog\/die-helfer\/#breadcrumb"},"inLanguage":"de","potentialAction":[{"@type":"ReadAction","target":["https:\/\/blog.zeit.de\/nsu-prozess-blog\/die-helfer\/"]}]},{"@type":"BreadcrumbList","@id":"https:\/\/blog.zeit.de\/nsu-prozess-blog\/die-helfer\/#breadcrumb","itemListElement":[{"@type":"ListItem","position":1,"name":"Startseite","item":"https:\/\/blog.zeit.de\/nsu-prozess-blog\/"},{"@type":"ListItem","position":2,"name":"Die Helfer"}]},{"@type":"WebSite","@id":"https:\/\/blog.zeit.de\/nsu-prozess-blog\/#website","url":"https:\/\/blog.zeit.de\/nsu-prozess-blog\/","name":"Das NSU-Prozess-Blog","description":"Alle Berichte zum Terrorverfahren in M\u00fcnchen","potentialAction":[{"@type":"SearchAction","target":{"@type":"EntryPoint","urlTemplate":"https:\/\/blog.zeit.de\/nsu-prozess-blog\/?s={search_term_string}"},"query-input":"required name=search_term_string"}],"inLanguage":"de"}]}},"jetpack_sharing_enabled":true,"_links":{"self":[{"href":"https:\/\/blog.zeit.de\/nsu-prozess-blog\/wp-json\/wp\/v2\/pages\/7831","targetHints":{"allow":["GET"]}}],"collection":[{"href":"https:\/\/blog.zeit.de\/nsu-prozess-blog\/wp-json\/wp\/v2\/pages"}],"about":[{"href":"https:\/\/blog.zeit.de\/nsu-prozess-blog\/wp-json\/wp\/v2\/types\/page"}],"author":[{"embeddable":true,"href":"https:\/\/blog.zeit.de\/nsu-prozess-blog\/wp-json\/wp\/v2\/users\/435"}],"replies":[{"embeddable":true,"href":"https:\/\/blog.zeit.de\/nsu-prozess-blog\/wp-json\/wp\/v2\/comments?post=7831"}],"version-history":[{"count":26,"href":"https:\/\/blog.zeit.de\/nsu-prozess-blog\/wp-json\/wp\/v2\/pages\/7831\/revisions"}],"predecessor-version":[{"id":13470,"href":"https:\/\/blog.zeit.de\/nsu-prozess-blog\/wp-json\/wp\/v2\/pages\/7831\/revisions\/13470"}],"wp:attachment":[{"href":"https:\/\/blog.zeit.de\/nsu-prozess-blog\/wp-json\/wp\/v2\/media?parent=7831"}],"curies":[{"name":"wp","href":"https:\/\/api.w.org\/{rel}","templated":true}]}}