{"id":7878,"date":"2014-10-31T16:15:31","date_gmt":"2014-10-31T15:15:31","guid":{"rendered":"http:\/\/blog.zeit.de\/nsu-prozess-blog\/?page_id=7878"},"modified":"2016-09-15T18:38:12","modified_gmt":"2016-09-15T16:38:12","slug":"kommentarregeln","status":"publish","type":"page","link":"https:\/\/blog.zeit.de\/nsu-prozess-blog\/kommentarregeln\/","title":{"rendered":"Kommentarregeln"},"content":{"rendered":"<p>Selbstverst\u00e4ndlich gilt f\u00fcr die Diskussion auf dem NSU-Prozess-Blog die <a href=\"http:\/\/www.zeit.de\/administratives\/2010-03\/netiquette\" target=\"_blank\">Netiquette von ZEIT ONLINE<\/a>. Um den Besonderheiten dieses Blogs gerecht zu werden, bitten wir Sie, in Ihren Kommentaren zudem folgende Regeln zu beachten:<\/p>\n<p><strong>St\u00fctzen Sie sich nur auf verl\u00e4ssliche Quellen:<\/strong> Tatsachenbehauptungen sollten Sie belegen. Nutzen Sie dazu Quellen, die als verl\u00e4sslich und verifizierbar gelten \u2013 das sind typischerweise Beitr\u00e4ge in Medien. Nicht verl\u00e4sslich und verifizierbar sind tendenzi\u00f6se Blogs sowie angebliche Ermittlungsdokumente.<\/p>\n<p><strong>Verzichten Sie auf Spekulationen:<\/strong> Kommentare dienen der Meinungs\u00e4u\u00dferung. Lassen Sie Ihre Gedanken nicht in Richtung von Verschw\u00f6rungstheorien abgleiten. Das erreichen Sie, indem sie sich auf nachvollziehbare Argumente und\/oder seri\u00f6se Quellen beziehen.<\/p>\n<p><strong>Beachten Sie Pers\u00f6nlichkeitsrechte:<\/strong> Zeugen und Angeklagte im Prozess haben Anspruch auf den Schutz ihres Pers\u00f6nlichkeitsrechts. Wenn Sie \u00fcber Menschen diskutieren, die in Zusammenhang mit dem NSU-Komplex stehen, jedoch nicht namentlich im Fokus der \u00d6ffentlichkeit, k\u00fcrzen Sie den Nachnamen <a href=\"https:\/\/blog.zeit.de\/nsu-prozess-blog\/2013\/09\/05\/beate-zschaepe-medien-namen-abkuerzen\/\">nach dem ersten Buchstaben ab<\/a>. Unbedenklich ist die Nennung eines Namens, wenn er auch auf ZEIT ONLINE ausgeschrieben ist.<\/p>\n<p>Um die Qualit\u00e4t der Diskussion sicherzustellen, behalten wir uns vor, nicht sachgerechte Kommentare zu bearbeiten oder kommentarlos zu l\u00f6schen.<\/p>\n","protected":false},"excerpt":{"rendered":"<p>Selbstverst\u00e4ndlich gilt f\u00fcr die Diskussion auf dem NSU-Prozess-Blog die Netiquette von ZEIT ONLINE. Um den Besonderheiten dieses Blogs gerecht zu werden, bitten wir Sie, in Ihren Kommentaren zudem folgende Regeln zu beachten: St\u00fctzen Sie sich nur auf verl\u00e4ssliche Quellen: Tatsachenbehauptungen sollten Sie belegen. Nutzen Sie dazu Quellen, die als verl\u00e4sslich und verifizierbar gelten \u2013 das [&hellip;]<\/p>\n","protected":false},"author":435,"featured_media":0,"parent":0,"menu_order":0,"comment_status":"closed","ping_status":"open","template":"","meta":{"footnotes":""},"class_list":["post-7878","page","type-page","status-publish","hentry"],"yoast_head":"<!-- This site is optimized with the Yoast SEO plugin v21.0 - https:\/\/yoast.com\/wordpress\/plugins\/seo\/ -->\n<title>Kommentarregeln - Das NSU-Prozess-Blog<\/title>\n<meta name=\"robots\" content=\"index, follow, max-snippet:-1, max-image-preview:large, max-video-preview:-1\" \/>\n<link rel=\"canonical\" href=\"https:\/\/blog.zeit.de\/nsu-prozess-blog\/kommentarregeln\/\" \/>\n<meta property=\"og:locale\" content=\"de_DE\" \/>\n<meta property=\"og:type\" content=\"article\" \/>\n<meta property=\"og:title\" content=\"Kommentarregeln - Das NSU-Prozess-Blog\" \/>\n<meta property=\"og:description\" content=\"Selbstverst\u00e4ndlich gilt f\u00fcr die Diskussion auf dem NSU-Prozess-Blog die Netiquette von ZEIT ONLINE. Um den Besonderheiten dieses Blogs gerecht zu werden, bitten wir Sie, in Ihren Kommentaren zudem folgende Regeln zu beachten: St\u00fctzen Sie sich nur auf verl\u00e4ssliche Quellen: Tatsachenbehauptungen sollten Sie belegen. Nutzen Sie dazu Quellen, die als verl\u00e4sslich und verifizierbar gelten \u2013 das [&hellip;]\" \/>\n<meta property=\"og:url\" content=\"https:\/\/blog.zeit.de\/nsu-prozess-blog\/kommentarregeln\/\" \/>\n<meta property=\"og:site_name\" content=\"Das NSU-Prozess-Blog\" \/>\n<meta property=\"article:modified_time\" content=\"2016-09-15T16:38:12+00:00\" \/>\n<meta name=\"twitter:label1\" content=\"Gesch\u00e4tzte Lesezeit\" \/>\n\t<meta name=\"twitter:data1\" content=\"1\u00a0Minute\" \/>\n<script type=\"application\/ld+json\" class=\"yoast-schema-graph\">{\"@context\":\"https:\/\/schema.org\",\"@graph\":[{\"@type\":\"WebPage\",\"@id\":\"https:\/\/blog.zeit.de\/nsu-prozess-blog\/kommentarregeln\/\",\"url\":\"https:\/\/blog.zeit.de\/nsu-prozess-blog\/kommentarregeln\/\",\"name\":\"Kommentarregeln - Das NSU-Prozess-Blog\",\"isPartOf\":{\"@id\":\"https:\/\/blog.zeit.de\/nsu-prozess-blog\/#website\"},\"datePublished\":\"2014-10-31T15:15:31+00:00\",\"dateModified\":\"2016-09-15T16:38:12+00:00\",\"breadcrumb\":{\"@id\":\"https:\/\/blog.zeit.de\/nsu-prozess-blog\/kommentarregeln\/#breadcrumb\"},\"inLanguage\":\"de\",\"potentialAction\":[{\"@type\":\"ReadAction\",\"target\":[\"https:\/\/blog.zeit.de\/nsu-prozess-blog\/kommentarregeln\/\"]}]},{\"@type\":\"BreadcrumbList\",\"@id\":\"https:\/\/blog.zeit.de\/nsu-prozess-blog\/kommentarregeln\/#breadcrumb\",\"itemListElement\":[{\"@type\":\"ListItem\",\"position\":1,\"name\":\"Startseite\",\"item\":\"https:\/\/blog.zeit.de\/nsu-prozess-blog\/\"},{\"@type\":\"ListItem\",\"position\":2,\"name\":\"Kommentarregeln\"}]},{\"@type\":\"WebSite\",\"@id\":\"https:\/\/blog.zeit.de\/nsu-prozess-blog\/#website\",\"url\":\"https:\/\/blog.zeit.de\/nsu-prozess-blog\/\",\"name\":\"Das NSU-Prozess-Blog\",\"description\":\"Alle Berichte zum Terrorverfahren in M\u00fcnchen\",\"potentialAction\":[{\"@type\":\"SearchAction\",\"target\":{\"@type\":\"EntryPoint\",\"urlTemplate\":\"https:\/\/blog.zeit.de\/nsu-prozess-blog\/?s={search_term_string}\"},\"query-input\":\"required name=search_term_string\"}],\"inLanguage\":\"de\"}]}<\/script>\n<!-- \/ Yoast SEO plugin. -->","yoast_head_json":{"title":"Kommentarregeln - Das NSU-Prozess-Blog","robots":{"index":"index","follow":"follow","max-snippet":"max-snippet:-1","max-image-preview":"max-image-preview:large","max-video-preview":"max-video-preview:-1"},"canonical":"https:\/\/blog.zeit.de\/nsu-prozess-blog\/kommentarregeln\/","og_locale":"de_DE","og_type":"article","og_title":"Kommentarregeln - Das NSU-Prozess-Blog","og_description":"Selbstverst\u00e4ndlich gilt f\u00fcr die Diskussion auf dem NSU-Prozess-Blog die Netiquette von ZEIT ONLINE. Um den Besonderheiten dieses Blogs gerecht zu werden, bitten wir Sie, in Ihren Kommentaren zudem folgende Regeln zu beachten: St\u00fctzen Sie sich nur auf verl\u00e4ssliche Quellen: Tatsachenbehauptungen sollten Sie belegen. Nutzen Sie dazu Quellen, die als verl\u00e4sslich und verifizierbar gelten \u2013 das [&hellip;]","og_url":"https:\/\/blog.zeit.de\/nsu-prozess-blog\/kommentarregeln\/","og_site_name":"Das NSU-Prozess-Blog","article_modified_time":"2016-09-15T16:38:12+00:00","twitter_misc":{"Gesch\u00e4tzte Lesezeit":"1\u00a0Minute"},"schema":{"@context":"https:\/\/schema.org","@graph":[{"@type":"WebPage","@id":"https:\/\/blog.zeit.de\/nsu-prozess-blog\/kommentarregeln\/","url":"https:\/\/blog.zeit.de\/nsu-prozess-blog\/kommentarregeln\/","name":"Kommentarregeln - Das NSU-Prozess-Blog","isPartOf":{"@id":"https:\/\/blog.zeit.de\/nsu-prozess-blog\/#website"},"datePublished":"2014-10-31T15:15:31+00:00","dateModified":"2016-09-15T16:38:12+00:00","breadcrumb":{"@id":"https:\/\/blog.zeit.de\/nsu-prozess-blog\/kommentarregeln\/#breadcrumb"},"inLanguage":"de","potentialAction":[{"@type":"ReadAction","target":["https:\/\/blog.zeit.de\/nsu-prozess-blog\/kommentarregeln\/"]}]},{"@type":"BreadcrumbList","@id":"https:\/\/blog.zeit.de\/nsu-prozess-blog\/kommentarregeln\/#breadcrumb","itemListElement":[{"@type":"ListItem","position":1,"name":"Startseite","item":"https:\/\/blog.zeit.de\/nsu-prozess-blog\/"},{"@type":"ListItem","position":2,"name":"Kommentarregeln"}]},{"@type":"WebSite","@id":"https:\/\/blog.zeit.de\/nsu-prozess-blog\/#website","url":"https:\/\/blog.zeit.de\/nsu-prozess-blog\/","name":"Das NSU-Prozess-Blog","description":"Alle Berichte zum Terrorverfahren in M\u00fcnchen","potentialAction":[{"@type":"SearchAction","target":{"@type":"EntryPoint","urlTemplate":"https:\/\/blog.zeit.de\/nsu-prozess-blog\/?s={search_term_string}"},"query-input":"required name=search_term_string"}],"inLanguage":"de"}]}},"jetpack_sharing_enabled":true,"_links":{"self":[{"href":"https:\/\/blog.zeit.de\/nsu-prozess-blog\/wp-json\/wp\/v2\/pages\/7878","targetHints":{"allow":["GET"]}}],"collection":[{"href":"https:\/\/blog.zeit.de\/nsu-prozess-blog\/wp-json\/wp\/v2\/pages"}],"about":[{"href":"https:\/\/blog.zeit.de\/nsu-prozess-blog\/wp-json\/wp\/v2\/types\/page"}],"author":[{"embeddable":true,"href":"https:\/\/blog.zeit.de\/nsu-prozess-blog\/wp-json\/wp\/v2\/users\/435"}],"replies":[{"embeddable":true,"href":"https:\/\/blog.zeit.de\/nsu-prozess-blog\/wp-json\/wp\/v2\/comments?post=7878"}],"version-history":[{"count":4,"href":"https:\/\/blog.zeit.de\/nsu-prozess-blog\/wp-json\/wp\/v2\/pages\/7878\/revisions"}],"predecessor-version":[{"id":7890,"href":"https:\/\/blog.zeit.de\/nsu-prozess-blog\/wp-json\/wp\/v2\/pages\/7878\/revisions\/7890"}],"wp:attachment":[{"href":"https:\/\/blog.zeit.de\/nsu-prozess-blog\/wp-json\/wp\/v2\/media?parent=7878"}],"curies":[{"name":"wp","href":"https:\/\/api.w.org\/{rel}","templated":true}]}}