{"id":8,"date":"2013-05-03T14:09:05","date_gmt":"2013-05-03T12:09:05","guid":{"rendered":"http:\/\/blog.zeit.de\/nsu-prozess-blog\/?page_id=8"},"modified":"2017-07-25T17:28:34","modified_gmt":"2017-07-25T15:28:34","slug":"der-prozess","status":"publish","type":"page","link":"https:\/\/blog.zeit.de\/nsu-prozess-blog\/der-prozess\/","title":{"rendered":"Der Prozess"},"content":{"rendered":"<p>&nbsp;<\/p>\n<p>In dem Prozess vor dem M\u00fcnchner Oberlandesgericht (OLG) sind <a href=\"http:\/\/www.zeit.de\/schlagworte\/personen\/beate-zschaepe\/index\">Beate Zsch\u00e4pe<\/a> sowie vier mutma\u00dfliche Unterst\u00fctzer und Gehilfen des rechtsextremen Nationalsozialistischen Untergrunds (NSU) angeklagt. Ihnen und ihren Helfern legen die Ermittler zehn Morde, zwei Sprengstoffanschl\u00e4ge und 15 Bank\u00fcberf\u00e4lle zur Last, begangen zwischen 1998 und 2011. Die Mordopfer waren acht t\u00fcrkischst\u00e4mmige und ein griechischer Kleinunternehmer sowie eine Polizistin.<\/p>\n<p>488 Seiten lang ist die Anklage, der Prozess l\u00e4uft seit dem 6. Mai 2013. Das Urteil wird f\u00fcr Herbst 2017 erwartet.<\/p>\n<p>&nbsp;<\/p>\n","protected":false},"excerpt":{"rendered":"<p>&nbsp; In dem Prozess vor dem M\u00fcnchner Oberlandesgericht (OLG) sind Beate Zsch\u00e4pe sowie vier mutma\u00dfliche Unterst\u00fctzer und Gehilfen des rechtsextremen Nationalsozialistischen Untergrunds (NSU) angeklagt. Ihnen und ihren Helfern legen die Ermittler zehn Morde, zwei Sprengstoffanschl\u00e4ge und 15 Bank\u00fcberf\u00e4lle zur Last, begangen zwischen 1998 und 2011. Die Mordopfer waren acht t\u00fcrkischst\u00e4mmige und ein griechischer Kleinunternehmer sowie [&hellip;]<\/p>\n","protected":false},"author":2,"featured_media":0,"parent":0,"menu_order":0,"comment_status":"open","ping_status":"open","template":"","meta":{"footnotes":""},"class_list":["post-8","page","type-page","status-publish","hentry"],"yoast_head":"<!-- This site is optimized with the Yoast SEO plugin v21.0 - https:\/\/yoast.com\/wordpress\/plugins\/seo\/ -->\n<title>Der Prozess - Das NSU-Prozess-Blog<\/title>\n<meta name=\"robots\" content=\"index, follow, max-snippet:-1, max-image-preview:large, max-video-preview:-1\" \/>\n<link rel=\"canonical\" href=\"https:\/\/blog.zeit.de\/nsu-prozess-blog\/der-prozess\/\" \/>\n<meta property=\"og:locale\" content=\"de_DE\" \/>\n<meta property=\"og:type\" content=\"article\" \/>\n<meta property=\"og:title\" content=\"Der Prozess - Das NSU-Prozess-Blog\" \/>\n<meta property=\"og:description\" content=\"&nbsp; In dem Prozess vor dem M\u00fcnchner Oberlandesgericht (OLG) sind Beate Zsch\u00e4pe sowie vier mutma\u00dfliche Unterst\u00fctzer und Gehilfen des rechtsextremen Nationalsozialistischen Untergrunds (NSU) angeklagt. Ihnen und ihren Helfern legen die Ermittler zehn Morde, zwei Sprengstoffanschl\u00e4ge und 15 Bank\u00fcberf\u00e4lle zur Last, begangen zwischen 1998 und 2011. Die Mordopfer waren acht t\u00fcrkischst\u00e4mmige und ein griechischer Kleinunternehmer sowie [&hellip;]\" \/>\n<meta property=\"og:url\" content=\"https:\/\/blog.zeit.de\/nsu-prozess-blog\/der-prozess\/\" \/>\n<meta property=\"og:site_name\" content=\"Das NSU-Prozess-Blog\" \/>\n<meta property=\"article:modified_time\" content=\"2017-07-25T15:28:34+00:00\" \/>\n<script type=\"application\/ld+json\" class=\"yoast-schema-graph\">{\"@context\":\"https:\/\/schema.org\",\"@graph\":[{\"@type\":\"WebPage\",\"@id\":\"https:\/\/blog.zeit.de\/nsu-prozess-blog\/der-prozess\/\",\"url\":\"https:\/\/blog.zeit.de\/nsu-prozess-blog\/der-prozess\/\",\"name\":\"Der Prozess - Das NSU-Prozess-Blog\",\"isPartOf\":{\"@id\":\"https:\/\/blog.zeit.de\/nsu-prozess-blog\/#website\"},\"datePublished\":\"2013-05-03T12:09:05+00:00\",\"dateModified\":\"2017-07-25T15:28:34+00:00\",\"breadcrumb\":{\"@id\":\"https:\/\/blog.zeit.de\/nsu-prozess-blog\/der-prozess\/#breadcrumb\"},\"inLanguage\":\"de\",\"potentialAction\":[{\"@type\":\"ReadAction\",\"target\":[\"https:\/\/blog.zeit.de\/nsu-prozess-blog\/der-prozess\/\"]}]},{\"@type\":\"BreadcrumbList\",\"@id\":\"https:\/\/blog.zeit.de\/nsu-prozess-blog\/der-prozess\/#breadcrumb\",\"itemListElement\":[{\"@type\":\"ListItem\",\"position\":1,\"name\":\"Startseite\",\"item\":\"https:\/\/blog.zeit.de\/nsu-prozess-blog\/\"},{\"@type\":\"ListItem\",\"position\":2,\"name\":\"Der Prozess\"}]},{\"@type\":\"WebSite\",\"@id\":\"https:\/\/blog.zeit.de\/nsu-prozess-blog\/#website\",\"url\":\"https:\/\/blog.zeit.de\/nsu-prozess-blog\/\",\"name\":\"Das NSU-Prozess-Blog\",\"description\":\"Alle Berichte zum Terrorverfahren in M\u00fcnchen\",\"potentialAction\":[{\"@type\":\"SearchAction\",\"target\":{\"@type\":\"EntryPoint\",\"urlTemplate\":\"https:\/\/blog.zeit.de\/nsu-prozess-blog\/?s={search_term_string}\"},\"query-input\":\"required name=search_term_string\"}],\"inLanguage\":\"de\"}]}<\/script>\n<!-- \/ Yoast SEO plugin. -->","yoast_head_json":{"title":"Der Prozess - Das NSU-Prozess-Blog","robots":{"index":"index","follow":"follow","max-snippet":"max-snippet:-1","max-image-preview":"max-image-preview:large","max-video-preview":"max-video-preview:-1"},"canonical":"https:\/\/blog.zeit.de\/nsu-prozess-blog\/der-prozess\/","og_locale":"de_DE","og_type":"article","og_title":"Der Prozess - Das NSU-Prozess-Blog","og_description":"&nbsp; In dem Prozess vor dem M\u00fcnchner Oberlandesgericht (OLG) sind Beate Zsch\u00e4pe sowie vier mutma\u00dfliche Unterst\u00fctzer und Gehilfen des rechtsextremen Nationalsozialistischen Untergrunds (NSU) angeklagt. Ihnen und ihren Helfern legen die Ermittler zehn Morde, zwei Sprengstoffanschl\u00e4ge und 15 Bank\u00fcberf\u00e4lle zur Last, begangen zwischen 1998 und 2011. Die Mordopfer waren acht t\u00fcrkischst\u00e4mmige und ein griechischer Kleinunternehmer sowie [&hellip;]","og_url":"https:\/\/blog.zeit.de\/nsu-prozess-blog\/der-prozess\/","og_site_name":"Das NSU-Prozess-Blog","article_modified_time":"2017-07-25T15:28:34+00:00","schema":{"@context":"https:\/\/schema.org","@graph":[{"@type":"WebPage","@id":"https:\/\/blog.zeit.de\/nsu-prozess-blog\/der-prozess\/","url":"https:\/\/blog.zeit.de\/nsu-prozess-blog\/der-prozess\/","name":"Der Prozess - Das NSU-Prozess-Blog","isPartOf":{"@id":"https:\/\/blog.zeit.de\/nsu-prozess-blog\/#website"},"datePublished":"2013-05-03T12:09:05+00:00","dateModified":"2017-07-25T15:28:34+00:00","breadcrumb":{"@id":"https:\/\/blog.zeit.de\/nsu-prozess-blog\/der-prozess\/#breadcrumb"},"inLanguage":"de","potentialAction":[{"@type":"ReadAction","target":["https:\/\/blog.zeit.de\/nsu-prozess-blog\/der-prozess\/"]}]},{"@type":"BreadcrumbList","@id":"https:\/\/blog.zeit.de\/nsu-prozess-blog\/der-prozess\/#breadcrumb","itemListElement":[{"@type":"ListItem","position":1,"name":"Startseite","item":"https:\/\/blog.zeit.de\/nsu-prozess-blog\/"},{"@type":"ListItem","position":2,"name":"Der Prozess"}]},{"@type":"WebSite","@id":"https:\/\/blog.zeit.de\/nsu-prozess-blog\/#website","url":"https:\/\/blog.zeit.de\/nsu-prozess-blog\/","name":"Das NSU-Prozess-Blog","description":"Alle Berichte zum Terrorverfahren in M\u00fcnchen","potentialAction":[{"@type":"SearchAction","target":{"@type":"EntryPoint","urlTemplate":"https:\/\/blog.zeit.de\/nsu-prozess-blog\/?s={search_term_string}"},"query-input":"required name=search_term_string"}],"inLanguage":"de"}]}},"jetpack_sharing_enabled":true,"_links":{"self":[{"href":"https:\/\/blog.zeit.de\/nsu-prozess-blog\/wp-json\/wp\/v2\/pages\/8","targetHints":{"allow":["GET"]}}],"collection":[{"href":"https:\/\/blog.zeit.de\/nsu-prozess-blog\/wp-json\/wp\/v2\/pages"}],"about":[{"href":"https:\/\/blog.zeit.de\/nsu-prozess-blog\/wp-json\/wp\/v2\/types\/page"}],"author":[{"embeddable":true,"href":"https:\/\/blog.zeit.de\/nsu-prozess-blog\/wp-json\/wp\/v2\/users\/2"}],"replies":[{"embeddable":true,"href":"https:\/\/blog.zeit.de\/nsu-prozess-blog\/wp-json\/wp\/v2\/comments?post=8"}],"version-history":[{"count":11,"href":"https:\/\/blog.zeit.de\/nsu-prozess-blog\/wp-json\/wp\/v2\/pages\/8\/revisions"}],"predecessor-version":[{"id":13476,"href":"https:\/\/blog.zeit.de\/nsu-prozess-blog\/wp-json\/wp\/v2\/pages\/8\/revisions\/13476"}],"wp:attachment":[{"href":"https:\/\/blog.zeit.de\/nsu-prozess-blog\/wp-json\/wp\/v2\/media?parent=8"}],"curies":[{"name":"wp","href":"https:\/\/api.w.org\/{rel}","templated":true}]}}