{"id":9,"date":"2013-05-03T14:09:13","date_gmt":"2013-05-03T12:09:13","guid":{"rendered":"http:\/\/blog.zeit.de\/nsu-prozess-blog\/?page_id=9"},"modified":"2017-07-25T17:26:53","modified_gmt":"2017-07-25T15:26:53","slug":"die-angeklagten","status":"publish","type":"page","link":"https:\/\/blog.zeit.de\/nsu-prozess-blog\/die-angeklagten\/","title":{"rendered":"Die Angeklagten"},"content":{"rendered":"<p>&nbsp;<\/p>\n<p>Die Hauptangeklagte <a href=\"http:\/\/www.zeit.de\/schlagworte\/personen\/beate-zschaepe\/index\">Beate Zsch\u00e4pe<\/a> lebte mehr als 13 Jahre mit <a href=\"http:\/\/www.zeit.de\/schlagworte\/personen\/uwe-mundlos\/index\">Uwe Mundlos<\/a> und <a href=\"http:\/\/www.zeit.de\/schlagworte\/personen\/uwe-boehnhardt\/index\">Uwe B\u00f6hnhardt<\/a> mit falscher Identit\u00e4t in Deutschland. Die Ermittler erkannten den &#8222;Nationalsozialistischen Untergrund&#8220; erst 2011. Zuvor vermuteten sie die T\u00e4ter der Mordserie an Migranten im Bereich der Organisierten Kriminalit\u00e4t.<\/p>\n<p>Die Bundesanwaltschaft will Beate Zsch\u00e4pe als einziger NSU-\u00dcberlebender nachweisen, dass sie Mitt\u00e4terin war bei den zehn Morden, zwei Bombenanschl\u00e4gen und 15 Raub\u00fcberf\u00e4llen. Sie war demnach zwar nicht an den Tatorten, billigte aber die Morde von Mundlos und B\u00f6hnhardt. Bei der Organisation des Lebens im Untergrund habe sie eine wichtige Rolle gespielt, so habe sie etwa vor den Nachbarn eine b\u00fcrgerliche Fassade aufgebaut, um das wahre Naturell der Terrorgruppe zu verschleiern. <a href=\"http:\/\/www.zeit.de\/2012\/23\/DOS-Zschaepe\">Zudem verwaltete sie aus Sicht der Anklage das Geld der Truppe.<\/a> Ihrer <a href=\"http:\/\/www.zeit.de\/politik\/ausland\/2015-12\/beate-schaepe-aussage-bewertung\">eigenen Aussage zufolge<\/a> erfuhr sie von den Gewalttaten immer erst im Nachhinein und habe ihre Komplizen aufgefordert, die Mordserie zu beenden. Diese Angaben stie\u00dfen vor Gericht auf weitgehende Skepsis.<\/p>\n<p>Weitere Angeklagte:<\/p>\n<p>Ralf Wohlleben, ein ehemaliger Th\u00fcringer NPD-Funktion\u00e4r, soll Waffen f\u00fcr die Dreiergruppe organisiert haben. Nach Ansicht der Ermittler wusste er von den Verbrechen.\u00a0Er ist wegen Beihilfe zum Mord angeklagt. In seiner Aussage <a href=\"https:\/\/blog.zeit.de\/nsu-prozess-blog\/2015\/12\/16\/aussage-nach-zschapes-vorbild\/\">stritt er eine strafrechtlich relevante Beteiligung ab<\/a>.<\/p>\n<p>Carsten S. hat gestanden, den Untergetauchten eine Pistole mit Schalld\u00e4mpfer geliefert zu haben. Dabei handelt es sich h\u00f6chstwahrscheinlich um die Ceska, die bei den Morden verwendet wurde. Er l\u00f6ste sich kurz darauf aus der Szene, lebte ab 2001 in Nordrhein-Westfalen. <a href=\"http:\/\/www.zeit.de\/2013\/16\/nsu-mordwaffe-carsten-s-prozess\">Er ist wie Wohlleben wegen Beihilfe zum Mord angeklagt, aber auf freiem Fu\u00df.<\/a><\/p>\n<p>Andr\u00e9 E. soll einer der wichtigsten Vertrauten der Gruppe gewesen sein <a href=\"http:\/\/www.zeit.de\/2013\/16\/nsu-helfer-eminger-zwillinge\">und mit seiner Frau regelm\u00e4\u00dfig Kontakt zur Gruppe im Untergrund gehabt haben.<\/a> Unter anderem soll er Wohnmobile gemietet haben, welche der NSU bei Raub\u00fcberf\u00e4llen und einem Sprengstoffanschlag nutzte. Der aus dem Erzgebirge stammende E. ist als Unterst\u00fctzer der Terrorgruppe angeklagt.<\/p>\n<p>Holger G. geh\u00f6rte wie Wohlleben und die drei Untergetauchten zur Jenaer Kameradschaft. Er zog 1997 nach Niedersachsen um. G. spendete Geld, transportierte einmal eine Waffe nach Zwickau und traf sich mehrfach mit der Gruppe. Er \u00fcberlie\u00df B\u00f6hnhardt einen Ersatzf\u00fchrerschein sowie 2001 und 2011 seinen Pass. Von \u00dcberf\u00e4llen und Morden will er nichts gewusst haben. G. ist als mutma\u00dflicher Unterst\u00fctzer der Terrorgruppe angeklagt.<\/p>\n","protected":false},"excerpt":{"rendered":"<p>&nbsp; Die Hauptangeklagte Beate Zsch\u00e4pe lebte mehr als 13 Jahre mit Uwe Mundlos und Uwe B\u00f6hnhardt mit falscher Identit\u00e4t in Deutschland. Die Ermittler erkannten den &#8222;Nationalsozialistischen Untergrund&#8220; erst 2011. Zuvor vermuteten sie die T\u00e4ter der Mordserie an Migranten im Bereich der Organisierten Kriminalit\u00e4t. Die Bundesanwaltschaft will Beate Zsch\u00e4pe als einziger NSU-\u00dcberlebender nachweisen, dass sie Mitt\u00e4terin [&hellip;]<\/p>\n","protected":false},"author":2,"featured_media":0,"parent":0,"menu_order":0,"comment_status":"open","ping_status":"open","template":"","meta":{"footnotes":""},"class_list":["post-9","page","type-page","status-publish","hentry"],"yoast_head":"<!-- This site is optimized with the Yoast SEO plugin v21.0 - https:\/\/yoast.com\/wordpress\/plugins\/seo\/ -->\n<title>Die Angeklagten - Das NSU-Prozess-Blog<\/title>\n<meta name=\"robots\" content=\"index, follow, max-snippet:-1, max-image-preview:large, max-video-preview:-1\" \/>\n<link rel=\"canonical\" href=\"https:\/\/blog.zeit.de\/nsu-prozess-blog\/die-angeklagten\/\" \/>\n<meta property=\"og:locale\" content=\"de_DE\" \/>\n<meta property=\"og:type\" content=\"article\" \/>\n<meta property=\"og:title\" content=\"Die Angeklagten - Das NSU-Prozess-Blog\" \/>\n<meta property=\"og:description\" content=\"&nbsp; Die Hauptangeklagte Beate Zsch\u00e4pe lebte mehr als 13 Jahre mit Uwe Mundlos und Uwe B\u00f6hnhardt mit falscher Identit\u00e4t in Deutschland. Die Ermittler erkannten den &#8222;Nationalsozialistischen Untergrund&#8220; erst 2011. Zuvor vermuteten sie die T\u00e4ter der Mordserie an Migranten im Bereich der Organisierten Kriminalit\u00e4t. Die Bundesanwaltschaft will Beate Zsch\u00e4pe als einziger NSU-\u00dcberlebender nachweisen, dass sie Mitt\u00e4terin [&hellip;]\" \/>\n<meta property=\"og:url\" content=\"https:\/\/blog.zeit.de\/nsu-prozess-blog\/die-angeklagten\/\" \/>\n<meta property=\"og:site_name\" content=\"Das NSU-Prozess-Blog\" \/>\n<meta property=\"article:modified_time\" content=\"2017-07-25T15:26:53+00:00\" \/>\n<meta name=\"twitter:label1\" content=\"Gesch\u00e4tzte Lesezeit\" \/>\n\t<meta name=\"twitter:data1\" content=\"2\u00a0Minuten\" \/>\n<script type=\"application\/ld+json\" class=\"yoast-schema-graph\">{\"@context\":\"https:\/\/schema.org\",\"@graph\":[{\"@type\":\"WebPage\",\"@id\":\"https:\/\/blog.zeit.de\/nsu-prozess-blog\/die-angeklagten\/\",\"url\":\"https:\/\/blog.zeit.de\/nsu-prozess-blog\/die-angeklagten\/\",\"name\":\"Die Angeklagten - Das NSU-Prozess-Blog\",\"isPartOf\":{\"@id\":\"https:\/\/blog.zeit.de\/nsu-prozess-blog\/#website\"},\"datePublished\":\"2013-05-03T12:09:13+00:00\",\"dateModified\":\"2017-07-25T15:26:53+00:00\",\"breadcrumb\":{\"@id\":\"https:\/\/blog.zeit.de\/nsu-prozess-blog\/die-angeklagten\/#breadcrumb\"},\"inLanguage\":\"de\",\"potentialAction\":[{\"@type\":\"ReadAction\",\"target\":[\"https:\/\/blog.zeit.de\/nsu-prozess-blog\/die-angeklagten\/\"]}]},{\"@type\":\"BreadcrumbList\",\"@id\":\"https:\/\/blog.zeit.de\/nsu-prozess-blog\/die-angeklagten\/#breadcrumb\",\"itemListElement\":[{\"@type\":\"ListItem\",\"position\":1,\"name\":\"Startseite\",\"item\":\"https:\/\/blog.zeit.de\/nsu-prozess-blog\/\"},{\"@type\":\"ListItem\",\"position\":2,\"name\":\"Die Angeklagten\"}]},{\"@type\":\"WebSite\",\"@id\":\"https:\/\/blog.zeit.de\/nsu-prozess-blog\/#website\",\"url\":\"https:\/\/blog.zeit.de\/nsu-prozess-blog\/\",\"name\":\"Das NSU-Prozess-Blog\",\"description\":\"Alle Berichte zum Terrorverfahren in M\u00fcnchen\",\"potentialAction\":[{\"@type\":\"SearchAction\",\"target\":{\"@type\":\"EntryPoint\",\"urlTemplate\":\"https:\/\/blog.zeit.de\/nsu-prozess-blog\/?s={search_term_string}\"},\"query-input\":\"required name=search_term_string\"}],\"inLanguage\":\"de\"}]}<\/script>\n<!-- \/ Yoast SEO plugin. -->","yoast_head_json":{"title":"Die Angeklagten - Das NSU-Prozess-Blog","robots":{"index":"index","follow":"follow","max-snippet":"max-snippet:-1","max-image-preview":"max-image-preview:large","max-video-preview":"max-video-preview:-1"},"canonical":"https:\/\/blog.zeit.de\/nsu-prozess-blog\/die-angeklagten\/","og_locale":"de_DE","og_type":"article","og_title":"Die Angeklagten - Das NSU-Prozess-Blog","og_description":"&nbsp; Die Hauptangeklagte Beate Zsch\u00e4pe lebte mehr als 13 Jahre mit Uwe Mundlos und Uwe B\u00f6hnhardt mit falscher Identit\u00e4t in Deutschland. Die Ermittler erkannten den &#8222;Nationalsozialistischen Untergrund&#8220; erst 2011. Zuvor vermuteten sie die T\u00e4ter der Mordserie an Migranten im Bereich der Organisierten Kriminalit\u00e4t. Die Bundesanwaltschaft will Beate Zsch\u00e4pe als einziger NSU-\u00dcberlebender nachweisen, dass sie Mitt\u00e4terin [&hellip;]","og_url":"https:\/\/blog.zeit.de\/nsu-prozess-blog\/die-angeklagten\/","og_site_name":"Das NSU-Prozess-Blog","article_modified_time":"2017-07-25T15:26:53+00:00","twitter_misc":{"Gesch\u00e4tzte Lesezeit":"2\u00a0Minuten"},"schema":{"@context":"https:\/\/schema.org","@graph":[{"@type":"WebPage","@id":"https:\/\/blog.zeit.de\/nsu-prozess-blog\/die-angeklagten\/","url":"https:\/\/blog.zeit.de\/nsu-prozess-blog\/die-angeklagten\/","name":"Die Angeklagten - Das NSU-Prozess-Blog","isPartOf":{"@id":"https:\/\/blog.zeit.de\/nsu-prozess-blog\/#website"},"datePublished":"2013-05-03T12:09:13+00:00","dateModified":"2017-07-25T15:26:53+00:00","breadcrumb":{"@id":"https:\/\/blog.zeit.de\/nsu-prozess-blog\/die-angeklagten\/#breadcrumb"},"inLanguage":"de","potentialAction":[{"@type":"ReadAction","target":["https:\/\/blog.zeit.de\/nsu-prozess-blog\/die-angeklagten\/"]}]},{"@type":"BreadcrumbList","@id":"https:\/\/blog.zeit.de\/nsu-prozess-blog\/die-angeklagten\/#breadcrumb","itemListElement":[{"@type":"ListItem","position":1,"name":"Startseite","item":"https:\/\/blog.zeit.de\/nsu-prozess-blog\/"},{"@type":"ListItem","position":2,"name":"Die Angeklagten"}]},{"@type":"WebSite","@id":"https:\/\/blog.zeit.de\/nsu-prozess-blog\/#website","url":"https:\/\/blog.zeit.de\/nsu-prozess-blog\/","name":"Das NSU-Prozess-Blog","description":"Alle Berichte zum Terrorverfahren in M\u00fcnchen","potentialAction":[{"@type":"SearchAction","target":{"@type":"EntryPoint","urlTemplate":"https:\/\/blog.zeit.de\/nsu-prozess-blog\/?s={search_term_string}"},"query-input":"required name=search_term_string"}],"inLanguage":"de"}]}},"jetpack_sharing_enabled":true,"_links":{"self":[{"href":"https:\/\/blog.zeit.de\/nsu-prozess-blog\/wp-json\/wp\/v2\/pages\/9","targetHints":{"allow":["GET"]}}],"collection":[{"href":"https:\/\/blog.zeit.de\/nsu-prozess-blog\/wp-json\/wp\/v2\/pages"}],"about":[{"href":"https:\/\/blog.zeit.de\/nsu-prozess-blog\/wp-json\/wp\/v2\/types\/page"}],"author":[{"embeddable":true,"href":"https:\/\/blog.zeit.de\/nsu-prozess-blog\/wp-json\/wp\/v2\/users\/2"}],"replies":[{"embeddable":true,"href":"https:\/\/blog.zeit.de\/nsu-prozess-blog\/wp-json\/wp\/v2\/comments?post=9"}],"version-history":[{"count":16,"href":"https:\/\/blog.zeit.de\/nsu-prozess-blog\/wp-json\/wp\/v2\/pages\/9\/revisions"}],"predecessor-version":[{"id":13474,"href":"https:\/\/blog.zeit.de\/nsu-prozess-blog\/wp-json\/wp\/v2\/pages\/9\/revisions\/13474"}],"wp:attachment":[{"href":"https:\/\/blog.zeit.de\/nsu-prozess-blog\/wp-json\/wp\/v2\/media?parent=9"}],"curies":[{"name":"wp","href":"https:\/\/api.w.org\/{rel}","templated":true}]}}