{"id":2,"date":"2010-10-15T11:56:10","date_gmt":"2010-10-15T11:56:10","guid":{"rendered":"http:\/\/blog.zeit.de\/open-data\/?page_id=2"},"modified":"2014-08-14T15:45:37","modified_gmt":"2014-08-14T13:45:37","slug":"der-autor","status":"publish","type":"page","link":"https:\/\/blog.zeit.de\/open-data\/der-autor\/","title":{"rendered":"Der Autor"},"content":{"rendered":"<p>Der freie Zugang zu Daten aus Forschung, Verwaltung und Politik kann und wird unsere Gesellschaft fundamental \u00e4ndern. Offene Daten bieten die Chance, das Land transparenter und demokratischer zu machen und mehr Menschen an politischen Prozessen zu beteiligen. Das Data-Blog von ZEIT ONLINE will diese Entwicklung begleiten. Wir wollen beobachten, was offene Daten k\u00f6nnen und welchen Nutzen sie bringen.<\/p>\n<p><strong>Kai Biermann:<\/strong> Geboren 1972 in Berlin, Psychologie-Diplom 1997 an der Humboldt-Universit\u00e4t, daneben freie Mitarbeit bei der <em>Brigitte<\/em>. Anschlie\u00dfend Volontariat bei der <em>Berliner Zeitung<\/em>, Producer im Politikressort der der <em>Financial Times Deutschland<\/em>, Reporter und Politikredakteur bei der <em>Netzeitung<\/em> und Freier f\u00fcr verschiedene Zeitungen, darunter <em>Das Magazin<\/em> und die <em>taz<\/em>.<\/p>\n<p>Seit Mai 2007 bei ZEIT ONLINE, anfangs als Hauptstadtkorrespondent, seit 2009 zust\u00e4ndig f\u00fcr die Themen Internet, Datenschutz und Netzpolitik, seit 2014 im Team Investigativ | Daten. Bloggt seit M\u00e4rz 2010 gemeinsam mit Martin Haase unter neusprech.org. Wurde 2011 f\u00fcr das Blog und f\u00fcr die Mitarbeit an der interaktiven Grafik <a href=\"http:\/\/www.zeit.de\/digital\/datenschutz\/2011-02\/vorratsdaten-malte-spitz\" target=\"_blank\">&#8222;Verr\u00e4terisches Handy&#8220;<\/a> mit zwei Grimme-Online-Awards ausgezeichnet.<\/p>\n","protected":false},"excerpt":{"rendered":"<p>Der freie Zugang zu Daten aus Forschung, Verwaltung und Politik kann und wird unsere Gesellschaft fundamental \u00e4ndern. Offene Daten bieten die Chance, das Land transparenter und demokratischer zu machen und mehr Menschen an politischen Prozessen zu beteiligen. Das Data-Blog von ZEIT ONLINE will diese Entwicklung begleiten. Wir wollen beobachten, was offene Daten k\u00f6nnen und welchen [&hellip;]<\/p>\n","protected":false},"author":2,"featured_media":0,"parent":0,"menu_order":0,"comment_status":"open","ping_status":"open","template":"","meta":{"footnotes":""},"class_list":["post-2","page","type-page","status-publish","hentry"],"yoast_head":"<!-- This site is optimized with the Yoast SEO plugin v21.0 - https:\/\/yoast.com\/wordpress\/plugins\/seo\/ -->\n<title>Der Autor - Data Blog<\/title>\n<meta name=\"robots\" content=\"index, follow, max-snippet:-1, max-image-preview:large, max-video-preview:-1\" \/>\n<link rel=\"canonical\" href=\"https:\/\/blog.zeit.de\/open-data\/der-autor\/\" \/>\n<meta property=\"og:locale\" content=\"de_DE\" \/>\n<meta property=\"og:type\" content=\"article\" \/>\n<meta property=\"og:title\" content=\"Der Autor - Data Blog\" \/>\n<meta property=\"og:description\" content=\"Der freie Zugang zu Daten aus Forschung, Verwaltung und Politik kann und wird unsere Gesellschaft fundamental \u00e4ndern. Offene Daten bieten die Chance, das Land transparenter und demokratischer zu machen und mehr Menschen an politischen Prozessen zu beteiligen. Das Data-Blog von ZEIT ONLINE will diese Entwicklung begleiten. Wir wollen beobachten, was offene Daten k\u00f6nnen und welchen [&hellip;]\" \/>\n<meta property=\"og:url\" content=\"https:\/\/blog.zeit.de\/open-data\/der-autor\/\" \/>\n<meta property=\"og:site_name\" content=\"Data Blog\" \/>\n<meta property=\"article:modified_time\" content=\"2014-08-14T13:45:37+00:00\" \/>\n<meta name=\"twitter:label1\" content=\"Gesch\u00e4tzte Lesezeit\" \/>\n\t<meta name=\"twitter:data1\" content=\"1\u00a0Minute\" \/>\n<script type=\"application\/ld+json\" class=\"yoast-schema-graph\">{\"@context\":\"https:\/\/schema.org\",\"@graph\":[{\"@type\":\"WebPage\",\"@id\":\"https:\/\/blog.zeit.de\/open-data\/der-autor\/\",\"url\":\"https:\/\/blog.zeit.de\/open-data\/der-autor\/\",\"name\":\"Der Autor - Data Blog\",\"isPartOf\":{\"@id\":\"https:\/\/blog.zeit.de\/open-data\/#website\"},\"datePublished\":\"2010-10-15T11:56:10+00:00\",\"dateModified\":\"2014-08-14T13:45:37+00:00\",\"breadcrumb\":{\"@id\":\"https:\/\/blog.zeit.de\/open-data\/der-autor\/#breadcrumb\"},\"inLanguage\":\"de\",\"potentialAction\":[{\"@type\":\"ReadAction\",\"target\":[\"https:\/\/blog.zeit.de\/open-data\/der-autor\/\"]}]},{\"@type\":\"BreadcrumbList\",\"@id\":\"https:\/\/blog.zeit.de\/open-data\/der-autor\/#breadcrumb\",\"itemListElement\":[{\"@type\":\"ListItem\",\"position\":1,\"name\":\"Startseite\",\"item\":\"https:\/\/blog.zeit.de\/open-data\/\"},{\"@type\":\"ListItem\",\"position\":2,\"name\":\"Der Autor\"}]},{\"@type\":\"WebSite\",\"@id\":\"https:\/\/blog.zeit.de\/open-data\/#website\",\"url\":\"https:\/\/blog.zeit.de\/open-data\/\",\"name\":\"Data Blog\",\"description\":\"Offene Daten \u2013 offene Gesellschaft\",\"potentialAction\":[{\"@type\":\"SearchAction\",\"target\":{\"@type\":\"EntryPoint\",\"urlTemplate\":\"https:\/\/blog.zeit.de\/open-data\/?s={search_term_string}\"},\"query-input\":\"required name=search_term_string\"}],\"inLanguage\":\"de\"}]}<\/script>\n<!-- \/ Yoast SEO plugin. -->","yoast_head_json":{"title":"Der Autor - Data Blog","robots":{"index":"index","follow":"follow","max-snippet":"max-snippet:-1","max-image-preview":"max-image-preview:large","max-video-preview":"max-video-preview:-1"},"canonical":"https:\/\/blog.zeit.de\/open-data\/der-autor\/","og_locale":"de_DE","og_type":"article","og_title":"Der Autor - Data Blog","og_description":"Der freie Zugang zu Daten aus Forschung, Verwaltung und Politik kann und wird unsere Gesellschaft fundamental \u00e4ndern. Offene Daten bieten die Chance, das Land transparenter und demokratischer zu machen und mehr Menschen an politischen Prozessen zu beteiligen. Das Data-Blog von ZEIT ONLINE will diese Entwicklung begleiten. Wir wollen beobachten, was offene Daten k\u00f6nnen und welchen [&hellip;]","og_url":"https:\/\/blog.zeit.de\/open-data\/der-autor\/","og_site_name":"Data Blog","article_modified_time":"2014-08-14T13:45:37+00:00","twitter_misc":{"Gesch\u00e4tzte Lesezeit":"1\u00a0Minute"},"schema":{"@context":"https:\/\/schema.org","@graph":[{"@type":"WebPage","@id":"https:\/\/blog.zeit.de\/open-data\/der-autor\/","url":"https:\/\/blog.zeit.de\/open-data\/der-autor\/","name":"Der Autor - Data Blog","isPartOf":{"@id":"https:\/\/blog.zeit.de\/open-data\/#website"},"datePublished":"2010-10-15T11:56:10+00:00","dateModified":"2014-08-14T13:45:37+00:00","breadcrumb":{"@id":"https:\/\/blog.zeit.de\/open-data\/der-autor\/#breadcrumb"},"inLanguage":"de","potentialAction":[{"@type":"ReadAction","target":["https:\/\/blog.zeit.de\/open-data\/der-autor\/"]}]},{"@type":"BreadcrumbList","@id":"https:\/\/blog.zeit.de\/open-data\/der-autor\/#breadcrumb","itemListElement":[{"@type":"ListItem","position":1,"name":"Startseite","item":"https:\/\/blog.zeit.de\/open-data\/"},{"@type":"ListItem","position":2,"name":"Der Autor"}]},{"@type":"WebSite","@id":"https:\/\/blog.zeit.de\/open-data\/#website","url":"https:\/\/blog.zeit.de\/open-data\/","name":"Data Blog","description":"Offene Daten \u2013 offene Gesellschaft","potentialAction":[{"@type":"SearchAction","target":{"@type":"EntryPoint","urlTemplate":"https:\/\/blog.zeit.de\/open-data\/?s={search_term_string}"},"query-input":"required name=search_term_string"}],"inLanguage":"de"}]}},"jetpack_sharing_enabled":true,"_links":{"self":[{"href":"https:\/\/blog.zeit.de\/open-data\/wp-json\/wp\/v2\/pages\/2","targetHints":{"allow":["GET"]}}],"collection":[{"href":"https:\/\/blog.zeit.de\/open-data\/wp-json\/wp\/v2\/pages"}],"about":[{"href":"https:\/\/blog.zeit.de\/open-data\/wp-json\/wp\/v2\/types\/page"}],"author":[{"embeddable":true,"href":"https:\/\/blog.zeit.de\/open-data\/wp-json\/wp\/v2\/users\/2"}],"replies":[{"embeddable":true,"href":"https:\/\/blog.zeit.de\/open-data\/wp-json\/wp\/v2\/comments?post=2"}],"version-history":[{"count":15,"href":"https:\/\/blog.zeit.de\/open-data\/wp-json\/wp\/v2\/pages\/2\/revisions"}],"predecessor-version":[{"id":5375,"href":"https:\/\/blog.zeit.de\/open-data\/wp-json\/wp\/v2\/pages\/2\/revisions\/5375"}],"wp:attachment":[{"href":"https:\/\/blog.zeit.de\/open-data\/wp-json\/wp\/v2\/media?parent=2"}],"curies":[{"name":"wp","href":"https:\/\/api.w.org\/{rel}","templated":true}]}}