{"id":2132,"date":"2009-12-15T10:32:45","date_gmt":"2009-12-15T09:32:45","guid":{"rendered":"http:\/\/blog.zeit.de\/politik-nach-zahlen\/?page_id=2132"},"modified":"2009-12-15T11:05:49","modified_gmt":"2009-12-15T10:05:49","slug":"das-thema","status":"publish","type":"page","link":"https:\/\/blog.zeit.de\/politik-nach-zahlen\/das-thema","title":{"rendered":"Das Thema"},"content":{"rendered":"<p>Das Blog &#8222;Wahlen nach Zahlen\/Politik nach Zahlen&#8220; begleitet die bundesdeutsche Politik aus der Perspektive der empirischen Sozialforschung. Die Autorinnen und Autoren reichern das tagespolitische Geschehen mit einschl\u00e4gigen Daten, Modellen und Theorien aus der Wissenschaft an.<\/p>\n<p>Damit m\u00f6chten wir einerseits zum \u00f6ffentlichen Diskurs beitragen, andererseits die Ergebnisse der empirischen Sozialforschung einem breiteren Publikum zug\u00e4nglich machen.<\/p>\n<p>&#8222;Politik nach Zahlen&#8220; ist der Nachfolger des Blogs &#8222;Wahlen nach Zahlen&#8220;, in dem das Superwahljahr 2009 beobachtet wurde.<\/p>\n","protected":false},"excerpt":{"rendered":"<p>Das Blog &#8222;Wahlen nach Zahlen\/Politik nach Zahlen&#8220; begleitet die bundesdeutsche Politik aus der Perspektive der empirischen Sozialforschung. Die Autorinnen und Autoren reichern das tagespolitische Geschehen mit einschl\u00e4gigen Daten, Modellen und Theorien aus der Wissenschaft an. Damit m\u00f6chten wir einerseits zum \u00f6ffentlichen Diskurs beitragen, andererseits die Ergebnisse der empirischen Sozialforschung einem breiteren Publikum zug\u00e4nglich machen. &#8222;Politik [&hellip;]<\/p>\n","protected":false},"author":2,"featured_media":0,"parent":0,"menu_order":0,"comment_status":"open","ping_status":"closed","template":"","meta":{"footnotes":""},"class_list":["post-2132","page","type-page","status-publish","hentry"],"yoast_head":"<!-- This site is optimized with the Yoast SEO plugin v21.0 - https:\/\/yoast.com\/wordpress\/plugins\/seo\/ -->\n<title>Das Thema - Politik nach Zahlen<\/title>\n<meta name=\"robots\" content=\"index, follow, max-snippet:-1, max-image-preview:large, max-video-preview:-1\" \/>\n<link rel=\"canonical\" href=\"https:\/\/blog.zeit.de\/politik-nach-zahlen\/das-thema\" \/>\n<meta property=\"og:locale\" content=\"de_DE\" \/>\n<meta property=\"og:type\" content=\"article\" \/>\n<meta property=\"og:title\" content=\"Das Thema - Politik nach Zahlen\" \/>\n<meta property=\"og:description\" content=\"Das Blog &#8222;Wahlen nach Zahlen\/Politik nach Zahlen&#8220; begleitet die bundesdeutsche Politik aus der Perspektive der empirischen Sozialforschung. Die Autorinnen und Autoren reichern das tagespolitische Geschehen mit einschl\u00e4gigen Daten, Modellen und Theorien aus der Wissenschaft an. Damit m\u00f6chten wir einerseits zum \u00f6ffentlichen Diskurs beitragen, andererseits die Ergebnisse der empirischen Sozialforschung einem breiteren Publikum zug\u00e4nglich machen. &#8222;Politik [&hellip;]\" \/>\n<meta property=\"og:url\" content=\"https:\/\/blog.zeit.de\/politik-nach-zahlen\/das-thema\" \/>\n<meta property=\"og:site_name\" content=\"Politik nach Zahlen\" \/>\n<meta property=\"article:modified_time\" content=\"2009-12-15T10:05:49+00:00\" \/>\n<meta name=\"twitter:card\" content=\"summary_large_image\" \/>\n<script type=\"application\/ld+json\" class=\"yoast-schema-graph\">{\"@context\":\"https:\/\/schema.org\",\"@graph\":[{\"@type\":\"WebPage\",\"@id\":\"https:\/\/blog.zeit.de\/politik-nach-zahlen\/das-thema\",\"url\":\"https:\/\/blog.zeit.de\/politik-nach-zahlen\/das-thema\",\"name\":\"Das Thema - Politik nach Zahlen\",\"isPartOf\":{\"@id\":\"https:\/\/blog.zeit.de\/politik-nach-zahlen\/#website\"},\"datePublished\":\"2009-12-15T09:32:45+00:00\",\"dateModified\":\"2009-12-15T10:05:49+00:00\",\"breadcrumb\":{\"@id\":\"https:\/\/blog.zeit.de\/politik-nach-zahlen\/das-thema#breadcrumb\"},\"inLanguage\":\"de\",\"potentialAction\":[{\"@type\":\"ReadAction\",\"target\":[\"https:\/\/blog.zeit.de\/politik-nach-zahlen\/das-thema\"]}]},{\"@type\":\"BreadcrumbList\",\"@id\":\"https:\/\/blog.zeit.de\/politik-nach-zahlen\/das-thema#breadcrumb\",\"itemListElement\":[{\"@type\":\"ListItem\",\"position\":1,\"name\":\"Startseite\",\"item\":\"https:\/\/blog.zeit.de\/politik-nach-zahlen\"},{\"@type\":\"ListItem\",\"position\":2,\"name\":\"Das Thema\"}]},{\"@type\":\"WebSite\",\"@id\":\"https:\/\/blog.zeit.de\/politik-nach-zahlen\/#website\",\"url\":\"https:\/\/blog.zeit.de\/politik-nach-zahlen\/\",\"name\":\"Politik nach Zahlen\",\"description\":\"Analysen aus der Perspektive der empirischen Sozialforschung\",\"potentialAction\":[{\"@type\":\"SearchAction\",\"target\":{\"@type\":\"EntryPoint\",\"urlTemplate\":\"https:\/\/blog.zeit.de\/politik-nach-zahlen\/?s={search_term_string}\"},\"query-input\":\"required name=search_term_string\"}],\"inLanguage\":\"de\"}]}<\/script>\n<!-- \/ Yoast SEO plugin. -->","yoast_head_json":{"title":"Das Thema - Politik nach Zahlen","robots":{"index":"index","follow":"follow","max-snippet":"max-snippet:-1","max-image-preview":"max-image-preview:large","max-video-preview":"max-video-preview:-1"},"canonical":"https:\/\/blog.zeit.de\/politik-nach-zahlen\/das-thema","og_locale":"de_DE","og_type":"article","og_title":"Das Thema - Politik nach Zahlen","og_description":"Das Blog &#8222;Wahlen nach Zahlen\/Politik nach Zahlen&#8220; begleitet die bundesdeutsche Politik aus der Perspektive der empirischen Sozialforschung. Die Autorinnen und Autoren reichern das tagespolitische Geschehen mit einschl\u00e4gigen Daten, Modellen und Theorien aus der Wissenschaft an. Damit m\u00f6chten wir einerseits zum \u00f6ffentlichen Diskurs beitragen, andererseits die Ergebnisse der empirischen Sozialforschung einem breiteren Publikum zug\u00e4nglich machen. &#8222;Politik [&hellip;]","og_url":"https:\/\/blog.zeit.de\/politik-nach-zahlen\/das-thema","og_site_name":"Politik nach Zahlen","article_modified_time":"2009-12-15T10:05:49+00:00","twitter_card":"summary_large_image","schema":{"@context":"https:\/\/schema.org","@graph":[{"@type":"WebPage","@id":"https:\/\/blog.zeit.de\/politik-nach-zahlen\/das-thema","url":"https:\/\/blog.zeit.de\/politik-nach-zahlen\/das-thema","name":"Das Thema - Politik nach Zahlen","isPartOf":{"@id":"https:\/\/blog.zeit.de\/politik-nach-zahlen\/#website"},"datePublished":"2009-12-15T09:32:45+00:00","dateModified":"2009-12-15T10:05:49+00:00","breadcrumb":{"@id":"https:\/\/blog.zeit.de\/politik-nach-zahlen\/das-thema#breadcrumb"},"inLanguage":"de","potentialAction":[{"@type":"ReadAction","target":["https:\/\/blog.zeit.de\/politik-nach-zahlen\/das-thema"]}]},{"@type":"BreadcrumbList","@id":"https:\/\/blog.zeit.de\/politik-nach-zahlen\/das-thema#breadcrumb","itemListElement":[{"@type":"ListItem","position":1,"name":"Startseite","item":"https:\/\/blog.zeit.de\/politik-nach-zahlen"},{"@type":"ListItem","position":2,"name":"Das Thema"}]},{"@type":"WebSite","@id":"https:\/\/blog.zeit.de\/politik-nach-zahlen\/#website","url":"https:\/\/blog.zeit.de\/politik-nach-zahlen\/","name":"Politik nach Zahlen","description":"Analysen aus der Perspektive der empirischen Sozialforschung","potentialAction":[{"@type":"SearchAction","target":{"@type":"EntryPoint","urlTemplate":"https:\/\/blog.zeit.de\/politik-nach-zahlen\/?s={search_term_string}"},"query-input":"required name=search_term_string"}],"inLanguage":"de"}]}},"_links":{"self":[{"href":"https:\/\/blog.zeit.de\/politik-nach-zahlen\/wp-json\/wp\/v2\/pages\/2132","targetHints":{"allow":["GET"]}}],"collection":[{"href":"https:\/\/blog.zeit.de\/politik-nach-zahlen\/wp-json\/wp\/v2\/pages"}],"about":[{"href":"https:\/\/blog.zeit.de\/politik-nach-zahlen\/wp-json\/wp\/v2\/types\/page"}],"author":[{"embeddable":true,"href":"https:\/\/blog.zeit.de\/politik-nach-zahlen\/wp-json\/wp\/v2\/users\/2"}],"replies":[{"embeddable":true,"href":"https:\/\/blog.zeit.de\/politik-nach-zahlen\/wp-json\/wp\/v2\/comments?post=2132"}],"version-history":[{"count":0,"href":"https:\/\/blog.zeit.de\/politik-nach-zahlen\/wp-json\/wp\/v2\/pages\/2132\/revisions"}],"wp:attachment":[{"href":"https:\/\/blog.zeit.de\/politik-nach-zahlen\/wp-json\/wp\/v2\/media?parent=2132"}],"curies":[{"name":"wp","href":"https:\/\/api.w.org\/{rel}","templated":true}]}}