{"id":9,"date":"2013-04-11T12:53:18","date_gmt":"2013-04-11T10:53:18","guid":{"rendered":"http:\/\/blog.zeit.de\/radikale-ansichten\/?page_id=9"},"modified":"2013-04-11T12:54:26","modified_gmt":"2013-04-11T10:54:26","slug":"uber-dieses-blog","status":"publish","type":"page","link":"https:\/\/blog.zeit.de\/radikale-ansichten\/uber-dieses-blog\/","title":{"rendered":"\u00dcber dieses Blog"},"content":{"rendered":"<p>&nbsp;<\/p>\n<p>Der amerikanische Schriftsteller und Journalist Ambrose Bierce (1842 \u2013 1914) war ein anerkannter Zyniker. So ist auch seine Definition des Begriffs \u201eRadikalismus\u201c in der ber\u00fchmten Aphorismen-Sammlung \u201eThe Devil&#8217;s Dictionary\u201c einzuordnen: \u201eRadicalism, n.: The Conservatism of tomorrow injected into the affairs of today\u201c. Radikale als die Konservativen von Morgen? Das mag stimmen, wenn sie sich durchsetzen, also r\u00fcckblickend \u2013 so wie zum Beispiel das in Konservatismus erstarrte Establishment aus K\u00f6nigsfamilie und Islamgelehrten Saudi-Arabiens seine Wurzeln in einer radikalen, revolution\u00e4ren Bewegung hat. Aber eine wirklich schlagende Definition ist Bierce nicht gelungen. Das hat er vermutlich auch nicht beabsichtigt.<\/p>\n<p>Tats\u00e4chlich setzen sich die meisten Radikalen jedenfalls nicht durch: nicht r\u00e4umlich, nicht zeitlich, nicht in Zahlen. Sichtbar und sp\u00fcrbar sind radikale Str\u00f6mungen dennoch. Sie sch\u00e4rfen die Debatte &#8211; im besten Fall. Sie sind gef\u00e4hrlich &#8211; im schlimmsten Fall. Dazwischen ist alles m\u00f6glich. Das Bestreben dieses Blogs ist es, diese Bandbreite zu durchmessen und zu analysieren, gerne auch zu kommentieren, und zwar vor allem mit Blick auf islamistische und islamophobe Str\u00f6mungen. Denn beide nehmen immer h\u00e4ufiger und direkter Bezug aufeinander, und beide speisen einander, jedenfalls in gewissem Ma\u00dfe.<\/p>\n<p>Warum wird jemand \u201eradikal\u201c? Wo beginnt diese Sph\u00e4re \u00fcberhaupt? Wie viel Radikalit\u00e4t vertr\u00e4gt der \u00f6ffentliche Raum, wie viel sollte er vertragen? Gibt es Wege zur\u00fcck? Und wie l\u00e4sst sich die Schnittstelle zwischen Radikalit\u00e4t und Militanz begreifen? Was meinen Radikale, wenn sie bestimmte Dinge sagen? Wie begegnet man Ihnen? Das alles sind Fragen, die hier einen Platz haben sollen.<\/p>\n","protected":false},"excerpt":{"rendered":"<p>&nbsp; Der amerikanische Schriftsteller und Journalist Ambrose Bierce (1842 \u2013 1914) war ein anerkannter Zyniker. So ist auch seine Definition des Begriffs \u201eRadikalismus\u201c in der ber\u00fchmten Aphorismen-Sammlung \u201eThe Devil&#8217;s Dictionary\u201c einzuordnen: \u201eRadicalism, n.: The Conservatism of tomorrow injected into the affairs of today\u201c. Radikale als die Konservativen von Morgen? Das mag stimmen, wenn sie sich [&hellip;]<\/p>\n","protected":false},"author":2,"featured_media":0,"parent":0,"menu_order":0,"comment_status":"open","ping_status":"open","template":"","meta":{"footnotes":""},"class_list":["post-9","page","type-page","status-publish","hentry"],"yoast_head":"<!-- This site is optimized with the Yoast SEO plugin v21.0 - https:\/\/yoast.com\/wordpress\/plugins\/seo\/ -->\n<title>\u00dcber dieses Blog - Radikale Ansichten<\/title>\n<meta name=\"robots\" content=\"index, follow, max-snippet:-1, max-image-preview:large, max-video-preview:-1\" \/>\n<link rel=\"canonical\" href=\"https:\/\/blog.zeit.de\/radikale-ansichten\/uber-dieses-blog\/\" \/>\n<meta property=\"og:locale\" content=\"de_DE\" \/>\n<meta property=\"og:type\" content=\"article\" \/>\n<meta property=\"og:title\" content=\"\u00dcber dieses Blog - Radikale Ansichten\" \/>\n<meta property=\"og:description\" content=\"&nbsp; Der amerikanische Schriftsteller und Journalist Ambrose Bierce (1842 \u2013 1914) war ein anerkannter Zyniker. So ist auch seine Definition des Begriffs \u201eRadikalismus\u201c in der ber\u00fchmten Aphorismen-Sammlung \u201eThe Devil&#8217;s Dictionary\u201c einzuordnen: \u201eRadicalism, n.: The Conservatism of tomorrow injected into the affairs of today\u201c. Radikale als die Konservativen von Morgen? Das mag stimmen, wenn sie sich [&hellip;]\" \/>\n<meta property=\"og:url\" content=\"https:\/\/blog.zeit.de\/radikale-ansichten\/uber-dieses-blog\/\" \/>\n<meta property=\"og:site_name\" content=\"Radikale Ansichten\" \/>\n<meta property=\"article:modified_time\" content=\"2013-04-11T10:54:26+00:00\" \/>\n<meta name=\"twitter:card\" content=\"summary_large_image\" \/>\n<meta name=\"twitter:site\" content=\"@zeitonline\" \/>\n<meta name=\"twitter:label1\" content=\"Gesch\u00e4tzte Lesezeit\" \/>\n\t<meta name=\"twitter:data1\" content=\"1\u00a0Minute\" \/>\n<script type=\"application\/ld+json\" class=\"yoast-schema-graph\">{\"@context\":\"https:\/\/schema.org\",\"@graph\":[{\"@type\":\"WebPage\",\"@id\":\"https:\/\/blog.zeit.de\/radikale-ansichten\/uber-dieses-blog\/\",\"url\":\"https:\/\/blog.zeit.de\/radikale-ansichten\/uber-dieses-blog\/\",\"name\":\"\u00dcber dieses Blog - Radikale Ansichten\",\"isPartOf\":{\"@id\":\"https:\/\/blog.zeit.de\/radikale-ansichten\/#website\"},\"datePublished\":\"2013-04-11T10:53:18+00:00\",\"dateModified\":\"2013-04-11T10:54:26+00:00\",\"breadcrumb\":{\"@id\":\"https:\/\/blog.zeit.de\/radikale-ansichten\/uber-dieses-blog\/#breadcrumb\"},\"inLanguage\":\"de\",\"potentialAction\":[{\"@type\":\"ReadAction\",\"target\":[\"https:\/\/blog.zeit.de\/radikale-ansichten\/uber-dieses-blog\/\"]}]},{\"@type\":\"BreadcrumbList\",\"@id\":\"https:\/\/blog.zeit.de\/radikale-ansichten\/uber-dieses-blog\/#breadcrumb\",\"itemListElement\":[{\"@type\":\"ListItem\",\"position\":1,\"name\":\"Startseite\",\"item\":\"https:\/\/blog.zeit.de\/radikale-ansichten\/\"},{\"@type\":\"ListItem\",\"position\":2,\"name\":\"\u00dcber dieses Blog\"}]},{\"@type\":\"WebSite\",\"@id\":\"https:\/\/blog.zeit.de\/radikale-ansichten\/#website\",\"url\":\"https:\/\/blog.zeit.de\/radikale-ansichten\/\",\"name\":\"Radikale Ansichten\",\"description\":\"Ein Blog \u00fcber Islamismus und Islamophobie, Nahost und Neuk\u00f6lln, virtuell und analog\",\"potentialAction\":[{\"@type\":\"SearchAction\",\"target\":{\"@type\":\"EntryPoint\",\"urlTemplate\":\"https:\/\/blog.zeit.de\/radikale-ansichten\/?s={search_term_string}\"},\"query-input\":\"required name=search_term_string\"}],\"inLanguage\":\"de\"}]}<\/script>\n<!-- \/ Yoast SEO plugin. -->","yoast_head_json":{"title":"\u00dcber dieses Blog - Radikale Ansichten","robots":{"index":"index","follow":"follow","max-snippet":"max-snippet:-1","max-image-preview":"max-image-preview:large","max-video-preview":"max-video-preview:-1"},"canonical":"https:\/\/blog.zeit.de\/radikale-ansichten\/uber-dieses-blog\/","og_locale":"de_DE","og_type":"article","og_title":"\u00dcber dieses Blog - Radikale Ansichten","og_description":"&nbsp; Der amerikanische Schriftsteller und Journalist Ambrose Bierce (1842 \u2013 1914) war ein anerkannter Zyniker. So ist auch seine Definition des Begriffs \u201eRadikalismus\u201c in der ber\u00fchmten Aphorismen-Sammlung \u201eThe Devil&#8217;s Dictionary\u201c einzuordnen: \u201eRadicalism, n.: The Conservatism of tomorrow injected into the affairs of today\u201c. Radikale als die Konservativen von Morgen? Das mag stimmen, wenn sie sich [&hellip;]","og_url":"https:\/\/blog.zeit.de\/radikale-ansichten\/uber-dieses-blog\/","og_site_name":"Radikale Ansichten","article_modified_time":"2013-04-11T10:54:26+00:00","twitter_card":"summary_large_image","twitter_site":"@zeitonline","twitter_misc":{"Gesch\u00e4tzte Lesezeit":"1\u00a0Minute"},"schema":{"@context":"https:\/\/schema.org","@graph":[{"@type":"WebPage","@id":"https:\/\/blog.zeit.de\/radikale-ansichten\/uber-dieses-blog\/","url":"https:\/\/blog.zeit.de\/radikale-ansichten\/uber-dieses-blog\/","name":"\u00dcber dieses Blog - Radikale Ansichten","isPartOf":{"@id":"https:\/\/blog.zeit.de\/radikale-ansichten\/#website"},"datePublished":"2013-04-11T10:53:18+00:00","dateModified":"2013-04-11T10:54:26+00:00","breadcrumb":{"@id":"https:\/\/blog.zeit.de\/radikale-ansichten\/uber-dieses-blog\/#breadcrumb"},"inLanguage":"de","potentialAction":[{"@type":"ReadAction","target":["https:\/\/blog.zeit.de\/radikale-ansichten\/uber-dieses-blog\/"]}]},{"@type":"BreadcrumbList","@id":"https:\/\/blog.zeit.de\/radikale-ansichten\/uber-dieses-blog\/#breadcrumb","itemListElement":[{"@type":"ListItem","position":1,"name":"Startseite","item":"https:\/\/blog.zeit.de\/radikale-ansichten\/"},{"@type":"ListItem","position":2,"name":"\u00dcber dieses Blog"}]},{"@type":"WebSite","@id":"https:\/\/blog.zeit.de\/radikale-ansichten\/#website","url":"https:\/\/blog.zeit.de\/radikale-ansichten\/","name":"Radikale Ansichten","description":"Ein Blog \u00fcber Islamismus und Islamophobie, Nahost und Neuk\u00f6lln, virtuell und analog","potentialAction":[{"@type":"SearchAction","target":{"@type":"EntryPoint","urlTemplate":"https:\/\/blog.zeit.de\/radikale-ansichten\/?s={search_term_string}"},"query-input":"required name=search_term_string"}],"inLanguage":"de"}]}},"jetpack_sharing_enabled":true,"_links":{"self":[{"href":"https:\/\/blog.zeit.de\/radikale-ansichten\/wp-json\/wp\/v2\/pages\/9","targetHints":{"allow":["GET"]}}],"collection":[{"href":"https:\/\/blog.zeit.de\/radikale-ansichten\/wp-json\/wp\/v2\/pages"}],"about":[{"href":"https:\/\/blog.zeit.de\/radikale-ansichten\/wp-json\/wp\/v2\/types\/page"}],"author":[{"embeddable":true,"href":"https:\/\/blog.zeit.de\/radikale-ansichten\/wp-json\/wp\/v2\/users\/2"}],"replies":[{"embeddable":true,"href":"https:\/\/blog.zeit.de\/radikale-ansichten\/wp-json\/wp\/v2\/comments?post=9"}],"version-history":[{"count":2,"href":"https:\/\/blog.zeit.de\/radikale-ansichten\/wp-json\/wp\/v2\/pages\/9\/revisions"}],"predecessor-version":[{"id":13,"href":"https:\/\/blog.zeit.de\/radikale-ansichten\/wp-json\/wp\/v2\/pages\/9\/revisions\/13"}],"wp:attachment":[{"href":"https:\/\/blog.zeit.de\/radikale-ansichten\/wp-json\/wp\/v2\/media?parent=9"}],"curies":[{"name":"wp","href":"https:\/\/api.w.org\/{rel}","templated":true}]}}