{"id":7,"date":"2014-04-23T10:20:27","date_gmt":"2014-04-23T08:20:27","guid":{"rendered":"http:\/\/blog.zeit.de\/recht-subversiv\/?page_id=7"},"modified":"2014-05-05T11:45:52","modified_gmt":"2014-05-05T09:45:52","slug":"das-blog","status":"publish","type":"page","link":"https:\/\/blog.zeit.de\/recht-subversiv\/das-blog\/","title":{"rendered":"Das Blog"},"content":{"rendered":"<p>\u200fIn diesem Blog geht es um Rechte, um soziale Rechte, um Menschenrechte. Um ihre fortw\u00e4hrende Verletzung \u00fcberall in der Welt. Und um den Kampf von Aktivistinnen und Aktivisten  um ihre Durchsetzung.<\/p>\n<p>Warum lautet der Titel des Blogs &#8222;Recht subversiv&#8220;? Recht und Subversion scheinen sich auszuschlie\u00dfen. Subversion bedeutet umst\u00fcrzen oder umdrehen und wird im heutigen Sprachgebrauch auf Machtverh\u00e4ltnisse bezogen. Es sind genau diese Machtverh\u00e4ltnisse, die oft durch Recht aufrechterhalten werden, etwa wenn das Strafrecht als Repressionsinstrument eingesetzt wird. Doch der Anspruch auf Gleichheit und auf Universalit\u00e4t, der den Menschenrechten innewohnt, birgt auch ein emanzipatorisches Potential.<\/p>\n<p>Zunehmend bedienen sich die Unterdr\u00fcckten selbst des Rechts, um Rechtsverletzungen anzuprangern, innerhalb, aber auch au\u00dferhalb der Gerichte. Sie k\u00e4mpfen darum, Missst\u00e4nde zu skandalisieren und ihr Recht auf Recht durchzusetzen. Sie sp\u00fcren oft am eigenen Leib, wer die Macht aus\u00fcbt, sie wissen um die Paradoxie des Rechts als Instrument der Herrschaft auf der einen, und seiner mitunter sch\u00fctzenden Form auf der anderen Seite. Aktivisten, Anw\u00e4lte und Menschenrechtler wie <a href=\"https:\/\/blog.zeit.de\/recht-subversiv\/der-autor\/\">Wolfgang Kaleck, der Autor dieses Blogs<\/a>, bedienen sich des Rechts, sprechen die Sprache des Rechts, nutzen juristische Verfahren, um an vielen Orten der Welt zur \u00c4nderung der Verh\u00e4ltnisse beizutragen. Eben subversiv zu sein. Davon soll dieses Blog berichten.<\/p>\n<p><em>Das Titelbild des Blogs wurde am 1. Oktober 1988 in Santiago de Chile aufgenommen. Es zeigt die Kulturbrigade &#8222;Ramona Parra&#8220;, die w\u00e4hrend einer Demonstration f\u00fcr ein &#8222;Nein&#8220; bei Pinochets Plebiszit ein Wandbild erstellt. Fotografiert hat es Jos\u00e9 Girib\u00e1s.<\/em><\/p>\n","protected":false},"excerpt":{"rendered":"<p>\u200fIn diesem Blog geht es um Rechte, um soziale Rechte, um Menschenrechte. Um ihre fortw\u00e4hrende Verletzung \u00fcberall in der Welt. Und um den Kampf von Aktivistinnen und Aktivisten um ihre Durchsetzung. Warum lautet der Titel des Blogs &#8222;Recht subversiv&#8220;? Recht und Subversion scheinen sich auszuschlie\u00dfen. Subversion bedeutet umst\u00fcrzen oder umdrehen und wird im heutigen Sprachgebrauch [&hellip;]<\/p>\n","protected":false},"author":2,"featured_media":0,"parent":0,"menu_order":0,"comment_status":"open","ping_status":"open","template":"","meta":{"footnotes":""},"class_list":["post-7","page","type-page","status-publish","hentry"],"yoast_head":"<!-- This site is optimized with the Yoast SEO plugin v21.0 - https:\/\/yoast.com\/wordpress\/plugins\/seo\/ -->\n<title>Das Blog - Recht subversiv<\/title>\n<meta name=\"robots\" content=\"index, follow, max-snippet:-1, max-image-preview:large, max-video-preview:-1\" \/>\n<link rel=\"canonical\" href=\"https:\/\/blog.zeit.de\/recht-subversiv\/das-blog\/\" \/>\n<meta property=\"og:locale\" content=\"de_DE\" \/>\n<meta property=\"og:type\" content=\"article\" \/>\n<meta property=\"og:title\" content=\"Das Blog - Recht subversiv\" \/>\n<meta property=\"og:description\" content=\"\u200fIn diesem Blog geht es um Rechte, um soziale Rechte, um Menschenrechte. Um ihre fortw\u00e4hrende Verletzung \u00fcberall in der Welt. Und um den Kampf von Aktivistinnen und Aktivisten um ihre Durchsetzung. Warum lautet der Titel des Blogs &#8222;Recht subversiv&#8220;? Recht und Subversion scheinen sich auszuschlie\u00dfen. Subversion bedeutet umst\u00fcrzen oder umdrehen und wird im heutigen Sprachgebrauch [&hellip;]\" \/>\n<meta property=\"og:url\" content=\"https:\/\/blog.zeit.de\/recht-subversiv\/das-blog\/\" \/>\n<meta property=\"og:site_name\" content=\"Recht subversiv\" \/>\n<meta property=\"article:modified_time\" content=\"2014-05-05T09:45:52+00:00\" \/>\n<meta name=\"twitter:card\" content=\"summary_large_image\" \/>\n<meta name=\"twitter:site\" content=\"@zeitonline\" \/>\n<meta name=\"twitter:label1\" content=\"Gesch\u00e4tzte Lesezeit\" \/>\n\t<meta name=\"twitter:data1\" content=\"1\u00a0Minute\" \/>\n<script type=\"application\/ld+json\" class=\"yoast-schema-graph\">{\"@context\":\"https:\/\/schema.org\",\"@graph\":[{\"@type\":\"WebPage\",\"@id\":\"https:\/\/blog.zeit.de\/recht-subversiv\/das-blog\/\",\"url\":\"https:\/\/blog.zeit.de\/recht-subversiv\/das-blog\/\",\"name\":\"Das Blog - Recht subversiv\",\"isPartOf\":{\"@id\":\"https:\/\/blog.zeit.de\/recht-subversiv\/#website\"},\"datePublished\":\"2014-04-23T08:20:27+00:00\",\"dateModified\":\"2014-05-05T09:45:52+00:00\",\"breadcrumb\":{\"@id\":\"https:\/\/blog.zeit.de\/recht-subversiv\/das-blog\/#breadcrumb\"},\"inLanguage\":\"de\",\"potentialAction\":[{\"@type\":\"ReadAction\",\"target\":[\"https:\/\/blog.zeit.de\/recht-subversiv\/das-blog\/\"]}]},{\"@type\":\"BreadcrumbList\",\"@id\":\"https:\/\/blog.zeit.de\/recht-subversiv\/das-blog\/#breadcrumb\",\"itemListElement\":[{\"@type\":\"ListItem\",\"position\":1,\"name\":\"Startseite\",\"item\":\"https:\/\/blog.zeit.de\/recht-subversiv\/\"},{\"@type\":\"ListItem\",\"position\":2,\"name\":\"Das Blog\"}]},{\"@type\":\"WebSite\",\"@id\":\"https:\/\/blog.zeit.de\/recht-subversiv\/#website\",\"url\":\"https:\/\/blog.zeit.de\/recht-subversiv\/\",\"name\":\"Recht subversiv\",\"description\":\"Aus der Werkstatt eines Anwalts und Menschenrechtlers\",\"potentialAction\":[{\"@type\":\"SearchAction\",\"target\":{\"@type\":\"EntryPoint\",\"urlTemplate\":\"https:\/\/blog.zeit.de\/recht-subversiv\/?s={search_term_string}\"},\"query-input\":\"required name=search_term_string\"}],\"inLanguage\":\"de\"}]}<\/script>\n<!-- \/ Yoast SEO plugin. -->","yoast_head_json":{"title":"Das Blog - Recht subversiv","robots":{"index":"index","follow":"follow","max-snippet":"max-snippet:-1","max-image-preview":"max-image-preview:large","max-video-preview":"max-video-preview:-1"},"canonical":"https:\/\/blog.zeit.de\/recht-subversiv\/das-blog\/","og_locale":"de_DE","og_type":"article","og_title":"Das Blog - Recht subversiv","og_description":"\u200fIn diesem Blog geht es um Rechte, um soziale Rechte, um Menschenrechte. Um ihre fortw\u00e4hrende Verletzung \u00fcberall in der Welt. Und um den Kampf von Aktivistinnen und Aktivisten um ihre Durchsetzung. Warum lautet der Titel des Blogs &#8222;Recht subversiv&#8220;? Recht und Subversion scheinen sich auszuschlie\u00dfen. Subversion bedeutet umst\u00fcrzen oder umdrehen und wird im heutigen Sprachgebrauch [&hellip;]","og_url":"https:\/\/blog.zeit.de\/recht-subversiv\/das-blog\/","og_site_name":"Recht subversiv","article_modified_time":"2014-05-05T09:45:52+00:00","twitter_card":"summary_large_image","twitter_site":"@zeitonline","twitter_misc":{"Gesch\u00e4tzte Lesezeit":"1\u00a0Minute"},"schema":{"@context":"https:\/\/schema.org","@graph":[{"@type":"WebPage","@id":"https:\/\/blog.zeit.de\/recht-subversiv\/das-blog\/","url":"https:\/\/blog.zeit.de\/recht-subversiv\/das-blog\/","name":"Das Blog - Recht subversiv","isPartOf":{"@id":"https:\/\/blog.zeit.de\/recht-subversiv\/#website"},"datePublished":"2014-04-23T08:20:27+00:00","dateModified":"2014-05-05T09:45:52+00:00","breadcrumb":{"@id":"https:\/\/blog.zeit.de\/recht-subversiv\/das-blog\/#breadcrumb"},"inLanguage":"de","potentialAction":[{"@type":"ReadAction","target":["https:\/\/blog.zeit.de\/recht-subversiv\/das-blog\/"]}]},{"@type":"BreadcrumbList","@id":"https:\/\/blog.zeit.de\/recht-subversiv\/das-blog\/#breadcrumb","itemListElement":[{"@type":"ListItem","position":1,"name":"Startseite","item":"https:\/\/blog.zeit.de\/recht-subversiv\/"},{"@type":"ListItem","position":2,"name":"Das Blog"}]},{"@type":"WebSite","@id":"https:\/\/blog.zeit.de\/recht-subversiv\/#website","url":"https:\/\/blog.zeit.de\/recht-subversiv\/","name":"Recht subversiv","description":"Aus der Werkstatt eines Anwalts und Menschenrechtlers","potentialAction":[{"@type":"SearchAction","target":{"@type":"EntryPoint","urlTemplate":"https:\/\/blog.zeit.de\/recht-subversiv\/?s={search_term_string}"},"query-input":"required name=search_term_string"}],"inLanguage":"de"}]}},"jetpack_sharing_enabled":true,"_links":{"self":[{"href":"https:\/\/blog.zeit.de\/recht-subversiv\/wp-json\/wp\/v2\/pages\/7","targetHints":{"allow":["GET"]}}],"collection":[{"href":"https:\/\/blog.zeit.de\/recht-subversiv\/wp-json\/wp\/v2\/pages"}],"about":[{"href":"https:\/\/blog.zeit.de\/recht-subversiv\/wp-json\/wp\/v2\/types\/page"}],"author":[{"embeddable":true,"href":"https:\/\/blog.zeit.de\/recht-subversiv\/wp-json\/wp\/v2\/users\/2"}],"replies":[{"embeddable":true,"href":"https:\/\/blog.zeit.de\/recht-subversiv\/wp-json\/wp\/v2\/comments?post=7"}],"version-history":[{"count":4,"href":"https:\/\/blog.zeit.de\/recht-subversiv\/wp-json\/wp\/v2\/pages\/7\/revisions"}],"predecessor-version":[{"id":38,"href":"https:\/\/blog.zeit.de\/recht-subversiv\/wp-json\/wp\/v2\/pages\/7\/revisions\/38"}],"wp:attachment":[{"href":"https:\/\/blog.zeit.de\/recht-subversiv\/wp-json\/wp\/v2\/media?parent=7"}],"curies":[{"name":"wp","href":"https:\/\/api.w.org\/{rel}","templated":true}]}}