{"id":2487,"date":"2010-11-29T16:03:47","date_gmt":"2010-11-29T15:03:47","guid":{"rendered":"http:\/\/blog.zeit.de\/schueler\/"},"modified":"2012-09-04T15:07:51","modified_gmt":"2012-09-04T13:07:51","slug":"kommunikation-und-sprache","status":"publish","type":"page","link":"https:\/\/blog.zeit.de\/schueler\/kommunikation-und-sprache\/","title":{"rendered":"Alle Seiten zu Arbeitstechniken, Kommunikation und Sprache"},"content":{"rendered":"<p>&nbsp;<\/p>\n<h3><a href=\"https:\/\/blog.zeit.de\/schueler\/2011\/05\/03\/wissenschaftliches-arbeiten\/\" target=\"_blank\">Wissenschaftliches Arbeiten<\/a><\/h3>\n<p><a href=\"https:\/\/blog.zeit.de\/schueler\/2011\/05\/03\/wissenschaftliches-arbeiten\/\"><img loading=\"lazy\" decoding=\"async\" class=\"alignleft size-thumbnail wp-image-3202\" title=\"wissenschaftliches Arbeiten\" src=\"https:\/\/blog.zeit.de\/schueler\/files\/2011\/05\/wissenschaftliches-Arbeiten1-150x150.jpg\" alt=\"\u00ae luxuz::. \/ photocase.com\" width=\"150\" height=\"94\" \/><\/a>In der Oberstufe wird nicht nur der Stoff anspruchsvoller. <!-- @font-face {   font-family: \"Cambria Math\"; }@font-face {   font-family: \"Arial Unicode MS\"; }p.MsoNormal, li.MsoNormal, div.MsoNormal { margin: 0cm 0cm 0.0001pt; font-size: 12pt; font-family: \"Times New Roman\"; }.MsoChpDefault { font-size: 10pt; }div.WordSection1 { page: WordSection1; } --> Auch neue Methoden werden f\u00fcr die Vorbereitung von Referaten und Pr\u00e4sentationen, oder die Bew\u00e4ltigung der Facharbeit ben\u00f6tigt \u2013 wissenschaftliches Arbeiten ist gefordert. Auf unserer Themenseite erfahren Sch\u00fcler, wie sie Literatur recherchieren, Quellen finden und benutzen, mit Bildern umgehen, Statistiken verwenden und was eine gute Arbeit ausmacht. <a href=\"https:\/\/blog.zeit.de\/schueler\/2011\/05\/03\/wissenschaftliches-arbeiten\/\" target=\"_blank\">[Zum Dossier]<\/a><br \/>\n&nbsp;<\/p>\n<h3><a href=\"https:\/\/blog.zeit.de\/schueler\/2010\/11\/11\/kommunikation\/\">Kommunikation<\/a><\/h3>\n<p><a href=\"https:\/\/blog.zeit.de\/schueler\/2010\/11\/11\/kommunikation\/\"><img loading=\"lazy\" decoding=\"async\" class=\"alignleft size-full wp-image-2489\" title=\"Telephone handsets and cables on March 30, in London.\" src=\"https:\/\/blog.zeit.de\/schueler\/files\/2010\/11\/kommunikation.jpg\" alt=\"\" width=\"149\" height=\"90\" \/><\/a>\u201cWo warst du denn?\u201d \u2013 eine einfache Frage, k\u00f6nnte man denken. Doch was meint der Sprecher, der diesen Satz sagt. Fragt er wirklich nach dem Aufenthaltsort des anderen, oder beschwert er sich eigentlich, dass er auf ihn warten musste? Und welche Botschaft h\u00f6rt der Gefragte heraus? Kommunikation ist eine komplexe Angelegenheit, kein Wunder also, dass sich die Wissenschaft ausgiebig mit ihr besch\u00e4ftigt und verschiedene Modelle entwickelt hat, um sie besser zu verstehen. <a href=\"https:\/\/blog.zeit.de\/schueler\/2010\/11\/11\/kommunikation\/\">[Zum Dossier]<\/a><br \/>\n&nbsp;<\/p>\n<h3><a href=\"https:\/\/blog.zeit.de\/schueler\/2010\/11\/11\/referate-halten-und-diskussionen-fuhren\/\">Referate halten und Diskussionen f\u00fchren<\/a><\/h3>\n<p><a href=\"https:\/\/blog.zeit.de\/schueler\/2010\/11\/11\/referate-halten-und-diskussionen-fuhren\/\"><img loading=\"lazy\" decoding=\"async\" class=\"alignleft size-full wp-image-2494\" title=\"zfds-referat halten\" src=\"https:\/\/blog.zeit.de\/schueler\/files\/2010\/11\/zfds-referat-halten.jpg\" alt=\"\" width=\"148\" height=\"84\" \/><\/a>Wer vor versammelter Klasse ein Referat halten muss, oder seinen Standpunkt in einer Debatte behaupten m\u00f6chte, muss nicht nur sein Thema gut kennen, sondern auch mit der Aufregung fertig werden. Doch die Kunst der Rede, die Rhetorik, l\u00e4sst sich erlernen. Mit der richtigen Vorbereitung gelingen nicht nur Vortr\u00e4ge besser, es lassen sich auch Preise gewinnen: In verschiedenen Debattierwettbewerben messen sich die besten Redner in ihrem Sport, dem Debating. <a href=\"https:\/\/blog.zeit.de\/schueler\/2010\/11\/11\/referate-halten-und-diskussionen-fuhren\/\">[Zum Dossier]<\/a><br \/>\n&nbsp;<\/p>\n<h3><a href=\"https:\/\/blog.zeit.de\/schueler\/2010\/11\/11\/rechtschreibreform\/\">Die Rechtschreibreform<\/a><\/h3>\n<p><a href=\"https:\/\/blog.zeit.de\/schueler\/2010\/11\/11\/rechtschreibreform\/\"><img loading=\"lazy\" decoding=\"async\" class=\"alignleft size-full wp-image-2497\" title=\"rechtschreibung\" src=\"https:\/\/blog.zeit.de\/schueler\/files\/2010\/11\/rechtschreibung.jpg\" alt=\"\" width=\"148\" height=\"84\" \/><\/a>Als im Jahr 2006 die neue Rechtschreibung in einer neuen, \u00fcberarbeiteten Fassung in Kraft trat, hatte das Regelwerk einen langen Weg hinter sich. Nicht nur Lehrer, Schriftsteller und Sprachverb\u00e4nde stritten \u00fcber den Sinn und Unsinn von Worten wie Schifffahrt und Eis laufen, auch Zeitungen, Verlage und sogar das Bundesverfassungsgericht mussten sich mit der Reform besch\u00e4ftigen. <a href=\"https:\/\/blog.zeit.de\/schueler\/2010\/11\/11\/rechtschreibreform\/\">[Zum Dossier]<\/a><br \/>\n&nbsp;<\/p>\n<h3><a href=\"https:\/\/blog.zeit.de\/schueler\/2010\/11\/11\/sprache-verandert-sich-%E2%80%93-einflusse-auf-das-deutsche\/\">Wie sich die deutsche Sprache ver\u00e4ndert<\/a><\/h3>\n<p><a href=\"https:\/\/blog.zeit.de\/schueler\/2010\/11\/11\/sprache-verandert-sich-%E2%80%93-einflusse-auf-das-deutsche\/\"><img loading=\"lazy\" decoding=\"async\" class=\"alignleft size-full wp-image-2368\" title=\"sprache-148x84\" src=\"https:\/\/blog.zeit.de\/schueler\/files\/2010\/07\/sprache-148x84.jpg\" alt=\"\" width=\"148\" height=\"84\" \/><\/a><a href=\"https:\/\/blog.zeit.de\/schueler\/2010\/11\/11\/sprache-verandert-sich-%E2%80%93-einflusse-auf-das-deutsche\/\">Unsere Sprache<\/a> hat sich im Laufe der Jahrhunderte stark gewandelt, seitdem sie sich etwa im Mittelalter von den anderen germanischen Sprachen getrennt hat. Neuhochdeutsch wird aber erst seit etwa 1650 gesprochen. Seitdem hat sich weniger die Aussprache und Grammatik ge\u00e4ndert, sondern es sind vor allem neue W\u00f6rter hinzugekommen und andere weggefallen. Auch in der aktuellen Debatte spielt die Ver\u00e4nderung der Sprache eine gro\u00dfe Rolle. Kritiker sind besorgt \u00fcber den Sprachverfall, w\u00e4hrend andere diese Entwicklung f\u00fcr nicht besorgniserregend halten <a href=\"https:\/\/blog.zeit.de\/schueler\/2010\/11\/11\/sprache-verandert-sich-%E2%80%93-einflusse-auf-das-deutsche\/\">[Zum Dossier]<\/a><\/p>\n","protected":false},"excerpt":{"rendered":"<p>&nbsp; Wissenschaftliches Arbeiten In der Oberstufe wird nicht nur der Stoff anspruchsvoller. Auch neue Methoden werden f\u00fcr die Vorbereitung von Referaten und Pr\u00e4sentationen, oder die Bew\u00e4ltigung der Facharbeit ben\u00f6tigt \u2013 wissenschaftliches Arbeiten ist gefordert. Auf unserer Themenseite erfahren Sch\u00fcler, wie sie Literatur recherchieren, Quellen finden und benutzen, mit Bildern umgehen, Statistiken verwenden und was eine [&hellip;]<\/p>\n","protected":false},"author":192,"featured_media":0,"parent":0,"menu_order":0,"comment_status":"closed","ping_status":"closed","template":"","meta":{"footnotes":""},"class_list":["post-2487","page","type-page","status-publish","hentry"],"yoast_head":"<!-- This site is optimized with the Yoast SEO plugin v21.0 - https:\/\/yoast.com\/wordpress\/plugins\/seo\/ -->\n<title>Alle Seiten zu Arbeitstechniken, Kommunikation und Sprache - Lernplattform<\/title>\n<meta name=\"robots\" content=\"index, follow, max-snippet:-1, max-image-preview:large, max-video-preview:-1\" \/>\n<link rel=\"canonical\" href=\"https:\/\/blog.zeit.de\/schueler\/kommunikation-und-sprache\/\" \/>\n<meta property=\"og:locale\" content=\"de_DE\" \/>\n<meta property=\"og:type\" content=\"article\" \/>\n<meta property=\"og:title\" content=\"Alle Seiten zu Arbeitstechniken, Kommunikation und Sprache - Lernplattform\" \/>\n<meta property=\"og:description\" content=\"&nbsp; Wissenschaftliches Arbeiten In der Oberstufe wird nicht nur der Stoff anspruchsvoller. Auch neue Methoden werden f\u00fcr die Vorbereitung von Referaten und Pr\u00e4sentationen, oder die Bew\u00e4ltigung der Facharbeit ben\u00f6tigt \u2013 wissenschaftliches Arbeiten ist gefordert. Auf unserer Themenseite erfahren Sch\u00fcler, wie sie Literatur recherchieren, Quellen finden und benutzen, mit Bildern umgehen, Statistiken verwenden und was eine [&hellip;]\" \/>\n<meta property=\"og:url\" content=\"https:\/\/blog.zeit.de\/schueler\/kommunikation-und-sprache\/\" \/>\n<meta property=\"og:site_name\" content=\"Lernplattform\" \/>\n<meta property=\"article:modified_time\" content=\"2012-09-04T13:07:51+00:00\" \/>\n<meta property=\"og:image\" content=\"https:\/\/blog.zeit.de\/schueler\/files\/2011\/05\/wissenschaftliches-Arbeiten1-150x150.jpg\" \/>\n<meta name=\"twitter:label1\" content=\"Gesch\u00e4tzte Lesezeit\" \/>\n\t<meta name=\"twitter:data1\" content=\"2\u00a0Minuten\" \/>\n<script type=\"application\/ld+json\" class=\"yoast-schema-graph\">{\"@context\":\"https:\/\/schema.org\",\"@graph\":[{\"@type\":\"WebPage\",\"@id\":\"https:\/\/blog.zeit.de\/schueler\/kommunikation-und-sprache\/\",\"url\":\"https:\/\/blog.zeit.de\/schueler\/kommunikation-und-sprache\/\",\"name\":\"Alle Seiten zu Arbeitstechniken, Kommunikation und Sprache - Lernplattform\",\"isPartOf\":{\"@id\":\"https:\/\/blog.zeit.de\/schueler\/#website\"},\"datePublished\":\"2010-11-29T15:03:47+00:00\",\"dateModified\":\"2012-09-04T13:07:51+00:00\",\"breadcrumb\":{\"@id\":\"https:\/\/blog.zeit.de\/schueler\/kommunikation-und-sprache\/#breadcrumb\"},\"inLanguage\":\"de\",\"potentialAction\":[{\"@type\":\"ReadAction\",\"target\":[\"https:\/\/blog.zeit.de\/schueler\/kommunikation-und-sprache\/\"]}]},{\"@type\":\"BreadcrumbList\",\"@id\":\"https:\/\/blog.zeit.de\/schueler\/kommunikation-und-sprache\/#breadcrumb\",\"itemListElement\":[{\"@type\":\"ListItem\",\"position\":1,\"name\":\"Startseite\",\"item\":\"https:\/\/blog.zeit.de\/schueler\/\"},{\"@type\":\"ListItem\",\"position\":2,\"name\":\"Alle Seiten zu Arbeitstechniken, Kommunikation und Sprache\"}]},{\"@type\":\"WebSite\",\"@id\":\"https:\/\/blog.zeit.de\/schueler\/#website\",\"url\":\"https:\/\/blog.zeit.de\/schueler\/\",\"name\":\"Lernplattform\",\"description\":\"Die besten Texte, Videos und Links f\u00fcr den Unterricht zur Verf\u00fcgung gestellt von ZEIT f\u00fcr die Schule\",\"potentialAction\":[{\"@type\":\"SearchAction\",\"target\":{\"@type\":\"EntryPoint\",\"urlTemplate\":\"https:\/\/blog.zeit.de\/schueler\/?s={search_term_string}\"},\"query-input\":\"required name=search_term_string\"}],\"inLanguage\":\"de\"}]}<\/script>\n<!-- \/ Yoast SEO plugin. -->","yoast_head_json":{"title":"Alle Seiten zu Arbeitstechniken, Kommunikation und Sprache - Lernplattform","robots":{"index":"index","follow":"follow","max-snippet":"max-snippet:-1","max-image-preview":"max-image-preview:large","max-video-preview":"max-video-preview:-1"},"canonical":"https:\/\/blog.zeit.de\/schueler\/kommunikation-und-sprache\/","og_locale":"de_DE","og_type":"article","og_title":"Alle Seiten zu Arbeitstechniken, Kommunikation und Sprache - Lernplattform","og_description":"&nbsp; Wissenschaftliches Arbeiten In der Oberstufe wird nicht nur der Stoff anspruchsvoller. Auch neue Methoden werden f\u00fcr die Vorbereitung von Referaten und Pr\u00e4sentationen, oder die Bew\u00e4ltigung der Facharbeit ben\u00f6tigt \u2013 wissenschaftliches Arbeiten ist gefordert. Auf unserer Themenseite erfahren Sch\u00fcler, wie sie Literatur recherchieren, Quellen finden und benutzen, mit Bildern umgehen, Statistiken verwenden und was eine [&hellip;]","og_url":"https:\/\/blog.zeit.de\/schueler\/kommunikation-und-sprache\/","og_site_name":"Lernplattform","article_modified_time":"2012-09-04T13:07:51+00:00","og_image":[{"url":"https:\/\/blog.zeit.de\/schueler\/files\/2011\/05\/wissenschaftliches-Arbeiten1-150x150.jpg"}],"twitter_misc":{"Gesch\u00e4tzte Lesezeit":"2\u00a0Minuten"},"schema":{"@context":"https:\/\/schema.org","@graph":[{"@type":"WebPage","@id":"https:\/\/blog.zeit.de\/schueler\/kommunikation-und-sprache\/","url":"https:\/\/blog.zeit.de\/schueler\/kommunikation-und-sprache\/","name":"Alle Seiten zu Arbeitstechniken, Kommunikation und Sprache - Lernplattform","isPartOf":{"@id":"https:\/\/blog.zeit.de\/schueler\/#website"},"datePublished":"2010-11-29T15:03:47+00:00","dateModified":"2012-09-04T13:07:51+00:00","breadcrumb":{"@id":"https:\/\/blog.zeit.de\/schueler\/kommunikation-und-sprache\/#breadcrumb"},"inLanguage":"de","potentialAction":[{"@type":"ReadAction","target":["https:\/\/blog.zeit.de\/schueler\/kommunikation-und-sprache\/"]}]},{"@type":"BreadcrumbList","@id":"https:\/\/blog.zeit.de\/schueler\/kommunikation-und-sprache\/#breadcrumb","itemListElement":[{"@type":"ListItem","position":1,"name":"Startseite","item":"https:\/\/blog.zeit.de\/schueler\/"},{"@type":"ListItem","position":2,"name":"Alle Seiten zu Arbeitstechniken, Kommunikation und Sprache"}]},{"@type":"WebSite","@id":"https:\/\/blog.zeit.de\/schueler\/#website","url":"https:\/\/blog.zeit.de\/schueler\/","name":"Lernplattform","description":"Die besten Texte, Videos und Links f\u00fcr den Unterricht zur Verf\u00fcgung gestellt von ZEIT f\u00fcr die Schule","potentialAction":[{"@type":"SearchAction","target":{"@type":"EntryPoint","urlTemplate":"https:\/\/blog.zeit.de\/schueler\/?s={search_term_string}"},"query-input":"required name=search_term_string"}],"inLanguage":"de"}]}},"jetpack_sharing_enabled":true,"_links":{"self":[{"href":"https:\/\/blog.zeit.de\/schueler\/wp-json\/wp\/v2\/pages\/2487","targetHints":{"allow":["GET"]}}],"collection":[{"href":"https:\/\/blog.zeit.de\/schueler\/wp-json\/wp\/v2\/pages"}],"about":[{"href":"https:\/\/blog.zeit.de\/schueler\/wp-json\/wp\/v2\/types\/page"}],"author":[{"embeddable":true,"href":"https:\/\/blog.zeit.de\/schueler\/wp-json\/wp\/v2\/users\/192"}],"replies":[{"embeddable":true,"href":"https:\/\/blog.zeit.de\/schueler\/wp-json\/wp\/v2\/comments?post=2487"}],"version-history":[{"count":23,"href":"https:\/\/blog.zeit.de\/schueler\/wp-json\/wp\/v2\/pages\/2487\/revisions"}],"predecessor-version":[{"id":3214,"href":"https:\/\/blog.zeit.de\/schueler\/wp-json\/wp\/v2\/pages\/2487\/revisions\/3214"}],"wp:attachment":[{"href":"https:\/\/blog.zeit.de\/schueler\/wp-json\/wp\/v2\/media?parent=2487"}],"curies":[{"name":"wp","href":"https:\/\/api.w.org\/{rel}","templated":true}]}}