{"id":3255,"date":"2011-05-05T15:55:17","date_gmt":"2011-05-05T13:55:17","guid":{"rendered":"http:\/\/blog.zeit.de\/schueler\/"},"modified":"2014-01-16T17:05:31","modified_gmt":"2014-01-16T16:05:31","slug":"david-schmidt","status":"publish","type":"page","link":"https:\/\/blog.zeit.de\/schueler\/david-schmidt\/","title":{"rendered":"Der Autor"},"content":{"rendered":"<p><strong><a href=\"https:\/\/blog.zeit.de\/schueler\/files\/2011\/05\/DavidSchmidt-8630.jpg\"><img loading=\"lazy\" decoding=\"async\" class=\"alignleft size-thumbnail wp-image-4962\" title=\"DavidSchmidt-8630\" alt=\"\" src=\"https:\/\/blog.zeit.de\/schueler\/files\/2011\/05\/DavidSchmidt-8630-150x150.jpg\" width=\"150\" height=\"150\" srcset=\"https:\/\/blog.zeit.de\/schueler\/files\/2011\/05\/DavidSchmidt-8630-150x150.jpg 150w, https:\/\/blog.zeit.de\/schueler\/files\/2011\/05\/DavidSchmidt-8630-300x300.jpg 300w, https:\/\/blog.zeit.de\/schueler\/files\/2011\/05\/DavidSchmidt-8630.jpg 600w\" sizes=\"auto, (max-width: 150px) 100vw, 150px\" \/><br \/>\n<\/a><\/strong><\/p>\n<h3><strong><a href=\"https:\/\/blog.zeit.de\/schueler\/files\/2011\/05\/DavidSchmidt-8630.jpg\">\u00a0<\/a><\/strong><\/h3>\n<p><strong>David Schmidt,<\/strong><\/p>\n<p>&nbsp;<\/p>\n<p>&nbsp;<\/p>\n<p>Jahrgang 1982, ist verantwortlich f\u00fcr die redaktionelle Gestaltung der Lernplattform <em>ZEIT f\u00fcr die Schule.<\/em> Er war zuvor Herausgeber der Siegener Studentenzeitung <em>fool on the hill<\/em> f\u00fcr Politik, Kultur und Gesellschaft. Au\u00dferdem unterrichtete er Sch\u00fclerinnen und Sch\u00fcler in Deutsch, Mathematik und Latein sowie erwachsene Analphabeten. Mit den Sch\u00fclerinnen und Sch\u00fclern der Grundschule am Tempelhofer Feld gab er die Sch\u00fclerzeitung <em>Schlaufuchs\/Schlauf\u00fcchsin<\/em>\u00a0(Wendecover) heraus, die von der <em>Berliner Morgenpost<\/em> 2010 und erneut 2011 zur besten Grundsch\u00fclerzeitung der Stadt Berlin gew\u00e4hlt wurde. In Siegen studierte David Schmidt Philosophie und Allgemeine Literaturwissenschaft.<\/p>\n<p><a title=\"David Schmidt auf Twitter\" href=\"https:\/\/twitter.com\/dhmschmidt\" target=\"_blank\">David Schmidt auf Twitter<\/a><br \/>\n<a title=\"David Schmidt auf Google+\" href=\"https:\/\/plus.google.com\/u\/1\/114980385901727977863?rel=author\" target=\"_blank\">David Schmidt auf Google+<\/a><\/p>\n","protected":false},"excerpt":{"rendered":"<p>\u00a0 David Schmidt, &nbsp; &nbsp; Jahrgang 1982, ist verantwortlich f\u00fcr die redaktionelle Gestaltung der Lernplattform ZEIT f\u00fcr die Schule. Er war zuvor Herausgeber der Siegener Studentenzeitung fool on the hill f\u00fcr Politik, Kultur und Gesellschaft. Au\u00dferdem unterrichtete er Sch\u00fclerinnen und Sch\u00fcler in Deutsch, Mathematik und Latein sowie erwachsene Analphabeten. Mit den Sch\u00fclerinnen und Sch\u00fclern der [&hellip;]<\/p>\n","protected":false},"author":359,"featured_media":0,"parent":0,"menu_order":0,"comment_status":"open","ping_status":"open","template":"","meta":{"footnotes":""},"class_list":["post-3255","page","type-page","status-publish","hentry"],"yoast_head":"<!-- This site is optimized with the Yoast SEO plugin v21.0 - https:\/\/yoast.com\/wordpress\/plugins\/seo\/ -->\n<title>Der Autor - Lernplattform<\/title>\n<meta name=\"robots\" content=\"index, follow, max-snippet:-1, max-image-preview:large, max-video-preview:-1\" \/>\n<link rel=\"canonical\" href=\"https:\/\/blog.zeit.de\/schueler\/david-schmidt\/\" \/>\n<meta property=\"og:locale\" content=\"de_DE\" \/>\n<meta property=\"og:type\" content=\"article\" \/>\n<meta property=\"og:title\" content=\"Der Autor - Lernplattform\" \/>\n<meta property=\"og:description\" content=\"\u00a0 David Schmidt, &nbsp; &nbsp; Jahrgang 1982, ist verantwortlich f\u00fcr die redaktionelle Gestaltung der Lernplattform ZEIT f\u00fcr die Schule. Er war zuvor Herausgeber der Siegener Studentenzeitung fool on the hill f\u00fcr Politik, Kultur und Gesellschaft. Au\u00dferdem unterrichtete er Sch\u00fclerinnen und Sch\u00fcler in Deutsch, Mathematik und Latein sowie erwachsene Analphabeten. Mit den Sch\u00fclerinnen und Sch\u00fclern der [&hellip;]\" \/>\n<meta property=\"og:url\" content=\"https:\/\/blog.zeit.de\/schueler\/david-schmidt\/\" \/>\n<meta property=\"og:site_name\" content=\"Lernplattform\" \/>\n<meta property=\"article:modified_time\" content=\"2014-01-16T16:05:31+00:00\" \/>\n<meta property=\"og:image\" content=\"https:\/\/blog.zeit.de\/schueler\/files\/2011\/05\/DavidSchmidt-8630-150x150.jpg\" \/>\n<meta name=\"twitter:label1\" content=\"Gesch\u00e4tzte Lesezeit\" \/>\n\t<meta name=\"twitter:data1\" content=\"1\u00a0Minute\" \/>\n<script type=\"application\/ld+json\" class=\"yoast-schema-graph\">{\"@context\":\"https:\/\/schema.org\",\"@graph\":[{\"@type\":\"WebPage\",\"@id\":\"https:\/\/blog.zeit.de\/schueler\/david-schmidt\/\",\"url\":\"https:\/\/blog.zeit.de\/schueler\/david-schmidt\/\",\"name\":\"Der Autor - Lernplattform\",\"isPartOf\":{\"@id\":\"https:\/\/blog.zeit.de\/schueler\/#website\"},\"datePublished\":\"2011-05-05T13:55:17+00:00\",\"dateModified\":\"2014-01-16T16:05:31+00:00\",\"breadcrumb\":{\"@id\":\"https:\/\/blog.zeit.de\/schueler\/david-schmidt\/#breadcrumb\"},\"inLanguage\":\"de\",\"potentialAction\":[{\"@type\":\"ReadAction\",\"target\":[\"https:\/\/blog.zeit.de\/schueler\/david-schmidt\/\"]}]},{\"@type\":\"BreadcrumbList\",\"@id\":\"https:\/\/blog.zeit.de\/schueler\/david-schmidt\/#breadcrumb\",\"itemListElement\":[{\"@type\":\"ListItem\",\"position\":1,\"name\":\"Startseite\",\"item\":\"https:\/\/blog.zeit.de\/schueler\/\"},{\"@type\":\"ListItem\",\"position\":2,\"name\":\"Der Autor\"}]},{\"@type\":\"WebSite\",\"@id\":\"https:\/\/blog.zeit.de\/schueler\/#website\",\"url\":\"https:\/\/blog.zeit.de\/schueler\/\",\"name\":\"Lernplattform\",\"description\":\"Die besten Texte, Videos und Links f\u00fcr den Unterricht zur Verf\u00fcgung gestellt von ZEIT f\u00fcr die Schule\",\"potentialAction\":[{\"@type\":\"SearchAction\",\"target\":{\"@type\":\"EntryPoint\",\"urlTemplate\":\"https:\/\/blog.zeit.de\/schueler\/?s={search_term_string}\"},\"query-input\":\"required name=search_term_string\"}],\"inLanguage\":\"de\"}]}<\/script>\n<!-- \/ Yoast SEO plugin. -->","yoast_head_json":{"title":"Der Autor - Lernplattform","robots":{"index":"index","follow":"follow","max-snippet":"max-snippet:-1","max-image-preview":"max-image-preview:large","max-video-preview":"max-video-preview:-1"},"canonical":"https:\/\/blog.zeit.de\/schueler\/david-schmidt\/","og_locale":"de_DE","og_type":"article","og_title":"Der Autor - Lernplattform","og_description":"\u00a0 David Schmidt, &nbsp; &nbsp; Jahrgang 1982, ist verantwortlich f\u00fcr die redaktionelle Gestaltung der Lernplattform ZEIT f\u00fcr die Schule. Er war zuvor Herausgeber der Siegener Studentenzeitung fool on the hill f\u00fcr Politik, Kultur und Gesellschaft. Au\u00dferdem unterrichtete er Sch\u00fclerinnen und Sch\u00fcler in Deutsch, Mathematik und Latein sowie erwachsene Analphabeten. Mit den Sch\u00fclerinnen und Sch\u00fclern der [&hellip;]","og_url":"https:\/\/blog.zeit.de\/schueler\/david-schmidt\/","og_site_name":"Lernplattform","article_modified_time":"2014-01-16T16:05:31+00:00","og_image":[{"url":"https:\/\/blog.zeit.de\/schueler\/files\/2011\/05\/DavidSchmidt-8630-150x150.jpg"}],"twitter_misc":{"Gesch\u00e4tzte Lesezeit":"1\u00a0Minute"},"schema":{"@context":"https:\/\/schema.org","@graph":[{"@type":"WebPage","@id":"https:\/\/blog.zeit.de\/schueler\/david-schmidt\/","url":"https:\/\/blog.zeit.de\/schueler\/david-schmidt\/","name":"Der Autor - Lernplattform","isPartOf":{"@id":"https:\/\/blog.zeit.de\/schueler\/#website"},"datePublished":"2011-05-05T13:55:17+00:00","dateModified":"2014-01-16T16:05:31+00:00","breadcrumb":{"@id":"https:\/\/blog.zeit.de\/schueler\/david-schmidt\/#breadcrumb"},"inLanguage":"de","potentialAction":[{"@type":"ReadAction","target":["https:\/\/blog.zeit.de\/schueler\/david-schmidt\/"]}]},{"@type":"BreadcrumbList","@id":"https:\/\/blog.zeit.de\/schueler\/david-schmidt\/#breadcrumb","itemListElement":[{"@type":"ListItem","position":1,"name":"Startseite","item":"https:\/\/blog.zeit.de\/schueler\/"},{"@type":"ListItem","position":2,"name":"Der Autor"}]},{"@type":"WebSite","@id":"https:\/\/blog.zeit.de\/schueler\/#website","url":"https:\/\/blog.zeit.de\/schueler\/","name":"Lernplattform","description":"Die besten Texte, Videos und Links f\u00fcr den Unterricht zur Verf\u00fcgung gestellt von ZEIT f\u00fcr die Schule","potentialAction":[{"@type":"SearchAction","target":{"@type":"EntryPoint","urlTemplate":"https:\/\/blog.zeit.de\/schueler\/?s={search_term_string}"},"query-input":"required name=search_term_string"}],"inLanguage":"de"}]}},"jetpack_sharing_enabled":true,"_links":{"self":[{"href":"https:\/\/blog.zeit.de\/schueler\/wp-json\/wp\/v2\/pages\/3255","targetHints":{"allow":["GET"]}}],"collection":[{"href":"https:\/\/blog.zeit.de\/schueler\/wp-json\/wp\/v2\/pages"}],"about":[{"href":"https:\/\/blog.zeit.de\/schueler\/wp-json\/wp\/v2\/types\/page"}],"author":[{"embeddable":true,"href":"https:\/\/blog.zeit.de\/schueler\/wp-json\/wp\/v2\/users\/359"}],"replies":[{"embeddable":true,"href":"https:\/\/blog.zeit.de\/schueler\/wp-json\/wp\/v2\/comments?post=3255"}],"version-history":[{"count":27,"href":"https:\/\/blog.zeit.de\/schueler\/wp-json\/wp\/v2\/pages\/3255\/revisions"}],"predecessor-version":[{"id":5934,"href":"https:\/\/blog.zeit.de\/schueler\/wp-json\/wp\/v2\/pages\/3255\/revisions\/5934"}],"wp:attachment":[{"href":"https:\/\/blog.zeit.de\/schueler\/wp-json\/wp\/v2\/media?parent=3255"}],"curies":[{"name":"wp","href":"https:\/\/api.w.org\/{rel}","templated":true}]}}