{"id":3,"date":"2005-11-17T23:26:48","date_gmt":"2005-11-17T22:26:48","guid":{"rendered":"http:\/\/blog.zeit.de\/sex\/?page_id=3"},"modified":"2005-11-17T23:26:48","modified_gmt":"2005-11-17T22:26:48","slug":"was-sie-schon-immer","status":"publish","type":"page","link":"https:\/\/blog.zeit.de\/sex\/was-sie-schon-immer\/","title":{"rendered":"Was Sie schon immer &#8230;"},"content":{"rendered":"<p>Ein Weblog \u00fcber die sch\u00f6nste Hauptsache der Welt. Wo die Dinge beim Namen genannt werden. Wo Klischees bek\u00e4mpft und Legenden entzaubert werden (sollen). Fangen wir gleich einmal damit an: Der gemeinsame Orgasmus ist die schwachsinnigste Erfindung, seit es Frauenmagazine gibt.<\/p>\n","protected":false},"excerpt":{"rendered":"<p>Ein Weblog \u00fcber die sch\u00f6nste Hauptsache der Welt. Wo die Dinge beim Namen genannt werden. Wo Klischees bek\u00e4mpft und Legenden entzaubert werden (sollen). Fangen wir gleich einmal damit an: Der gemeinsame Orgasmus ist die schwachsinnigste Erfindung, seit es Frauenmagazine gibt.<\/p>\n","protected":false},"author":57,"featured_media":0,"parent":0,"menu_order":0,"comment_status":"closed","ping_status":"closed","template":"","meta":{"footnotes":""},"class_list":["post-3","page","type-page","status-publish","hentry"],"yoast_head":"<!-- This site is optimized with the Yoast SEO plugin v21.0 - https:\/\/yoast.com\/wordpress\/plugins\/seo\/ -->\n<title>Was Sie schon immer ... - Das Sex-Blog<\/title>\n<meta name=\"robots\" content=\"index, follow, max-snippet:-1, max-image-preview:large, max-video-preview:-1\" \/>\n<link rel=\"canonical\" href=\"https:\/\/blog.zeit.de\/sex\/was-sie-schon-immer\/\" \/>\n<meta property=\"og:locale\" content=\"de_DE\" \/>\n<meta property=\"og:type\" content=\"article\" \/>\n<meta property=\"og:title\" content=\"Was Sie schon immer ... - Das Sex-Blog\" \/>\n<meta property=\"og:description\" content=\"Ein Weblog \u00fcber die sch\u00f6nste Hauptsache der Welt. Wo die Dinge beim Namen genannt werden. Wo Klischees bek\u00e4mpft und Legenden entzaubert werden (sollen). Fangen wir gleich einmal damit an: Der gemeinsame Orgasmus ist die schwachsinnigste Erfindung, seit es Frauenmagazine gibt.\" \/>\n<meta property=\"og:url\" content=\"https:\/\/blog.zeit.de\/sex\/was-sie-schon-immer\/\" \/>\n<meta property=\"og:site_name\" content=\"Das Sex-Blog\" \/>\n<meta name=\"twitter:card\" content=\"summary_large_image\" \/>\n<script type=\"application\/ld+json\" class=\"yoast-schema-graph\">{\"@context\":\"https:\/\/schema.org\",\"@graph\":[{\"@type\":\"WebPage\",\"@id\":\"https:\/\/blog.zeit.de\/sex\/was-sie-schon-immer\/\",\"url\":\"https:\/\/blog.zeit.de\/sex\/was-sie-schon-immer\/\",\"name\":\"Was Sie schon immer ... - Das Sex-Blog\",\"isPartOf\":{\"@id\":\"https:\/\/blog.zeit.de\/sex\/#website\"},\"datePublished\":\"2005-11-17T22:26:48+00:00\",\"dateModified\":\"2005-11-17T22:26:48+00:00\",\"breadcrumb\":{\"@id\":\"https:\/\/blog.zeit.de\/sex\/was-sie-schon-immer\/#breadcrumb\"},\"inLanguage\":\"de\",\"potentialAction\":[{\"@type\":\"ReadAction\",\"target\":[\"https:\/\/blog.zeit.de\/sex\/was-sie-schon-immer\/\"]}]},{\"@type\":\"BreadcrumbList\",\"@id\":\"https:\/\/blog.zeit.de\/sex\/was-sie-schon-immer\/#breadcrumb\",\"itemListElement\":[{\"@type\":\"ListItem\",\"position\":1,\"name\":\"Startseite\",\"item\":\"https:\/\/blog.zeit.de\/sex\/\"},{\"@type\":\"ListItem\",\"position\":2,\"name\":\"Was Sie schon immer &#8230;\"}]},{\"@type\":\"WebSite\",\"@id\":\"https:\/\/blog.zeit.de\/sex\/#website\",\"url\":\"https:\/\/blog.zeit.de\/sex\/\",\"name\":\"Das Sex-Blog\",\"description\":\"Man muss ja nicht immer reden\",\"potentialAction\":[{\"@type\":\"SearchAction\",\"target\":{\"@type\":\"EntryPoint\",\"urlTemplate\":\"https:\/\/blog.zeit.de\/sex\/?s={search_term_string}\"},\"query-input\":\"required name=search_term_string\"}],\"inLanguage\":\"de\"}]}<\/script>\n<!-- \/ Yoast SEO plugin. -->","yoast_head_json":{"title":"Was Sie schon immer ... - Das Sex-Blog","robots":{"index":"index","follow":"follow","max-snippet":"max-snippet:-1","max-image-preview":"max-image-preview:large","max-video-preview":"max-video-preview:-1"},"canonical":"https:\/\/blog.zeit.de\/sex\/was-sie-schon-immer\/","og_locale":"de_DE","og_type":"article","og_title":"Was Sie schon immer ... - Das Sex-Blog","og_description":"Ein Weblog \u00fcber die sch\u00f6nste Hauptsache der Welt. Wo die Dinge beim Namen genannt werden. Wo Klischees bek\u00e4mpft und Legenden entzaubert werden (sollen). Fangen wir gleich einmal damit an: Der gemeinsame Orgasmus ist die schwachsinnigste Erfindung, seit es Frauenmagazine gibt.","og_url":"https:\/\/blog.zeit.de\/sex\/was-sie-schon-immer\/","og_site_name":"Das Sex-Blog","twitter_card":"summary_large_image","schema":{"@context":"https:\/\/schema.org","@graph":[{"@type":"WebPage","@id":"https:\/\/blog.zeit.de\/sex\/was-sie-schon-immer\/","url":"https:\/\/blog.zeit.de\/sex\/was-sie-schon-immer\/","name":"Was Sie schon immer ... - Das Sex-Blog","isPartOf":{"@id":"https:\/\/blog.zeit.de\/sex\/#website"},"datePublished":"2005-11-17T22:26:48+00:00","dateModified":"2005-11-17T22:26:48+00:00","breadcrumb":{"@id":"https:\/\/blog.zeit.de\/sex\/was-sie-schon-immer\/#breadcrumb"},"inLanguage":"de","potentialAction":[{"@type":"ReadAction","target":["https:\/\/blog.zeit.de\/sex\/was-sie-schon-immer\/"]}]},{"@type":"BreadcrumbList","@id":"https:\/\/blog.zeit.de\/sex\/was-sie-schon-immer\/#breadcrumb","itemListElement":[{"@type":"ListItem","position":1,"name":"Startseite","item":"https:\/\/blog.zeit.de\/sex\/"},{"@type":"ListItem","position":2,"name":"Was Sie schon immer &#8230;"}]},{"@type":"WebSite","@id":"https:\/\/blog.zeit.de\/sex\/#website","url":"https:\/\/blog.zeit.de\/sex\/","name":"Das Sex-Blog","description":"Man muss ja nicht immer reden","potentialAction":[{"@type":"SearchAction","target":{"@type":"EntryPoint","urlTemplate":"https:\/\/blog.zeit.de\/sex\/?s={search_term_string}"},"query-input":"required name=search_term_string"}],"inLanguage":"de"}]}},"_links":{"self":[{"href":"https:\/\/blog.zeit.de\/sex\/wp-json\/wp\/v2\/pages\/3","targetHints":{"allow":["GET"]}}],"collection":[{"href":"https:\/\/blog.zeit.de\/sex\/wp-json\/wp\/v2\/pages"}],"about":[{"href":"https:\/\/blog.zeit.de\/sex\/wp-json\/wp\/v2\/types\/page"}],"author":[{"embeddable":true,"href":"https:\/\/blog.zeit.de\/sex\/wp-json\/wp\/v2\/users\/57"}],"replies":[{"embeddable":true,"href":"https:\/\/blog.zeit.de\/sex\/wp-json\/wp\/v2\/comments?post=3"}],"version-history":[{"count":0,"href":"https:\/\/blog.zeit.de\/sex\/wp-json\/wp\/v2\/pages\/3\/revisions"}],"wp:attachment":[{"href":"https:\/\/blog.zeit.de\/sex\/wp-json\/wp\/v2\/media?parent=3"}],"curies":[{"name":"wp","href":"https:\/\/api.w.org\/{rel}","templated":true}]}}