{"id":106,"date":"2007-11-13T18:05:46","date_gmt":"2007-11-13T16:05:46","guid":{"rendered":"http:\/\/blog.zeit.de\/stoerungsmelder\/blog-regeln"},"modified":"2018-03-29T14:50:09","modified_gmt":"2018-03-29T12:50:09","slug":"blog-regeln","status":"publish","type":"page","link":"https:\/\/blog.zeit.de\/stoerungsmelder\/blog-regeln","title":{"rendered":"Blog-Regeln"},"content":{"rendered":"<p><strong>Auf diesem Blog gilt die <a href=\"http:\/\/www.zeit.de\/administratives\/2010-03\/netiquette\">Netiquette von ZEIT ONLINE<\/a>.<\/strong> Um den Besonderheiten des St\u00f6rungsmelders gerecht zu werden, bitten wir euch, in euren Kommentaren zudem folgende Regeln zu beachten:<\/p>\n<p><strong>Der St\u00f6rungsmelder ist ein Weblog, das sich mit Rechtsextremismus und Strategien gegen Neonazis besch\u00e4ftigt.<\/strong><\/p>\n<p>Das hei\u00dft: Neonazis haben hier nichts verloren. Wir erwarten von Usern und Autoren, dass sie rechtsextreme Ideologien ablehnen. Insbesondere werden wir rassistische, antisemitische, chauvinistische, revanchistische, sexistische und antidemokratische Beitr\u00e4ge l\u00f6schen.<\/p>\n<p>Bitte achtet stets darauf, euch in euren Kommentaren auf das Thema des jeweiligen Artikels zu beziehen.<\/p>\n<p>Wir diskutieren hier nicht \u00fcber scheinbar verwandte Themen, etwa so genannten Ausl\u00e4nderextremismus oder Gewalt von Linken.<\/p>\n<p>Links auf rechtsextremistische Seiten werden wir ebenso entfernen wie Wahlwerbung, insbesondere, wenn sie rechtsextremistische Parteien anpreist.<\/p>\n","protected":false},"excerpt":{"rendered":"<p>Auf diesem Blog gilt die Netiquette von ZEIT ONLINE. Um den Besonderheiten des St\u00f6rungsmelders gerecht zu werden, bitten wir euch, in euren Kommentaren zudem folgende Regeln zu beachten: Der St\u00f6rungsmelder ist ein Weblog, das sich mit Rechtsextremismus und Strategien gegen Neonazis besch\u00e4ftigt. Das hei\u00dft: Neonazis haben hier nichts verloren. Wir erwarten von Usern und Autoren, [&hellip;]<\/p>\n","protected":false},"author":229,"featured_media":0,"parent":0,"menu_order":0,"comment_status":"closed","ping_status":"closed","template":"","meta":{"footnotes":""},"class_list":["post-106","page","type-page","status-publish","hentry"],"yoast_head":"<!-- This site is optimized with the Yoast SEO plugin v21.0 - https:\/\/yoast.com\/wordpress\/plugins\/seo\/ -->\n<title>Blog-Regeln - St\u00f6rungsmelder<\/title>\n<meta name=\"robots\" content=\"index, follow, max-snippet:-1, max-image-preview:large, max-video-preview:-1\" \/>\n<link rel=\"canonical\" href=\"https:\/\/blog.zeit.de\/stoerungsmelder\/blog-regeln\" \/>\n<meta property=\"og:locale\" content=\"de_DE\" \/>\n<meta property=\"og:type\" content=\"article\" \/>\n<meta property=\"og:title\" content=\"Blog-Regeln - St\u00f6rungsmelder\" \/>\n<meta property=\"og:description\" content=\"Auf diesem Blog gilt die Netiquette von ZEIT ONLINE. Um den Besonderheiten des St\u00f6rungsmelders gerecht zu werden, bitten wir euch, in euren Kommentaren zudem folgende Regeln zu beachten: Der St\u00f6rungsmelder ist ein Weblog, das sich mit Rechtsextremismus und Strategien gegen Neonazis besch\u00e4ftigt. Das hei\u00dft: Neonazis haben hier nichts verloren. Wir erwarten von Usern und Autoren, [&hellip;]\" \/>\n<meta property=\"og:url\" content=\"https:\/\/blog.zeit.de\/stoerungsmelder\/blog-regeln\" \/>\n<meta property=\"og:site_name\" content=\"St\u00f6rungsmelder\" \/>\n<meta property=\"article:modified_time\" content=\"2018-03-29T12:50:09+00:00\" \/>\n<meta name=\"twitter:card\" content=\"summary_large_image\" \/>\n<meta name=\"twitter:label1\" content=\"Gesch\u00e4tzte Lesezeit\" \/>\n\t<meta name=\"twitter:data1\" content=\"1\u00a0Minute\" \/>\n<script type=\"application\/ld+json\" class=\"yoast-schema-graph\">{\"@context\":\"https:\/\/schema.org\",\"@graph\":[{\"@type\":\"WebPage\",\"@id\":\"https:\/\/blog.zeit.de\/stoerungsmelder\/blog-regeln\",\"url\":\"https:\/\/blog.zeit.de\/stoerungsmelder\/blog-regeln\",\"name\":\"Blog-Regeln - St\u00f6rungsmelder\",\"isPartOf\":{\"@id\":\"https:\/\/blog.zeit.de\/stoerungsmelder\/#website\"},\"datePublished\":\"2007-11-13T16:05:46+00:00\",\"dateModified\":\"2018-03-29T12:50:09+00:00\",\"breadcrumb\":{\"@id\":\"https:\/\/blog.zeit.de\/stoerungsmelder\/blog-regeln#breadcrumb\"},\"inLanguage\":\"de\",\"potentialAction\":[{\"@type\":\"ReadAction\",\"target\":[\"https:\/\/blog.zeit.de\/stoerungsmelder\/blog-regeln\"]}]},{\"@type\":\"BreadcrumbList\",\"@id\":\"https:\/\/blog.zeit.de\/stoerungsmelder\/blog-regeln#breadcrumb\",\"itemListElement\":[{\"@type\":\"ListItem\",\"position\":1,\"name\":\"Startseite\",\"item\":\"https:\/\/blog.zeit.de\/stoerungsmelder\"},{\"@type\":\"ListItem\",\"position\":2,\"name\":\"Blog-Regeln\"}]},{\"@type\":\"WebSite\",\"@id\":\"https:\/\/blog.zeit.de\/stoerungsmelder\/#website\",\"url\":\"https:\/\/blog.zeit.de\/stoerungsmelder\/\",\"name\":\"St\u00f6rungsmelder\",\"description\":\"Recherchen und Analysen \u00fcber die extreme Rechte\",\"potentialAction\":[{\"@type\":\"SearchAction\",\"target\":{\"@type\":\"EntryPoint\",\"urlTemplate\":\"https:\/\/blog.zeit.de\/stoerungsmelder\/?s={search_term_string}\"},\"query-input\":\"required name=search_term_string\"}],\"inLanguage\":\"de\"}]}<\/script>\n<!-- \/ Yoast SEO plugin. -->","yoast_head_json":{"title":"Blog-Regeln - St\u00f6rungsmelder","robots":{"index":"index","follow":"follow","max-snippet":"max-snippet:-1","max-image-preview":"max-image-preview:large","max-video-preview":"max-video-preview:-1"},"canonical":"https:\/\/blog.zeit.de\/stoerungsmelder\/blog-regeln","og_locale":"de_DE","og_type":"article","og_title":"Blog-Regeln - St\u00f6rungsmelder","og_description":"Auf diesem Blog gilt die Netiquette von ZEIT ONLINE. Um den Besonderheiten des St\u00f6rungsmelders gerecht zu werden, bitten wir euch, in euren Kommentaren zudem folgende Regeln zu beachten: Der St\u00f6rungsmelder ist ein Weblog, das sich mit Rechtsextremismus und Strategien gegen Neonazis besch\u00e4ftigt. Das hei\u00dft: Neonazis haben hier nichts verloren. Wir erwarten von Usern und Autoren, [&hellip;]","og_url":"https:\/\/blog.zeit.de\/stoerungsmelder\/blog-regeln","og_site_name":"St\u00f6rungsmelder","article_modified_time":"2018-03-29T12:50:09+00:00","twitter_card":"summary_large_image","twitter_misc":{"Gesch\u00e4tzte Lesezeit":"1\u00a0Minute"},"schema":{"@context":"https:\/\/schema.org","@graph":[{"@type":"WebPage","@id":"https:\/\/blog.zeit.de\/stoerungsmelder\/blog-regeln","url":"https:\/\/blog.zeit.de\/stoerungsmelder\/blog-regeln","name":"Blog-Regeln - St\u00f6rungsmelder","isPartOf":{"@id":"https:\/\/blog.zeit.de\/stoerungsmelder\/#website"},"datePublished":"2007-11-13T16:05:46+00:00","dateModified":"2018-03-29T12:50:09+00:00","breadcrumb":{"@id":"https:\/\/blog.zeit.de\/stoerungsmelder\/blog-regeln#breadcrumb"},"inLanguage":"de","potentialAction":[{"@type":"ReadAction","target":["https:\/\/blog.zeit.de\/stoerungsmelder\/blog-regeln"]}]},{"@type":"BreadcrumbList","@id":"https:\/\/blog.zeit.de\/stoerungsmelder\/blog-regeln#breadcrumb","itemListElement":[{"@type":"ListItem","position":1,"name":"Startseite","item":"https:\/\/blog.zeit.de\/stoerungsmelder"},{"@type":"ListItem","position":2,"name":"Blog-Regeln"}]},{"@type":"WebSite","@id":"https:\/\/blog.zeit.de\/stoerungsmelder\/#website","url":"https:\/\/blog.zeit.de\/stoerungsmelder\/","name":"St\u00f6rungsmelder","description":"Recherchen und Analysen \u00fcber die extreme Rechte","potentialAction":[{"@type":"SearchAction","target":{"@type":"EntryPoint","urlTemplate":"https:\/\/blog.zeit.de\/stoerungsmelder\/?s={search_term_string}"},"query-input":"required name=search_term_string"}],"inLanguage":"de"}]}},"jetpack_sharing_enabled":true,"_links":{"self":[{"href":"https:\/\/blog.zeit.de\/stoerungsmelder\/wp-json\/wp\/v2\/pages\/106","targetHints":{"allow":["GET"]}}],"collection":[{"href":"https:\/\/blog.zeit.de\/stoerungsmelder\/wp-json\/wp\/v2\/pages"}],"about":[{"href":"https:\/\/blog.zeit.de\/stoerungsmelder\/wp-json\/wp\/v2\/types\/page"}],"author":[{"embeddable":true,"href":"https:\/\/blog.zeit.de\/stoerungsmelder\/wp-json\/wp\/v2\/users\/229"}],"replies":[{"embeddable":true,"href":"https:\/\/blog.zeit.de\/stoerungsmelder\/wp-json\/wp\/v2\/comments?post=106"}],"version-history":[{"count":5,"href":"https:\/\/blog.zeit.de\/stoerungsmelder\/wp-json\/wp\/v2\/pages\/106\/revisions"}],"predecessor-version":[{"id":26007,"href":"https:\/\/blog.zeit.de\/stoerungsmelder\/wp-json\/wp\/v2\/pages\/106\/revisions\/26007"}],"wp:attachment":[{"href":"https:\/\/blog.zeit.de\/stoerungsmelder\/wp-json\/wp\/v2\/media?parent=106"}],"curies":[{"name":"wp","href":"https:\/\/api.w.org\/{rel}","templated":true}]}}