{"id":57,"date":"2007-10-25T22:43:14","date_gmt":"2007-10-25T20:43:14","guid":{"rendered":"http:\/\/blog.zeit.de\/stoerungsmelder\/autor-werden"},"modified":"2018-11-22T17:19:34","modified_gmt":"2018-11-22T16:19:34","slug":"autor-werden","status":"publish","type":"page","link":"https:\/\/blog.zeit.de\/stoerungsmelder\/autor-werden","title":{"rendered":"Autor werden"},"content":{"rendered":"<p>Du hast Rechtsextreme um dich herum und willst dar\u00fcber berichten? Du m\u00f6chtest \u00fcber ein Thema schreiben? Dann werde St\u00f6rungsmelder-Autor.<\/p>\n<p><a href=\"mailto:stoerungsmelder@zeit.de\">Schick uns eine Mail<\/a>, in der du dein Thema beschreibst und wie du es f\u00fcr die Leser des St\u00f6rungsmelders aufbereiten m\u00f6chtest. Wir freuen uns, regelm\u00e4\u00dfig schreibende Autoren in den Kreis unseres engagierten Teams aufzunehmen.<\/p>\n<p>Auch Angebote von freien Journalisten sind uns willkommen.<\/p>\n","protected":false},"excerpt":{"rendered":"<p>Du hast Rechtsextreme um dich herum und willst dar\u00fcber berichten? Du m\u00f6chtest \u00fcber ein Thema schreiben? Dann werde St\u00f6rungsmelder-Autor. Schick uns eine Mail, in der du dein Thema beschreibst und wie du es f\u00fcr die Leser des St\u00f6rungsmelders aufbereiten m\u00f6chtest. Wir freuen uns, regelm\u00e4\u00dfig schreibende Autoren in den Kreis unseres engagierten Teams aufzunehmen. Auch Angebote [&hellip;]<\/p>\n","protected":false},"author":229,"featured_media":0,"parent":0,"menu_order":0,"comment_status":"closed","ping_status":"closed","template":"","meta":{"footnotes":""},"class_list":["post-57","page","type-page","status-publish","hentry"],"yoast_head":"<!-- This site is optimized with the Yoast SEO plugin v21.0 - https:\/\/yoast.com\/wordpress\/plugins\/seo\/ -->\n<title>Autor werden - St\u00f6rungsmelder<\/title>\n<meta name=\"robots\" content=\"index, follow, max-snippet:-1, max-image-preview:large, max-video-preview:-1\" \/>\n<link rel=\"canonical\" href=\"https:\/\/blog.zeit.de\/stoerungsmelder\/autor-werden\" \/>\n<meta property=\"og:locale\" content=\"de_DE\" \/>\n<meta property=\"og:type\" content=\"article\" \/>\n<meta property=\"og:title\" content=\"Autor werden - St\u00f6rungsmelder\" \/>\n<meta property=\"og:description\" content=\"Du hast Rechtsextreme um dich herum und willst dar\u00fcber berichten? Du m\u00f6chtest \u00fcber ein Thema schreiben? Dann werde St\u00f6rungsmelder-Autor. Schick uns eine Mail, in der du dein Thema beschreibst und wie du es f\u00fcr die Leser des St\u00f6rungsmelders aufbereiten m\u00f6chtest. Wir freuen uns, regelm\u00e4\u00dfig schreibende Autoren in den Kreis unseres engagierten Teams aufzunehmen. Auch Angebote [&hellip;]\" \/>\n<meta property=\"og:url\" content=\"https:\/\/blog.zeit.de\/stoerungsmelder\/autor-werden\" \/>\n<meta property=\"og:site_name\" content=\"St\u00f6rungsmelder\" \/>\n<meta property=\"article:modified_time\" content=\"2018-11-22T16:19:34+00:00\" \/>\n<meta name=\"twitter:card\" content=\"summary_large_image\" \/>\n<script type=\"application\/ld+json\" class=\"yoast-schema-graph\">{\"@context\":\"https:\/\/schema.org\",\"@graph\":[{\"@type\":\"WebPage\",\"@id\":\"https:\/\/blog.zeit.de\/stoerungsmelder\/autor-werden\",\"url\":\"https:\/\/blog.zeit.de\/stoerungsmelder\/autor-werden\",\"name\":\"Autor werden - St\u00f6rungsmelder\",\"isPartOf\":{\"@id\":\"https:\/\/blog.zeit.de\/stoerungsmelder\/#website\"},\"datePublished\":\"2007-10-25T20:43:14+00:00\",\"dateModified\":\"2018-11-22T16:19:34+00:00\",\"breadcrumb\":{\"@id\":\"https:\/\/blog.zeit.de\/stoerungsmelder\/autor-werden#breadcrumb\"},\"inLanguage\":\"de\",\"potentialAction\":[{\"@type\":\"ReadAction\",\"target\":[\"https:\/\/blog.zeit.de\/stoerungsmelder\/autor-werden\"]}]},{\"@type\":\"BreadcrumbList\",\"@id\":\"https:\/\/blog.zeit.de\/stoerungsmelder\/autor-werden#breadcrumb\",\"itemListElement\":[{\"@type\":\"ListItem\",\"position\":1,\"name\":\"Startseite\",\"item\":\"https:\/\/blog.zeit.de\/stoerungsmelder\"},{\"@type\":\"ListItem\",\"position\":2,\"name\":\"Autor werden\"}]},{\"@type\":\"WebSite\",\"@id\":\"https:\/\/blog.zeit.de\/stoerungsmelder\/#website\",\"url\":\"https:\/\/blog.zeit.de\/stoerungsmelder\/\",\"name\":\"St\u00f6rungsmelder\",\"description\":\"Recherchen und Analysen \u00fcber die extreme Rechte\",\"potentialAction\":[{\"@type\":\"SearchAction\",\"target\":{\"@type\":\"EntryPoint\",\"urlTemplate\":\"https:\/\/blog.zeit.de\/stoerungsmelder\/?s={search_term_string}\"},\"query-input\":\"required name=search_term_string\"}],\"inLanguage\":\"de\"}]}<\/script>\n<!-- \/ Yoast SEO plugin. -->","yoast_head_json":{"title":"Autor werden - St\u00f6rungsmelder","robots":{"index":"index","follow":"follow","max-snippet":"max-snippet:-1","max-image-preview":"max-image-preview:large","max-video-preview":"max-video-preview:-1"},"canonical":"https:\/\/blog.zeit.de\/stoerungsmelder\/autor-werden","og_locale":"de_DE","og_type":"article","og_title":"Autor werden - St\u00f6rungsmelder","og_description":"Du hast Rechtsextreme um dich herum und willst dar\u00fcber berichten? Du m\u00f6chtest \u00fcber ein Thema schreiben? Dann werde St\u00f6rungsmelder-Autor. Schick uns eine Mail, in der du dein Thema beschreibst und wie du es f\u00fcr die Leser des St\u00f6rungsmelders aufbereiten m\u00f6chtest. Wir freuen uns, regelm\u00e4\u00dfig schreibende Autoren in den Kreis unseres engagierten Teams aufzunehmen. Auch Angebote [&hellip;]","og_url":"https:\/\/blog.zeit.de\/stoerungsmelder\/autor-werden","og_site_name":"St\u00f6rungsmelder","article_modified_time":"2018-11-22T16:19:34+00:00","twitter_card":"summary_large_image","schema":{"@context":"https:\/\/schema.org","@graph":[{"@type":"WebPage","@id":"https:\/\/blog.zeit.de\/stoerungsmelder\/autor-werden","url":"https:\/\/blog.zeit.de\/stoerungsmelder\/autor-werden","name":"Autor werden - St\u00f6rungsmelder","isPartOf":{"@id":"https:\/\/blog.zeit.de\/stoerungsmelder\/#website"},"datePublished":"2007-10-25T20:43:14+00:00","dateModified":"2018-11-22T16:19:34+00:00","breadcrumb":{"@id":"https:\/\/blog.zeit.de\/stoerungsmelder\/autor-werden#breadcrumb"},"inLanguage":"de","potentialAction":[{"@type":"ReadAction","target":["https:\/\/blog.zeit.de\/stoerungsmelder\/autor-werden"]}]},{"@type":"BreadcrumbList","@id":"https:\/\/blog.zeit.de\/stoerungsmelder\/autor-werden#breadcrumb","itemListElement":[{"@type":"ListItem","position":1,"name":"Startseite","item":"https:\/\/blog.zeit.de\/stoerungsmelder"},{"@type":"ListItem","position":2,"name":"Autor werden"}]},{"@type":"WebSite","@id":"https:\/\/blog.zeit.de\/stoerungsmelder\/#website","url":"https:\/\/blog.zeit.de\/stoerungsmelder\/","name":"St\u00f6rungsmelder","description":"Recherchen und Analysen \u00fcber die extreme Rechte","potentialAction":[{"@type":"SearchAction","target":{"@type":"EntryPoint","urlTemplate":"https:\/\/blog.zeit.de\/stoerungsmelder\/?s={search_term_string}"},"query-input":"required name=search_term_string"}],"inLanguage":"de"}]}},"jetpack_sharing_enabled":true,"_links":{"self":[{"href":"https:\/\/blog.zeit.de\/stoerungsmelder\/wp-json\/wp\/v2\/pages\/57","targetHints":{"allow":["GET"]}}],"collection":[{"href":"https:\/\/blog.zeit.de\/stoerungsmelder\/wp-json\/wp\/v2\/pages"}],"about":[{"href":"https:\/\/blog.zeit.de\/stoerungsmelder\/wp-json\/wp\/v2\/types\/page"}],"author":[{"embeddable":true,"href":"https:\/\/blog.zeit.de\/stoerungsmelder\/wp-json\/wp\/v2\/users\/229"}],"replies":[{"embeddable":true,"href":"https:\/\/blog.zeit.de\/stoerungsmelder\/wp-json\/wp\/v2\/comments?post=57"}],"version-history":[{"count":6,"href":"https:\/\/blog.zeit.de\/stoerungsmelder\/wp-json\/wp\/v2\/pages\/57\/revisions"}],"predecessor-version":[{"id":27702,"href":"https:\/\/blog.zeit.de\/stoerungsmelder\/wp-json\/wp\/v2\/pages\/57\/revisions\/27702"}],"wp:attachment":[{"href":"https:\/\/blog.zeit.de\/stoerungsmelder\/wp-json\/wp\/v2\/media?parent=57"}],"curies":[{"name":"wp","href":"https:\/\/api.w.org\/{rel}","templated":true}]}}