{"id":5,"date":"2014-07-18T14:20:52","date_gmt":"2014-07-18T12:20:52","guid":{"rendered":"http:\/\/blog.zeit.de\/stufenlos\/?page_id=5"},"modified":"2014-08-27T16:35:01","modified_gmt":"2014-08-27T14:35:01","slug":"ueber-die-autorin","status":"publish","type":"page","link":"https:\/\/blog.zeit.de\/stufenlos\/ueber-die-autorin\/","title":{"rendered":"\u00dcber die Autorin"},"content":{"rendered":"<p><img loading=\"lazy\" decoding=\"async\" src=\"https:\/\/blog.zeit.de\/stufenlos\/files\/2014\/07\/2013-07-23-20.03.02-220x220.jpg\" alt=\"2013-07-23 20.03.02\" width=\"220\" height=\"220\" class=\"alignright size-thumbnail wp-image-30\" \/>Christiane Link ist Journalistin und Unternehmerin. Seit 2006 lebt sie in London, geboren ist sie in Mainz und hat lange in Hamburg gelebt. Sie h\u00e4lt Vortr\u00e4ge \u00fcber das Thema Barrierefreiheit und ber\u00e4t europaweit Unternehmen darin, wie sie ihren Service f\u00fcr behinderte Kunden verbessern k\u00f6nnen. Au\u00dferdem fliegt sie leidenschaftlich gerne und hat ein Faible f\u00fcr U-Bahnen. Seit kurz nach ihrer Geburt ist Christiane Link querschnittgel\u00e4hmt und daher im Rollstuhl unterwegs.<\/p>\n","protected":false},"excerpt":{"rendered":"<p>Christiane Link ist Journalistin und Unternehmerin. Seit 2006 lebt sie in London, geboren ist sie in Mainz und hat lange in Hamburg gelebt. Sie h\u00e4lt Vortr\u00e4ge \u00fcber das Thema Barrierefreiheit und ber\u00e4t europaweit Unternehmen darin, wie sie ihren Service f\u00fcr behinderte Kunden verbessern k\u00f6nnen. Au\u00dferdem fliegt sie leidenschaftlich gerne und hat ein Faible f\u00fcr U-Bahnen. [&hellip;]<\/p>\n","protected":false},"author":2,"featured_media":0,"parent":0,"menu_order":0,"comment_status":"open","ping_status":"closed","template":"","meta":{"footnotes":""},"class_list":["post-5","page","type-page","status-publish","hentry"],"yoast_head":"<!-- This site is optimized with the Yoast SEO plugin v21.0 - https:\/\/yoast.com\/wordpress\/plugins\/seo\/ -->\n<title>\u00dcber die Autorin - Stufenlos<\/title>\n<meta name=\"robots\" content=\"index, follow, max-snippet:-1, max-image-preview:large, max-video-preview:-1\" \/>\n<link rel=\"canonical\" href=\"https:\/\/blog.zeit.de\/stufenlos\/ueber-die-autorin\/\" \/>\n<meta property=\"og:locale\" content=\"de_DE\" \/>\n<meta property=\"og:type\" content=\"article\" \/>\n<meta property=\"og:title\" content=\"\u00dcber die Autorin - Stufenlos\" \/>\n<meta property=\"og:description\" content=\"Christiane Link ist Journalistin und Unternehmerin. Seit 2006 lebt sie in London, geboren ist sie in Mainz und hat lange in Hamburg gelebt. Sie h\u00e4lt Vortr\u00e4ge \u00fcber das Thema Barrierefreiheit und ber\u00e4t europaweit Unternehmen darin, wie sie ihren Service f\u00fcr behinderte Kunden verbessern k\u00f6nnen. Au\u00dferdem fliegt sie leidenschaftlich gerne und hat ein Faible f\u00fcr U-Bahnen. [&hellip;]\" \/>\n<meta property=\"og:url\" content=\"https:\/\/blog.zeit.de\/stufenlos\/ueber-die-autorin\/\" \/>\n<meta property=\"og:site_name\" content=\"Stufenlos\" \/>\n<meta property=\"article:modified_time\" content=\"2014-08-27T14:35:01+00:00\" \/>\n<meta property=\"og:image\" content=\"https:\/\/blog.zeit.de\/stufenlos\/files\/2014\/07\/2013-07-23-20.03.02-220x220.jpg\" \/>\n<meta name=\"twitter:card\" content=\"summary_large_image\" \/>\n<meta name=\"twitter:site\" content=\"@zeitonline\" \/>\n<script type=\"application\/ld+json\" class=\"yoast-schema-graph\">{\"@context\":\"https:\/\/schema.org\",\"@graph\":[{\"@type\":\"WebPage\",\"@id\":\"https:\/\/blog.zeit.de\/stufenlos\/ueber-die-autorin\/\",\"url\":\"https:\/\/blog.zeit.de\/stufenlos\/ueber-die-autorin\/\",\"name\":\"\u00dcber die Autorin - Stufenlos\",\"isPartOf\":{\"@id\":\"https:\/\/blog.zeit.de\/stufenlos\/#website\"},\"datePublished\":\"2014-07-18T12:20:52+00:00\",\"dateModified\":\"2014-08-27T14:35:01+00:00\",\"breadcrumb\":{\"@id\":\"https:\/\/blog.zeit.de\/stufenlos\/ueber-die-autorin\/#breadcrumb\"},\"inLanguage\":\"de\",\"potentialAction\":[{\"@type\":\"ReadAction\",\"target\":[\"https:\/\/blog.zeit.de\/stufenlos\/ueber-die-autorin\/\"]}]},{\"@type\":\"BreadcrumbList\",\"@id\":\"https:\/\/blog.zeit.de\/stufenlos\/ueber-die-autorin\/#breadcrumb\",\"itemListElement\":[{\"@type\":\"ListItem\",\"position\":1,\"name\":\"Startseite\",\"item\":\"https:\/\/blog.zeit.de\/stufenlos\/\"},{\"@type\":\"ListItem\",\"position\":2,\"name\":\"\u00dcber die Autorin\"}]},{\"@type\":\"WebSite\",\"@id\":\"https:\/\/blog.zeit.de\/stufenlos\/#website\",\"url\":\"https:\/\/blog.zeit.de\/stufenlos\/\",\"name\":\"Stufenlos\",\"description\":\"Blog zur Barrierefreiheit und Inklusion\",\"potentialAction\":[{\"@type\":\"SearchAction\",\"target\":{\"@type\":\"EntryPoint\",\"urlTemplate\":\"https:\/\/blog.zeit.de\/stufenlos\/?s={search_term_string}\"},\"query-input\":\"required name=search_term_string\"}],\"inLanguage\":\"de\"}]}<\/script>\n<!-- \/ Yoast SEO plugin. -->","yoast_head_json":{"title":"\u00dcber die Autorin - Stufenlos","robots":{"index":"index","follow":"follow","max-snippet":"max-snippet:-1","max-image-preview":"max-image-preview:large","max-video-preview":"max-video-preview:-1"},"canonical":"https:\/\/blog.zeit.de\/stufenlos\/ueber-die-autorin\/","og_locale":"de_DE","og_type":"article","og_title":"\u00dcber die Autorin - Stufenlos","og_description":"Christiane Link ist Journalistin und Unternehmerin. Seit 2006 lebt sie in London, geboren ist sie in Mainz und hat lange in Hamburg gelebt. Sie h\u00e4lt Vortr\u00e4ge \u00fcber das Thema Barrierefreiheit und ber\u00e4t europaweit Unternehmen darin, wie sie ihren Service f\u00fcr behinderte Kunden verbessern k\u00f6nnen. Au\u00dferdem fliegt sie leidenschaftlich gerne und hat ein Faible f\u00fcr U-Bahnen. [&hellip;]","og_url":"https:\/\/blog.zeit.de\/stufenlos\/ueber-die-autorin\/","og_site_name":"Stufenlos","article_modified_time":"2014-08-27T14:35:01+00:00","og_image":[{"url":"https:\/\/blog.zeit.de\/stufenlos\/files\/2014\/07\/2013-07-23-20.03.02-220x220.jpg"}],"twitter_card":"summary_large_image","twitter_site":"@zeitonline","schema":{"@context":"https:\/\/schema.org","@graph":[{"@type":"WebPage","@id":"https:\/\/blog.zeit.de\/stufenlos\/ueber-die-autorin\/","url":"https:\/\/blog.zeit.de\/stufenlos\/ueber-die-autorin\/","name":"\u00dcber die Autorin - Stufenlos","isPartOf":{"@id":"https:\/\/blog.zeit.de\/stufenlos\/#website"},"datePublished":"2014-07-18T12:20:52+00:00","dateModified":"2014-08-27T14:35:01+00:00","breadcrumb":{"@id":"https:\/\/blog.zeit.de\/stufenlos\/ueber-die-autorin\/#breadcrumb"},"inLanguage":"de","potentialAction":[{"@type":"ReadAction","target":["https:\/\/blog.zeit.de\/stufenlos\/ueber-die-autorin\/"]}]},{"@type":"BreadcrumbList","@id":"https:\/\/blog.zeit.de\/stufenlos\/ueber-die-autorin\/#breadcrumb","itemListElement":[{"@type":"ListItem","position":1,"name":"Startseite","item":"https:\/\/blog.zeit.de\/stufenlos\/"},{"@type":"ListItem","position":2,"name":"\u00dcber die Autorin"}]},{"@type":"WebSite","@id":"https:\/\/blog.zeit.de\/stufenlos\/#website","url":"https:\/\/blog.zeit.de\/stufenlos\/","name":"Stufenlos","description":"Blog zur Barrierefreiheit und Inklusion","potentialAction":[{"@type":"SearchAction","target":{"@type":"EntryPoint","urlTemplate":"https:\/\/blog.zeit.de\/stufenlos\/?s={search_term_string}"},"query-input":"required name=search_term_string"}],"inLanguage":"de"}]}},"jetpack_sharing_enabled":true,"_links":{"self":[{"href":"https:\/\/blog.zeit.de\/stufenlos\/wp-json\/wp\/v2\/pages\/5","targetHints":{"allow":["GET"]}}],"collection":[{"href":"https:\/\/blog.zeit.de\/stufenlos\/wp-json\/wp\/v2\/pages"}],"about":[{"href":"https:\/\/blog.zeit.de\/stufenlos\/wp-json\/wp\/v2\/types\/page"}],"author":[{"embeddable":true,"href":"https:\/\/blog.zeit.de\/stufenlos\/wp-json\/wp\/v2\/users\/2"}],"replies":[{"embeddable":true,"href":"https:\/\/blog.zeit.de\/stufenlos\/wp-json\/wp\/v2\/comments?post=5"}],"version-history":[{"count":5,"href":"https:\/\/blog.zeit.de\/stufenlos\/wp-json\/wp\/v2\/pages\/5\/revisions"}],"predecessor-version":[{"id":33,"href":"https:\/\/blog.zeit.de\/stufenlos\/wp-json\/wp\/v2\/pages\/5\/revisions\/33"}],"wp:attachment":[{"href":"https:\/\/blog.zeit.de\/stufenlos\/wp-json\/wp\/v2\/media?parent=5"}],"curies":[{"name":"wp","href":"https:\/\/api.w.org\/{rel}","templated":true}]}}