{"id":8,"date":"2014-07-18T14:22:56","date_gmt":"2014-07-18T12:22:56","guid":{"rendered":"http:\/\/blog.zeit.de\/stufenlos\/?page_id=8"},"modified":"2014-08-27T16:34:58","modified_gmt":"2014-08-27T14:34:58","slug":"ueber-das-blog","status":"publish","type":"page","link":"https:\/\/blog.zeit.de\/stufenlos\/ueber-das-blog\/","title":{"rendered":"\u00dcber das Blog"},"content":{"rendered":"<p>Dieses Blog dreht sich um Barrierefreiheit. Deshalb auch &#8222;stufenlos&#8220;. Stufenlosigkeit ist nur eine von vielen Voraussetzungen f\u00fcr Barrierefreiheit. Es geht auch um Rampen, um Fahrst\u00fchle, Blindenleitsysteme, Rollst\u00fchle, Geb\u00e4rdensprache und alles was dazu geh\u00f6rt.<\/p>\n<p>Es geht aber auch um Inklusion. Inklusion bedeutet nicht nur, dass behinderte und nicht behinderte Kinder gemeinsam unterrichtet werden, sondern bezieht sich auf alle Lebensbereiche von Menschen mit Behinderungen. Eine inklusive Gesellschaft ist eine Gesellschaft, in der auch behinderte Menschen selbstbestimmt leben k\u00f6nnen, Zugang zu Arbeit, \u00f6ffentlichen Verkehrsmitteln, Gesundheitsversorgung, Assistenz und Freizeitangeboten haben, um mal nur ein paar Beispiele zu nennen.<\/p>\n<p>Es geht um Menschen, die diskriminieren, oft ohne es merken, und um Menschen, die alle Hebel in Bewegung setzen, um Inklusion m\u00f6glich zu machen. Es geht um das t\u00e4gliche Miteinander behinderter und nicht behinderter Menschen. Und das Blog geht auch der Frage nach, warum nicht behinderte Menschen nicht \u00f6fter auf behinderte Menschen treffen.<\/p>\n<p>Und nicht zuletzt geht es bei &#8222;Stufenlos&#8220; auch um Politik. Ohne die wird es weder Barrierefreiheit noch Inklusion geben. Es dabei auch um Menschenrechte und gesellschaftliche Teilhabe.<\/p>\n<p>Das Blog versucht, L\u00f6sungen aufzuzeigen statt nur einen Zustand zu bem\u00e4ngeln. Dabei geht es um pers\u00f6nliche Erfahrungen und eine pers\u00f6nliche Sichtweise. Ganz subjektiv, <a href=\"https:\/\/blog.zeit.de\/stufenlos\/ueber-die-autorin\/\">von einer Autorin, die selbst behindert ist<\/a>.<\/p>\n","protected":false},"excerpt":{"rendered":"<p>Dieses Blog dreht sich um Barrierefreiheit. Deshalb auch &#8222;stufenlos&#8220;. Stufenlosigkeit ist nur eine von vielen Voraussetzungen f\u00fcr Barrierefreiheit. Es geht auch um Rampen, um Fahrst\u00fchle, Blindenleitsysteme, Rollst\u00fchle, Geb\u00e4rdensprache und alles was dazu geh\u00f6rt. Es geht aber auch um Inklusion. Inklusion bedeutet nicht nur, dass behinderte und nicht behinderte Kinder gemeinsam unterrichtet werden, sondern bezieht sich [&hellip;]<\/p>\n","protected":false},"author":2,"featured_media":0,"parent":0,"menu_order":0,"comment_status":"open","ping_status":"closed","template":"","meta":{"footnotes":""},"class_list":["post-8","page","type-page","status-publish","hentry"],"yoast_head":"<!-- This site is optimized with the Yoast SEO plugin v21.0 - https:\/\/yoast.com\/wordpress\/plugins\/seo\/ -->\n<title>\u00dcber das Blog - Stufenlos<\/title>\n<meta name=\"robots\" content=\"index, follow, max-snippet:-1, max-image-preview:large, max-video-preview:-1\" \/>\n<link rel=\"canonical\" href=\"https:\/\/blog.zeit.de\/stufenlos\/ueber-das-blog\/\" \/>\n<meta property=\"og:locale\" content=\"de_DE\" \/>\n<meta property=\"og:type\" content=\"article\" \/>\n<meta property=\"og:title\" content=\"\u00dcber das Blog - Stufenlos\" \/>\n<meta property=\"og:description\" content=\"Dieses Blog dreht sich um Barrierefreiheit. Deshalb auch &#8222;stufenlos&#8220;. Stufenlosigkeit ist nur eine von vielen Voraussetzungen f\u00fcr Barrierefreiheit. Es geht auch um Rampen, um Fahrst\u00fchle, Blindenleitsysteme, Rollst\u00fchle, Geb\u00e4rdensprache und alles was dazu geh\u00f6rt. Es geht aber auch um Inklusion. Inklusion bedeutet nicht nur, dass behinderte und nicht behinderte Kinder gemeinsam unterrichtet werden, sondern bezieht sich [&hellip;]\" \/>\n<meta property=\"og:url\" content=\"https:\/\/blog.zeit.de\/stufenlos\/ueber-das-blog\/\" \/>\n<meta property=\"og:site_name\" content=\"Stufenlos\" \/>\n<meta property=\"article:modified_time\" content=\"2014-08-27T14:34:58+00:00\" \/>\n<meta name=\"twitter:card\" content=\"summary_large_image\" \/>\n<meta name=\"twitter:site\" content=\"@zeitonline\" \/>\n<meta name=\"twitter:label1\" content=\"Gesch\u00e4tzte Lesezeit\" \/>\n\t<meta name=\"twitter:data1\" content=\"1\u00a0Minute\" \/>\n<script type=\"application\/ld+json\" class=\"yoast-schema-graph\">{\"@context\":\"https:\/\/schema.org\",\"@graph\":[{\"@type\":\"WebPage\",\"@id\":\"https:\/\/blog.zeit.de\/stufenlos\/ueber-das-blog\/\",\"url\":\"https:\/\/blog.zeit.de\/stufenlos\/ueber-das-blog\/\",\"name\":\"\u00dcber das Blog - Stufenlos\",\"isPartOf\":{\"@id\":\"https:\/\/blog.zeit.de\/stufenlos\/#website\"},\"datePublished\":\"2014-07-18T12:22:56+00:00\",\"dateModified\":\"2014-08-27T14:34:58+00:00\",\"breadcrumb\":{\"@id\":\"https:\/\/blog.zeit.de\/stufenlos\/ueber-das-blog\/#breadcrumb\"},\"inLanguage\":\"de\",\"potentialAction\":[{\"@type\":\"ReadAction\",\"target\":[\"https:\/\/blog.zeit.de\/stufenlos\/ueber-das-blog\/\"]}]},{\"@type\":\"BreadcrumbList\",\"@id\":\"https:\/\/blog.zeit.de\/stufenlos\/ueber-das-blog\/#breadcrumb\",\"itemListElement\":[{\"@type\":\"ListItem\",\"position\":1,\"name\":\"Startseite\",\"item\":\"https:\/\/blog.zeit.de\/stufenlos\/\"},{\"@type\":\"ListItem\",\"position\":2,\"name\":\"\u00dcber das Blog\"}]},{\"@type\":\"WebSite\",\"@id\":\"https:\/\/blog.zeit.de\/stufenlos\/#website\",\"url\":\"https:\/\/blog.zeit.de\/stufenlos\/\",\"name\":\"Stufenlos\",\"description\":\"Blog zur Barrierefreiheit und Inklusion\",\"potentialAction\":[{\"@type\":\"SearchAction\",\"target\":{\"@type\":\"EntryPoint\",\"urlTemplate\":\"https:\/\/blog.zeit.de\/stufenlos\/?s={search_term_string}\"},\"query-input\":\"required name=search_term_string\"}],\"inLanguage\":\"de\"}]}<\/script>\n<!-- \/ Yoast SEO plugin. -->","yoast_head_json":{"title":"\u00dcber das Blog - Stufenlos","robots":{"index":"index","follow":"follow","max-snippet":"max-snippet:-1","max-image-preview":"max-image-preview:large","max-video-preview":"max-video-preview:-1"},"canonical":"https:\/\/blog.zeit.de\/stufenlos\/ueber-das-blog\/","og_locale":"de_DE","og_type":"article","og_title":"\u00dcber das Blog - Stufenlos","og_description":"Dieses Blog dreht sich um Barrierefreiheit. Deshalb auch &#8222;stufenlos&#8220;. Stufenlosigkeit ist nur eine von vielen Voraussetzungen f\u00fcr Barrierefreiheit. Es geht auch um Rampen, um Fahrst\u00fchle, Blindenleitsysteme, Rollst\u00fchle, Geb\u00e4rdensprache und alles was dazu geh\u00f6rt. Es geht aber auch um Inklusion. Inklusion bedeutet nicht nur, dass behinderte und nicht behinderte Kinder gemeinsam unterrichtet werden, sondern bezieht sich [&hellip;]","og_url":"https:\/\/blog.zeit.de\/stufenlos\/ueber-das-blog\/","og_site_name":"Stufenlos","article_modified_time":"2014-08-27T14:34:58+00:00","twitter_card":"summary_large_image","twitter_site":"@zeitonline","twitter_misc":{"Gesch\u00e4tzte Lesezeit":"1\u00a0Minute"},"schema":{"@context":"https:\/\/schema.org","@graph":[{"@type":"WebPage","@id":"https:\/\/blog.zeit.de\/stufenlos\/ueber-das-blog\/","url":"https:\/\/blog.zeit.de\/stufenlos\/ueber-das-blog\/","name":"\u00dcber das Blog - Stufenlos","isPartOf":{"@id":"https:\/\/blog.zeit.de\/stufenlos\/#website"},"datePublished":"2014-07-18T12:22:56+00:00","dateModified":"2014-08-27T14:34:58+00:00","breadcrumb":{"@id":"https:\/\/blog.zeit.de\/stufenlos\/ueber-das-blog\/#breadcrumb"},"inLanguage":"de","potentialAction":[{"@type":"ReadAction","target":["https:\/\/blog.zeit.de\/stufenlos\/ueber-das-blog\/"]}]},{"@type":"BreadcrumbList","@id":"https:\/\/blog.zeit.de\/stufenlos\/ueber-das-blog\/#breadcrumb","itemListElement":[{"@type":"ListItem","position":1,"name":"Startseite","item":"https:\/\/blog.zeit.de\/stufenlos\/"},{"@type":"ListItem","position":2,"name":"\u00dcber das Blog"}]},{"@type":"WebSite","@id":"https:\/\/blog.zeit.de\/stufenlos\/#website","url":"https:\/\/blog.zeit.de\/stufenlos\/","name":"Stufenlos","description":"Blog zur Barrierefreiheit und Inklusion","potentialAction":[{"@type":"SearchAction","target":{"@type":"EntryPoint","urlTemplate":"https:\/\/blog.zeit.de\/stufenlos\/?s={search_term_string}"},"query-input":"required name=search_term_string"}],"inLanguage":"de"}]}},"jetpack_sharing_enabled":true,"_links":{"self":[{"href":"https:\/\/blog.zeit.de\/stufenlos\/wp-json\/wp\/v2\/pages\/8","targetHints":{"allow":["GET"]}}],"collection":[{"href":"https:\/\/blog.zeit.de\/stufenlos\/wp-json\/wp\/v2\/pages"}],"about":[{"href":"https:\/\/blog.zeit.de\/stufenlos\/wp-json\/wp\/v2\/types\/page"}],"author":[{"embeddable":true,"href":"https:\/\/blog.zeit.de\/stufenlos\/wp-json\/wp\/v2\/users\/2"}],"replies":[{"embeddable":true,"href":"https:\/\/blog.zeit.de\/stufenlos\/wp-json\/wp\/v2\/comments?post=8"}],"version-history":[{"count":3,"href":"https:\/\/blog.zeit.de\/stufenlos\/wp-json\/wp\/v2\/pages\/8\/revisions"}],"predecessor-version":[{"id":42,"href":"https:\/\/blog.zeit.de\/stufenlos\/wp-json\/wp\/v2\/pages\/8\/revisions\/42"}],"wp:attachment":[{"href":"https:\/\/blog.zeit.de\/stufenlos\/wp-json\/wp\/v2\/media?parent=8"}],"curies":[{"name":"wp","href":"https:\/\/api.w.org\/{rel}","templated":true}]}}