{"id":2,"date":"2006-04-25T14:05:54","date_gmt":"2006-04-25T12:05:54","guid":{"rendered":"http:\/\/wpmu.zeit.de\/tontraeger\/die-autoren"},"modified":"2015-01-29T12:54:57","modified_gmt":"2015-01-29T11:54:57","slug":"die-autoren","status":"publish","type":"page","link":"https:\/\/blog.zeit.de\/tontraeger\/die-autoren","title":{"rendered":"Das Musikblog auf ZEIT ONLINE"},"content":{"rendered":"<p>Autoren von ZEIT ONLINE wollen an dieser Stelle mehrmals in der Woche Hinweise geben: Was gibt es an frischen, interessanten Alben, welche Werke wecken Skepsis, und <a href=\"https:\/\/blog.zeit.de\/tontraeger\/category\/alte-platten-neu-gehort-liste\">was an Altem lohnt neues Hinh\u00f6ren<\/a>? Wir wollen unsere Ohren in alle Richtungen \u00f6ffnen, Argumente liefern, Empfehlungen aussprechen und Einw\u00e4nde formulieren. M\u00f6gen Sie Anregungen gewinnen und beim Lesen etwas von der Freude sp\u00fcren, die wir beim Schreiben haben.<\/p>\n<p>Betreut wird dieses Blog von unserer <a href=\"http:\/\/community.zeit.de\/user\/rabea-weihser\">Musikredakteurin Rabea Weihser<\/a>. Sie erg\u00e4nzt die Rezensionen der eingeladenen Autoren gelegentlich um Fundst\u00fccke aus dem Netz und Interessantes aus der Musikpresse. Die Songs der vorgestellten Alben finden Sie auch in einer <a href=\"http:\/\/open.spotify.com\/user\/zeit_online\/playlist\/10ddjzS1j7Dhanowf2z7Mt\" target=\"_blank\">Playlist auf Spotify<\/a>.<\/p>\n<p>Die Auswahl und Bewertung der Themen geschieht allein durch die Redaktion. Plattenfirmen haben darauf keinen Einfluss \u2013 ein Hinweis, der angesichts der Situation im Musikjournalismus notwendig erscheint.<\/p>\n","protected":false},"excerpt":{"rendered":"<p>Autoren von ZEIT ONLINE wollen an dieser Stelle mehrmals in der Woche Hinweise geben: Was gibt es an frischen, interessanten Alben, welche Werke wecken Skepsis, und was an Altem lohnt neues Hinh\u00f6ren? Wir wollen unsere Ohren in alle Richtungen \u00f6ffnen, Argumente liefern, Empfehlungen aussprechen und Einw\u00e4nde formulieren. M\u00f6gen Sie Anregungen gewinnen und beim Lesen etwas [&hellip;]<\/p>\n","protected":false},"author":65,"featured_media":0,"parent":0,"menu_order":0,"comment_status":"open","ping_status":"open","template":"","meta":{"footnotes":""},"class_list":["post-2","page","type-page","status-publish","hentry"],"yoast_head":"<!-- This site is optimized with the Yoast SEO plugin v21.0 - https:\/\/yoast.com\/wordpress\/plugins\/seo\/ -->\n<title>Das Musikblog auf ZEIT ONLINE<\/title>\n<meta name=\"robots\" content=\"noindex, follow\" \/>\n<meta property=\"og:locale\" content=\"de_DE\" \/>\n<meta property=\"og:type\" content=\"article\" \/>\n<meta property=\"og:title\" content=\"Das Musikblog auf ZEIT ONLINE\" \/>\n<meta property=\"og:description\" content=\"Autoren von ZEIT ONLINE wollen an dieser Stelle mehrmals in der Woche Hinweise geben: Was gibt es an frischen, interessanten Alben, welche Werke wecken Skepsis, und was an Altem lohnt neues Hinh\u00f6ren? Wir wollen unsere Ohren in alle Richtungen \u00f6ffnen, Argumente liefern, Empfehlungen aussprechen und Einw\u00e4nde formulieren. M\u00f6gen Sie Anregungen gewinnen und beim Lesen etwas [&hellip;]\" \/>\n<meta property=\"og:url\" content=\"https:\/\/blog.zeit.de\/tontraeger\/die-autoren\" \/>\n<meta property=\"og:site_name\" content=\"Tontr\u00e4ger\" \/>\n<meta property=\"article:modified_time\" content=\"2015-01-29T11:54:57+00:00\" \/>\n<meta name=\"twitter:card\" content=\"summary_large_image\" \/>\n<meta name=\"twitter:site\" content=\"@zeitonline\" \/>\n<meta name=\"twitter:label1\" content=\"Gesch\u00e4tzte Lesezeit\" \/>\n\t<meta name=\"twitter:data1\" content=\"1\u00a0Minute\" \/>\n<script type=\"application\/ld+json\" class=\"yoast-schema-graph\">{\"@context\":\"https:\/\/schema.org\",\"@graph\":[{\"@type\":\"WebPage\",\"@id\":\"https:\/\/blog.zeit.de\/tontraeger\/die-autoren\",\"url\":\"https:\/\/blog.zeit.de\/tontraeger\/die-autoren\",\"name\":\"Das Musikblog auf ZEIT ONLINE\",\"isPartOf\":{\"@id\":\"https:\/\/blog.zeit.de\/tontraeger\/#website\"},\"datePublished\":\"2006-04-25T12:05:54+00:00\",\"dateModified\":\"2015-01-29T11:54:57+00:00\",\"breadcrumb\":{\"@id\":\"https:\/\/blog.zeit.de\/tontraeger\/die-autoren#breadcrumb\"},\"inLanguage\":\"de\",\"potentialAction\":[{\"@type\":\"ReadAction\",\"target\":[\"https:\/\/blog.zeit.de\/tontraeger\/die-autoren\"]}]},{\"@type\":\"BreadcrumbList\",\"@id\":\"https:\/\/blog.zeit.de\/tontraeger\/die-autoren#breadcrumb\",\"itemListElement\":[{\"@type\":\"ListItem\",\"position\":1,\"name\":\"Startseite\",\"item\":\"https:\/\/blog.zeit.de\/tontraeger\"},{\"@type\":\"ListItem\",\"position\":2,\"name\":\"Das Musikblog auf ZEIT ONLINE\"}]},{\"@type\":\"WebSite\",\"@id\":\"https:\/\/blog.zeit.de\/tontraeger\/#website\",\"url\":\"https:\/\/blog.zeit.de\/tontraeger\/\",\"name\":\"Tontr\u00e4ger\",\"description\":\"Zwischen Disko und Diskurs\",\"potentialAction\":[{\"@type\":\"SearchAction\",\"target\":{\"@type\":\"EntryPoint\",\"urlTemplate\":\"https:\/\/blog.zeit.de\/tontraeger\/?s={search_term_string}\"},\"query-input\":\"required name=search_term_string\"}],\"inLanguage\":\"de\"}]}<\/script>\n<!-- \/ Yoast SEO plugin. -->","yoast_head_json":{"title":"Das Musikblog auf ZEIT ONLINE","robots":{"index":"noindex","follow":"follow"},"og_locale":"de_DE","og_type":"article","og_title":"Das Musikblog auf ZEIT ONLINE","og_description":"Autoren von ZEIT ONLINE wollen an dieser Stelle mehrmals in der Woche Hinweise geben: Was gibt es an frischen, interessanten Alben, welche Werke wecken Skepsis, und was an Altem lohnt neues Hinh\u00f6ren? Wir wollen unsere Ohren in alle Richtungen \u00f6ffnen, Argumente liefern, Empfehlungen aussprechen und Einw\u00e4nde formulieren. M\u00f6gen Sie Anregungen gewinnen und beim Lesen etwas [&hellip;]","og_url":"https:\/\/blog.zeit.de\/tontraeger\/die-autoren","og_site_name":"Tontr\u00e4ger","article_modified_time":"2015-01-29T11:54:57+00:00","twitter_card":"summary_large_image","twitter_site":"@zeitonline","twitter_misc":{"Gesch\u00e4tzte Lesezeit":"1\u00a0Minute"},"schema":{"@context":"https:\/\/schema.org","@graph":[{"@type":"WebPage","@id":"https:\/\/blog.zeit.de\/tontraeger\/die-autoren","url":"https:\/\/blog.zeit.de\/tontraeger\/die-autoren","name":"Das Musikblog auf ZEIT ONLINE","isPartOf":{"@id":"https:\/\/blog.zeit.de\/tontraeger\/#website"},"datePublished":"2006-04-25T12:05:54+00:00","dateModified":"2015-01-29T11:54:57+00:00","breadcrumb":{"@id":"https:\/\/blog.zeit.de\/tontraeger\/die-autoren#breadcrumb"},"inLanguage":"de","potentialAction":[{"@type":"ReadAction","target":["https:\/\/blog.zeit.de\/tontraeger\/die-autoren"]}]},{"@type":"BreadcrumbList","@id":"https:\/\/blog.zeit.de\/tontraeger\/die-autoren#breadcrumb","itemListElement":[{"@type":"ListItem","position":1,"name":"Startseite","item":"https:\/\/blog.zeit.de\/tontraeger"},{"@type":"ListItem","position":2,"name":"Das Musikblog auf ZEIT ONLINE"}]},{"@type":"WebSite","@id":"https:\/\/blog.zeit.de\/tontraeger\/#website","url":"https:\/\/blog.zeit.de\/tontraeger\/","name":"Tontr\u00e4ger","description":"Zwischen Disko und Diskurs","potentialAction":[{"@type":"SearchAction","target":{"@type":"EntryPoint","urlTemplate":"https:\/\/blog.zeit.de\/tontraeger\/?s={search_term_string}"},"query-input":"required name=search_term_string"}],"inLanguage":"de"}]}},"jetpack_sharing_enabled":true,"_links":{"self":[{"href":"https:\/\/blog.zeit.de\/tontraeger\/wp-json\/wp\/v2\/pages\/2","targetHints":{"allow":["GET"]}}],"collection":[{"href":"https:\/\/blog.zeit.de\/tontraeger\/wp-json\/wp\/v2\/pages"}],"about":[{"href":"https:\/\/blog.zeit.de\/tontraeger\/wp-json\/wp\/v2\/types\/page"}],"author":[{"embeddable":true,"href":"https:\/\/blog.zeit.de\/tontraeger\/wp-json\/wp\/v2\/users\/65"}],"replies":[{"embeddable":true,"href":"https:\/\/blog.zeit.de\/tontraeger\/wp-json\/wp\/v2\/comments?post=2"}],"version-history":[{"count":10,"href":"https:\/\/blog.zeit.de\/tontraeger\/wp-json\/wp\/v2\/pages\/2\/revisions"}],"predecessor-version":[{"id":19148,"href":"https:\/\/blog.zeit.de\/tontraeger\/wp-json\/wp\/v2\/pages\/2\/revisions\/19148"}],"wp:attachment":[{"href":"https:\/\/blog.zeit.de\/tontraeger\/wp-json\/wp\/v2\/media?parent=2"}],"curies":[{"name":"wp","href":"https:\/\/api.w.org\/{rel}","templated":true}]}}