{"id":112,"date":"2010-03-30T09:33:35","date_gmt":"2010-03-30T09:33:35","guid":{"rendered":"http:\/\/blog.zeit.de\/zeit-der-leser\/?page_id=112"},"modified":"2022-11-03T15:27:22","modified_gmt":"2022-11-03T14:27:22","slug":"so-kommt-ihr-text-in-die-zeit-der-leser","status":"publish","type":"page","link":"https:\/\/blog.zeit.de\/zeit-der-leser\/so-kommt-ihr-text-in-die-zeit-der-leser\/","title":{"rendered":"So kommt Ihr Text in die ZEIT der Leser"},"content":{"rendered":"<p>Wir freuen uns auf Ihre Texte* ! Schicken Sie sie an leser@zeit.de. Ganz wichtig: Das Urheberrecht der Texte, Bilder und Fotos, die Sie uns schicken, muss bei Ihnen liegen. Die besten Einsendungen ver\u00f6ffentlichen wir in der gedrucken <em>ZEIT der Leser.<\/em><\/p>\n<p>Sie k\u00f6nnen Texte f\u00fcr folgende Kategorien einschicken:<br \/>\n<strong><br \/>\nZeitsprung:<\/strong> Schicken Sie Fotos, die einen Zeitsprung zeigen: einst \u2013 heute, vorher \u2013 nachher, neu \u2013 alt\u2026 Das kann eine uralte Ansichtskarte sein und die gleiche Stra\u00dfe, heute fotografiert. Oder ein Auto, kurz nach dem Kauf und kurz vor dem Verschrotten. Oder eine Fahrkarte von Hamburg nach Berlin aus den Jahren 1910 und 2010. Auf jeden Fall m\u00fcsste es interessanter sein als \u201eMeine Tochter als Baby und als gl\u00fcckliche Braut\u201c und immer verbunden mit einer interessanten Geschichte (800 bis 1000 Zeichen, inklusive Satz- und Leerzeichen).<\/p>\n<p><strong>Was mein Leben reicher macht:<\/strong> \u201eDas m\u00fcssen alle Leser wissen!\u201c Erz\u00e4hlen Sie, was Ihr Leben in der letzten Woche reicher gemacht hat: Ein Buch, eine Ausstellung, ein Kochrezept, ein Wein, eine Begegnung, der Sonnenuntergang an einem ganz bestimmten Strand, eine bestimmte Szene in einem Film. Geben Sie allen ZEIT-Lesern die Chance, das Gleiche auch zu erleben! Die Tipps k\u00f6nnen ein kurzer Satz oder Texte bis zu 1.000 Zeichen sein.<br \/>\n<strong><br \/>\nWortschatz:<\/strong> Hier sammeln wir sch\u00f6ne und vor allem seltene W\u00f6rter. Sie sind selten, weil sie nur in bestimmten Regionen oder Metiers verwendet werden, oder weil sie aus einer vergangenen Zeit stammen. Oft handelt es sich besonders plastische oder lautmalende Ausdr\u00fccke. Erz\u00e4hlen Sie uns, woher sie sie kennen und wie sie entstanden sind (800 bis 1000 Zeichen, inklusive Satz- und Leerzeichen).<\/p>\n<p><em>*Die Redaktion beh\u00e4lt sich die Auswahl, eine K\u00fcrzung und die \u00fcbliche redaktionelle Bearbeitung der Beitr\u00e4ge vor. Mit der Einsendung eines Beitrags erkl\u00e4ren Sie sich damit einverstanden, dass der Beitrag in der ZEIT, und auch in einem ZEIT-der-Leser-Buch oder -Kalender (Sammlung von Leserbeitr\u00e4gen) ver\u00f6ffentlicht werden kann.<\/em><\/p>\n","protected":false},"excerpt":{"rendered":"<p>Wir freuen uns auf Ihre Texte* ! Schicken Sie sie an leser@zeit.de. Ganz wichtig: Das Urheberrecht der Texte, Bilder und Fotos, die Sie uns schicken, muss bei Ihnen liegen. Die besten Einsendungen ver\u00f6ffentlichen wir in der gedrucken ZEIT der Leser. Sie k\u00f6nnen Texte f\u00fcr folgende Kategorien einschicken: Zeitsprung: Schicken Sie Fotos, die einen Zeitsprung zeigen: [&hellip;]<\/p>\n","protected":false},"author":265,"featured_media":0,"parent":0,"menu_order":2,"comment_status":"closed","ping_status":"closed","template":"","meta":{"footnotes":""},"class_list":["post-112","page","type-page","status-publish","hentry"],"yoast_head":"<!-- This site is optimized with the Yoast SEO plugin v21.0 - https:\/\/yoast.com\/wordpress\/plugins\/seo\/ -->\n<title>So kommt Ihr Text in die ZEIT der Leser - ZEIT der Leser<\/title>\n<meta name=\"robots\" content=\"index, follow, max-snippet:-1, max-image-preview:large, max-video-preview:-1\" \/>\n<link rel=\"canonical\" href=\"https:\/\/blog.zeit.de\/zeit-der-leser\/so-kommt-ihr-text-in-die-zeit-der-leser\/\" \/>\n<meta property=\"og:locale\" content=\"de_DE\" \/>\n<meta property=\"og:type\" content=\"article\" \/>\n<meta property=\"og:title\" content=\"So kommt Ihr Text in die ZEIT der Leser - ZEIT der Leser\" \/>\n<meta property=\"og:description\" content=\"Wir freuen uns auf Ihre Texte* ! Schicken Sie sie an leser@zeit.de. Ganz wichtig: Das Urheberrecht der Texte, Bilder und Fotos, die Sie uns schicken, muss bei Ihnen liegen. Die besten Einsendungen ver\u00f6ffentlichen wir in der gedrucken ZEIT der Leser. Sie k\u00f6nnen Texte f\u00fcr folgende Kategorien einschicken: Zeitsprung: Schicken Sie Fotos, die einen Zeitsprung zeigen: [&hellip;]\" \/>\n<meta property=\"og:url\" content=\"https:\/\/blog.zeit.de\/zeit-der-leser\/so-kommt-ihr-text-in-die-zeit-der-leser\/\" \/>\n<meta property=\"og:site_name\" content=\"ZEIT der Leser\" \/>\n<meta property=\"article:modified_time\" content=\"2022-11-03T14:27:22+00:00\" \/>\n<meta name=\"twitter:card\" content=\"summary_large_image\" \/>\n<meta name=\"twitter:label1\" content=\"Gesch\u00e4tzte Lesezeit\" \/>\n\t<meta name=\"twitter:data1\" content=\"3\u00a0Minuten\" \/>\n<script type=\"application\/ld+json\" class=\"yoast-schema-graph\">{\"@context\":\"https:\/\/schema.org\",\"@graph\":[{\"@type\":\"WebPage\",\"@id\":\"https:\/\/blog.zeit.de\/zeit-der-leser\/so-kommt-ihr-text-in-die-zeit-der-leser\/\",\"url\":\"https:\/\/blog.zeit.de\/zeit-der-leser\/so-kommt-ihr-text-in-die-zeit-der-leser\/\",\"name\":\"So kommt Ihr Text in die ZEIT der Leser - ZEIT der Leser\",\"isPartOf\":{\"@id\":\"https:\/\/blog.zeit.de\/zeit-der-leser\/#website\"},\"datePublished\":\"2010-03-30T09:33:35+00:00\",\"dateModified\":\"2022-11-03T14:27:22+00:00\",\"breadcrumb\":{\"@id\":\"https:\/\/blog.zeit.de\/zeit-der-leser\/so-kommt-ihr-text-in-die-zeit-der-leser\/#breadcrumb\"},\"inLanguage\":\"de\",\"potentialAction\":[{\"@type\":\"ReadAction\",\"target\":[\"https:\/\/blog.zeit.de\/zeit-der-leser\/so-kommt-ihr-text-in-die-zeit-der-leser\/\"]}]},{\"@type\":\"BreadcrumbList\",\"@id\":\"https:\/\/blog.zeit.de\/zeit-der-leser\/so-kommt-ihr-text-in-die-zeit-der-leser\/#breadcrumb\",\"itemListElement\":[{\"@type\":\"ListItem\",\"position\":1,\"name\":\"Startseite\",\"item\":\"https:\/\/blog.zeit.de\/zeit-der-leser\/\"},{\"@type\":\"ListItem\",\"position\":2,\"name\":\"So kommt Ihr Text in die ZEIT der Leser\"}]},{\"@type\":\"WebSite\",\"@id\":\"https:\/\/blog.zeit.de\/zeit-der-leser\/#website\",\"url\":\"https:\/\/blog.zeit.de\/zeit-der-leser\/\",\"name\":\"ZEIT der Leser\",\"description\":\"Ein Blog mit Ihren Notizen, Gedichten und Bildern f\u00fcr die gedruckte ZEIT\",\"potentialAction\":[{\"@type\":\"SearchAction\",\"target\":{\"@type\":\"EntryPoint\",\"urlTemplate\":\"https:\/\/blog.zeit.de\/zeit-der-leser\/?s={search_term_string}\"},\"query-input\":\"required name=search_term_string\"}],\"inLanguage\":\"de\"}]}<\/script>\n<!-- \/ Yoast SEO plugin. -->","yoast_head_json":{"title":"So kommt Ihr Text in die ZEIT der Leser - ZEIT der Leser","robots":{"index":"index","follow":"follow","max-snippet":"max-snippet:-1","max-image-preview":"max-image-preview:large","max-video-preview":"max-video-preview:-1"},"canonical":"https:\/\/blog.zeit.de\/zeit-der-leser\/so-kommt-ihr-text-in-die-zeit-der-leser\/","og_locale":"de_DE","og_type":"article","og_title":"So kommt Ihr Text in die ZEIT der Leser - ZEIT der Leser","og_description":"Wir freuen uns auf Ihre Texte* ! Schicken Sie sie an leser@zeit.de. Ganz wichtig: Das Urheberrecht der Texte, Bilder und Fotos, die Sie uns schicken, muss bei Ihnen liegen. Die besten Einsendungen ver\u00f6ffentlichen wir in der gedrucken ZEIT der Leser. Sie k\u00f6nnen Texte f\u00fcr folgende Kategorien einschicken: Zeitsprung: Schicken Sie Fotos, die einen Zeitsprung zeigen: [&hellip;]","og_url":"https:\/\/blog.zeit.de\/zeit-der-leser\/so-kommt-ihr-text-in-die-zeit-der-leser\/","og_site_name":"ZEIT der Leser","article_modified_time":"2022-11-03T14:27:22+00:00","twitter_card":"summary_large_image","twitter_misc":{"Gesch\u00e4tzte Lesezeit":"3\u00a0Minuten"},"schema":{"@context":"https:\/\/schema.org","@graph":[{"@type":"WebPage","@id":"https:\/\/blog.zeit.de\/zeit-der-leser\/so-kommt-ihr-text-in-die-zeit-der-leser\/","url":"https:\/\/blog.zeit.de\/zeit-der-leser\/so-kommt-ihr-text-in-die-zeit-der-leser\/","name":"So kommt Ihr Text in die ZEIT der Leser - ZEIT der Leser","isPartOf":{"@id":"https:\/\/blog.zeit.de\/zeit-der-leser\/#website"},"datePublished":"2010-03-30T09:33:35+00:00","dateModified":"2022-11-03T14:27:22+00:00","breadcrumb":{"@id":"https:\/\/blog.zeit.de\/zeit-der-leser\/so-kommt-ihr-text-in-die-zeit-der-leser\/#breadcrumb"},"inLanguage":"de","potentialAction":[{"@type":"ReadAction","target":["https:\/\/blog.zeit.de\/zeit-der-leser\/so-kommt-ihr-text-in-die-zeit-der-leser\/"]}]},{"@type":"BreadcrumbList","@id":"https:\/\/blog.zeit.de\/zeit-der-leser\/so-kommt-ihr-text-in-die-zeit-der-leser\/#breadcrumb","itemListElement":[{"@type":"ListItem","position":1,"name":"Startseite","item":"https:\/\/blog.zeit.de\/zeit-der-leser\/"},{"@type":"ListItem","position":2,"name":"So kommt Ihr Text in die ZEIT der Leser"}]},{"@type":"WebSite","@id":"https:\/\/blog.zeit.de\/zeit-der-leser\/#website","url":"https:\/\/blog.zeit.de\/zeit-der-leser\/","name":"ZEIT der Leser","description":"Ein Blog mit Ihren Notizen, Gedichten und Bildern f\u00fcr die gedruckte ZEIT","potentialAction":[{"@type":"SearchAction","target":{"@type":"EntryPoint","urlTemplate":"https:\/\/blog.zeit.de\/zeit-der-leser\/?s={search_term_string}"},"query-input":"required name=search_term_string"}],"inLanguage":"de"}]}},"jetpack_sharing_enabled":true,"_links":{"self":[{"href":"https:\/\/blog.zeit.de\/zeit-der-leser\/wp-json\/wp\/v2\/pages\/112","targetHints":{"allow":["GET"]}}],"collection":[{"href":"https:\/\/blog.zeit.de\/zeit-der-leser\/wp-json\/wp\/v2\/pages"}],"about":[{"href":"https:\/\/blog.zeit.de\/zeit-der-leser\/wp-json\/wp\/v2\/types\/page"}],"author":[{"embeddable":true,"href":"https:\/\/blog.zeit.de\/zeit-der-leser\/wp-json\/wp\/v2\/users\/265"}],"replies":[{"embeddable":true,"href":"https:\/\/blog.zeit.de\/zeit-der-leser\/wp-json\/wp\/v2\/comments?post=112"}],"version-history":[{"count":5,"href":"https:\/\/blog.zeit.de\/zeit-der-leser\/wp-json\/wp\/v2\/pages\/112\/revisions"}],"predecessor-version":[{"id":21263,"href":"https:\/\/blog.zeit.de\/zeit-der-leser\/wp-json\/wp\/v2\/pages\/112\/revisions\/21263"}],"wp:attachment":[{"href":"https:\/\/blog.zeit.de\/zeit-der-leser\/wp-json\/wp\/v2\/media?parent=112"}],"curies":[{"name":"wp","href":"https:\/\/api.w.org\/{rel}","templated":true}]}}