{"id":13564,"date":"2012-12-01T08:00:34","date_gmt":"2012-12-01T07:00:34","guid":{"rendered":"http:\/\/blog.zeit.de\/zeitmagazin\/?page_id=13564"},"modified":"2012-12-13T14:00:06","modified_gmt":"2012-12-13T13:00:06","slug":"der-heitere-adventskalender-weihnachtsgewinnspiel-2012-teilnahmebedingungen","status":"publish","type":"page","link":"https:\/\/blog.zeit.de\/zeitmagazin\/der-heitere-adventskalender-weihnachtsgewinnspiel-2012-teilnahmebedingungen\/","title":{"rendered":"Der heitere Adventskalender Weihnachtsgewinnspiel 2012 Teilnahmebedingungen"},"content":{"rendered":"<p style=\"text-align: justify;\">\n<p style=\"text-align: justify;\">1. Teilnahmeberechtigt ist jede nat\u00fcrliche Person, die unbeschr\u00e4nkt gesch\u00e4ftsf\u00e4hig ist. Bei beschr\u00e4nkt gesch\u00e4ftsf\u00e4higen Teilnehmern ist die Einwilligung des gesetzlichen Vertreters erforderlich.<\/p>\n<p style=\"text-align: justify;\">2. F\u00fcr die Teilnahme ist es erforderlich, dass sich der Teilnehmer f\u00fcr den Wettbewerb registriert und Namen und Anschrift angibt und sich mit den Teilnahmebedingungen einverstanden erkl\u00e4rt.<\/p>\n<p style=\"text-align: justify;\">3. In dem Zeitraum vom 1. bis zum 24.12.2012 wird an jedem Tag ein gesonderter Wettbewerb veranstaltet. Der Wettbewerb wird jeweils wie folgt durchgef\u00fchrt: Morgens gegen ca. 8:00 Uhr wird vom ZEIT MAGAZIN ein Artikel auf www.zeit.de in dem Blog \u201eHeiter bis gl\u00fccklich, das ZEITMAGAZIN\u201c ver\u00f6ffentlicht. Dort wird der Gegenstand vorgestellt, der gewonnen werden kann. Die Teilnehmer m\u00fcssen mit einer g\u00fcltigen E-Mail-Adresse registriert sein oder k\u00f6nnen sich dann am selben Tag bis 15:00 f\u00fcr die Teilnahme mit einer g\u00fcltigen E-Mail-Adresse registrieren und ihren Blogkommentar bis 15:00 Uhr mit der daf\u00fcr vorgesehen Kommentarfunktion einstellen. Sp\u00e4tere Teilnahmen werden nicht ber\u00fccksichtigt. Aus den rechtzeitig eingestellten Blog-Kommentaren der rechtzeitig registrierten Teilnehmer w\u00e4hlt ein Mitarbeiter der Redaktion des ZEIT-MAGAZIN einen Blog-Kommentar aus, der nach Auffassung des ZEIT-MAGAZIN-Mitarbeiters am \u00fcberzeugendsten begr\u00fcndet, warum der Verfasser des Blog-Kommentars den an dem jeweiligen Tag in dem Artikel beschriebenen Gewinn gewinnen sollte. Wer gewonnen hat, wird jeweils werkt\u00e4glich auf dem Blog mitgeteilt. Der Gewinner wird gebeten seine Postanschrift an eine angegebene E-Mail-Adresse zu schicken.<\/p>\n<p style=\"text-align: justify;\">4. Der Teilnehmer des Wettbewerbs versichert, dass er seinen Blog-Kommentar selbst verfasst hat. Der Teilnehmer ist damit einverstanden, dass sein f\u00fcr die Teilnahme an dem Wettbewerb eingestellter Blog-Kommentar sowie sein Name von der Zeitverlag Gerd Bucerius GmbH &amp; Co. KG und von ZEIT Online GmbH im Rahmen der Berichterstattung \u00fcber den Wettbewerb in gedruckter und digitaler Form ver\u00f6ffentlicht, vervielf\u00e4ltigt und verbreitet werden k\u00f6nnen.<\/p>\n<p style=\"text-align: justify;\">\n","protected":false},"excerpt":{"rendered":"<p>1. Teilnahmeberechtigt ist jede nat\u00fcrliche Person, die unbeschr\u00e4nkt gesch\u00e4ftsf\u00e4hig ist. Bei beschr\u00e4nkt gesch\u00e4ftsf\u00e4higen Teilnehmern ist die Einwilligung des gesetzlichen Vertreters erforderlich. 2. F\u00fcr die Teilnahme ist es erforderlich, dass sich der Teilnehmer f\u00fcr den Wettbewerb registriert und Namen und Anschrift angibt und sich mit den Teilnahmebedingungen einverstanden erkl\u00e4rt. 3. In dem Zeitraum vom 1. bis [&hellip;]<\/p>\n","protected":false},"author":303,"featured_media":0,"parent":0,"menu_order":0,"comment_status":"closed","ping_status":"closed","template":"","meta":{"footnotes":""},"class_list":["post-13564","page","type-page","status-publish","hentry"],"yoast_head":"<!-- This site is optimized with the Yoast SEO plugin v21.0 - https:\/\/yoast.com\/wordpress\/plugins\/seo\/ -->\n<title>Der heitere Adventskalender Weihnachtsgewinnspiel 2012 Teilnahmebedingungen - Heiter bis gl\u00fccklich<\/title>\n<meta name=\"robots\" content=\"index, follow, max-snippet:-1, max-image-preview:large, max-video-preview:-1\" \/>\n<link rel=\"canonical\" href=\"https:\/\/blog.zeit.de\/zeitmagazin\/der-heitere-adventskalender-weihnachtsgewinnspiel-2012-teilnahmebedingungen\/\" \/>\n<meta property=\"og:locale\" content=\"de_DE\" \/>\n<meta property=\"og:type\" content=\"article\" \/>\n<meta property=\"og:title\" content=\"Der heitere Adventskalender Weihnachtsgewinnspiel 2012 Teilnahmebedingungen - Heiter bis gl\u00fccklich\" \/>\n<meta property=\"og:description\" content=\"1. Teilnahmeberechtigt ist jede nat\u00fcrliche Person, die unbeschr\u00e4nkt gesch\u00e4ftsf\u00e4hig ist. Bei beschr\u00e4nkt gesch\u00e4ftsf\u00e4higen Teilnehmern ist die Einwilligung des gesetzlichen Vertreters erforderlich. 2. F\u00fcr die Teilnahme ist es erforderlich, dass sich der Teilnehmer f\u00fcr den Wettbewerb registriert und Namen und Anschrift angibt und sich mit den Teilnahmebedingungen einverstanden erkl\u00e4rt. 3. In dem Zeitraum vom 1. bis [&hellip;]\" \/>\n<meta property=\"og:url\" content=\"https:\/\/blog.zeit.de\/zeitmagazin\/der-heitere-adventskalender-weihnachtsgewinnspiel-2012-teilnahmebedingungen\/\" \/>\n<meta property=\"og:site_name\" content=\"Heiter bis gl\u00fccklich\" \/>\n<meta property=\"article:modified_time\" content=\"2012-12-13T13:00:06+00:00\" \/>\n<meta name=\"twitter:card\" content=\"summary_large_image\" \/>\n<meta name=\"twitter:label1\" content=\"Gesch\u00e4tzte Lesezeit\" \/>\n\t<meta name=\"twitter:data1\" content=\"1\u00a0Minute\" \/>\n<script type=\"application\/ld+json\" class=\"yoast-schema-graph\">{\"@context\":\"https:\/\/schema.org\",\"@graph\":[{\"@type\":\"WebPage\",\"@id\":\"https:\/\/blog.zeit.de\/zeitmagazin\/der-heitere-adventskalender-weihnachtsgewinnspiel-2012-teilnahmebedingungen\/\",\"url\":\"https:\/\/blog.zeit.de\/zeitmagazin\/der-heitere-adventskalender-weihnachtsgewinnspiel-2012-teilnahmebedingungen\/\",\"name\":\"Der heitere Adventskalender Weihnachtsgewinnspiel 2012 Teilnahmebedingungen - Heiter bis gl\u00fccklich\",\"isPartOf\":{\"@id\":\"https:\/\/blog.zeit.de\/zeitmagazin\/#website\"},\"datePublished\":\"2012-12-01T07:00:34+00:00\",\"dateModified\":\"2012-12-13T13:00:06+00:00\",\"breadcrumb\":{\"@id\":\"https:\/\/blog.zeit.de\/zeitmagazin\/der-heitere-adventskalender-weihnachtsgewinnspiel-2012-teilnahmebedingungen\/#breadcrumb\"},\"inLanguage\":\"de\",\"potentialAction\":[{\"@type\":\"ReadAction\",\"target\":[\"https:\/\/blog.zeit.de\/zeitmagazin\/der-heitere-adventskalender-weihnachtsgewinnspiel-2012-teilnahmebedingungen\/\"]}]},{\"@type\":\"BreadcrumbList\",\"@id\":\"https:\/\/blog.zeit.de\/zeitmagazin\/der-heitere-adventskalender-weihnachtsgewinnspiel-2012-teilnahmebedingungen\/#breadcrumb\",\"itemListElement\":[{\"@type\":\"ListItem\",\"position\":1,\"name\":\"Startseite\",\"item\":\"https:\/\/blog.zeit.de\/zeitmagazin\/\"},{\"@type\":\"ListItem\",\"position\":2,\"name\":\"Der heitere Adventskalender Weihnachtsgewinnspiel 2012 Teilnahmebedingungen\"}]},{\"@type\":\"WebSite\",\"@id\":\"https:\/\/blog.zeit.de\/zeitmagazin\/#website\",\"url\":\"https:\/\/blog.zeit.de\/zeitmagazin\/\",\"name\":\"Heiter bis gl\u00fccklich\",\"description\":\"Das ZEITmagazin-Blog\",\"potentialAction\":[{\"@type\":\"SearchAction\",\"target\":{\"@type\":\"EntryPoint\",\"urlTemplate\":\"https:\/\/blog.zeit.de\/zeitmagazin\/?s={search_term_string}\"},\"query-input\":\"required name=search_term_string\"}],\"inLanguage\":\"de\"}]}<\/script>\n<!-- \/ Yoast SEO plugin. -->","yoast_head_json":{"title":"Der heitere Adventskalender Weihnachtsgewinnspiel 2012 Teilnahmebedingungen - Heiter bis gl\u00fccklich","robots":{"index":"index","follow":"follow","max-snippet":"max-snippet:-1","max-image-preview":"max-image-preview:large","max-video-preview":"max-video-preview:-1"},"canonical":"https:\/\/blog.zeit.de\/zeitmagazin\/der-heitere-adventskalender-weihnachtsgewinnspiel-2012-teilnahmebedingungen\/","og_locale":"de_DE","og_type":"article","og_title":"Der heitere Adventskalender Weihnachtsgewinnspiel 2012 Teilnahmebedingungen - Heiter bis gl\u00fccklich","og_description":"1. Teilnahmeberechtigt ist jede nat\u00fcrliche Person, die unbeschr\u00e4nkt gesch\u00e4ftsf\u00e4hig ist. Bei beschr\u00e4nkt gesch\u00e4ftsf\u00e4higen Teilnehmern ist die Einwilligung des gesetzlichen Vertreters erforderlich. 2. F\u00fcr die Teilnahme ist es erforderlich, dass sich der Teilnehmer f\u00fcr den Wettbewerb registriert und Namen und Anschrift angibt und sich mit den Teilnahmebedingungen einverstanden erkl\u00e4rt. 3. In dem Zeitraum vom 1. bis [&hellip;]","og_url":"https:\/\/blog.zeit.de\/zeitmagazin\/der-heitere-adventskalender-weihnachtsgewinnspiel-2012-teilnahmebedingungen\/","og_site_name":"Heiter bis gl\u00fccklich","article_modified_time":"2012-12-13T13:00:06+00:00","twitter_card":"summary_large_image","twitter_misc":{"Gesch\u00e4tzte Lesezeit":"1\u00a0Minute"},"schema":{"@context":"https:\/\/schema.org","@graph":[{"@type":"WebPage","@id":"https:\/\/blog.zeit.de\/zeitmagazin\/der-heitere-adventskalender-weihnachtsgewinnspiel-2012-teilnahmebedingungen\/","url":"https:\/\/blog.zeit.de\/zeitmagazin\/der-heitere-adventskalender-weihnachtsgewinnspiel-2012-teilnahmebedingungen\/","name":"Der heitere Adventskalender Weihnachtsgewinnspiel 2012 Teilnahmebedingungen - Heiter bis gl\u00fccklich","isPartOf":{"@id":"https:\/\/blog.zeit.de\/zeitmagazin\/#website"},"datePublished":"2012-12-01T07:00:34+00:00","dateModified":"2012-12-13T13:00:06+00:00","breadcrumb":{"@id":"https:\/\/blog.zeit.de\/zeitmagazin\/der-heitere-adventskalender-weihnachtsgewinnspiel-2012-teilnahmebedingungen\/#breadcrumb"},"inLanguage":"de","potentialAction":[{"@type":"ReadAction","target":["https:\/\/blog.zeit.de\/zeitmagazin\/der-heitere-adventskalender-weihnachtsgewinnspiel-2012-teilnahmebedingungen\/"]}]},{"@type":"BreadcrumbList","@id":"https:\/\/blog.zeit.de\/zeitmagazin\/der-heitere-adventskalender-weihnachtsgewinnspiel-2012-teilnahmebedingungen\/#breadcrumb","itemListElement":[{"@type":"ListItem","position":1,"name":"Startseite","item":"https:\/\/blog.zeit.de\/zeitmagazin\/"},{"@type":"ListItem","position":2,"name":"Der heitere Adventskalender Weihnachtsgewinnspiel 2012 Teilnahmebedingungen"}]},{"@type":"WebSite","@id":"https:\/\/blog.zeit.de\/zeitmagazin\/#website","url":"https:\/\/blog.zeit.de\/zeitmagazin\/","name":"Heiter bis gl\u00fccklich","description":"Das ZEITmagazin-Blog","potentialAction":[{"@type":"SearchAction","target":{"@type":"EntryPoint","urlTemplate":"https:\/\/blog.zeit.de\/zeitmagazin\/?s={search_term_string}"},"query-input":"required name=search_term_string"}],"inLanguage":"de"}]}},"jetpack_sharing_enabled":true,"_links":{"self":[{"href":"https:\/\/blog.zeit.de\/zeitmagazin\/wp-json\/wp\/v2\/pages\/13564","targetHints":{"allow":["GET"]}}],"collection":[{"href":"https:\/\/blog.zeit.de\/zeitmagazin\/wp-json\/wp\/v2\/pages"}],"about":[{"href":"https:\/\/blog.zeit.de\/zeitmagazin\/wp-json\/wp\/v2\/types\/page"}],"author":[{"embeddable":true,"href":"https:\/\/blog.zeit.de\/zeitmagazin\/wp-json\/wp\/v2\/users\/303"}],"replies":[{"embeddable":true,"href":"https:\/\/blog.zeit.de\/zeitmagazin\/wp-json\/wp\/v2\/comments?post=13564"}],"version-history":[{"count":6,"href":"https:\/\/blog.zeit.de\/zeitmagazin\/wp-json\/wp\/v2\/pages\/13564\/revisions"}],"predecessor-version":[{"id":13570,"href":"https:\/\/blog.zeit.de\/zeitmagazin\/wp-json\/wp\/v2\/pages\/13564\/revisions\/13570"}],"wp:attachment":[{"href":"https:\/\/blog.zeit.de\/zeitmagazin\/wp-json\/wp\/v2\/media?parent=13564"}],"curies":[{"name":"wp","href":"https:\/\/api.w.org\/{rel}","templated":true}]}}