{"id":22844,"date":"2014-03-14T18:00:32","date_gmt":"2014-03-14T17:00:32","guid":{"rendered":"http:\/\/blog.zeit.de\/zeitmagazin\/?page_id=22844"},"modified":"2014-03-16T13:03:53","modified_gmt":"2014-03-16T12:03:53","slug":"mandel-knochbaluch-suppe-mit-kokos","status":"publish","type":"page","link":"https:\/\/blog.zeit.de\/zeitmagazin\/mandel-knochbaluch-suppe-mit-kokos\/","title":{"rendered":"Mandel-Knoblauch-Suppe mit Kokos"},"content":{"rendered":"<p style=\"text-align: justify;\">\n<p style=\"text-align: justify;\">Dies ist ein Gericht f\u00fcr den Fr\u00fchsommer, denn Sie brauchen dazu frische Mandeln \u2013 und die gibt es nur zu dieser Zeit. Diese Variante stammt aus Mallorca, wo schon im Februar die Mandelb\u00e4ume bl\u00fchen. An anderen Orten rund ums Mittelmeer beginnt die Mandelbl\u00fcte im M\u00e4rz\/April: ein wundersch\u00f6ner Anblick, der auch viele Touristen anzieht. Eigentlich ist diese Suppe schon pur ein Genuss. Wenn sie ihnen allein nicht gen\u00fcgt, servieren Sie gern ein paar gebratene Garnelen dazu.<\/p>\n<p style=\"text-align: justify;\">Zutaten:<br \/>\n3 Knoblauchknollen<br \/>\n5 Schalotten<br \/>\n2 EL Butter<br \/>\n2 EL Oliven\u00f6l<br \/>\n2 mehligkochende<br \/>\nKartoffeln (gekocht)<br \/>\n400 ml Gem\u00fcsebr\u00fche<br \/>\n200 g frische Mandeln<br \/>\n\u00bd Kokosnuss<br \/>\n1 TL Zitronensaft<br \/>\nSalz, Pfeffer<br \/>\nZucker<\/p>\n<p style=\"text-align: justify;\">4 Personen, 1 Stunde<\/p>\n<p style=\"text-align: justify;\">Den Knoblauch auf ein Backblech legen und bei 160 \u00b0c f\u00fcr 40 Minuten in den Backofen geben. In der Zwischenzeit die Schalotten sch\u00e4len, fein w\u00fcrfeln und in der Butter und 1 EL Oliven\u00f6l anschwitzen. Dann den geschmorten Knoblauch aus der Schale dr\u00fccken und mit den Kartoffeln zu den Schalotten geben. Die Gem\u00fcsebr\u00fche hinzuf\u00fcgen. Die Mandeln auf einem ofenfesten Teller in den Ofen geben und 15 Minuten r\u00f6sten. Dann etwas abk\u00fchlen lassen, die Haut abziehen (das sollte jetzt ganz leicht gehen) und die Mandeln im M\u00f6rser sehr fein zersto\u00dfen. Die gemahlenen Mandeln in die Suppe geben und etwas einkochen lassen. Die Suppe mit dem\u00a0Stabmixer p\u00fcrieren. Das Fleisch aus der Kokosnuss l\u00f6sen, in d\u00fcnne Streifen schneiden und im Ofen bei 160 \u00b0c 5 Minuten leicht r\u00f6sten. Die Suppe mit Salz, Pfeffer, Zucker und Zitronensaft abschmecken und einige Kokosstreifen hineingeben. Mit dem restlichen EL Oliven\u00f6l leicht betr\u00e4ufel<\/p>\n","protected":false},"excerpt":{"rendered":"<p>Dies ist ein Gericht f\u00fcr den Fr\u00fchsommer, denn Sie brauchen dazu frische Mandeln \u2013 und die gibt es nur zu dieser Zeit. Diese Variante stammt aus Mallorca, wo schon im Februar die Mandelb\u00e4ume bl\u00fchen. An anderen Orten rund ums Mittelmeer beginnt die Mandelbl\u00fcte im M\u00e4rz\/April: ein wundersch\u00f6ner Anblick, der auch viele Touristen anzieht. Eigentlich ist [&hellip;]<\/p>\n","protected":false},"author":303,"featured_media":0,"parent":0,"menu_order":0,"comment_status":"open","ping_status":"open","template":"","meta":{"footnotes":""},"class_list":["post-22844","page","type-page","status-publish","hentry"],"yoast_head":"<!-- This site is optimized with the Yoast SEO plugin v21.0 - https:\/\/yoast.com\/wordpress\/plugins\/seo\/ -->\n<title>Mandel-Knoblauch-Suppe mit Kokos - Heiter bis gl\u00fccklich<\/title>\n<meta name=\"robots\" content=\"index, follow, max-snippet:-1, max-image-preview:large, max-video-preview:-1\" \/>\n<link rel=\"canonical\" href=\"https:\/\/blog.zeit.de\/zeitmagazin\/mandel-knochbaluch-suppe-mit-kokos\/\" \/>\n<meta property=\"og:locale\" content=\"de_DE\" \/>\n<meta property=\"og:type\" content=\"article\" \/>\n<meta property=\"og:title\" content=\"Mandel-Knoblauch-Suppe mit Kokos - Heiter bis gl\u00fccklich\" \/>\n<meta property=\"og:description\" content=\"Dies ist ein Gericht f\u00fcr den Fr\u00fchsommer, denn Sie brauchen dazu frische Mandeln \u2013 und die gibt es nur zu dieser Zeit. Diese Variante stammt aus Mallorca, wo schon im Februar die Mandelb\u00e4ume bl\u00fchen. An anderen Orten rund ums Mittelmeer beginnt die Mandelbl\u00fcte im M\u00e4rz\/April: ein wundersch\u00f6ner Anblick, der auch viele Touristen anzieht. Eigentlich ist [&hellip;]\" \/>\n<meta property=\"og:url\" content=\"https:\/\/blog.zeit.de\/zeitmagazin\/mandel-knochbaluch-suppe-mit-kokos\/\" \/>\n<meta property=\"og:site_name\" content=\"Heiter bis gl\u00fccklich\" \/>\n<meta property=\"article:modified_time\" content=\"2014-03-16T12:03:53+00:00\" \/>\n<meta name=\"twitter:card\" content=\"summary_large_image\" \/>\n<meta name=\"twitter:label1\" content=\"Gesch\u00e4tzte Lesezeit\" \/>\n\t<meta name=\"twitter:data1\" content=\"1\u00a0Minute\" \/>\n<script type=\"application\/ld+json\" class=\"yoast-schema-graph\">{\"@context\":\"https:\/\/schema.org\",\"@graph\":[{\"@type\":\"WebPage\",\"@id\":\"https:\/\/blog.zeit.de\/zeitmagazin\/mandel-knochbaluch-suppe-mit-kokos\/\",\"url\":\"https:\/\/blog.zeit.de\/zeitmagazin\/mandel-knochbaluch-suppe-mit-kokos\/\",\"name\":\"Mandel-Knoblauch-Suppe mit Kokos - Heiter bis gl\u00fccklich\",\"isPartOf\":{\"@id\":\"https:\/\/blog.zeit.de\/zeitmagazin\/#website\"},\"datePublished\":\"2014-03-14T17:00:32+00:00\",\"dateModified\":\"2014-03-16T12:03:53+00:00\",\"breadcrumb\":{\"@id\":\"https:\/\/blog.zeit.de\/zeitmagazin\/mandel-knochbaluch-suppe-mit-kokos\/#breadcrumb\"},\"inLanguage\":\"de\",\"potentialAction\":[{\"@type\":\"ReadAction\",\"target\":[\"https:\/\/blog.zeit.de\/zeitmagazin\/mandel-knochbaluch-suppe-mit-kokos\/\"]}]},{\"@type\":\"BreadcrumbList\",\"@id\":\"https:\/\/blog.zeit.de\/zeitmagazin\/mandel-knochbaluch-suppe-mit-kokos\/#breadcrumb\",\"itemListElement\":[{\"@type\":\"ListItem\",\"position\":1,\"name\":\"Startseite\",\"item\":\"https:\/\/blog.zeit.de\/zeitmagazin\/\"},{\"@type\":\"ListItem\",\"position\":2,\"name\":\"Mandel-Knoblauch-Suppe mit Kokos\"}]},{\"@type\":\"WebSite\",\"@id\":\"https:\/\/blog.zeit.de\/zeitmagazin\/#website\",\"url\":\"https:\/\/blog.zeit.de\/zeitmagazin\/\",\"name\":\"Heiter bis gl\u00fccklich\",\"description\":\"Das ZEITmagazin-Blog\",\"potentialAction\":[{\"@type\":\"SearchAction\",\"target\":{\"@type\":\"EntryPoint\",\"urlTemplate\":\"https:\/\/blog.zeit.de\/zeitmagazin\/?s={search_term_string}\"},\"query-input\":\"required name=search_term_string\"}],\"inLanguage\":\"de\"}]}<\/script>\n<!-- \/ Yoast SEO plugin. -->","yoast_head_json":{"title":"Mandel-Knoblauch-Suppe mit Kokos - Heiter bis gl\u00fccklich","robots":{"index":"index","follow":"follow","max-snippet":"max-snippet:-1","max-image-preview":"max-image-preview:large","max-video-preview":"max-video-preview:-1"},"canonical":"https:\/\/blog.zeit.de\/zeitmagazin\/mandel-knochbaluch-suppe-mit-kokos\/","og_locale":"de_DE","og_type":"article","og_title":"Mandel-Knoblauch-Suppe mit Kokos - Heiter bis gl\u00fccklich","og_description":"Dies ist ein Gericht f\u00fcr den Fr\u00fchsommer, denn Sie brauchen dazu frische Mandeln \u2013 und die gibt es nur zu dieser Zeit. Diese Variante stammt aus Mallorca, wo schon im Februar die Mandelb\u00e4ume bl\u00fchen. An anderen Orten rund ums Mittelmeer beginnt die Mandelbl\u00fcte im M\u00e4rz\/April: ein wundersch\u00f6ner Anblick, der auch viele Touristen anzieht. Eigentlich ist [&hellip;]","og_url":"https:\/\/blog.zeit.de\/zeitmagazin\/mandel-knochbaluch-suppe-mit-kokos\/","og_site_name":"Heiter bis gl\u00fccklich","article_modified_time":"2014-03-16T12:03:53+00:00","twitter_card":"summary_large_image","twitter_misc":{"Gesch\u00e4tzte Lesezeit":"1\u00a0Minute"},"schema":{"@context":"https:\/\/schema.org","@graph":[{"@type":"WebPage","@id":"https:\/\/blog.zeit.de\/zeitmagazin\/mandel-knochbaluch-suppe-mit-kokos\/","url":"https:\/\/blog.zeit.de\/zeitmagazin\/mandel-knochbaluch-suppe-mit-kokos\/","name":"Mandel-Knoblauch-Suppe mit Kokos - Heiter bis gl\u00fccklich","isPartOf":{"@id":"https:\/\/blog.zeit.de\/zeitmagazin\/#website"},"datePublished":"2014-03-14T17:00:32+00:00","dateModified":"2014-03-16T12:03:53+00:00","breadcrumb":{"@id":"https:\/\/blog.zeit.de\/zeitmagazin\/mandel-knochbaluch-suppe-mit-kokos\/#breadcrumb"},"inLanguage":"de","potentialAction":[{"@type":"ReadAction","target":["https:\/\/blog.zeit.de\/zeitmagazin\/mandel-knochbaluch-suppe-mit-kokos\/"]}]},{"@type":"BreadcrumbList","@id":"https:\/\/blog.zeit.de\/zeitmagazin\/mandel-knochbaluch-suppe-mit-kokos\/#breadcrumb","itemListElement":[{"@type":"ListItem","position":1,"name":"Startseite","item":"https:\/\/blog.zeit.de\/zeitmagazin\/"},{"@type":"ListItem","position":2,"name":"Mandel-Knoblauch-Suppe mit Kokos"}]},{"@type":"WebSite","@id":"https:\/\/blog.zeit.de\/zeitmagazin\/#website","url":"https:\/\/blog.zeit.de\/zeitmagazin\/","name":"Heiter bis gl\u00fccklich","description":"Das ZEITmagazin-Blog","potentialAction":[{"@type":"SearchAction","target":{"@type":"EntryPoint","urlTemplate":"https:\/\/blog.zeit.de\/zeitmagazin\/?s={search_term_string}"},"query-input":"required name=search_term_string"}],"inLanguage":"de"}]}},"jetpack_sharing_enabled":true,"_links":{"self":[{"href":"https:\/\/blog.zeit.de\/zeitmagazin\/wp-json\/wp\/v2\/pages\/22844","targetHints":{"allow":["GET"]}}],"collection":[{"href":"https:\/\/blog.zeit.de\/zeitmagazin\/wp-json\/wp\/v2\/pages"}],"about":[{"href":"https:\/\/blog.zeit.de\/zeitmagazin\/wp-json\/wp\/v2\/types\/page"}],"author":[{"embeddable":true,"href":"https:\/\/blog.zeit.de\/zeitmagazin\/wp-json\/wp\/v2\/users\/303"}],"replies":[{"embeddable":true,"href":"https:\/\/blog.zeit.de\/zeitmagazin\/wp-json\/wp\/v2\/comments?post=22844"}],"version-history":[{"count":8,"href":"https:\/\/blog.zeit.de\/zeitmagazin\/wp-json\/wp\/v2\/pages\/22844\/revisions"}],"predecessor-version":[{"id":22940,"href":"https:\/\/blog.zeit.de\/zeitmagazin\/wp-json\/wp\/v2\/pages\/22844\/revisions\/22940"}],"wp:attachment":[{"href":"https:\/\/blog.zeit.de\/zeitmagazin\/wp-json\/wp\/v2\/media?parent=22844"}],"curies":[{"name":"wp","href":"https:\/\/api.w.org\/{rel}","templated":true}]}}