{"id":22847,"date":"2014-03-15T10:48:27","date_gmt":"2014-03-15T09:48:27","guid":{"rendered":"http:\/\/blog.zeit.de\/zeitmagazin\/?page_id=22847"},"modified":"2014-03-15T12:01:54","modified_gmt":"2014-03-15T11:01:54","slug":"jakobsmuscheln-mit-trevisano-und-kardamom-orangen-vinaigrette","status":"publish","type":"page","link":"https:\/\/blog.zeit.de\/zeitmagazin\/jakobsmuscheln-mit-trevisano-und-kardamom-orangen-vinaigrette\/","title":{"rendered":"Jakobsmuscheln mit Trevisano und Kardamom-Orangen-Vinaigrette"},"content":{"rendered":"<p style=\"text-align: justify;\">\n<p style=\"text-align: justify;\">Jakobsmuscheln, die Sie in der Schale kaufen, schmecken viel intensiver als das bereits ausgel\u00f6ste Muschelfleisch, das Sie beim Fischh\u00e4ndler ebenfalls bekommen. Nat\u00fcrlich macht es etwas mehr M\u00fche, die Muscheln zu waschen, zu \u00f6ffnen, den grauen Saum und den orangefarbenen Corail zu entfernen und das wei\u00dfe Muschelfleisch auszul\u00f6sen, aber es ist nicht besonders schwierig und lohnt sich auf jeden Fall. den Corail k\u00f6nnen Sie kurz in der Pfanne anbraten und \u00fcber das Gericht br\u00f6ckeln, er schmeckt sehr gut und gibt noch ein bisschen Farbe<\/p>\n<p style=\"text-align: justify;\">Zutaten:<br \/>\n2 Orangen<br \/>\n\u00bd Zitrone<br \/>\n1 Lorbeerblatt<br \/>\n1 Knoblauchzehe<br \/>\n4 Kardamomkapseln<br \/>\n80 ml Oliven\u00f6l<br \/>\n1 EL gehackte Petersilie<br \/>\n8 Jakobsmuscheln<br \/>\n2 Trevisano-Radicchio<br \/>\n1 EL Pinienkerne<br \/>\nSalz, Pfeffer<\/p>\n<p style=\"text-align: justify;\">\u00a04 Personen, 25 Minuten<\/p>\n<p style=\"text-align: justify;\">Die beiden Orangen auspressen. Die schale abreiben. Die Zitrone auspressen. Mit den Gew\u00fcrzen etwas einkochen, dann abk\u00fchlen lassen. Lorbeerblatt, Knoblauchzehe und Kardamomkapseln herausnehmen und mit 80 ml Oliven\u00f6l und 1 el gehackter Petersilie zu einer Vinaigrette verr\u00fchren. Die Jakobsmuscheln mit Salz und Pfeffer w\u00fcrzen und in einer Grillpfanne ohne Fett kurz grillen, sodass sie au\u00dfen leicht gebr\u00e4unt und innen gerade noch glasig sind. Den Trevisano in mundgerechte St\u00fccke zupfen, auf Teller verteilen und die Jakobsmuscheln darauf anrichten. Die Pinienkerne in einer Pfanne ohne Fett anr\u00f6sten, mit der Vinaigrette dar\u00fcbergeben und servieren.<\/p>\n","protected":false},"excerpt":{"rendered":"<p>Jakobsmuscheln, die Sie in der Schale kaufen, schmecken viel intensiver als das bereits ausgel\u00f6ste Muschelfleisch, das Sie beim Fischh\u00e4ndler ebenfalls bekommen. Nat\u00fcrlich macht es etwas mehr M\u00fche, die Muscheln zu waschen, zu \u00f6ffnen, den grauen Saum und den orangefarbenen Corail zu entfernen und das wei\u00dfe Muschelfleisch auszul\u00f6sen, aber es ist nicht besonders schwierig und lohnt [&hellip;]<\/p>\n","protected":false},"author":303,"featured_media":0,"parent":0,"menu_order":0,"comment_status":"open","ping_status":"closed","template":"","meta":{"footnotes":""},"class_list":["post-22847","page","type-page","status-publish","hentry"],"yoast_head":"<!-- This site is optimized with the Yoast SEO plugin v21.0 - https:\/\/yoast.com\/wordpress\/plugins\/seo\/ -->\n<title>Jakobsmuscheln mit Trevisano und Kardamom-Orangen-Vinaigrette - Heiter bis gl\u00fccklich<\/title>\n<meta name=\"robots\" content=\"index, follow, max-snippet:-1, max-image-preview:large, max-video-preview:-1\" \/>\n<link rel=\"canonical\" href=\"https:\/\/blog.zeit.de\/zeitmagazin\/jakobsmuscheln-mit-trevisano-und-kardamom-orangen-vinaigrette\/\" \/>\n<meta property=\"og:locale\" content=\"de_DE\" \/>\n<meta property=\"og:type\" content=\"article\" \/>\n<meta property=\"og:title\" content=\"Jakobsmuscheln mit Trevisano und Kardamom-Orangen-Vinaigrette - Heiter bis gl\u00fccklich\" \/>\n<meta property=\"og:description\" content=\"Jakobsmuscheln, die Sie in der Schale kaufen, schmecken viel intensiver als das bereits ausgel\u00f6ste Muschelfleisch, das Sie beim Fischh\u00e4ndler ebenfalls bekommen. Nat\u00fcrlich macht es etwas mehr M\u00fche, die Muscheln zu waschen, zu \u00f6ffnen, den grauen Saum und den orangefarbenen Corail zu entfernen und das wei\u00dfe Muschelfleisch auszul\u00f6sen, aber es ist nicht besonders schwierig und lohnt [&hellip;]\" \/>\n<meta property=\"og:url\" content=\"https:\/\/blog.zeit.de\/zeitmagazin\/jakobsmuscheln-mit-trevisano-und-kardamom-orangen-vinaigrette\/\" \/>\n<meta property=\"og:site_name\" content=\"Heiter bis gl\u00fccklich\" \/>\n<meta property=\"article:modified_time\" content=\"2014-03-15T11:01:54+00:00\" \/>\n<meta name=\"twitter:card\" content=\"summary_large_image\" \/>\n<meta name=\"twitter:label1\" content=\"Gesch\u00e4tzte Lesezeit\" \/>\n\t<meta name=\"twitter:data1\" content=\"1\u00a0Minute\" \/>\n<script type=\"application\/ld+json\" class=\"yoast-schema-graph\">{\"@context\":\"https:\/\/schema.org\",\"@graph\":[{\"@type\":\"WebPage\",\"@id\":\"https:\/\/blog.zeit.de\/zeitmagazin\/jakobsmuscheln-mit-trevisano-und-kardamom-orangen-vinaigrette\/\",\"url\":\"https:\/\/blog.zeit.de\/zeitmagazin\/jakobsmuscheln-mit-trevisano-und-kardamom-orangen-vinaigrette\/\",\"name\":\"Jakobsmuscheln mit Trevisano und Kardamom-Orangen-Vinaigrette - Heiter bis gl\u00fccklich\",\"isPartOf\":{\"@id\":\"https:\/\/blog.zeit.de\/zeitmagazin\/#website\"},\"datePublished\":\"2014-03-15T09:48:27+00:00\",\"dateModified\":\"2014-03-15T11:01:54+00:00\",\"breadcrumb\":{\"@id\":\"https:\/\/blog.zeit.de\/zeitmagazin\/jakobsmuscheln-mit-trevisano-und-kardamom-orangen-vinaigrette\/#breadcrumb\"},\"inLanguage\":\"de\",\"potentialAction\":[{\"@type\":\"ReadAction\",\"target\":[\"https:\/\/blog.zeit.de\/zeitmagazin\/jakobsmuscheln-mit-trevisano-und-kardamom-orangen-vinaigrette\/\"]}]},{\"@type\":\"BreadcrumbList\",\"@id\":\"https:\/\/blog.zeit.de\/zeitmagazin\/jakobsmuscheln-mit-trevisano-und-kardamom-orangen-vinaigrette\/#breadcrumb\",\"itemListElement\":[{\"@type\":\"ListItem\",\"position\":1,\"name\":\"Startseite\",\"item\":\"https:\/\/blog.zeit.de\/zeitmagazin\/\"},{\"@type\":\"ListItem\",\"position\":2,\"name\":\"Jakobsmuscheln mit Trevisano und Kardamom-Orangen-Vinaigrette\"}]},{\"@type\":\"WebSite\",\"@id\":\"https:\/\/blog.zeit.de\/zeitmagazin\/#website\",\"url\":\"https:\/\/blog.zeit.de\/zeitmagazin\/\",\"name\":\"Heiter bis gl\u00fccklich\",\"description\":\"Das ZEITmagazin-Blog\",\"potentialAction\":[{\"@type\":\"SearchAction\",\"target\":{\"@type\":\"EntryPoint\",\"urlTemplate\":\"https:\/\/blog.zeit.de\/zeitmagazin\/?s={search_term_string}\"},\"query-input\":\"required name=search_term_string\"}],\"inLanguage\":\"de\"}]}<\/script>\n<!-- \/ Yoast SEO plugin. -->","yoast_head_json":{"title":"Jakobsmuscheln mit Trevisano und Kardamom-Orangen-Vinaigrette - Heiter bis gl\u00fccklich","robots":{"index":"index","follow":"follow","max-snippet":"max-snippet:-1","max-image-preview":"max-image-preview:large","max-video-preview":"max-video-preview:-1"},"canonical":"https:\/\/blog.zeit.de\/zeitmagazin\/jakobsmuscheln-mit-trevisano-und-kardamom-orangen-vinaigrette\/","og_locale":"de_DE","og_type":"article","og_title":"Jakobsmuscheln mit Trevisano und Kardamom-Orangen-Vinaigrette - Heiter bis gl\u00fccklich","og_description":"Jakobsmuscheln, die Sie in der Schale kaufen, schmecken viel intensiver als das bereits ausgel\u00f6ste Muschelfleisch, das Sie beim Fischh\u00e4ndler ebenfalls bekommen. Nat\u00fcrlich macht es etwas mehr M\u00fche, die Muscheln zu waschen, zu \u00f6ffnen, den grauen Saum und den orangefarbenen Corail zu entfernen und das wei\u00dfe Muschelfleisch auszul\u00f6sen, aber es ist nicht besonders schwierig und lohnt [&hellip;]","og_url":"https:\/\/blog.zeit.de\/zeitmagazin\/jakobsmuscheln-mit-trevisano-und-kardamom-orangen-vinaigrette\/","og_site_name":"Heiter bis gl\u00fccklich","article_modified_time":"2014-03-15T11:01:54+00:00","twitter_card":"summary_large_image","twitter_misc":{"Gesch\u00e4tzte Lesezeit":"1\u00a0Minute"},"schema":{"@context":"https:\/\/schema.org","@graph":[{"@type":"WebPage","@id":"https:\/\/blog.zeit.de\/zeitmagazin\/jakobsmuscheln-mit-trevisano-und-kardamom-orangen-vinaigrette\/","url":"https:\/\/blog.zeit.de\/zeitmagazin\/jakobsmuscheln-mit-trevisano-und-kardamom-orangen-vinaigrette\/","name":"Jakobsmuscheln mit Trevisano und Kardamom-Orangen-Vinaigrette - Heiter bis gl\u00fccklich","isPartOf":{"@id":"https:\/\/blog.zeit.de\/zeitmagazin\/#website"},"datePublished":"2014-03-15T09:48:27+00:00","dateModified":"2014-03-15T11:01:54+00:00","breadcrumb":{"@id":"https:\/\/blog.zeit.de\/zeitmagazin\/jakobsmuscheln-mit-trevisano-und-kardamom-orangen-vinaigrette\/#breadcrumb"},"inLanguage":"de","potentialAction":[{"@type":"ReadAction","target":["https:\/\/blog.zeit.de\/zeitmagazin\/jakobsmuscheln-mit-trevisano-und-kardamom-orangen-vinaigrette\/"]}]},{"@type":"BreadcrumbList","@id":"https:\/\/blog.zeit.de\/zeitmagazin\/jakobsmuscheln-mit-trevisano-und-kardamom-orangen-vinaigrette\/#breadcrumb","itemListElement":[{"@type":"ListItem","position":1,"name":"Startseite","item":"https:\/\/blog.zeit.de\/zeitmagazin\/"},{"@type":"ListItem","position":2,"name":"Jakobsmuscheln mit Trevisano und Kardamom-Orangen-Vinaigrette"}]},{"@type":"WebSite","@id":"https:\/\/blog.zeit.de\/zeitmagazin\/#website","url":"https:\/\/blog.zeit.de\/zeitmagazin\/","name":"Heiter bis gl\u00fccklich","description":"Das ZEITmagazin-Blog","potentialAction":[{"@type":"SearchAction","target":{"@type":"EntryPoint","urlTemplate":"https:\/\/blog.zeit.de\/zeitmagazin\/?s={search_term_string}"},"query-input":"required name=search_term_string"}],"inLanguage":"de"}]}},"jetpack_sharing_enabled":true,"_links":{"self":[{"href":"https:\/\/blog.zeit.de\/zeitmagazin\/wp-json\/wp\/v2\/pages\/22847","targetHints":{"allow":["GET"]}}],"collection":[{"href":"https:\/\/blog.zeit.de\/zeitmagazin\/wp-json\/wp\/v2\/pages"}],"about":[{"href":"https:\/\/blog.zeit.de\/zeitmagazin\/wp-json\/wp\/v2\/types\/page"}],"author":[{"embeddable":true,"href":"https:\/\/blog.zeit.de\/zeitmagazin\/wp-json\/wp\/v2\/users\/303"}],"replies":[{"embeddable":true,"href":"https:\/\/blog.zeit.de\/zeitmagazin\/wp-json\/wp\/v2\/comments?post=22847"}],"version-history":[{"count":6,"href":"https:\/\/blog.zeit.de\/zeitmagazin\/wp-json\/wp\/v2\/pages\/22847\/revisions"}],"predecessor-version":[{"id":22932,"href":"https:\/\/blog.zeit.de\/zeitmagazin\/wp-json\/wp\/v2\/pages\/22847\/revisions\/22932"}],"wp:attachment":[{"href":"https:\/\/blog.zeit.de\/zeitmagazin\/wp-json\/wp\/v2\/media?parent=22847"}],"curies":[{"name":"wp","href":"https:\/\/api.w.org\/{rel}","templated":true}]}}