{"id":22856,"date":"2014-03-15T10:54:11","date_gmt":"2014-03-15T09:54:11","guid":{"rendered":"http:\/\/blog.zeit.de\/zeitmagazin\/?page_id=22856"},"modified":"2014-03-15T10:54:13","modified_gmt":"2014-03-15T09:54:13","slug":"kabeljau-mit-zitronenkartoffeln-pimentos-und-tomatenpesto","status":"publish","type":"page","link":"https:\/\/blog.zeit.de\/zeitmagazin\/kabeljau-mit-zitronenkartoffeln-pimentos-und-tomatenpesto\/","title":{"rendered":"Kabeljau mit Zitronenkartoffeln, Pimentos und Tomatenpesto"},"content":{"rendered":"<p style=\"text-align: justify;\">Pimentos sind immer f\u00fcr eine \u00dcberraschung gut. Manchmal sind sie ganz mild, manchmal ist pl\u00f6tzlich eine darunter, die richtig scharf ist. Aber die Mischung macht\u2019s. Die kleinen hellgr\u00fcnen Schoten schmecken auch ganz wunderbar, wenn man sie nur in Oliven\u00f6l anbr\u00e4t und mit etwas grobem Salz und einem St\u00fcck Baguette oder Fladenbrot als Vorspeise serviert. Auch als Beilage zu gegrilltem Fleisch und Fisch sind sie immer beliebt<\/p>\n<p style=\"text-align: justify;\">\u00a0Zutaten:<br \/>\n8 Kartoffeln<br \/>\n2 Zitronen<br \/>\n8 EL Oliven\u00f6l<br \/>\n200 g getrocknete Tomaten<br \/>\n(siehe Grundrezepte)<br \/>\n30 g Parmesan<br \/>\n12 Pimentos de Padr\u00f3n<br \/>\n4 Kabeljaufilets<br \/>\n(mit Haut \u00e0 120 g, k\u00fcchenfertig)<br \/>\nSalz, Pfeffer<\/p>\n<p style=\"text-align: justify;\">\u00a04 Personen, 1 Stunde<\/p>\n<p style=\"text-align: justify;\">Den Backofen auf 170\u00b0C vorheizen. Die Kartoffeln sch\u00e4len und in Spalten schneiden. Die Zitronenschale abreiben, die Zitrone auspressen. Die zweite Zitrone in Scheiben schneiden. Die Kartoffeln mit Salz, Pfeffer, 3 EL Oliven\u00f6l, der H\u00e4lfte des Zitronenabriebs und dem Zitronensaft w\u00fcrzen. Die vorbereiteten Kartoffeln auf ein Backblech geben, die Zitronenscheiben dazugeben und f\u00fcr 40 Minuten backen. Die Tomaten in 2 EL Oliven\u00f6l und dem Parmesan in einem Mixer zu einem Pesto zerkleinern. Die Pimentos in 2 EL Oliven\u00f6l in einer gro\u00dfen Pfanne kurz anbraten und mit Salz und dem restlichen Zitronenabrieb w\u00fcrzen. Warm halten. Den Kabeljau leicht salzen und in 1 EL Oliven\u00f6l anbraten. Die Fischfilets mit den Zitronenkartoffeln den Pimentos und dem Tomatenpesto anrichten.<\/p>\n","protected":false},"excerpt":{"rendered":"<p>Pimentos sind immer f\u00fcr eine \u00dcberraschung gut. Manchmal sind sie ganz mild, manchmal ist pl\u00f6tzlich eine darunter, die richtig scharf ist. Aber die Mischung macht\u2019s. Die kleinen hellgr\u00fcnen Schoten schmecken auch ganz wunderbar, wenn man sie nur in Oliven\u00f6l anbr\u00e4t und mit etwas grobem Salz und einem St\u00fcck Baguette oder Fladenbrot als Vorspeise serviert. Auch [&hellip;]<\/p>\n","protected":false},"author":303,"featured_media":0,"parent":0,"menu_order":0,"comment_status":"open","ping_status":"open","template":"","meta":{"footnotes":""},"class_list":["post-22856","page","type-page","status-publish","hentry"],"yoast_head":"<!-- This site is optimized with the Yoast SEO plugin v21.0 - https:\/\/yoast.com\/wordpress\/plugins\/seo\/ -->\n<title>Kabeljau mit Zitronenkartoffeln, Pimentos und Tomatenpesto - Heiter bis gl\u00fccklich<\/title>\n<meta name=\"robots\" content=\"index, follow, max-snippet:-1, max-image-preview:large, max-video-preview:-1\" \/>\n<link rel=\"canonical\" href=\"https:\/\/blog.zeit.de\/zeitmagazin\/kabeljau-mit-zitronenkartoffeln-pimentos-und-tomatenpesto\/\" \/>\n<meta property=\"og:locale\" content=\"de_DE\" \/>\n<meta property=\"og:type\" content=\"article\" \/>\n<meta property=\"og:title\" content=\"Kabeljau mit Zitronenkartoffeln, Pimentos und Tomatenpesto - Heiter bis gl\u00fccklich\" \/>\n<meta property=\"og:description\" content=\"Pimentos sind immer f\u00fcr eine \u00dcberraschung gut. Manchmal sind sie ganz mild, manchmal ist pl\u00f6tzlich eine darunter, die richtig scharf ist. Aber die Mischung macht\u2019s. Die kleinen hellgr\u00fcnen Schoten schmecken auch ganz wunderbar, wenn man sie nur in Oliven\u00f6l anbr\u00e4t und mit etwas grobem Salz und einem St\u00fcck Baguette oder Fladenbrot als Vorspeise serviert. Auch [&hellip;]\" \/>\n<meta property=\"og:url\" content=\"https:\/\/blog.zeit.de\/zeitmagazin\/kabeljau-mit-zitronenkartoffeln-pimentos-und-tomatenpesto\/\" \/>\n<meta property=\"og:site_name\" content=\"Heiter bis gl\u00fccklich\" \/>\n<meta property=\"article:modified_time\" content=\"2014-03-15T09:54:13+00:00\" \/>\n<meta name=\"twitter:card\" content=\"summary_large_image\" \/>\n<meta name=\"twitter:label1\" content=\"Gesch\u00e4tzte Lesezeit\" \/>\n\t<meta name=\"twitter:data1\" content=\"1\u00a0Minute\" \/>\n<script type=\"application\/ld+json\" class=\"yoast-schema-graph\">{\"@context\":\"https:\/\/schema.org\",\"@graph\":[{\"@type\":\"WebPage\",\"@id\":\"https:\/\/blog.zeit.de\/zeitmagazin\/kabeljau-mit-zitronenkartoffeln-pimentos-und-tomatenpesto\/\",\"url\":\"https:\/\/blog.zeit.de\/zeitmagazin\/kabeljau-mit-zitronenkartoffeln-pimentos-und-tomatenpesto\/\",\"name\":\"Kabeljau mit Zitronenkartoffeln, Pimentos und Tomatenpesto - Heiter bis gl\u00fccklich\",\"isPartOf\":{\"@id\":\"https:\/\/blog.zeit.de\/zeitmagazin\/#website\"},\"datePublished\":\"2014-03-15T09:54:11+00:00\",\"dateModified\":\"2014-03-15T09:54:13+00:00\",\"breadcrumb\":{\"@id\":\"https:\/\/blog.zeit.de\/zeitmagazin\/kabeljau-mit-zitronenkartoffeln-pimentos-und-tomatenpesto\/#breadcrumb\"},\"inLanguage\":\"de\",\"potentialAction\":[{\"@type\":\"ReadAction\",\"target\":[\"https:\/\/blog.zeit.de\/zeitmagazin\/kabeljau-mit-zitronenkartoffeln-pimentos-und-tomatenpesto\/\"]}]},{\"@type\":\"BreadcrumbList\",\"@id\":\"https:\/\/blog.zeit.de\/zeitmagazin\/kabeljau-mit-zitronenkartoffeln-pimentos-und-tomatenpesto\/#breadcrumb\",\"itemListElement\":[{\"@type\":\"ListItem\",\"position\":1,\"name\":\"Startseite\",\"item\":\"https:\/\/blog.zeit.de\/zeitmagazin\/\"},{\"@type\":\"ListItem\",\"position\":2,\"name\":\"Kabeljau mit Zitronenkartoffeln, Pimentos und Tomatenpesto\"}]},{\"@type\":\"WebSite\",\"@id\":\"https:\/\/blog.zeit.de\/zeitmagazin\/#website\",\"url\":\"https:\/\/blog.zeit.de\/zeitmagazin\/\",\"name\":\"Heiter bis gl\u00fccklich\",\"description\":\"Das ZEITmagazin-Blog\",\"potentialAction\":[{\"@type\":\"SearchAction\",\"target\":{\"@type\":\"EntryPoint\",\"urlTemplate\":\"https:\/\/blog.zeit.de\/zeitmagazin\/?s={search_term_string}\"},\"query-input\":\"required name=search_term_string\"}],\"inLanguage\":\"de\"}]}<\/script>\n<!-- \/ Yoast SEO plugin. -->","yoast_head_json":{"title":"Kabeljau mit Zitronenkartoffeln, Pimentos und Tomatenpesto - Heiter bis gl\u00fccklich","robots":{"index":"index","follow":"follow","max-snippet":"max-snippet:-1","max-image-preview":"max-image-preview:large","max-video-preview":"max-video-preview:-1"},"canonical":"https:\/\/blog.zeit.de\/zeitmagazin\/kabeljau-mit-zitronenkartoffeln-pimentos-und-tomatenpesto\/","og_locale":"de_DE","og_type":"article","og_title":"Kabeljau mit Zitronenkartoffeln, Pimentos und Tomatenpesto - Heiter bis gl\u00fccklich","og_description":"Pimentos sind immer f\u00fcr eine \u00dcberraschung gut. Manchmal sind sie ganz mild, manchmal ist pl\u00f6tzlich eine darunter, die richtig scharf ist. Aber die Mischung macht\u2019s. Die kleinen hellgr\u00fcnen Schoten schmecken auch ganz wunderbar, wenn man sie nur in Oliven\u00f6l anbr\u00e4t und mit etwas grobem Salz und einem St\u00fcck Baguette oder Fladenbrot als Vorspeise serviert. Auch [&hellip;]","og_url":"https:\/\/blog.zeit.de\/zeitmagazin\/kabeljau-mit-zitronenkartoffeln-pimentos-und-tomatenpesto\/","og_site_name":"Heiter bis gl\u00fccklich","article_modified_time":"2014-03-15T09:54:13+00:00","twitter_card":"summary_large_image","twitter_misc":{"Gesch\u00e4tzte Lesezeit":"1\u00a0Minute"},"schema":{"@context":"https:\/\/schema.org","@graph":[{"@type":"WebPage","@id":"https:\/\/blog.zeit.de\/zeitmagazin\/kabeljau-mit-zitronenkartoffeln-pimentos-und-tomatenpesto\/","url":"https:\/\/blog.zeit.de\/zeitmagazin\/kabeljau-mit-zitronenkartoffeln-pimentos-und-tomatenpesto\/","name":"Kabeljau mit Zitronenkartoffeln, Pimentos und Tomatenpesto - Heiter bis gl\u00fccklich","isPartOf":{"@id":"https:\/\/blog.zeit.de\/zeitmagazin\/#website"},"datePublished":"2014-03-15T09:54:11+00:00","dateModified":"2014-03-15T09:54:13+00:00","breadcrumb":{"@id":"https:\/\/blog.zeit.de\/zeitmagazin\/kabeljau-mit-zitronenkartoffeln-pimentos-und-tomatenpesto\/#breadcrumb"},"inLanguage":"de","potentialAction":[{"@type":"ReadAction","target":["https:\/\/blog.zeit.de\/zeitmagazin\/kabeljau-mit-zitronenkartoffeln-pimentos-und-tomatenpesto\/"]}]},{"@type":"BreadcrumbList","@id":"https:\/\/blog.zeit.de\/zeitmagazin\/kabeljau-mit-zitronenkartoffeln-pimentos-und-tomatenpesto\/#breadcrumb","itemListElement":[{"@type":"ListItem","position":1,"name":"Startseite","item":"https:\/\/blog.zeit.de\/zeitmagazin\/"},{"@type":"ListItem","position":2,"name":"Kabeljau mit Zitronenkartoffeln, Pimentos und Tomatenpesto"}]},{"@type":"WebSite","@id":"https:\/\/blog.zeit.de\/zeitmagazin\/#website","url":"https:\/\/blog.zeit.de\/zeitmagazin\/","name":"Heiter bis gl\u00fccklich","description":"Das ZEITmagazin-Blog","potentialAction":[{"@type":"SearchAction","target":{"@type":"EntryPoint","urlTemplate":"https:\/\/blog.zeit.de\/zeitmagazin\/?s={search_term_string}"},"query-input":"required name=search_term_string"}],"inLanguage":"de"}]}},"jetpack_sharing_enabled":true,"_links":{"self":[{"href":"https:\/\/blog.zeit.de\/zeitmagazin\/wp-json\/wp\/v2\/pages\/22856","targetHints":{"allow":["GET"]}}],"collection":[{"href":"https:\/\/blog.zeit.de\/zeitmagazin\/wp-json\/wp\/v2\/pages"}],"about":[{"href":"https:\/\/blog.zeit.de\/zeitmagazin\/wp-json\/wp\/v2\/types\/page"}],"author":[{"embeddable":true,"href":"https:\/\/blog.zeit.de\/zeitmagazin\/wp-json\/wp\/v2\/users\/303"}],"replies":[{"embeddable":true,"href":"https:\/\/blog.zeit.de\/zeitmagazin\/wp-json\/wp\/v2\/comments?post=22856"}],"version-history":[{"count":4,"href":"https:\/\/blog.zeit.de\/zeitmagazin\/wp-json\/wp\/v2\/pages\/22856\/revisions"}],"predecessor-version":[{"id":22907,"href":"https:\/\/blog.zeit.de\/zeitmagazin\/wp-json\/wp\/v2\/pages\/22856\/revisions\/22907"}],"wp:attachment":[{"href":"https:\/\/blog.zeit.de\/zeitmagazin\/wp-json\/wp\/v2\/media?parent=22856"}],"curies":[{"name":"wp","href":"https:\/\/api.w.org\/{rel}","templated":true}]}}