{"id":22859,"date":"2014-03-15T10:55:33","date_gmt":"2014-03-15T09:55:33","guid":{"rendered":"http:\/\/blog.zeit.de\/zeitmagazin\/?page_id=22859"},"modified":"2014-03-15T10:55:26","modified_gmt":"2014-03-15T09:55:26","slug":"entenbrust-auf-linsen-radichio-ragout","status":"publish","type":"page","link":"https:\/\/blog.zeit.de\/zeitmagazin\/entenbrust-auf-linsen-radichio-ragout\/","title":{"rendered":"Entenbrust auf Linsen-Radichio-Ragout"},"content":{"rendered":"<p style=\"text-align: justify;\">\n<p style=\"text-align: justify;\">Zur Entenbrust und zu dem leicht bitteren Linsen-Radicchio-Ragout passt Preiselbeermarmelade ganz ausgezeichnet. Die Beeren stammen zwar meistens aus Nordeuropa, wo sie immer noch wild wachsen und von Hand gepfl\u00fcckt werden, aber ihr w\u00fcrzig-s\u00fc\u00dfer Geschmack ist einfach die perfekte Erg\u00e4nzung zu diesem Gericht. Welche Linsen Sie nehmen, ist ganz Ihrem Geschmack, Ihrer Phantasie und Ihren Einkaufsm\u00f6glichkeiten \u00fcberlassen. Die gr\u00fcnen Puy-Linsen aus Frankreich, die schwarzen Beluga-Linsen, braune Pardina-Linsen, Berglinsen oder kleine Alblinsen sind auch ohne vorheriges W\u00e4ssern schnell weich gekocht. Sie behalten auch mehr Biss und sehen besonders sch\u00f6n auf dem Teller aus. Alle Linsenarten werden \u00fcbrigens ohne Salz gekocht du erst gesalzen, wenn sie gar sind. Salz im Kochwasser verl\u00e4ngert die Kochzeit erheblich.<\/p>\n<p style=\"text-align: justify;\">Zutaten:<br \/>\n70 g Linsen<br \/>\n30 g Butter<br \/>\n1 EL Zucker<br \/>\n3 EL Himbeeressig<br \/>\n100 ml Portwein<br \/>\n4 EL Gem\u00fcsebr\u00fche<br \/>\n5 EL Gefl\u00fcgeljus<br \/>\n(siehe Grundrezepte)<br \/>\n1 Radicchio<br \/>\n2 EL Schnittlauchr\u00f6llchen<br \/>\n4 Entenbr\u00fcste (\u00e0 200 g)<br \/>\nSalz, Pfeffer<\/p>\n<p style=\"text-align: justify;\">4 Personen, 40 Minuten<\/p>\n<p style=\"text-align: justify;\">Die Linsen in Wasser ohne Salz weich kochen und auf ein Sieb geben. F\u00fcr das Ragout in einem Topf Butter und Zucker leicht karamellisieren. Mit dem Himbeeressig abl\u00f6schen und auf die H\u00e4lfte einkochen. Portwein und Gem\u00fcsebr\u00fche dazugeben und wieder auf die H\u00e4lfte reduzieren, danach den Gefl\u00fcgeljus dazugeben. Den Radicchio grob zupfen, unterheben und 10 Minuten garen. Zum Schluss die gekochten Linsen dazugeben und mit Schnittlauch, Salz und Pfeffer abschmecken.<br \/>\nDen Backofen auf 160\u00b0C vorheizen. Die Entenbr\u00fcste salzen und in einer gro\u00dfen Pfanne ohne Fett zuerst von der Hautseite scharf anbraten. Dann wenden, nur ganz kurz anbraten und f\u00fcr 6 Minuten auf einem Backblech in den Backofen geben.<br \/>\nZum Servieren die Entenbrust in Scheiben schneiden und mit Linsen-Radicchio-Ragout anrichten.<\/p>\n<p style=\"text-align: justify;\">\n","protected":false},"excerpt":{"rendered":"<p>Zur Entenbrust und zu dem leicht bitteren Linsen-Radicchio-Ragout passt Preiselbeermarmelade ganz ausgezeichnet. Die Beeren stammen zwar meistens aus Nordeuropa, wo sie immer noch wild wachsen und von Hand gepfl\u00fcckt werden, aber ihr w\u00fcrzig-s\u00fc\u00dfer Geschmack ist einfach die perfekte Erg\u00e4nzung zu diesem Gericht. Welche Linsen Sie nehmen, ist ganz Ihrem Geschmack, Ihrer Phantasie und Ihren Einkaufsm\u00f6glichkeiten [&hellip;]<\/p>\n","protected":false},"author":303,"featured_media":0,"parent":0,"menu_order":0,"comment_status":"open","ping_status":"open","template":"","meta":{"footnotes":""},"class_list":["post-22859","page","type-page","status-publish","hentry"],"yoast_head":"<!-- This site is optimized with the Yoast SEO plugin v21.0 - https:\/\/yoast.com\/wordpress\/plugins\/seo\/ -->\n<title>Entenbrust auf Linsen-Radichio-Ragout - Heiter bis gl\u00fccklich<\/title>\n<meta name=\"robots\" content=\"index, follow, max-snippet:-1, max-image-preview:large, max-video-preview:-1\" \/>\n<link rel=\"canonical\" href=\"https:\/\/blog.zeit.de\/zeitmagazin\/entenbrust-auf-linsen-radichio-ragout\/\" \/>\n<meta property=\"og:locale\" content=\"de_DE\" \/>\n<meta property=\"og:type\" content=\"article\" \/>\n<meta property=\"og:title\" content=\"Entenbrust auf Linsen-Radichio-Ragout - Heiter bis gl\u00fccklich\" \/>\n<meta property=\"og:description\" content=\"Zur Entenbrust und zu dem leicht bitteren Linsen-Radicchio-Ragout passt Preiselbeermarmelade ganz ausgezeichnet. Die Beeren stammen zwar meistens aus Nordeuropa, wo sie immer noch wild wachsen und von Hand gepfl\u00fcckt werden, aber ihr w\u00fcrzig-s\u00fc\u00dfer Geschmack ist einfach die perfekte Erg\u00e4nzung zu diesem Gericht. Welche Linsen Sie nehmen, ist ganz Ihrem Geschmack, Ihrer Phantasie und Ihren Einkaufsm\u00f6glichkeiten [&hellip;]\" \/>\n<meta property=\"og:url\" content=\"https:\/\/blog.zeit.de\/zeitmagazin\/entenbrust-auf-linsen-radichio-ragout\/\" \/>\n<meta property=\"og:site_name\" content=\"Heiter bis gl\u00fccklich\" \/>\n<meta property=\"article:modified_time\" content=\"2014-03-15T09:55:26+00:00\" \/>\n<meta name=\"twitter:card\" content=\"summary_large_image\" \/>\n<meta name=\"twitter:label1\" content=\"Gesch\u00e4tzte Lesezeit\" \/>\n\t<meta name=\"twitter:data1\" content=\"1\u00a0Minute\" \/>\n<script type=\"application\/ld+json\" class=\"yoast-schema-graph\">{\"@context\":\"https:\/\/schema.org\",\"@graph\":[{\"@type\":\"WebPage\",\"@id\":\"https:\/\/blog.zeit.de\/zeitmagazin\/entenbrust-auf-linsen-radichio-ragout\/\",\"url\":\"https:\/\/blog.zeit.de\/zeitmagazin\/entenbrust-auf-linsen-radichio-ragout\/\",\"name\":\"Entenbrust auf Linsen-Radichio-Ragout - Heiter bis gl\u00fccklich\",\"isPartOf\":{\"@id\":\"https:\/\/blog.zeit.de\/zeitmagazin\/#website\"},\"datePublished\":\"2014-03-15T09:55:33+00:00\",\"dateModified\":\"2014-03-15T09:55:26+00:00\",\"breadcrumb\":{\"@id\":\"https:\/\/blog.zeit.de\/zeitmagazin\/entenbrust-auf-linsen-radichio-ragout\/#breadcrumb\"},\"inLanguage\":\"de\",\"potentialAction\":[{\"@type\":\"ReadAction\",\"target\":[\"https:\/\/blog.zeit.de\/zeitmagazin\/entenbrust-auf-linsen-radichio-ragout\/\"]}]},{\"@type\":\"BreadcrumbList\",\"@id\":\"https:\/\/blog.zeit.de\/zeitmagazin\/entenbrust-auf-linsen-radichio-ragout\/#breadcrumb\",\"itemListElement\":[{\"@type\":\"ListItem\",\"position\":1,\"name\":\"Startseite\",\"item\":\"https:\/\/blog.zeit.de\/zeitmagazin\/\"},{\"@type\":\"ListItem\",\"position\":2,\"name\":\"Entenbrust auf Linsen-Radichio-Ragout\"}]},{\"@type\":\"WebSite\",\"@id\":\"https:\/\/blog.zeit.de\/zeitmagazin\/#website\",\"url\":\"https:\/\/blog.zeit.de\/zeitmagazin\/\",\"name\":\"Heiter bis gl\u00fccklich\",\"description\":\"Das ZEITmagazin-Blog\",\"potentialAction\":[{\"@type\":\"SearchAction\",\"target\":{\"@type\":\"EntryPoint\",\"urlTemplate\":\"https:\/\/blog.zeit.de\/zeitmagazin\/?s={search_term_string}\"},\"query-input\":\"required name=search_term_string\"}],\"inLanguage\":\"de\"}]}<\/script>\n<!-- \/ Yoast SEO plugin. -->","yoast_head_json":{"title":"Entenbrust auf Linsen-Radichio-Ragout - Heiter bis gl\u00fccklich","robots":{"index":"index","follow":"follow","max-snippet":"max-snippet:-1","max-image-preview":"max-image-preview:large","max-video-preview":"max-video-preview:-1"},"canonical":"https:\/\/blog.zeit.de\/zeitmagazin\/entenbrust-auf-linsen-radichio-ragout\/","og_locale":"de_DE","og_type":"article","og_title":"Entenbrust auf Linsen-Radichio-Ragout - Heiter bis gl\u00fccklich","og_description":"Zur Entenbrust und zu dem leicht bitteren Linsen-Radicchio-Ragout passt Preiselbeermarmelade ganz ausgezeichnet. Die Beeren stammen zwar meistens aus Nordeuropa, wo sie immer noch wild wachsen und von Hand gepfl\u00fcckt werden, aber ihr w\u00fcrzig-s\u00fc\u00dfer Geschmack ist einfach die perfekte Erg\u00e4nzung zu diesem Gericht. Welche Linsen Sie nehmen, ist ganz Ihrem Geschmack, Ihrer Phantasie und Ihren Einkaufsm\u00f6glichkeiten [&hellip;]","og_url":"https:\/\/blog.zeit.de\/zeitmagazin\/entenbrust-auf-linsen-radichio-ragout\/","og_site_name":"Heiter bis gl\u00fccklich","article_modified_time":"2014-03-15T09:55:26+00:00","twitter_card":"summary_large_image","twitter_misc":{"Gesch\u00e4tzte Lesezeit":"1\u00a0Minute"},"schema":{"@context":"https:\/\/schema.org","@graph":[{"@type":"WebPage","@id":"https:\/\/blog.zeit.de\/zeitmagazin\/entenbrust-auf-linsen-radichio-ragout\/","url":"https:\/\/blog.zeit.de\/zeitmagazin\/entenbrust-auf-linsen-radichio-ragout\/","name":"Entenbrust auf Linsen-Radichio-Ragout - Heiter bis gl\u00fccklich","isPartOf":{"@id":"https:\/\/blog.zeit.de\/zeitmagazin\/#website"},"datePublished":"2014-03-15T09:55:33+00:00","dateModified":"2014-03-15T09:55:26+00:00","breadcrumb":{"@id":"https:\/\/blog.zeit.de\/zeitmagazin\/entenbrust-auf-linsen-radichio-ragout\/#breadcrumb"},"inLanguage":"de","potentialAction":[{"@type":"ReadAction","target":["https:\/\/blog.zeit.de\/zeitmagazin\/entenbrust-auf-linsen-radichio-ragout\/"]}]},{"@type":"BreadcrumbList","@id":"https:\/\/blog.zeit.de\/zeitmagazin\/entenbrust-auf-linsen-radichio-ragout\/#breadcrumb","itemListElement":[{"@type":"ListItem","position":1,"name":"Startseite","item":"https:\/\/blog.zeit.de\/zeitmagazin\/"},{"@type":"ListItem","position":2,"name":"Entenbrust auf Linsen-Radichio-Ragout"}]},{"@type":"WebSite","@id":"https:\/\/blog.zeit.de\/zeitmagazin\/#website","url":"https:\/\/blog.zeit.de\/zeitmagazin\/","name":"Heiter bis gl\u00fccklich","description":"Das ZEITmagazin-Blog","potentialAction":[{"@type":"SearchAction","target":{"@type":"EntryPoint","urlTemplate":"https:\/\/blog.zeit.de\/zeitmagazin\/?s={search_term_string}"},"query-input":"required name=search_term_string"}],"inLanguage":"de"}]}},"jetpack_sharing_enabled":true,"_links":{"self":[{"href":"https:\/\/blog.zeit.de\/zeitmagazin\/wp-json\/wp\/v2\/pages\/22859","targetHints":{"allow":["GET"]}}],"collection":[{"href":"https:\/\/blog.zeit.de\/zeitmagazin\/wp-json\/wp\/v2\/pages"}],"about":[{"href":"https:\/\/blog.zeit.de\/zeitmagazin\/wp-json\/wp\/v2\/types\/page"}],"author":[{"embeddable":true,"href":"https:\/\/blog.zeit.de\/zeitmagazin\/wp-json\/wp\/v2\/users\/303"}],"replies":[{"embeddable":true,"href":"https:\/\/blog.zeit.de\/zeitmagazin\/wp-json\/wp\/v2\/comments?post=22859"}],"version-history":[{"count":3,"href":"https:\/\/blog.zeit.de\/zeitmagazin\/wp-json\/wp\/v2\/pages\/22859\/revisions"}],"predecessor-version":[{"id":22863,"href":"https:\/\/blog.zeit.de\/zeitmagazin\/wp-json\/wp\/v2\/pages\/22859\/revisions\/22863"}],"wp:attachment":[{"href":"https:\/\/blog.zeit.de\/zeitmagazin\/wp-json\/wp\/v2\/media?parent=22859"}],"curies":[{"name":"wp","href":"https:\/\/api.w.org\/{rel}","templated":true}]}}