{"id":22872,"date":"2014-03-15T10:57:08","date_gmt":"2014-03-15T09:57:08","guid":{"rendered":"http:\/\/blog.zeit.de\/zeitmagazin\/?page_id=22872"},"modified":"2014-03-15T10:57:17","modified_gmt":"2014-03-15T09:57:17","slug":"turkisches-nugatparfait","status":"publish","type":"page","link":"https:\/\/blog.zeit.de\/zeitmagazin\/turkisches-nugatparfait\/","title":{"rendered":"T\u00fcrkisches Nugatparfait"},"content":{"rendered":"<p style=\"text-align: justify;\">\n<p style=\"text-align: justify;\">Wenn Sie N\u00fcsse und Kerne vor dem Hacken in einer Pfanne ohne Fettzugabe leicht anr\u00f6sten, schmecken sie auch in diesem Parfait noch intensiver. Das Nugatparfait servieren Sie mit frisch geschlagener Sahne und bestreuen es mit gehackten N\u00fcssen. Sie k\u00f6nnen auch Birnenkompott dazu servieren. Da die N\u00fcsse gut zum Herbst passen, bekommen Sie auf diese Art ein sehr sch\u00f6nes herbstliches Dessert<\/p>\n<p style=\"text-align: justify;\">Zutaten:<br \/>\n4 Eigelb<br \/>\n75 g Zucker<br \/>\n75 g Honig<br \/>\n1 EL Amaretto<br \/>\n1 TL Rum<br \/>\n75 g dunkle Kuvert\u00fcre<br \/>\n100 g Nougat<br \/>\n25 g Waln\u00fcsse<br \/>\n25 g Pinienkerne<br \/>\n25 g Pistazien<br \/>\n25 g Cashewkerne<br \/>\n50 g Vollmilchschokoladensplitter<br \/>\n500 ml Sahne<\/p>\n<p style=\"text-align: justify;\">\u00a04 Personen, 40 Minuten + 8 Stunden Gefrierzeit<\/p>\n<p style=\"text-align: justify;\">Eigelb, Zucker, Honig, Amaretto und Rum \u00fcber einem hei\u00dfen Wasserbad unter st\u00e4ndigem Schlagen auf 80\u00b0C erhitzen und dann auf eiskaltem Wasser, immer noch unter st\u00e4ndigem Schlagen, wieder abk\u00fchlen. Dunkle Kuvert\u00fcre und Nugat zusammen in einem kleinen Topf \u00fcber einem hei\u00dfen Wasserbad schmelzen und zu der Ei-Zucker-Mischung geben. Die N\u00fcsse und Kerne hacken und mit den Schokoladensplittern unterr\u00fchren. Die Sahne steif schlagen und in mehreren Portionen unterheben. Das Nugatparfait in eine Kastenform geben und f\u00fcr 8 Stunden einfrieren.<\/p>\n<p style=\"text-align: justify;\">\n","protected":false},"excerpt":{"rendered":"<p>Wenn Sie N\u00fcsse und Kerne vor dem Hacken in einer Pfanne ohne Fettzugabe leicht anr\u00f6sten, schmecken sie auch in diesem Parfait noch intensiver. Das Nugatparfait servieren Sie mit frisch geschlagener Sahne und bestreuen es mit gehackten N\u00fcssen. Sie k\u00f6nnen auch Birnenkompott dazu servieren. Da die N\u00fcsse gut zum Herbst passen, bekommen Sie auf diese Art [&hellip;]<\/p>\n","protected":false},"author":303,"featured_media":0,"parent":0,"menu_order":0,"comment_status":"open","ping_status":"open","template":"","meta":{"footnotes":""},"class_list":["post-22872","page","type-page","status-publish","hentry"],"yoast_head":"<!-- This site is optimized with the Yoast SEO plugin v21.0 - https:\/\/yoast.com\/wordpress\/plugins\/seo\/ -->\n<title>T\u00fcrkisches Nugatparfait - Heiter bis gl\u00fccklich<\/title>\n<meta name=\"robots\" content=\"index, follow, max-snippet:-1, max-image-preview:large, max-video-preview:-1\" \/>\n<link rel=\"canonical\" href=\"https:\/\/blog.zeit.de\/zeitmagazin\/turkisches-nugatparfait\/\" \/>\n<meta property=\"og:locale\" content=\"de_DE\" \/>\n<meta property=\"og:type\" content=\"article\" \/>\n<meta property=\"og:title\" content=\"T\u00fcrkisches Nugatparfait - Heiter bis gl\u00fccklich\" \/>\n<meta property=\"og:description\" content=\"Wenn Sie N\u00fcsse und Kerne vor dem Hacken in einer Pfanne ohne Fettzugabe leicht anr\u00f6sten, schmecken sie auch in diesem Parfait noch intensiver. Das Nugatparfait servieren Sie mit frisch geschlagener Sahne und bestreuen es mit gehackten N\u00fcssen. Sie k\u00f6nnen auch Birnenkompott dazu servieren. Da die N\u00fcsse gut zum Herbst passen, bekommen Sie auf diese Art [&hellip;]\" \/>\n<meta property=\"og:url\" content=\"https:\/\/blog.zeit.de\/zeitmagazin\/turkisches-nugatparfait\/\" \/>\n<meta property=\"og:site_name\" content=\"Heiter bis gl\u00fccklich\" \/>\n<meta property=\"article:modified_time\" content=\"2014-03-15T09:57:17+00:00\" \/>\n<meta name=\"twitter:card\" content=\"summary_large_image\" \/>\n<meta name=\"twitter:label1\" content=\"Gesch\u00e4tzte Lesezeit\" \/>\n\t<meta name=\"twitter:data1\" content=\"1\u00a0Minute\" \/>\n<script type=\"application\/ld+json\" class=\"yoast-schema-graph\">{\"@context\":\"https:\/\/schema.org\",\"@graph\":[{\"@type\":\"WebPage\",\"@id\":\"https:\/\/blog.zeit.de\/zeitmagazin\/turkisches-nugatparfait\/\",\"url\":\"https:\/\/blog.zeit.de\/zeitmagazin\/turkisches-nugatparfait\/\",\"name\":\"T\u00fcrkisches Nugatparfait - Heiter bis gl\u00fccklich\",\"isPartOf\":{\"@id\":\"https:\/\/blog.zeit.de\/zeitmagazin\/#website\"},\"datePublished\":\"2014-03-15T09:57:08+00:00\",\"dateModified\":\"2014-03-15T09:57:17+00:00\",\"breadcrumb\":{\"@id\":\"https:\/\/blog.zeit.de\/zeitmagazin\/turkisches-nugatparfait\/#breadcrumb\"},\"inLanguage\":\"de\",\"potentialAction\":[{\"@type\":\"ReadAction\",\"target\":[\"https:\/\/blog.zeit.de\/zeitmagazin\/turkisches-nugatparfait\/\"]}]},{\"@type\":\"BreadcrumbList\",\"@id\":\"https:\/\/blog.zeit.de\/zeitmagazin\/turkisches-nugatparfait\/#breadcrumb\",\"itemListElement\":[{\"@type\":\"ListItem\",\"position\":1,\"name\":\"Startseite\",\"item\":\"https:\/\/blog.zeit.de\/zeitmagazin\/\"},{\"@type\":\"ListItem\",\"position\":2,\"name\":\"T\u00fcrkisches Nugatparfait\"}]},{\"@type\":\"WebSite\",\"@id\":\"https:\/\/blog.zeit.de\/zeitmagazin\/#website\",\"url\":\"https:\/\/blog.zeit.de\/zeitmagazin\/\",\"name\":\"Heiter bis gl\u00fccklich\",\"description\":\"Das ZEITmagazin-Blog\",\"potentialAction\":[{\"@type\":\"SearchAction\",\"target\":{\"@type\":\"EntryPoint\",\"urlTemplate\":\"https:\/\/blog.zeit.de\/zeitmagazin\/?s={search_term_string}\"},\"query-input\":\"required name=search_term_string\"}],\"inLanguage\":\"de\"}]}<\/script>\n<!-- \/ Yoast SEO plugin. -->","yoast_head_json":{"title":"T\u00fcrkisches Nugatparfait - Heiter bis gl\u00fccklich","robots":{"index":"index","follow":"follow","max-snippet":"max-snippet:-1","max-image-preview":"max-image-preview:large","max-video-preview":"max-video-preview:-1"},"canonical":"https:\/\/blog.zeit.de\/zeitmagazin\/turkisches-nugatparfait\/","og_locale":"de_DE","og_type":"article","og_title":"T\u00fcrkisches Nugatparfait - Heiter bis gl\u00fccklich","og_description":"Wenn Sie N\u00fcsse und Kerne vor dem Hacken in einer Pfanne ohne Fettzugabe leicht anr\u00f6sten, schmecken sie auch in diesem Parfait noch intensiver. Das Nugatparfait servieren Sie mit frisch geschlagener Sahne und bestreuen es mit gehackten N\u00fcssen. Sie k\u00f6nnen auch Birnenkompott dazu servieren. Da die N\u00fcsse gut zum Herbst passen, bekommen Sie auf diese Art [&hellip;]","og_url":"https:\/\/blog.zeit.de\/zeitmagazin\/turkisches-nugatparfait\/","og_site_name":"Heiter bis gl\u00fccklich","article_modified_time":"2014-03-15T09:57:17+00:00","twitter_card":"summary_large_image","twitter_misc":{"Gesch\u00e4tzte Lesezeit":"1\u00a0Minute"},"schema":{"@context":"https:\/\/schema.org","@graph":[{"@type":"WebPage","@id":"https:\/\/blog.zeit.de\/zeitmagazin\/turkisches-nugatparfait\/","url":"https:\/\/blog.zeit.de\/zeitmagazin\/turkisches-nugatparfait\/","name":"T\u00fcrkisches Nugatparfait - Heiter bis gl\u00fccklich","isPartOf":{"@id":"https:\/\/blog.zeit.de\/zeitmagazin\/#website"},"datePublished":"2014-03-15T09:57:08+00:00","dateModified":"2014-03-15T09:57:17+00:00","breadcrumb":{"@id":"https:\/\/blog.zeit.de\/zeitmagazin\/turkisches-nugatparfait\/#breadcrumb"},"inLanguage":"de","potentialAction":[{"@type":"ReadAction","target":["https:\/\/blog.zeit.de\/zeitmagazin\/turkisches-nugatparfait\/"]}]},{"@type":"BreadcrumbList","@id":"https:\/\/blog.zeit.de\/zeitmagazin\/turkisches-nugatparfait\/#breadcrumb","itemListElement":[{"@type":"ListItem","position":1,"name":"Startseite","item":"https:\/\/blog.zeit.de\/zeitmagazin\/"},{"@type":"ListItem","position":2,"name":"T\u00fcrkisches Nugatparfait"}]},{"@type":"WebSite","@id":"https:\/\/blog.zeit.de\/zeitmagazin\/#website","url":"https:\/\/blog.zeit.de\/zeitmagazin\/","name":"Heiter bis gl\u00fccklich","description":"Das ZEITmagazin-Blog","potentialAction":[{"@type":"SearchAction","target":{"@type":"EntryPoint","urlTemplate":"https:\/\/blog.zeit.de\/zeitmagazin\/?s={search_term_string}"},"query-input":"required name=search_term_string"}],"inLanguage":"de"}]}},"jetpack_sharing_enabled":true,"_links":{"self":[{"href":"https:\/\/blog.zeit.de\/zeitmagazin\/wp-json\/wp\/v2\/pages\/22872","targetHints":{"allow":["GET"]}}],"collection":[{"href":"https:\/\/blog.zeit.de\/zeitmagazin\/wp-json\/wp\/v2\/pages"}],"about":[{"href":"https:\/\/blog.zeit.de\/zeitmagazin\/wp-json\/wp\/v2\/types\/page"}],"author":[{"embeddable":true,"href":"https:\/\/blog.zeit.de\/zeitmagazin\/wp-json\/wp\/v2\/users\/303"}],"replies":[{"embeddable":true,"href":"https:\/\/blog.zeit.de\/zeitmagazin\/wp-json\/wp\/v2\/comments?post=22872"}],"version-history":[{"count":2,"href":"https:\/\/blog.zeit.de\/zeitmagazin\/wp-json\/wp\/v2\/pages\/22872\/revisions"}],"predecessor-version":[{"id":22910,"href":"https:\/\/blog.zeit.de\/zeitmagazin\/wp-json\/wp\/v2\/pages\/22872\/revisions\/22910"}],"wp:attachment":[{"href":"https:\/\/blog.zeit.de\/zeitmagazin\/wp-json\/wp\/v2\/media?parent=22872"}],"curies":[{"name":"wp","href":"https:\/\/api.w.org\/{rel}","templated":true}]}}