{"id":22874,"date":"2014-03-15T10:58:42","date_gmt":"2014-03-15T09:58:42","guid":{"rendered":"http:\/\/blog.zeit.de\/zeitmagazin\/?page_id=22874"},"modified":"2014-03-15T10:58:26","modified_gmt":"2014-03-15T09:58:26","slug":"22874-2","status":"publish","type":"page","link":"https:\/\/blog.zeit.de\/zeitmagazin\/22874-2\/","title":{"rendered":"Baklava mit Mirabellenconfit"},"content":{"rendered":"<p style=\"text-align: justify;\">\n<p style=\"text-align: justify;\">Falls Sie keine Mirabellen bekommen, k\u00f6nnen Sie auch Feigen verwenden. Auch sie stammen ja aus L\u00e4ndern s\u00fcdlich und \u00f6stlich des Mittelmeers und sind deshalb ideale Begleiter dieser s\u00fc\u00dfen, zart-knusprigen Spezialit\u00e4t mit orientalischen Wurzeln. Baklava ist keine Di\u00e4tspeise, wohl wahr. Aber die kleine Portion entfaltet einen k\u00f6stlichen Geschmack und l\u00e4sst Sie am Ende eines Men\u00fcs geradewegs in den Genie\u00dferhimmel schweben.<\/p>\n<p style=\"text-align: justify;\">\u00a0Zutaten:<\/p>\n<p style=\"text-align: justify;\">Baklava<br \/>\n300 g Zucker<br \/>\n400 g Pistazien<br \/>\n300 g Butter<br \/>\n1 Packung Filoteig (30 Bl\u00e4tter)<\/p>\n<p style=\"text-align: justify;\">Mirabellenconfit<br \/>\n250 g Mirabellen<br \/>\n100 g Zucker<br \/>\n50 ml Pflaumenlik\u00f6r<br \/>\n1 Vanilleschote<br \/>\n1 Prise gemahlener Zimt<br \/>\n1 Prise gemahlener<br \/>\nKardamom<br \/>\n1 Limette<\/p>\n<p style=\"text-align: justify;\">4 Personen, 1 Stunde<\/p>\n<p style=\"text-align: justify;\">Den Backofen auf 180\u00b0C vorheizen. Den Zucker mit 300 ml Wasser aufkochen und abk\u00fchlen lassen. Die Pistazien hacken.\u00a0Die Butter zerlassen. 1 EL fl\u00fcssige Butter in ein tiefes Backblech geben, das erste Blatt Filoteig hineinlegen, mit etwas fl\u00fcssiger Butter bestreichen und mit einem weiteren Blatt bedecken. Diesen Vorgang noch 13 Mal wiederholen. Die H\u00e4lfte der Pistazien auf dem Filoteig verteilen und nochmals 15 Schichten mit Filoteig und Butter bilden. Danach die restlichen Pistazien daraufgeben. Mit einem gro\u00dfen Messer den Filoteig portionieren und 20 Minuten in den Ofen geben. Danach den Ofen auf 160\u00b0C herunterschalten, das Baklava mit dem Zuckersirup \u00fcbergie\u00dfen und nochmals 20 Minuten backen.<br \/>\nDie Mirabellen halbieren und entseinen. F\u00fcr das Confit den Zucker in einen Topf geben und karamellisieren. Mit dem Pflaumenlik\u00f6r abl\u00f6schen. Mirabellen, Vanilleschoten, Zimt und Kardamom hinzuf\u00fcgen und die Mirabellen langsam weich kochen. Die Vanilleschote entfernen. Die Limette auspressen und das Mirabellenconfit zum Schluss mit Limettensaft abschmecken.<\/p>\n","protected":false},"excerpt":{"rendered":"<p>Falls Sie keine Mirabellen bekommen, k\u00f6nnen Sie auch Feigen verwenden. Auch sie stammen ja aus L\u00e4ndern s\u00fcdlich und \u00f6stlich des Mittelmeers und sind deshalb ideale Begleiter dieser s\u00fc\u00dfen, zart-knusprigen Spezialit\u00e4t mit orientalischen Wurzeln. Baklava ist keine Di\u00e4tspeise, wohl wahr. Aber die kleine Portion entfaltet einen k\u00f6stlichen Geschmack und l\u00e4sst Sie am Ende eines Men\u00fcs geradewegs [&hellip;]<\/p>\n","protected":false},"author":303,"featured_media":0,"parent":0,"menu_order":0,"comment_status":"closed","ping_status":"closed","template":"","meta":{"footnotes":""},"class_list":["post-22874","page","type-page","status-publish","hentry"],"yoast_head":"<!-- This site is optimized with the Yoast SEO plugin v21.0 - https:\/\/yoast.com\/wordpress\/plugins\/seo\/ -->\n<title>Baklava mit Mirabellenconfit - Heiter bis gl\u00fccklich<\/title>\n<meta name=\"robots\" content=\"index, follow, max-snippet:-1, max-image-preview:large, max-video-preview:-1\" \/>\n<link rel=\"canonical\" href=\"https:\/\/blog.zeit.de\/zeitmagazin\/22874-2\/\" \/>\n<meta property=\"og:locale\" content=\"de_DE\" \/>\n<meta property=\"og:type\" content=\"article\" \/>\n<meta property=\"og:title\" content=\"Baklava mit Mirabellenconfit - Heiter bis gl\u00fccklich\" \/>\n<meta property=\"og:description\" content=\"Falls Sie keine Mirabellen bekommen, k\u00f6nnen Sie auch Feigen verwenden. Auch sie stammen ja aus L\u00e4ndern s\u00fcdlich und \u00f6stlich des Mittelmeers und sind deshalb ideale Begleiter dieser s\u00fc\u00dfen, zart-knusprigen Spezialit\u00e4t mit orientalischen Wurzeln. Baklava ist keine Di\u00e4tspeise, wohl wahr. Aber die kleine Portion entfaltet einen k\u00f6stlichen Geschmack und l\u00e4sst Sie am Ende eines Men\u00fcs geradewegs [&hellip;]\" \/>\n<meta property=\"og:url\" content=\"https:\/\/blog.zeit.de\/zeitmagazin\/22874-2\/\" \/>\n<meta property=\"og:site_name\" content=\"Heiter bis gl\u00fccklich\" \/>\n<meta property=\"article:modified_time\" content=\"2014-03-15T09:58:26+00:00\" \/>\n<meta name=\"twitter:card\" content=\"summary_large_image\" \/>\n<meta name=\"twitter:label1\" content=\"Gesch\u00e4tzte Lesezeit\" \/>\n\t<meta name=\"twitter:data1\" content=\"1\u00a0Minute\" \/>\n<script type=\"application\/ld+json\" class=\"yoast-schema-graph\">{\"@context\":\"https:\/\/schema.org\",\"@graph\":[{\"@type\":\"WebPage\",\"@id\":\"https:\/\/blog.zeit.de\/zeitmagazin\/22874-2\/\",\"url\":\"https:\/\/blog.zeit.de\/zeitmagazin\/22874-2\/\",\"name\":\"Baklava mit Mirabellenconfit - Heiter bis gl\u00fccklich\",\"isPartOf\":{\"@id\":\"https:\/\/blog.zeit.de\/zeitmagazin\/#website\"},\"datePublished\":\"2014-03-15T09:58:42+00:00\",\"dateModified\":\"2014-03-15T09:58:26+00:00\",\"breadcrumb\":{\"@id\":\"https:\/\/blog.zeit.de\/zeitmagazin\/22874-2\/#breadcrumb\"},\"inLanguage\":\"de\",\"potentialAction\":[{\"@type\":\"ReadAction\",\"target\":[\"https:\/\/blog.zeit.de\/zeitmagazin\/22874-2\/\"]}]},{\"@type\":\"BreadcrumbList\",\"@id\":\"https:\/\/blog.zeit.de\/zeitmagazin\/22874-2\/#breadcrumb\",\"itemListElement\":[{\"@type\":\"ListItem\",\"position\":1,\"name\":\"Startseite\",\"item\":\"https:\/\/blog.zeit.de\/zeitmagazin\/\"},{\"@type\":\"ListItem\",\"position\":2,\"name\":\"Baklava mit Mirabellenconfit\"}]},{\"@type\":\"WebSite\",\"@id\":\"https:\/\/blog.zeit.de\/zeitmagazin\/#website\",\"url\":\"https:\/\/blog.zeit.de\/zeitmagazin\/\",\"name\":\"Heiter bis gl\u00fccklich\",\"description\":\"Das ZEITmagazin-Blog\",\"potentialAction\":[{\"@type\":\"SearchAction\",\"target\":{\"@type\":\"EntryPoint\",\"urlTemplate\":\"https:\/\/blog.zeit.de\/zeitmagazin\/?s={search_term_string}\"},\"query-input\":\"required name=search_term_string\"}],\"inLanguage\":\"de\"}]}<\/script>\n<!-- \/ Yoast SEO plugin. -->","yoast_head_json":{"title":"Baklava mit Mirabellenconfit - Heiter bis gl\u00fccklich","robots":{"index":"index","follow":"follow","max-snippet":"max-snippet:-1","max-image-preview":"max-image-preview:large","max-video-preview":"max-video-preview:-1"},"canonical":"https:\/\/blog.zeit.de\/zeitmagazin\/22874-2\/","og_locale":"de_DE","og_type":"article","og_title":"Baklava mit Mirabellenconfit - Heiter bis gl\u00fccklich","og_description":"Falls Sie keine Mirabellen bekommen, k\u00f6nnen Sie auch Feigen verwenden. Auch sie stammen ja aus L\u00e4ndern s\u00fcdlich und \u00f6stlich des Mittelmeers und sind deshalb ideale Begleiter dieser s\u00fc\u00dfen, zart-knusprigen Spezialit\u00e4t mit orientalischen Wurzeln. Baklava ist keine Di\u00e4tspeise, wohl wahr. Aber die kleine Portion entfaltet einen k\u00f6stlichen Geschmack und l\u00e4sst Sie am Ende eines Men\u00fcs geradewegs [&hellip;]","og_url":"https:\/\/blog.zeit.de\/zeitmagazin\/22874-2\/","og_site_name":"Heiter bis gl\u00fccklich","article_modified_time":"2014-03-15T09:58:26+00:00","twitter_card":"summary_large_image","twitter_misc":{"Gesch\u00e4tzte Lesezeit":"1\u00a0Minute"},"schema":{"@context":"https:\/\/schema.org","@graph":[{"@type":"WebPage","@id":"https:\/\/blog.zeit.de\/zeitmagazin\/22874-2\/","url":"https:\/\/blog.zeit.de\/zeitmagazin\/22874-2\/","name":"Baklava mit Mirabellenconfit - Heiter bis gl\u00fccklich","isPartOf":{"@id":"https:\/\/blog.zeit.de\/zeitmagazin\/#website"},"datePublished":"2014-03-15T09:58:42+00:00","dateModified":"2014-03-15T09:58:26+00:00","breadcrumb":{"@id":"https:\/\/blog.zeit.de\/zeitmagazin\/22874-2\/#breadcrumb"},"inLanguage":"de","potentialAction":[{"@type":"ReadAction","target":["https:\/\/blog.zeit.de\/zeitmagazin\/22874-2\/"]}]},{"@type":"BreadcrumbList","@id":"https:\/\/blog.zeit.de\/zeitmagazin\/22874-2\/#breadcrumb","itemListElement":[{"@type":"ListItem","position":1,"name":"Startseite","item":"https:\/\/blog.zeit.de\/zeitmagazin\/"},{"@type":"ListItem","position":2,"name":"Baklava mit Mirabellenconfit"}]},{"@type":"WebSite","@id":"https:\/\/blog.zeit.de\/zeitmagazin\/#website","url":"https:\/\/blog.zeit.de\/zeitmagazin\/","name":"Heiter bis gl\u00fccklich","description":"Das ZEITmagazin-Blog","potentialAction":[{"@type":"SearchAction","target":{"@type":"EntryPoint","urlTemplate":"https:\/\/blog.zeit.de\/zeitmagazin\/?s={search_term_string}"},"query-input":"required name=search_term_string"}],"inLanguage":"de"}]}},"jetpack_sharing_enabled":true,"_links":{"self":[{"href":"https:\/\/blog.zeit.de\/zeitmagazin\/wp-json\/wp\/v2\/pages\/22874","targetHints":{"allow":["GET"]}}],"collection":[{"href":"https:\/\/blog.zeit.de\/zeitmagazin\/wp-json\/wp\/v2\/pages"}],"about":[{"href":"https:\/\/blog.zeit.de\/zeitmagazin\/wp-json\/wp\/v2\/types\/page"}],"author":[{"embeddable":true,"href":"https:\/\/blog.zeit.de\/zeitmagazin\/wp-json\/wp\/v2\/users\/303"}],"replies":[{"embeddable":true,"href":"https:\/\/blog.zeit.de\/zeitmagazin\/wp-json\/wp\/v2\/comments?post=22874"}],"version-history":[{"count":6,"href":"https:\/\/blog.zeit.de\/zeitmagazin\/wp-json\/wp\/v2\/pages\/22874\/revisions"}],"predecessor-version":[{"id":22912,"href":"https:\/\/blog.zeit.de\/zeitmagazin\/wp-json\/wp\/v2\/pages\/22874\/revisions\/22912"}],"wp:attachment":[{"href":"https:\/\/blog.zeit.de\/zeitmagazin\/wp-json\/wp\/v2\/media?parent=22874"}],"curies":[{"name":"wp","href":"https:\/\/api.w.org\/{rel}","templated":true}]}}